{"id":44,"date":"2022-07-21T12:51:42","date_gmt":"2022-07-21T11:51:42","guid":{"rendered":"https:\/\/blogdev.uclm.es\/fullsite\/?page_id=44"},"modified":"2026-04-14T11:43:24","modified_gmt":"2026-04-14T09:43:24","slug":"docencia","status":"publish","type":"page","link":"https:\/\/blog.uclm.es\/yoelarroyo\/docencia\/","title":{"rendered":"Docencia"},"content":{"rendered":"\n<div class=\"wp-block-group alignfull has-global-padding is-layout-constrained wp-container-core-group-is-layout-490fa1db wp-block-group-is-layout-constrained\" style=\"padding-top:var(--wp--preset--spacing--50);padding-right:var(--wp--preset--spacing--50);padding-bottom:var(--wp--preset--spacing--50);padding-left:var(--wp--preset--spacing--50)\">\n<h2 class=\"wp-block-heading has-text-align-center\" id=\"curso-actual\"><a name=\"curso_actual\"><\/a>Curso 2025-2026<\/h2>\n\n\n\n<div style=\"height:10px\" aria-hidden=\"true\" class=\"wp-block-spacer\"><\/div>\n\n\n\n<div class=\"wp-block-group is-vertical is-layout-flex wp-container-core-group-is-layout-fe9cc265 wp-block-group-is-layout-flex\">\n<h3 class=\"wp-block-heading has-text-align-center\">Grado en Ingenier\u00eda Inform\u00e1tica<\/h3>\n\n\n\n<ul class=\"wp-block-list\">\n<li><a href=\"https:\/\/planea.apps.uclm.es\/web\/guia\/407\/42313\" target=\"_blank\" rel=\"noreferrer noopener\">Sistemas Operativos I<\/a>, 2\u00ba curso, 1\u00ba cuatrimestre<\/li>\n\n\n\n<li><a href=\"https:\/\/planea.apps.uclm.es\/web\/guia\/407\/42320\" target=\"_blank\" rel=\"noreferrer noopener\">Interacci\u00f3n Persona-Ordenador I<\/a>, 3\u00ba curso, 1\u00ba cuatrimestre <\/li>\n<\/ul>\n\n\n\n<h3 class=\"wp-block-heading\">Tutor\u00edas<\/h3>\n\n\n\n<ul class=\"wp-block-list\">\n<li><strong>Despacho:<\/strong> A1.9. (M\u00f3dulo A, Edificio Ferm\u00edn Caballero)<\/li>\n\n\n\n<li><strong>Horario de tutor\u00edas<strong>*<\/strong>:<\/strong> M 10:00-11:30; X 11:30-13:00; J 10:00-13:00<\/li>\n\n\n\n<li><strong>Modalidad:<\/strong> Presencial y <em>online <\/em>(Microsoft Teams)<\/li>\n\n\n\n<li><strong>Cita previa:<\/strong> Recomendable por <em>e-mail<\/em><\/li>\n\n\n\n<li><strong>Contacto: <\/strong><a href=\"mailto:Yoel.Arroyo@uclm.es\" target=\"_blank\" rel=\"noreferrer noopener\">Yoel.Arroyo@uclm.es<\/a><\/li>\n<\/ul>\n\n\n\n<p><em>* Posibilidad de concertar tutor\u00edas fuera de este horario bajo petici\u00f3n<\/em><\/p>\n<\/div>\n\n\n\n<div class=\"wp-block-group has-global-padding is-layout-constrained wp-block-group-is-layout-constrained\">\n<div data-wp-context=\"{ &quot;autoclose&quot;: false, &quot;accordionItems&quot;: [] }\" data-wp-interactive=\"core\/accordion\" role=\"group\" class=\"wp-block-accordion is-layout-flow wp-block-accordion-is-layout-flow\">\n<div data-wp-class--is-open=\"state.isOpen\" data-wp-context=\"{ &quot;id&quot;: &quot;accordion-item-1&quot;, &quot;openByDefault&quot;: false }\" data-wp-init=\"callbacks.initAccordionItems\" data-wp-on-window--hashchange=\"callbacks.hashChange\" class=\"wp-block-accordion-item is-layout-flow wp-block-accordion-item-is-layout-flow\">\n<h3 class=\"wp-block-accordion-heading\"><button aria-expanded=\"false\" aria-controls=\"accordion-item-1-panel\" data-wp-bind--aria-expanded=\"state.isOpen\" data-wp-on--click=\"actions.toggle\" data-wp-on--keydown=\"actions.handleKeyDown\" id=\"accordion-item-1\" type=\"button\" class=\"wp-block-accordion-heading__toggle\"><span class=\"wp-block-accordion-heading__toggle-title\">Cursos previos<\/span><span class=\"wp-block-accordion-heading__toggle-icon\" aria-hidden=\"true\">+<\/span><\/button><\/h3>\n\n\n\n<div inert aria-labelledby=\"accordion-item-1\" data-wp-bind--inert=\"!state.isOpen\" id=\"accordion-item-1-panel\" role=\"region\" class=\"wp-block-accordion-panel is-layout-flow wp-block-accordion-panel-is-layout-flow\">\n<div class=\"wp-block-group has-global-padding is-layout-constrained wp-block-group-is-layout-constrained\">\n<h4 class=\"wp-block-heading\">Curso 2024-2025<\/h4>\n\n\n\n<ul class=\"wp-block-list\">\n<li>Sistemas Operativos I, 2\u00ba curso, 1\u00ba cuatrimestre<\/li>\n\n\n\n<li>Interacci\u00f3n Persona-Ordenador I, 3\u00ba curso, 1\u00ba cuatrimestre<\/li>\n\n\n\n<li>Pr\u00e1cticas en Empresa, anual<\/li>\n<\/ul>\n<\/div>\n\n\n\n<div class=\"wp-block-group has-global-padding is-layout-constrained wp-block-group-is-layout-constrained\">\n<h4 class=\"wp-block-heading\">Curso 2023-2024<\/h4>\n\n\n\n<ul class=\"wp-block-list\">\n<li>L\u00f3gica, 2\u00ba curso, 1\u00ba cuatrimestre<\/li>\n\n\n\n<li>Interacci\u00f3n Persona-Ordenador I, 3\u00ba curso, 1\u00ba cuatrimestre<\/li>\n\n\n\n<li>Gesti\u00f3n de Proyectos de Sistemas de Informaci\u00f3n, 4\u00ba curso, 1\u00ba cuatrimestre<\/li>\n\n\n\n<li>Pr\u00e1cticas en Empresa, anual<\/li>\n<\/ul>\n\n\n\n<h4 class=\"wp-block-heading\">Curso 2022-2023<\/h4>\n\n\n\n<ul class=\"wp-block-list\">\n<li>L\u00f3gica, 2\u00ba curso, 1\u00ba cuatrimestre<\/li>\n\n\n\n<li>Interacci\u00f3n Persona-Ordenador I, 3\u00ba curso, 1\u00ba cuatrimestre<\/li>\n\n\n\n<li>Gesti\u00f3n de Proyectos de Sistemas de Informaci\u00f3n, 4\u00ba curso, 1\u00ba cuatrimestre<\/li>\n<\/ul>\n\n\n\n<h4 class=\"wp-block-heading\">Curso 2021-2022<\/h4>\n\n\n\n<ul class=\"wp-block-list\">\n<li>Fundamentos de Programaci\u00f3n II, 1\u00ba curso, 2\u00ba cuatrimestre<\/li>\n\n\n\n<li>L\u00f3gica, 2\u00ba curso, 1\u00ba cuatrimestre<\/li>\n\n\n\n<li>Interacci\u00f3n Persona-Ordenador I, 3\u00ba curso, 1\u00ba cuatrimestre<\/li>\n<\/ul>\n\n\n\n<h4 class=\"wp-block-heading\">Curso 2020-2021<\/h4>\n\n\n\n<ul class=\"wp-block-list\">\n<li>Fundamentos de Programaci\u00f3n II, 1\u00ba curso, 2\u00ba cuatrimestre<\/li>\n\n\n\n<li>L\u00f3gica, 2\u00ba curso, 1\u00ba cuatrimestre<\/li>\n\n\n\n<li>Bases de Datos, 2\u00ba curso, 2\u00ba cuatrimestre<\/li>\n<\/ul>\n<\/div>\n<\/div>\n<\/div>\n<\/div>\n<\/div>\n\n\n\n<p>[ <a href=\"#curso-actual\" data-type=\"internal\" data-id=\"#curso-actual\">Volver<\/a> ]<\/p>\n<\/div>\n\n\n\n<div class=\"wp-block-group alignfull has-base-2-background-color has-background has-global-padding is-layout-constrained wp-container-core-group-is-layout-669513ed wp-block-group-is-layout-constrained\" style=\"margin-top:0;margin-bottom:0;padding-top:var(--wp--preset--spacing--50);padding-right:var(--wp--preset--spacing--50);padding-bottom:var(--wp--preset--spacing--50);padding-left:var(--wp--preset--spacing--50)\">\n<div class=\"wp-block-group is-vertical is-content-justification-center is-layout-flex wp-container-core-group-is-layout-52b864f0 wp-block-group-is-layout-flex\">\n<h2 class=\"wp-block-heading has-text-align-center is-style-default\" id=\"proyectos\">Proyectos de investigaci\u00f3n docente<\/h2>\n\n\n\n<div style=\"height:20px\" aria-hidden=\"true\" class=\"wp-block-spacer wp-container-content-62aae154\"><\/div>\n<\/div>\n\n\n\n<div class=\"wp-block-group has-global-padding is-layout-constrained wp-block-group-is-layout-constrained\">\n<h3 class=\"wp-block-heading\">&gt; 2025<\/h3>\n\n\n\n<p><a href=\"https:\/\/www.uclm.es\/global\/promotores\/organos%20de%20gobierno\/vicerrectorado%20de%20docencia\/carpeta%20de%20convocatorias\/xiv-pid-2025-2027\">Desarrollo y uso de un asistente virtual basado en inteligencia artificial para seguimiento personalizado y din\u00e1mico en la docencia universitaria<\/a>. XIV Convocatoria de ayudas para Proyectos de Innovaci\u00f3n y Mejora Docente 2025-2027, promovida por el Vicerrectorado de Estudios, Calidad y Acreditaci\u00f3n de la UCLM. Escuela Superior de Inform\u00e1tica de Ciudad Real. IP:&nbsp;Tania M. Mond\u00e9jar. <span style=\"color: #2e7d32\">En desarrollo<\/span><\/p>\n\n\n\n<h3 class=\"wp-block-heading\">2020-2025<\/h3>\n\n\n\n<p><a href=\"https:\/\/blog.uclm.es\/grupochico\/proyecto-gettw\/\" target=\"_blank\" rel=\"noreferrer noopener\">Herramienta para la generaci\u00f3n autom\u00e1tica de editores gr\u00e1ficos web colaborativos multidominio<\/a>. XIII Convocatoria de ayudas para Proyectos de Innovaci\u00f3n y Mejora Docente 2023-2025, promovida por el Vicerrectorado de Estudios, Calidad y Acreditaci\u00f3n de la UCLM. Escuela Superior de Inform\u00e1tica de Ciudad Real, Facultad de Ciencias Sociales y Tecnolog\u00edas de Informaci\u00f3n de Talavera de la Reina, y Escuela Polit\u00e9cnica de Cuenca. IPs:&nbsp;Ana I. Molina y <strong>Yoel Arroyo<\/strong>.<\/p>\n\n\n\n<p><a href=\"https:\/\/blog.uclm.es\/yoelarroyo\/wp-content\/uploads\/sites\/313\/2026\/04\/Yoel-Arroyo-Rodriguez-Peral.pdf\" target=\"_blank\" rel=\"noreferrer noopener\">Coordinaci\u00f3n multidisciplinar y preparaci\u00f3n de recursos docentes online para el M\u00e1ster Universitario en Direcci\u00f3n Estrat\u00e9gica de Tecnolog\u00edas de la Informaci\u00f3n<\/a>. XIII Convocatoria de ayudas para Proyectos de Innovaci\u00f3n y Mejora Docente 2023-2025, promovida por el Vicerrectorado de Estudios, Calidad y Acreditaci\u00f3n de la UCLM. Facultad de Ciencias Sociales de Talavera de la Reina y Escuela Superior de Inform\u00e1tica de Ciudad Real. IP:\u00a0Ricardo P. del Castillo.<\/p>\n<\/div>\n\n\n\n<p>[ <a href=\"#curso-actual\" data-type=\"internal\" data-id=\"#curso-actual\">Volver<\/a> ]<\/p>\n<\/div>\n\n\n\n<div class=\"wp-block-group alignfull has-global-padding is-layout-constrained wp-container-core-group-is-layout-490fa1db wp-block-group-is-layout-constrained\" style=\"padding-top:var(--wp--preset--spacing--50);padding-right:var(--wp--preset--spacing--50);padding-bottom:var(--wp--preset--spacing--50);padding-left:var(--wp--preset--spacing--50)\">\n<div class=\"wp-block-group has-global-padding is-layout-constrained wp-container-core-group-is-layout-650790e1 wp-block-group-is-layout-constrained\">\n<h2 class=\"wp-block-heading has-text-align-center is-style-default\" id=\"tfgs\">Trabajos Fin de Grado<\/h2>\n\n\n\n<div style=\"height:20px\" aria-hidden=\"true\" class=\"wp-block-spacer\"><\/div>\n\n\n\n<div style=\"height:1.25rem\" aria-hidden=\"true\" class=\"wp-block-spacer\"><\/div>\n<\/div>\n\n\n\n<p>Piedad Lambea de la Fuente, \u201cGETTW: Herramienta para la Generaci\u00f3n de Editores Gr\u00e1ficos Web Colaborativos Multidominio,\u201d Universidad de Castilla-La Mancha. <span style=\"color: #2e7d32\">En desarrollo<\/span><\/p>\n\n\n\n<p>Jonathan Jer\u00f3nimo Parro, \u201cImplementaci\u00f3n de un Plug-in de Eclipse para el An\u00e1lisis, Detecci\u00f3n y Gesti\u00f3n de Perfiles de Usuario en COLLECE 2.0,\u201d Universidad de Castilla-La Mancha. <span style=\"color: #2e7d32\">En desarrollo<\/span><\/p>\n\n\n\n<p>Juli\u00e1n Menc\u00edas Cerro, \u201cOrniApp: Sistema Groupware con Soporte al Awareness en la Observaci\u00f3n Colaborativa de Aves,\u201d Universidad de Castilla-La Mancha, 2024. <\/p>\n\n\n\n<p>Miriam Castillo Torroba, \u201cAgroMeteo: Una Aplicaci\u00f3n M\u00f3vil para la Gesti\u00f3n de Explotaciones Agr\u00edcolas,\u201d Universidad de Castilla-La Mancha, 2017.<\/p>\n\n\n\n<p>[ <a href=\"#curso-actual\" data-type=\"internal\" data-id=\"#curso-actual\">Volver<\/a> ]<\/p>\n<\/div>\n\n\n\n<div class=\"wp-block-group alignfull has-base-color has-contrast-background-color has-text-color has-background has-global-padding is-layout-constrained wp-container-core-group-is-layout-ef3d885c wp-block-group-is-layout-constrained\" style=\"margin-top:0;margin-bottom:0;padding-top:var(--wp--preset--spacing--60);padding-right:var(--wp--preset--spacing--60);padding-bottom:var(--wp--preset--spacing--60);padding-left:var(--wp--preset--spacing--60)\">\n<div class=\"wp-block-group has-global-padding is-layout-constrained wp-block-group-is-layout-constrained\">\n<p class=\"has-text-align-center has-base-color has-text-color has-heading-font-family has-x-large-font-size\" style=\"line-height:1.2\"><em>\u00abLa educaci\u00f3n es m\u00e1s eficaz cuando se hace divertida\u00bb.<\/em><\/p>\n\n\n\n<div style=\"height:var(--wp--preset--spacing--10)\" aria-hidden=\"true\" class=\"wp-block-spacer\"><\/div>\n\n\n\n<div class=\"wp-block-group is-vertical is-content-justification-center is-nowrap is-layout-flex wp-container-core-group-is-layout-2dc08cea wp-block-group-is-layout-flex\">\n<figure class=\"wp-block-image aligncenter size-large is-resized has-custom-border\"><img decoding=\"async\" src=\"https:\/\/stories.vassar.edu\/2017\/assets\/images\/170706-legacy-of-grace-hopper-hopper-militarypportrait.jpg\" alt=\"\" style=\"border-radius:100px;aspect-ratio:1;object-fit:cover;width:60px\" \/><\/figure>\n\n\n\n<p class=\"has-text-align-center\" style=\"margin-top:var(--wp--preset--spacing--10);margin-bottom:0\">Grace Hopper<\/p>\n\n\n\n<p class=\"has-text-align-center has-contrast-3-color has-text-color has-small-font-size\" style=\"font-style:normal;font-weight:300\">Pionera en inform\u00e1tica | Almirante de la Marina EE.UU.<\/p>\n<\/div>\n<\/div>\n<\/div>\n","protected":false},"excerpt":{"rendered":"<p>Curso 2025-2026 Grado en Ingenier\u00eda Inform\u00e1tica Tutor\u00edas * Posibilidad de concertar tutor\u00edas fuera de este horario bajo petici\u00f3n [ Volver ] Proyectos de investigaci\u00f3n docente &gt; 2025 Desarrollo y uso de un asistente virtual basado en inteligencia artificial para seguimiento personalizado y din\u00e1mico en la docencia universitaria. XIV Convocatoria de ayudas para Proyectos de Innovaci\u00f3n [&hellip;]<\/p>\n","protected":false},"author":151,"featured_media":0,"parent":0,"menu_order":0,"comment_status":"closed","ping_status":"closed","template":"","meta":{"footnotes":""},"class_list":["post-44","page","type-page","status-publish","hentry"],"_links":{"self":[{"href":"https:\/\/blog.uclm.es\/yoelarroyo\/wp-json\/wp\/v2\/pages\/44","targetHints":{"allow":["GET"]}}],"collection":[{"href":"https:\/\/blog.uclm.es\/yoelarroyo\/wp-json\/wp\/v2\/pages"}],"about":[{"href":"https:\/\/blog.uclm.es\/yoelarroyo\/wp-json\/wp\/v2\/types\/page"}],"author":[{"embeddable":true,"href":"https:\/\/blog.uclm.es\/yoelarroyo\/wp-json\/wp\/v2\/users\/151"}],"replies":[{"embeddable":true,"href":"https:\/\/blog.uclm.es\/yoelarroyo\/wp-json\/wp\/v2\/comments?post=44"}],"version-history":[{"count":48,"href":"https:\/\/blog.uclm.es\/yoelarroyo\/wp-json\/wp\/v2\/pages\/44\/revisions"}],"predecessor-version":[{"id":638,"href":"https:\/\/blog.uclm.es\/yoelarroyo\/wp-json\/wp\/v2\/pages\/44\/revisions\/638"}],"wp:attachment":[{"href":"https:\/\/blog.uclm.es\/yoelarroyo\/wp-json\/wp\/v2\/media?parent=44"}],"curies":[{"name":"wp","href":"https:\/\/api.w.org\/{rel}","templated":true}]}}