{"id":62,"date":"2015-11-26T15:09:35","date_gmt":"2015-11-26T14:09:35","guid":{"rendered":"http:\/\/blog.uclm.es\/victorlopez\/?page_id=62"},"modified":"2022-12-19T21:46:24","modified_gmt":"2022-12-19T19:46:24","slug":"econometria","status":"publish","type":"page","link":"https:\/\/blog.uclm.es\/victorlopez\/presentacion\/econometria\/","title":{"rendered":"Econometr\u00eda"},"content":{"rendered":"<p style=\"text-align: justify\"><strong>Jano,<\/strong> dios romano de los comienzos y finales con el que abre el calendario (enero), al que se le atribuye tambi\u00e9n la invenci\u00f3n del dinero, era el referente econom\u00e9trico para mi gran maestro <strong><a href=\"https:\/\/es.wikipedia.org\/wiki\/Antonio_Pulido\">Antonio Pulido<\/a>,<\/strong> sin obviar sus dos caras mirando al tiempo, al futuro y al pasado.<\/p>\n<p><img loading=\"lazy\" decoding=\"async\" class=\"alignnone size-medium wp-image-2531 aligncenter\" src=\"https:\/\/blog.uclm.es\/victorlopez\/wp-content\/uploads\/sites\/16\/2022\/12\/IMG_20210914_185420-3-300x275.jpg\" alt=\"\" width=\"300\" height=\"275\" srcset=\"https:\/\/blog.uclm.es\/victorlopez\/wp-content\/uploads\/sites\/16\/2022\/12\/IMG_20210914_185420-3-300x275.jpg 300w, https:\/\/blog.uclm.es\/victorlopez\/wp-content\/uploads\/sites\/16\/2022\/12\/IMG_20210914_185420-3-1024x939.jpg 1024w, https:\/\/blog.uclm.es\/victorlopez\/wp-content\/uploads\/sites\/16\/2022\/12\/IMG_20210914_185420-3-768x704.jpg 768w, https:\/\/blog.uclm.es\/victorlopez\/wp-content\/uploads\/sites\/16\/2022\/12\/IMG_20210914_185420-3-1536x1408.jpg 1536w, https:\/\/blog.uclm.es\/victorlopez\/wp-content\/uploads\/sites\/16\/2022\/12\/IMG_20210914_185420-3-2048x1877.jpg 2048w\" sizes=\"auto, (max-width: 300px) 100vw, 300px\" \/><\/p>\n<table style=\"height: 1650px\" width=\"753\">\n<tbody>\n<tr>\n<td width=\"492\">\n<p style=\"text-align: justify\"><strong><a href=\"http:\/\/blog.uclm.es\/victorlopez\/econometrics\/\"><img loading=\"lazy\" decoding=\"async\" class=\"wp-image-305 alignright\" src=\"https:\/\/blog.uclm.es\/victorlopez\/wp-content\/uploads\/sites\/16\/2015\/11\/benglish-300x200.jpg\" alt=\"\" width=\"62\" height=\"41\" srcset=\"https:\/\/blog.uclm.es\/victorlopez\/wp-content\/uploads\/sites\/16\/2015\/11\/benglish-300x200.jpg 300w, https:\/\/blog.uclm.es\/victorlopez\/wp-content\/uploads\/sites\/16\/2015\/11\/benglish.jpg 600w\" sizes=\"auto, (max-width: 62px) 100vw, 62px\" \/><\/a><\/strong><\/p>\n<p style=\"text-align: justify\"><strong>El nacimiento<\/strong> de la Econometr\u00eda generalmente est\u00e1 datado en diciembre de 1930 con la fundaci\u00f3n de la Econometric Society, de la mano de Fisher, Frisch y Roos.<\/p>\n<p><a href=\"https:\/\/www.youtube.com\/watch?v=hd70PzKElYg\"><img loading=\"lazy\" decoding=\"async\" class=\"aligncenter wp-image-2144 size-large\" title=\"See video, click\" src=\"https:\/\/blog.uclm.es\/victorlopez\/wp-content\/uploads\/sites\/16\/2022\/10\/IEVideo-1024x577.jpg\" alt=\"See video, click\" width=\"474\" height=\"267\" srcset=\"https:\/\/blog.uclm.es\/victorlopez\/wp-content\/uploads\/sites\/16\/2022\/10\/IEVideo-1024x577.jpg 1024w, https:\/\/blog.uclm.es\/victorlopez\/wp-content\/uploads\/sites\/16\/2022\/10\/IEVideo-300x169.jpg 300w, https:\/\/blog.uclm.es\/victorlopez\/wp-content\/uploads\/sites\/16\/2022\/10\/IEVideo-768x433.jpg 768w, https:\/\/blog.uclm.es\/victorlopez\/wp-content\/uploads\/sites\/16\/2022\/10\/IEVideo.jpg 1185w\" sizes=\"auto, (max-width: 474px) 100vw, 474px\" \/><\/a><\/p>\n<p style=\"text-align: justify\"><strong>Sobre la Econometric Society (art. 2):<\/strong> \u201c&#8230; es una Sociedad Internacional para el progreso de la teor\u00eda econ\u00f3mica en sus relaciones con la estad\u00edstica y las matem\u00e1ticas. Su objeto esencial es el favorecer los puntos de vista te\u00f3rico y emp\u00edrico en la exploraci\u00f3n de los problemas econ\u00f3micos, estando inspirados dichos estudios en el an\u00e1lisis met\u00f3dico y riguroso semejante al que ha prevalecido en las Ciencias Naturales\u00bb. Toda actividad susceptible de favorecer mediata o inmediatamente tal unificaci\u00f3n en los estudios econ\u00f3micos te\u00f3ricos y emp\u00edricos cae sobre el campo de acci\u00f3n de la Sociedad.<\/p>\n<p style=\"text-align: justify\"><b>Sobre la Econometr\u00eda y sus objetivos han dicho.<a href=\"https:\/\/blog.uclm.es\/victorlopez\/wp-content\/uploads\/sites\/16\/2015\/11\/image025.gif\"><img loading=\"lazy\" decoding=\"async\" class=\"size-medium wp-image-84 alignright\" src=\"https:\/\/blog.uclm.es\/victorlopez\/wp-content\/uploads\/sites\/16\/2015\/11\/image025-300x270.gif\" alt=\"image025\" width=\"300\" height=\"270\" \/><\/a><\/b><\/p>\n<p style=\"text-align: justify\">Klein (1962):\u201cEl principal objetivo de la <i>econometr\u00eda <\/i>es dar contenido emp\u00edrico al razonamiento a priori de la econom\u00eda\u201d.<\/p>\n<p style=\"text-align: justify\">Christ (1966): \u201cProducci\u00f3n de declaraciones de econom\u00eda cuantitativa que explican el comportamiento de variables ya observadas, o predicen la conducta de variables a\u00fan no observadas\u201d.<\/p>\n<p style=\"text-align: justify\">Frisch (1933,\u00a0 editorial de Econometrica): \u201c&#8230; <i>econometr\u00eda <\/i>no significa lo mismo que estad\u00edstica econ\u00f3mica. No es similar a lo que llamamos teor\u00eda econ\u00f3mica, aunque una parte importante de esta teor\u00eda tienen marcado car\u00e1cter cuantitativo. No podr\u00eda tomarse la econometr\u00eda como sin\u00f3nimo de aplicaciones matem\u00e1ticas a la econom\u00eda. La experiencia ha demostrado que cada uno de estos tres puntos de vista, estad\u00edstica, teor\u00eda econ\u00f3mica y matem\u00e1ticas, son condiciones necesarias pero no suficientes para un conocimiento real de las relaciones cuantitativas en la vida econ\u00f3mica moderna. Es la unificaci\u00f3n de las tres lo que es poderoso. Y esta unificaci\u00f3n es lo que constituye la <i>econometr\u00eda<\/i>\u201d.<\/p>\n<p style=\"text-align: justify\"><b>Sobre el Proceso de Modelizaci\u00f3n:<\/b><\/p>\n<p style=\"text-align: justify\">A grandes rasgos, Intriligator (1990: 16) dispone el proceso de modelizaci\u00f3n econom\u00e9trica en sus tres ramas b\u00e1sicas: teor\u00eda (a trav\u00e9s del modelo soporte), hechos (a trav\u00e9s de los datos) y el empleo y conocimiento de ciertos m\u00e9todos estad\u00edsticos especiales que se conocen como m\u00e9todos econom\u00e9tricos o econometr\u00eda te\u00f3rica, constituyendo las aplicaciones de estos modelos la econometr\u00eda emp\u00edrica.<\/p>\n<p style=\"text-align: justify\">Visita <a href=\"https:\/\/www.youtube.com\/channel\/UCzJJMhNSff23Jj1eu2XBljA\">mi canal YouTube<\/a> con un Curso On Line de inicio en \u00abIntroducci\u00f3n a la Econometr\u00eda\u00bb (con 8 v\u00eddeos, presentaci\u00f3n arriba) y otro avanzado en \u00abM\u00e9todos y Modelos Econom\u00e9tricos\u00bb (con 8 v\u00eddeos m\u00e1s, presentaci\u00f3n abajo).<\/p>\n<p><a href=\"https:\/\/www.youtube.com\/watch?v=CjENtD-44YU\"><img loading=\"lazy\" decoding=\"async\" class=\"aligncenter wp-image-2142 size-large\" title=\"See video, click\" src=\"https:\/\/blog.uclm.es\/victorlopez\/wp-content\/uploads\/sites\/16\/2022\/10\/MMII-1024x573.jpg\" alt=\"See video, click\" width=\"474\" height=\"265\" srcset=\"https:\/\/blog.uclm.es\/victorlopez\/wp-content\/uploads\/sites\/16\/2022\/10\/MMII-1024x573.jpg 1024w, https:\/\/blog.uclm.es\/victorlopez\/wp-content\/uploads\/sites\/16\/2022\/10\/MMII-300x168.jpg 300w, https:\/\/blog.uclm.es\/victorlopez\/wp-content\/uploads\/sites\/16\/2022\/10\/MMII-768x430.jpg 768w, https:\/\/blog.uclm.es\/victorlopez\/wp-content\/uploads\/sites\/16\/2022\/10\/MMII.jpg 1195w\" sizes=\"auto, (max-width: 474px) 100vw, 474px\" \/><\/a><\/p>\n<p style=\"text-align: center\">\n<\/td>\n<\/tr>\n<\/tbody>\n<\/table>\n","protected":false},"excerpt":{"rendered":"<p>Jano, dios romano de los comienzos y finales con el que abre el calendario (enero), al que se le atribuye tambi\u00e9n la invenci\u00f3n del dinero, era el referente econom\u00e9trico para mi gran maestro Antonio Pulido, sin obviar sus dos caras mirando al tiempo, al futuro y al pasado. El nacimiento de la Econometr\u00eda generalmente est\u00e1 &hellip; <a href=\"https:\/\/blog.uclm.es\/victorlopez\/presentacion\/econometria\/\" class=\"more-link\">Seguir leyendo <span class=\"screen-reader-text\">Econometr\u00eda<\/span> <span class=\"meta-nav\">&rarr;<\/span><\/a><\/p>\n","protected":false},"author":79,"featured_media":0,"parent":59,"menu_order":0,"comment_status":"closed","ping_status":"closed","template":"","meta":{"footnotes":""},"class_list":["post-62","page","type-page","status-publish","hentry"],"_links":{"self":[{"href":"https:\/\/blog.uclm.es\/victorlopez\/wp-json\/wp\/v2\/pages\/62","targetHints":{"allow":["GET"]}}],"collection":[{"href":"https:\/\/blog.uclm.es\/victorlopez\/wp-json\/wp\/v2\/pages"}],"about":[{"href":"https:\/\/blog.uclm.es\/victorlopez\/wp-json\/wp\/v2\/types\/page"}],"author":[{"embeddable":true,"href":"https:\/\/blog.uclm.es\/victorlopez\/wp-json\/wp\/v2\/users\/79"}],"replies":[{"embeddable":true,"href":"https:\/\/blog.uclm.es\/victorlopez\/wp-json\/wp\/v2\/comments?post=62"}],"version-history":[{"count":15,"href":"https:\/\/blog.uclm.es\/victorlopez\/wp-json\/wp\/v2\/pages\/62\/revisions"}],"predecessor-version":[{"id":2572,"href":"https:\/\/blog.uclm.es\/victorlopez\/wp-json\/wp\/v2\/pages\/62\/revisions\/2572"}],"up":[{"embeddable":true,"href":"https:\/\/blog.uclm.es\/victorlopez\/wp-json\/wp\/v2\/pages\/59"}],"wp:attachment":[{"href":"https:\/\/blog.uclm.es\/victorlopez\/wp-json\/wp\/v2\/media?parent=62"}],"curies":[{"name":"wp","href":"https:\/\/api.w.org\/{rel}","templated":true}]}}