{"id":481,"date":"2018-10-26T12:00:35","date_gmt":"2018-10-26T11:00:35","guid":{"rendered":"http:\/\/blog.uclm.es\/victorlopez\/?page_id=481"},"modified":"2024-02-21T19:47:41","modified_gmt":"2024-02-21T17:47:41","slug":"avatar-social-media","status":"publish","type":"page","link":"https:\/\/blog.uclm.es\/victorlopez\/avatar-social-media\/","title":{"rendered":"SOCIAL MEDIA"},"content":{"rendered":"\n<h2 class=\"wp-block-heading has-text-align-left\"><span style=\"color: #993300\"><strong>LEE, DIFUNDE Y S\u00c9 FELIZ&nbsp;<\/strong><\/span><\/h2>\n\n\n\n<p class=\"has-text-align-left\"><strong>READ, SHARE AND BE HAPPY<\/strong><\/p>\n\n\n\n<h3 class=\"wp-block-heading has-text-align-center\"><strong> <mark class=\"has-inline-color has-green-color\">Avatar STRATEGIC <\/mark><\/strong><em><mark class=\"has-inline-color has-green-color\">by <\/mark><\/em><\/h3>\n\n\n\n<h3 class=\"wp-block-heading has-text-align-center\"><em><mark class=\"has-inline-color has-green-color\">Prof. V\u00edctor Ra\u00fal\u00a0L\u00d3PEZ RUIZ<\/mark><\/em><\/h3>\n\n\n\n<hr class=\"wp-block-separator has-alpha-channel-opacity\" \/>\n\n\n\n<h2 class=\"wp-block-heading has-text-align-center\"><strong>CURRENT BLOGS<\/strong><\/h2>\n\n\n\n<figure class=\"wp-block-gallery has-nested-images columns-default is-cropped wp-block-gallery-1 is-layout-flex wp-block-gallery-is-layout-flex\">\n<figure class=\"wp-block-image size-large\"><a href=\"http:\/\/victorraullopez.blogspot.com\/\"><img loading=\"lazy\" decoding=\"async\" width=\"768\" height=\"1024\" data-id=\"575\" src=\"https:\/\/blog.uclm.es\/victorlopez\/wp-content\/uploads\/sites\/16\/2018\/10\/ICRG-768x1024.jpg\" alt=\"\" class=\"wp-image-575\" srcset=\"https:\/\/blog.uclm.es\/victorlopez\/wp-content\/uploads\/sites\/16\/2018\/10\/ICRG-768x1024.jpg 768w, https:\/\/blog.uclm.es\/victorlopez\/wp-content\/uploads\/sites\/16\/2018\/10\/ICRG-225x300.jpg 225w, https:\/\/blog.uclm.es\/victorlopez\/wp-content\/uploads\/sites\/16\/2018\/10\/ICRG-1152x1536.jpg 1152w, https:\/\/blog.uclm.es\/victorlopez\/wp-content\/uploads\/sites\/16\/2018\/10\/ICRG.jpg 1200w\" sizes=\"auto, (max-width: 768px) 100vw, 768px\" \/><\/a><figcaption class=\"wp-element-caption\"><strong><mark class=\"has-inline-color has-green-color\">ICRG-<a href=\"http:\/\/victorraullopez.blogspot.com\/\">Intellectual Capital Research GROUP<\/a><\/mark><\/strong><br>Observatorio de Intangibles y Calidad de Vida &#8211; OICV<br>English and Spanish<\/figcaption><\/figure>\n\n\n\n<figure class=\"wp-block-image size-large\"><a href=\"https:\/\/cronistaalfonsoruizcastellanos.blogspot.com\/\"><img loading=\"lazy\" decoding=\"async\" width=\"764\" height=\"1024\" data-id=\"573\" src=\"https:\/\/blog.uclm.es\/victorlopez\/wp-content\/uploads\/sites\/16\/2018\/10\/IMG_2059-764x1024.jpg\" alt=\"\" class=\"wp-image-573\" srcset=\"https:\/\/blog.uclm.es\/victorlopez\/wp-content\/uploads\/sites\/16\/2018\/10\/IMG_2059-764x1024.jpg 764w, https:\/\/blog.uclm.es\/victorlopez\/wp-content\/uploads\/sites\/16\/2018\/10\/IMG_2059-224x300.jpg 224w, https:\/\/blog.uclm.es\/victorlopez\/wp-content\/uploads\/sites\/16\/2018\/10\/IMG_2059-768x1029.jpg 768w, https:\/\/blog.uclm.es\/victorlopez\/wp-content\/uploads\/sites\/16\/2018\/10\/IMG_2059-1147x1536.jpg 1147w, https:\/\/blog.uclm.es\/victorlopez\/wp-content\/uploads\/sites\/16\/2018\/10\/IMG_2059.jpg 1352w\" sizes=\"auto, (max-width: 764px) 100vw, 764px\" \/><\/a><figcaption class=\"wp-element-caption\">Cervantismo, historia y humanismo en:<br><mark class=\"has-inline-color has-green-color\"><strong>\u00ab<a href=\"https:\/\/cronistaalfonsoruizcastellanos.blogspot.com\/\">CRONISTA ALFONSO RUIZ CASTELLANOS<\/a>\u00ab.<\/strong><\/mark><br>Idioma: Espa\u00f1ol<\/figcaption><\/figure>\n\n\n\n<figure class=\"wp-block-image size-large\"><a href=\"https:\/\/previa.uclm.es\/profesorado\/capitalintelectual\/\"><img loading=\"lazy\" decoding=\"async\" width=\"640\" height=\"426\" data-id=\"1211\" src=\"https:\/\/blog.uclm.es\/victorlopez\/wp-content\/uploads\/sites\/16\/2020\/05\/05268_09.jpg\" alt=\"\" class=\"wp-image-1211\" srcset=\"https:\/\/blog.uclm.es\/victorlopez\/wp-content\/uploads\/sites\/16\/2020\/05\/05268_09.jpg 640w, https:\/\/blog.uclm.es\/victorlopez\/wp-content\/uploads\/sites\/16\/2020\/05\/05268_09-300x200.jpg 300w\" sizes=\"auto, (max-width: 640px) 100vw, 640px\" \/><\/a><figcaption class=\"wp-element-caption\"> <mark class=\"has-inline-color has-green-color\"><strong><a href=\"https:\/\/blog.uclm.es\/victorlopez\/web-capital-intelectual\/\">WEB EN CAPITAL INTELECTUAL<\/a><\/strong><\/mark><br>Capital Intelectual e intangibles (1\u00aa WEB) Idioma: Espa\u00f1ol<p class=\"has-text-align-center\"><\/p><\/figcaption><\/figure>\n\n\n\n<figure class=\"wp-block-image size-large\"><a href=\"http:\/\/elsecretodelhormiguero.blogspot.com\/\"><img loading=\"lazy\" decoding=\"async\" width=\"1024\" height=\"768\" data-id=\"694\" src=\"https:\/\/blog.uclm.es\/victorlopez\/wp-content\/uploads\/sites\/16\/2019\/01\/IMG_20180128_205635_915-1024x768.jpg\" alt=\"\" class=\"wp-image-694\" srcset=\"https:\/\/blog.uclm.es\/victorlopez\/wp-content\/uploads\/sites\/16\/2019\/01\/IMG_20180128_205635_915-1024x768.jpg 1024w, https:\/\/blog.uclm.es\/victorlopez\/wp-content\/uploads\/sites\/16\/2019\/01\/IMG_20180128_205635_915-300x225.jpg 300w, https:\/\/blog.uclm.es\/victorlopez\/wp-content\/uploads\/sites\/16\/2019\/01\/IMG_20180128_205635_915-768x576.jpg 768w, https:\/\/blog.uclm.es\/victorlopez\/wp-content\/uploads\/sites\/16\/2019\/01\/IMG_20180128_205635_915-1536x1152.jpg 1536w, https:\/\/blog.uclm.es\/victorlopez\/wp-content\/uploads\/sites\/16\/2019\/01\/IMG_20180128_205635_915.jpg 1600w\" sizes=\"auto, (max-width: 1024px) 100vw, 1024px\" \/><\/a><figcaption class=\"wp-element-caption\"> <p class=\"has-text-align-center\"><strong>\u00ab<a href=\"http:\/\/elsecretodelhormiguero.blogspot.com\/\">EL SECRETO DEL HORMIGUERO<\/a>\u00ab<\/strong><\/p>   <span style=\"font-size: revert;background-color: initial\">Pol\u00edtica, Sociolog\u00eda y Econom\u00eda<\/span>   <p class=\"has-text-align-center\">(Politics, Sociology &amp; Economics) <span style=\"background-color: initial;font-size: revert\">Idioma: Espa\u00f1ol.<\/span><\/p> <\/figcaption><\/figure>\n<\/figure>\n\n\n\n<p class=\"has-text-align-center\">Victor Ra\u00fal L\u00f3pez Ruiz es autor de varios Blogs reconocidos, con diversidad tem\u00e1tica, puedes conocerlos en los enlaces disponibles. <\/p>\n\n\n\n<p class=\"has-text-align-center\"><\/p>\n\n\n\n<h2 class=\"wp-block-heading has-text-align-center\">MULTIMEDIA (Metaverso LIFE)<\/h2>\n\n\n\n<p class=\"has-text-align-center\">Presencia en canales cient\u00edficos <\/p>\n\n\n\n<figure class=\"wp-block-gallery has-nested-images columns-default is-cropped wp-block-gallery-2 is-layout-flex wp-block-gallery-is-layout-flex\">\n<figure class=\"wp-block-image size-full\"><a href=\"https:\/\/scholar.google.es\/citations?hl=es&amp;user=2foNXRQAAAAJ&amp;view_op=list_works\"><img loading=\"lazy\" decoding=\"async\" width=\"300\" height=\"300\" data-id=\"745\" src=\"https:\/\/blog.uclm.es\/victorlopez\/wp-content\/uploads\/sites\/16\/2019\/03\/gscholar.png\" alt=\"\" class=\"wp-image-745\" srcset=\"https:\/\/blog.uclm.es\/victorlopez\/wp-content\/uploads\/sites\/16\/2019\/03\/gscholar.png 300w, https:\/\/blog.uclm.es\/victorlopez\/wp-content\/uploads\/sites\/16\/2019\/03\/gscholar-150x150.png 150w\" sizes=\"auto, (max-width: 300px) 100vw, 300px\" \/><\/a><figcaption class=\"wp-element-caption\"><a href=\"https:\/\/scholar.google.es\/citations?hl=es&amp;user=2foNXRQAAAAJ&amp;view_op=list_works\">Google Scholar<\/a><\/figcaption><\/figure>\n\n\n\n<figure class=\"wp-block-image size-large\"><a href=\"https:\/\/theconversation.com\/profiles\/victor-raul-lopez-ruiz-725623\"><img loading=\"lazy\" decoding=\"async\" width=\"225\" height=\"225\" data-id=\"948\" src=\"https:\/\/blog.uclm.es\/victorlopez\/wp-content\/uploads\/sites\/16\/2019\/08\/conversation.png\" alt=\"\" class=\"wp-image-948\" srcset=\"https:\/\/blog.uclm.es\/victorlopez\/wp-content\/uploads\/sites\/16\/2019\/08\/conversation.png 225w, https:\/\/blog.uclm.es\/victorlopez\/wp-content\/uploads\/sites\/16\/2019\/08\/conversation-150x150.png 150w\" sizes=\"auto, (max-width: 225px) 100vw, 225px\" \/><\/a><figcaption class=\"wp-element-caption\"><a href=\"https:\/\/theconversation.com\/profiles\/victor-raul-lopez-ruiz-725623\">The Conversation<\/a><\/figcaption><\/figure>\n\n\n\n<figure class=\"wp-block-image size-large\"><a href=\"https:\/\/www.researchgate.net\/profile\/Victor-Lopez-2\"><img loading=\"lazy\" decoding=\"async\" width=\"62\" height=\"62\" data-id=\"128\" src=\"https:\/\/blog.uclm.es\/victorlopez\/wp-content\/uploads\/sites\/16\/2015\/11\/RG.png\" alt=\"\" class=\"wp-image-128\" \/><\/a><figcaption class=\"wp-element-caption\"><a href=\"https:\/\/www.researchgate.net\/profile\/Victor-Lopez-2\">Research Gate<\/a><\/figcaption><\/figure>\n\n\n\n<figure class=\"wp-block-image size-large\"><a href=\"https:\/\/blog.uclm.es\/victorlopez\/youtube\/\"><img loading=\"lazy\" decoding=\"async\" width=\"924\" height=\"925\" data-id=\"378\" src=\"https:\/\/blog.uclm.es\/victorlopez\/wp-content\/uploads\/sites\/16\/2017\/09\/mii.jpg\" alt=\"\" class=\"wp-image-378\" srcset=\"https:\/\/blog.uclm.es\/victorlopez\/wp-content\/uploads\/sites\/16\/2017\/09\/mii.jpg 924w, https:\/\/blog.uclm.es\/victorlopez\/wp-content\/uploads\/sites\/16\/2017\/09\/mii-300x300.jpg 300w, https:\/\/blog.uclm.es\/victorlopez\/wp-content\/uploads\/sites\/16\/2017\/09\/mii-150x150.jpg 150w, https:\/\/blog.uclm.es\/victorlopez\/wp-content\/uploads\/sites\/16\/2017\/09\/mii-768x769.jpg 768w\" sizes=\"auto, (max-width: 924px) 100vw, 924px\" \/><\/a><figcaption class=\"wp-element-caption\">Avatar YouTube Channel<\/figcaption><\/figure>\n<\/figure>\n\n\n\n<hr class=\"wp-block-separator has-alpha-channel-opacity\" \/>\n\n\n\n<h2 class=\"wp-block-heading has-text-align-center\"><strong>Eventos que coordina, <\/strong><\/h2>\n\n\n\n<p class=\"has-text-align-center\">est\u00e1s invitado, inf\u00f3rmate, interact\u00faa <\/p>\n\n\n\n<figure class=\"wp-block-gallery has-nested-images columns-default is-cropped wp-block-gallery-3 is-layout-flex wp-block-gallery-is-layout-flex\">\n<figure class=\"wp-block-image size-large\"><a href=\"https:\/\/blog.uclm.es\/victorlopez\/observatorio-de-intangibles-y-calidad-de-vida\/\"><img loading=\"lazy\" decoding=\"async\" width=\"634\" height=\"689\" data-id=\"1271\" src=\"https:\/\/blog.uclm.es\/victorlopez\/wp-content\/uploads\/sites\/16\/2020\/07\/oicv.jpg\" alt=\"\" class=\"wp-image-1271\" srcset=\"https:\/\/blog.uclm.es\/victorlopez\/wp-content\/uploads\/sites\/16\/2020\/07\/oicv.jpg 634w, https:\/\/blog.uclm.es\/victorlopez\/wp-content\/uploads\/sites\/16\/2020\/07\/oicv-276x300.jpg 276w\" sizes=\"auto, (max-width: 634px) 100vw, 634px\" \/><\/a><figcaption class=\"wp-element-caption\"><a href=\"https:\/\/blog.uclm.es\/victorlopez\/observatorio-de-intangibles-y-calidad-de-vida\/\">OICV<\/a><\/figcaption><\/figure>\n\n\n\n<figure class=\"wp-block-image size-large\"><a href=\"https:\/\/cronistaalfonsoruizcastellanos.blogspot.com\/p\/jornadas.html\"><img loading=\"lazy\" decoding=\"async\" width=\"724\" height=\"1024\" data-id=\"405\" src=\"https:\/\/blog.uclm.es\/victorlopez\/wp-content\/uploads\/sites\/16\/2018\/02\/Cartel_Jornadas_Cervantinas_III_v02-724x1024.jpg\" alt=\"\" class=\"wp-image-405\" srcset=\"https:\/\/blog.uclm.es\/victorlopez\/wp-content\/uploads\/sites\/16\/2018\/02\/Cartel_Jornadas_Cervantinas_III_v02-724x1024.jpg 724w, https:\/\/blog.uclm.es\/victorlopez\/wp-content\/uploads\/sites\/16\/2018\/02\/Cartel_Jornadas_Cervantinas_III_v02-212x300.jpg 212w, https:\/\/blog.uclm.es\/victorlopez\/wp-content\/uploads\/sites\/16\/2018\/02\/Cartel_Jornadas_Cervantinas_III_v02-768x1086.jpg 768w, https:\/\/blog.uclm.es\/victorlopez\/wp-content\/uploads\/sites\/16\/2018\/02\/Cartel_Jornadas_Cervantinas_III_v02.jpg 1024w\" sizes=\"auto, (max-width: 724px) 100vw, 724px\" \/><\/a><figcaption class=\"wp-element-caption\"><a href=\"https:\/\/cronistaalfonsoruizcastellanos.blogspot.com\/p\/jornadas.html\">Querote<\/a><\/figcaption><\/figure>\n\n\n\n<figure class=\"wp-block-image size-large\"><a href=\"https:\/\/www.flickr.com\/photos\/ceclm\/albums\/72157707976948854\/\"><img loading=\"lazy\" decoding=\"async\" width=\"422\" height=\"1024\" data-id=\"906\" src=\"https:\/\/blog.uclm.es\/victorlopez\/wp-content\/uploads\/sites\/16\/2019\/07\/INVITA-422x1024.jpg\" alt=\"\" class=\"wp-image-906\" srcset=\"https:\/\/blog.uclm.es\/victorlopez\/wp-content\/uploads\/sites\/16\/2019\/07\/INVITA-422x1024.jpg 422w, https:\/\/blog.uclm.es\/victorlopez\/wp-content\/uploads\/sites\/16\/2019\/07\/INVITA-124x300.jpg 124w, https:\/\/blog.uclm.es\/victorlopez\/wp-content\/uploads\/sites\/16\/2019\/07\/INVITA-768x1862.jpg 768w, https:\/\/blog.uclm.es\/victorlopez\/wp-content\/uploads\/sites\/16\/2019\/07\/INVITA-845x2048.jpg 845w, https:\/\/blog.uclm.es\/victorlopez\/wp-content\/uploads\/sites\/16\/2019\/07\/INVITA-scaled.jpg 1056w\" sizes=\"auto, (max-width: 422px) 100vw, 422px\" \/><\/a><figcaption class=\"wp-element-caption\">L<a href=\"https:\/\/www.flickr.com\/photos\/ceclm\/albums\/72157707976948854\/\">egado Quere\u00f1o Exposici\u00f3n Flickr<\/a><\/figcaption><\/figure>\n<\/figure>\n\n\n\n<hr class=\"wp-block-separator has-alpha-channel-opacity\" \/>\n\n\n\n<h2 class=\"wp-block-heading has-text-align-center\"><strong>RRSS<\/strong><\/h2>\n\n\n\n<p class=\"has-text-align-center\"><a href=\"https:\/\/www.youtube.com\/channel\/UCzJJMhNSff23Jj1eu2XBljA\"><img loading=\"lazy\" decoding=\"async\" class=\"alignnone wp-image-566\" src=\"https:\/\/blog.uclm.es\/victorlopez\/wp-content\/uploads\/sites\/16\/2018\/10\/YT-300x300.jpg\" alt=\"\" width=\"57\" height=\"57\" srcset=\"https:\/\/blog.uclm.es\/victorlopez\/wp-content\/uploads\/sites\/16\/2018\/10\/YT-300x300.jpg 300w, https:\/\/blog.uclm.es\/victorlopez\/wp-content\/uploads\/sites\/16\/2018\/10\/YT-150x150.jpg 150w, https:\/\/blog.uclm.es\/victorlopez\/wp-content\/uploads\/sites\/16\/2018\/10\/YT.jpg 400w\" sizes=\"auto, (max-width: 57px) 100vw, 57px\" \/><\/a><a href=\"https:\/\/www.youtube.com\/channel\/UCzJJMhNSff23Jj1eu2XBljA\">MIYouTube Channel<\/a><\/p>\n\n\n\n<p class=\"has-text-align-center\"><a href=\"https:\/\/blog.uclm.es\/victorlopez\/wp-content\/uploads\/sites\/16\/2018\/10\/face.png\"><img loading=\"lazy\" decoding=\"async\" class=\"alignnone wp-image-565\" src=\"https:\/\/blog.uclm.es\/victorlopez\/wp-content\/uploads\/sites\/16\/2018\/10\/face-300x300.png\" alt=\"\" width=\"38\" height=\"38\" srcset=\"https:\/\/blog.uclm.es\/victorlopez\/wp-content\/uploads\/sites\/16\/2018\/10\/face-300x300.png 300w, https:\/\/blog.uclm.es\/victorlopez\/wp-content\/uploads\/sites\/16\/2018\/10\/face-150x150.png 150w, https:\/\/blog.uclm.es\/victorlopez\/wp-content\/uploads\/sites\/16\/2018\/10\/face.png 325w\" sizes=\"auto, (max-width: 38px) 100vw, 38px\" \/><\/a>&nbsp; <a href=\"https:\/\/www.facebook.com\/victor.lopezruiz\">MIFacebook Biograf\u00eda<\/a><\/p>\n\n\n\n<p class=\"has-text-align-center\"><a href=\"https:\/\/twitter.com\/VictorRaulLR?lang=es\"><img loading=\"lazy\" decoding=\"async\" class=\"alignnone wp-image-564\" src=\"https:\/\/blog.uclm.es\/victorlopez\/wp-content\/uploads\/sites\/16\/2018\/10\/twitter-300x300.jpg\" alt=\"\" width=\"36\" height=\"36\" srcset=\"https:\/\/blog.uclm.es\/victorlopez\/wp-content\/uploads\/sites\/16\/2018\/10\/twitter-300x300.jpg 300w, https:\/\/blog.uclm.es\/victorlopez\/wp-content\/uploads\/sites\/16\/2018\/10\/twitter-150x150.jpg 150w, https:\/\/blog.uclm.es\/victorlopez\/wp-content\/uploads\/sites\/16\/2018\/10\/twitter.jpg 399w\" sizes=\"auto, (max-width: 36px) 100vw, 36px\" \/><\/a>&nbsp;<a href=\"https:\/\/twitter.com\/VictorRaulLR?lang=es\">MITwitter Time Line<\/a><\/p>\n\n\n\n<p class=\"has-text-align-center\"><a href=\"https:\/\/www.instagram.com\/victorraul.lopezruiz\/?hl=es\"><img loading=\"lazy\" decoding=\"async\" class=\"alignnone wp-image-563\" src=\"https:\/\/blog.uclm.es\/victorlopez\/wp-content\/uploads\/sites\/16\/2018\/10\/insta-300x300.png\" alt=\"\" width=\"46\" height=\"46\" srcset=\"https:\/\/blog.uclm.es\/victorlopez\/wp-content\/uploads\/sites\/16\/2018\/10\/insta-300x300.png 300w, https:\/\/blog.uclm.es\/victorlopez\/wp-content\/uploads\/sites\/16\/2018\/10\/insta-150x150.png 150w, https:\/\/blog.uclm.es\/victorlopez\/wp-content\/uploads\/sites\/16\/2018\/10\/insta.png 512w\" sizes=\"auto, (max-width: 46px) 100vw, 46px\" \/><\/a><a href=\"https:\/\/www.instagram.com\/victorraul.lopezruiz\/?hl=es\">MIInstagram&nbsp; Feed<\/a><\/p>\n\n\n\n<p class=\"has-text-align-center\"><a href=\"https:\/\/www.linkedin.com\/in\/victor-raul-lopez-ruiz-3758a528\/\"><img loading=\"lazy\" decoding=\"async\" class=\"alignnone wp-image-81\" src=\"https:\/\/blog.uclm.es\/victorlopez\/wp-content\/uploads\/sites\/16\/2015\/11\/linkedin.png\" alt=\"\" width=\"46\" height=\"46\" srcset=\"https:\/\/blog.uclm.es\/victorlopez\/wp-content\/uploads\/sites\/16\/2015\/11\/linkedin.png 256w, https:\/\/blog.uclm.es\/victorlopez\/wp-content\/uploads\/sites\/16\/2015\/11\/linkedin-150x150.png 150w\" sizes=\"auto, (max-width: 46px) 100vw, 46px\" \/><\/a> <a href=\"https:\/\/www.linkedin.com\/in\/victor-ra%C3%BAl-l%C3%B3pez-ruiz-3758a528\/\">MILinked In Perfil<\/a><\/p>\n\n\n\n<hr class=\"wp-block-separator has-alpha-channel-opacity\" \/>\n\n\n\n<h2 class=\"wp-block-heading has-text-align-center\"><strong>More<\/strong><\/h2>\n\n\n\n<p class=\"has-text-align-center\">Author of Wikipedia Articles as <a href=\"https:\/\/es.wikipedia.org\/wiki\/Quero_(Toledo)\">Quero (Toledo)<\/a>.<\/p>\n\n\n\n<p class=\"has-text-align-center\">AND MORE, IN SPECIFICS SOCIAL MEDIA.<\/p>\n","protected":false},"excerpt":{"rendered":"<p>LEE, DIFUNDE Y S\u00c9 FELIZ&nbsp; READ, SHARE AND BE HAPPY Avatar STRATEGIC by Prof. V\u00edctor Ra\u00fal\u00a0L\u00d3PEZ RUIZ CURRENT BLOGS Victor Ra\u00fal L\u00f3pez Ruiz es autor de varios Blogs reconocidos, con diversidad tem\u00e1tica, puedes conocerlos en los enlaces disponibles. MULTIMEDIA (Metaverso LIFE) Presencia en canales cient\u00edficos Eventos que coordina, est\u00e1s invitado, inf\u00f3rmate, interact\u00faa RRSS MIYouTube Channel &hellip; <a href=\"https:\/\/blog.uclm.es\/victorlopez\/avatar-social-media\/\" class=\"more-link\">Seguir leyendo <span class=\"screen-reader-text\">SOCIAL MEDIA<\/span> <span class=\"meta-nav\">&rarr;<\/span><\/a><\/p>\n","protected":false},"author":79,"featured_media":741,"parent":0,"menu_order":0,"comment_status":"closed","ping_status":"closed","template":"","meta":{"footnotes":""},"class_list":["post-481","page","type-page","status-publish","has-post-thumbnail","hentry"],"_links":{"self":[{"href":"https:\/\/blog.uclm.es\/victorlopez\/wp-json\/wp\/v2\/pages\/481","targetHints":{"allow":["GET"]}}],"collection":[{"href":"https:\/\/blog.uclm.es\/victorlopez\/wp-json\/wp\/v2\/pages"}],"about":[{"href":"https:\/\/blog.uclm.es\/victorlopez\/wp-json\/wp\/v2\/types\/page"}],"author":[{"embeddable":true,"href":"https:\/\/blog.uclm.es\/victorlopez\/wp-json\/wp\/v2\/users\/79"}],"replies":[{"embeddable":true,"href":"https:\/\/blog.uclm.es\/victorlopez\/wp-json\/wp\/v2\/comments?post=481"}],"version-history":[{"count":33,"href":"https:\/\/blog.uclm.es\/victorlopez\/wp-json\/wp\/v2\/pages\/481\/revisions"}],"predecessor-version":[{"id":3056,"href":"https:\/\/blog.uclm.es\/victorlopez\/wp-json\/wp\/v2\/pages\/481\/revisions\/3056"}],"wp:featuredmedia":[{"embeddable":true,"href":"https:\/\/blog.uclm.es\/victorlopez\/wp-json\/wp\/v2\/media\/741"}],"wp:attachment":[{"href":"https:\/\/blog.uclm.es\/victorlopez\/wp-json\/wp\/v2\/media?parent=481"}],"curies":[{"name":"wp","href":"https:\/\/api.w.org\/{rel}","templated":true}]}}