{"id":315,"date":"2017-02-15T11:42:42","date_gmt":"2017-02-15T10:42:42","guid":{"rendered":"http:\/\/blog.uclm.es\/victorlopez\/?page_id=315"},"modified":"2026-04-13T18:12:37","modified_gmt":"2026-04-13T16:12:37","slug":"resume","status":"publish","type":"page","link":"https:\/\/blog.uclm.es\/victorlopez\/resume\/","title":{"rendered":"Resume (CV)"},"content":{"rendered":"<div class=\"wp-block-image\">\n<figure class=\"alignright is-resized\"><a href=\"https:\/\/blog.uclm.es\/victorlopez\/curriculum\/\"><img loading=\"lazy\" decoding=\"async\" width=\"228\" height=\"300\" src=\"https:\/\/blog.uclm.es\/victorlopez\/wp-content\/uploads\/sites\/16\/2022\/08\/30an-228x300.jpg\" alt=\"\" class=\"wp-image-1994\" style=\"width:130px;height:171px\" srcset=\"https:\/\/blog.uclm.es\/victorlopez\/wp-content\/uploads\/sites\/16\/2022\/08\/30an-228x300.jpg 228w, https:\/\/blog.uclm.es\/victorlopez\/wp-content\/uploads\/sites\/16\/2022\/08\/30an.jpg 664w\" sizes=\"auto, (max-width: 228px) 100vw, 228px\" \/><\/a><figcaption class=\"wp-element-caption\"><em><strong>Espa\u00f1ol<\/strong><\/em><br><a href=\"http:\/\/blog.uclm.es\/victorlopez\/curriculum\/\"><img decoding=\"async\" src=\"https:\/\/blog.uclm.es\/victorlopez\/wp-content\/uploads\/sites\/16\/2015\/11\/bspain-300x200.jpg\" alt=\"\" style=\"width: 80px\"><\/a><\/figcaption><\/figure>\n<\/div>\n\n\n<div class=\"wp-block-buttons is-content-justification-center is-layout-flex wp-container-core-buttons-is-layout-16018d1d wp-block-buttons-is-layout-flex\">\n<div class=\"wp-block-button has-custom-width wp-block-button__width-75 is-style-outline is-style-outline--1\"><a class=\"wp-block-button__link has-light-gray-background-color has-background wp-element-button\" href=\"https:\/\/blog.uclm.es\/victorlopez\/category\/investigacion\/\">RESEARCH<\/a><\/div>\n\n\n\n<div class=\"wp-block-button has-custom-width wp-block-button__width-75 is-style-outline is-style-outline--2\"><a class=\"wp-block-button__link has-light-gray-background-color has-background wp-element-button\" href=\"https:\/\/blog.uclm.es\/victorlopez\/category\/docencia\/\">Teaching<\/a><\/div>\n\n\n\n<div class=\"wp-block-button has-custom-width wp-block-button__width-75 is-style-outline is-style-outline--3\"><a class=\"wp-block-button__link has-light-gray-background-color has-background wp-element-button\" href=\"https:\/\/blog.uclm.es\/victorlopez\/category\/gestion\/\">position<\/a><\/div>\n\n\n\n<div class=\"wp-block-button has-custom-width wp-block-button__width-75 is-style-outline is-style-outline--4\"><a class=\"wp-block-button__link has-light-gray-background-color has-background wp-element-button\" href=\"https:\/\/blog.uclm.es\/victorlopez\/category\/post\/\">transfer-divulgation<\/a><\/div>\n<\/div>\n\n\n<p>\u00a0<\/p>\n<p style=\"text-align: justify\"><strong>V\u00edctor R<a href=\"http:\/\/www.victorraullopez.blogspot.com.es\/\"><img loading=\"lazy\" decoding=\"async\" class=\"wp-image-73 alignleft\" src=\"https:\/\/blog.uclm.es\/victorlopez\/wp-content\/uploads\/sites\/16\/2015\/11\/image333.png\" alt=\"image333\" width=\"102\" height=\"119\" \/><\/a>a\u00fal L\u00f3pez Ruiz<\/strong> (Madrid, 1970) <span lang=\"en\"><span title=\"V\u00edctor Ra\u00fal L\u00f3pez Ruiz es Profesor Titular de la Universidad en el Departamento de Econom\u00eda Espa\u00f1ola e Internacional, Econom\u00eda e Historia e Instituciones Econ\u00f3micas de la Universidad de Castilla-La Mancha.\">is Full Professor in Econometrics. <\/span><\/span><span title=\"Fundador y Co-Director del Grupo de Investigaci\u00f3n de Capital Intelectual (ICRG). \">Founder and Co-Director of the International Group: Intellectual Capital Research Group (ICRG). International Valuation Methodology Expert (EU-Romania-National Strategy for Research, Technological Development and Innovation 2014-2020). International evaluator (universities) to ARACIS-Romania. Coordinator of the Observatory on Intangibles and Quality of Life, he has modeled social happiness. <a href=\"https:\/\/blog.uclm.es\/victorlopez\/2024\/06\/03\/honorary-member-of-academy-of-romanian-scientists-aosr\/\">Honorary Member<\/a> (foreign) of the Academy of Romanian Scientists (AOSR) in the section of Economics, Law, and Sociology.\u00a0 Columnist and Blogger on socio-political issues, writer and cervantist.<\/span><\/p>\n<p style=\"text-align: justify\"><span title=\"Doctor y Licenciado en Ciencias Econ\u00f3micas y Empresariales por la Universidad de Castilla-La Mancha (2002, 1993).\">Doctor and Bachelor in Economics and Business Sciences from the University of Castilla-La Mancha (2002, 1993). Bachelor<\/span><span title=\"Licenciado en Ciencias Pol\u00edticas y Sociolog\u00eda por la UNED (2006-Premio Nacional Fin de Estudios). \">\u00a0in Political Science and Sociology from the UNED (2006-National Studies Award).<\/span><\/p>\n<p style=\"text-align: justify\"><span title=\"Inicia su carrera docente como Becario de Investigaci\u00f3n en Econometr\u00eda (Febrero a Junio de 1993) en la Facultad de Ciencias Jur\u00eddicas y Sociales de Toledo.\">He began his teaching career as a<a href=\"https:\/\/www.boe.es\/boe\/dias\/1993\/04\/07\/pdfs\/A10320-10321.pdf\"> Ministry Research Fellow<\/a> in Econometrics (February to June 1993) at the Faculty of Legal and Social Sciences of Toledo. <\/span><span title=\"Ejerce labores docentes en la UCLM desde 1993 en la Facultad de Ciencias Econ\u00f3micas y Empresariales de Albacete.\">He has been teaching at the UCLM since 1993 at the Faculty of Economic and Business Sciences of Albacete (<a href=\"https:\/\/www.boe.es\/diario_boe\/txt.php?id=BOE-A-2012-2786\">Ass. Prof. 14\/02\/2012<\/a>;<a href=\"https:\/\/www.boe.es\/diario_boe\/txt.php?id=BOE-A-2021-11774\"> Full Prof. 01\/07\/21<\/a>). <\/span><span title=\"Profesor Conferenciante en la Facultad de Ciencias Sociales de Cuenca (1995\/1998) y en el Centro de Estudios Universitarios de Puertollano (Ciudad Real) desde 2008 a 2014. Algunas de las asignaturas que ha impartido o imparte son: Elementos de Econometr\u00eda, M\u00e9todos Econ\u00f3m\u00e9tricos\">Lecturer at the Faculty of Social Sciences in Cuenca (1995\/1998) and also at the Center for University Studies in Puertollano (Ciudad Real) from 2008 to 2014. Some of the subjects he has taught or taught are: Elements of Econometrics, Econometric Methods<\/span><span title=\", Previsi\u00f3n Econ\u00f3mica, Introducci\u00f3n a la Econometr\u00eda, M\u00e9todos y Modelos Econom\u00e9tricos, Econometr\u00eda Aplicada, Sistemas de Informaci\u00f3n para la Direcci\u00f3n, ... \">, Economic Forecasting, Introduction to Econometrics, Econometric Methods and Models, Applied Econometrics, Information Systems for Management, &#8230;<\/span><\/p>\n<p style=\"text-align: justify\">He counts on the positive evaluation of the quality Teacher in all the editions realized in the UCLM, six 5-year teaching periods, and with four 6-year cycles evaluated positively in research and transfer (CNEAI).<\/p>\n<p style=\"text-align: justify\"><span id=\"result_box\" lang=\"en\"><span title=\"Secretario del Departamento de Econom\u00eda Espa\u00f1ola e Internacional, Econometr\u00eda e Historia e Instituciones Econ\u00f3micas de 2010 a 2012. \">Deputy Department Head of Spanish and International Economics, Econometrics and History and Economic Institutions from 2023 November. Economics Degree Coordinator in UCLM (Faculty EBS) from 2021 to 2024.\u00a0<\/span><\/span><\/p>\n<p style=\"text-align: justify\"><img loading=\"lazy\" decoding=\"async\" class=\"wp-image-72 alignleft\" src=\"https:\/\/blog.uclm.es\/victorlopez\/wp-content\/uploads\/sites\/16\/2015\/11\/image338.jpg\" alt=\"El Capital Inteletual\" width=\"152\" height=\"215\" \/><span title=\"Ha impartido diversos cursos de grado y postgrado internacionales y nacionales para especialistas, empresarios y profesionales.\">He has taught several international and national graduate and postgraduate courses for specialists, businessmen and professionals. <\/span><span title=\"M\u00e1ster en Universidades y Escuelas de Negocios.\">Master in Business Schools and Universities. Management controller for a multinational architecture company for 8 years. <\/span><span title=\"Por otra parte, ha sido invitado en centros extranjeros para realizar Ponencias, Conferencias y Cursos. \">On the other hand, he has been invited in foreign and national centers to hold lectures, conferences and courses. Director of numerous theses, Master&#8217;s and Bachelor&#8217;s final projects.<\/span><\/p>\n<p style=\"text-align: justify\">His lines of research focus on modeling and socio-economic indicators for national, regional and local spaces and business models for the management of intangible assets.<\/p>\n<p style=\"text-align: justify\">Among his <a href=\"https:\/\/blog.uclm.es\/victorlopez\/publications\/\">publications<\/a>, he has published 30 books and more than one hundred fifty works in prestigious journals and presented at national and international congresses. He has published a lot of articles, over two hundred, on socio-political issues in different media.<\/p>\n<p style=\"text-align: justify\"><span title=\"Ha sido premiado por sus trabajos en cinco ocasiones por el Centro de Estudios Financieros (1998, 2001, 2008) y el Gobierno Regional (JCCM en 2004 y 2005).\">He has been awarded five times by the Center for Financial Studies (1998, 2001, 2008) and the Regional Government (JCCM in 2004 and 2005). <\/span><span title=\"Cuenta con un Diploma de Honor , a nivel internacionalpor su labor como economista. \">He holds a Diploma of Honor, internationally for his work as an economist (2017).<\/span><\/p>\n<p style=\"text-align: justify\">He has conducted, directed and participated in various international, national and regional research projects.<\/p>\n<p style=\"text-align: justify\">He has held research and teaching stays at: Nottingham Trent University (UK), Valahia University, Ministry of Labor and National School of Political Studies and Public Administration (Romania).<\/p>\n<div id=\"gt-c\" class=\"g-section\">\n<div id=\"gt-form-c\">\n<div id=\"gt-text-all\" style=\"text-align: justify\">Science commentator,\u00a0 he writes in several Blogs, one of them sociopolitics, \u00abel secreto del hormiguero\u00bb, with more than 200 entries, published in different media as The Conversation. YouTube channel with great following, for example in analysis of Covid19 with mathematical models. Academic Director of the \u00abCervantino National Congress: Querote\u00bb. Prize Wendy Hall, best Web UCLM 2019 (Acc\u00e9sit).<\/div>\n<div>\u00a0<\/div>\n<\/div>\n<\/div>\n<p style=\"text-align: justify\"><b>Research Lines:<\/b><\/p>\n<p style=\"text-align: justify\">International Indicators on Competitiveness, Development, Growth, Sustainability and Intellectual Capital. Happiness and Quality of Life indices.<\/p>\n<p style=\"text-align: justify\">Macro-economic models: national, regional, local and specific on the autonomic financing. Analysis, measurement, control and forecasting.<\/p>\n<div id=\"gt-c\" class=\"g-section\">\n<div id=\"gt-form-c\">\n<div id=\"gt-text-all\">\n<div id=\"gt-main\">\n<div id=\"gt-text-c\">\n<div id=\"gt-text-top\">\n<div id=\"gt-res-c\" class=\"g-unit\">\n<div id=\"gt-res-p\">\n<div id=\"gt-res-data\">\n<div id=\"gt-res-wrap\">\n<div id=\"gt-res-content\">\n<div dir=\"ltr\" style=\"text-align: justify\"><span lang=\"en\"><span lang=\"en\"><a href=\"https:\/\/blog.uclm.es\/victorlopez\/wp-content\/uploads\/sites\/16\/2015\/11\/image063.jpg\"><img loading=\"lazy\" decoding=\"async\" class=\"size-medium wp-image-238 alignright\" src=\"https:\/\/blog.uclm.es\/victorlopez\/wp-content\/uploads\/sites\/16\/2015\/11\/image063-210x300.jpg\" alt=\"\" width=\"210\" height=\"300\" \/><\/a><\/span><\/span><\/div>\n<div dir=\"ltr\" style=\"text-align: justify\"><span lang=\"en\"><span lang=\"en\">Regional Economics: analysis, statistics, methods and application of models, structural and conjunctural for various subnational spaces. Urban-rural studies. Indicators of competitiveness.<\/span><\/span><\/div>\n<div dir=\"ltr\" style=\"text-align: justify\">\u00a0<\/div>\n<div dir=\"ltr\" style=\"text-align: justify\">Enterprise Models: applications on auditing, external and internal accounting and business structure using econometric models.<\/div>\n<div dir=\"ltr\" style=\"text-align: justify\">\u00a0<\/div>\n<div dir=\"ltr\" style=\"text-align: justify\">Intellectual Capital: valuation and measurement. Models, developments, reports and applications.<\/div>\n<div dir=\"ltr\" style=\"text-align: justify\">\u00a0<\/div>\n<div dir=\"ltr\" style=\"text-align: justify\">Management of intangibles.Human resources: management systems for competencies, training, remuneration, social climate. Data processing, and construction of climate and intangible surveys.<\/div>\n<div dir=\"ltr\" style=\"text-align: justify\">\u00a0<\/div>\n<div dir=\"ltr\" style=\"text-align: justify\">\n<p>Business Sector Analysis: Sectoral strategic plans.<\/p>\n<\/div>\n<\/div>\n<\/div>\n<\/div>\n<\/div>\n<\/div>\n<\/div>\n<\/div>\n<\/div>\n<\/div>\n<\/div>\n<\/div>\n<p><a href=\"https:\/\/www.linkedin.com\/public-profile\/settings?trk=d_flagship3_profile_self_view_public_profile\" target=\"_blank\" rel=\"noopener noreferrer\"><img loading=\"lazy\" decoding=\"async\" class=\"wp-image-81 alignnone\" src=\"https:\/\/blog.uclm.es\/victorlopez\/wp-content\/uploads\/sites\/16\/2015\/11\/linkedin.png\" alt=\"linkedin\" width=\"61\" height=\"61\" srcset=\"https:\/\/blog.uclm.es\/victorlopez\/wp-content\/uploads\/sites\/16\/2015\/11\/linkedin.png 256w, https:\/\/blog.uclm.es\/victorlopez\/wp-content\/uploads\/sites\/16\/2015\/11\/linkedin-150x150.png 150w\" sizes=\"auto, (max-width: 61px) 100vw, 61px\" \/> \u00a0 \u00a0<\/a><a href=\"http:\/\/www.researchgate.net\/profile\/Victor_Lopez14\" target=\"_blank\" rel=\"noopener noreferrer\"><img loading=\"lazy\" decoding=\"async\" class=\"alignnone wp-image-128\" src=\"https:\/\/blog.uclm.es\/victorlopez\/wp-content\/uploads\/sites\/16\/2015\/11\/RG.png\" alt=\"RG\" width=\"53\" height=\"53\" \/><\/a>\u00a0 \u00a0 <a href=\"http:\/\/orcid.org\/0000-0002-2850-1662\" target=\"_blank\" rel=\"attachment wp-att-172 noopener noreferrer\"><img loading=\"lazy\" decoding=\"async\" class=\"alignnone wp-image-172\" src=\"https:\/\/blog.uclm.es\/victorlopez\/wp-content\/uploads\/sites\/16\/2015\/11\/orcid.jpg\" alt=\"orcid\" width=\"65\" height=\"65\" \/><\/a>\u00a0 \u00a0 <a href=\"https:\/\/scholar.google.es\/citations?hl=es&amp;user=2foNXRQAAAAJ&amp;view_op=list_works\"><img loading=\"lazy\" decoding=\"async\" class=\"alignnone  wp-image-745\" src=\"https:\/\/blog.uclm.es\/victorlopez\/wp-content\/uploads\/sites\/16\/2019\/03\/gscholar.png\" alt=\"\" width=\"50\" height=\"50\" srcset=\"https:\/\/blog.uclm.es\/victorlopez\/wp-content\/uploads\/sites\/16\/2019\/03\/gscholar.png 300w, https:\/\/blog.uclm.es\/victorlopez\/wp-content\/uploads\/sites\/16\/2019\/03\/gscholar-150x150.png 150w\" sizes=\"auto, (max-width: 50px) 100vw, 50px\" \/><\/a><\/p>\n\n\n<figure class=\"wp-block-image size-large\"><a href=\"https:\/\/blog.uclm.es\/victorlopez\/wp-content\/uploads\/sites\/16\/2025\/07\/Diapositiva2.jpg\"><img loading=\"lazy\" decoding=\"async\" width=\"1024\" height=\"576\" src=\"https:\/\/blog.uclm.es\/victorlopez\/wp-content\/uploads\/sites\/16\/2025\/07\/Diapositiva2-1024x576.jpg\" alt=\"\" class=\"wp-image-3522\" srcset=\"https:\/\/blog.uclm.es\/victorlopez\/wp-content\/uploads\/sites\/16\/2025\/07\/Diapositiva2-1024x576.jpg 1024w, https:\/\/blog.uclm.es\/victorlopez\/wp-content\/uploads\/sites\/16\/2025\/07\/Diapositiva2-300x169.jpg 300w, https:\/\/blog.uclm.es\/victorlopez\/wp-content\/uploads\/sites\/16\/2025\/07\/Diapositiva2-768x432.jpg 768w, https:\/\/blog.uclm.es\/victorlopez\/wp-content\/uploads\/sites\/16\/2025\/07\/Diapositiva2.jpg 1280w\" sizes=\"auto, (max-width: 1024px) 100vw, 1024px\" \/><\/a><\/figure>\n\n\n\n\n\n\n\n\n\n\n\n\n\n\n\n\n","protected":false},"excerpt":{"rendered":"<p>\u00a0 V\u00edctor Ra\u00fal L\u00f3pez Ruiz (Madrid, 1970) is Full Professor in Econometrics. Founder and Co-Director of the International Group: Intellectual Capital Research Group (ICRG). International Valuation Methodology Expert (EU-Romania-National Strategy for Research, Technological Development and Innovation 2014-2020). International evaluator (universities) to ARACIS-Romania. Coordinator of the Observatory on Intangibles and Quality of Life, he has modeled &hellip; <a href=\"https:\/\/blog.uclm.es\/victorlopez\/resume\/\" class=\"more-link\">Seguir leyendo <span class=\"screen-reader-text\">Resume (CV)<\/span> <span class=\"meta-nav\">&rarr;<\/span><\/a><\/p>\n","protected":false},"author":79,"featured_media":0,"parent":0,"menu_order":0,"comment_status":"closed","ping_status":"closed","template":"","meta":{"footnotes":""},"class_list":["post-315","page","type-page","status-publish","hentry"],"_links":{"self":[{"href":"https:\/\/blog.uclm.es\/victorlopez\/wp-json\/wp\/v2\/pages\/315","targetHints":{"allow":["GET"]}}],"collection":[{"href":"https:\/\/blog.uclm.es\/victorlopez\/wp-json\/wp\/v2\/pages"}],"about":[{"href":"https:\/\/blog.uclm.es\/victorlopez\/wp-json\/wp\/v2\/types\/page"}],"author":[{"embeddable":true,"href":"https:\/\/blog.uclm.es\/victorlopez\/wp-json\/wp\/v2\/users\/79"}],"replies":[{"embeddable":true,"href":"https:\/\/blog.uclm.es\/victorlopez\/wp-json\/wp\/v2\/comments?post=315"}],"version-history":[{"count":40,"href":"https:\/\/blog.uclm.es\/victorlopez\/wp-json\/wp\/v2\/pages\/315\/revisions"}],"predecessor-version":[{"id":3704,"href":"https:\/\/blog.uclm.es\/victorlopez\/wp-json\/wp\/v2\/pages\/315\/revisions\/3704"}],"wp:attachment":[{"href":"https:\/\/blog.uclm.es\/victorlopez\/wp-json\/wp\/v2\/media?parent=315"}],"curies":[{"name":"wp","href":"https:\/\/api.w.org\/{rel}","templated":true}]}}