{"id":31,"date":"2015-11-24T10:35:17","date_gmt":"2015-11-24T09:35:17","guid":{"rendered":"http:\/\/blog.uclm.es\/victorlopez\/?page_id=31"},"modified":"2026-04-13T18:12:04","modified_gmt":"2026-04-13T16:12:04","slug":"curriculum","status":"publish","type":"page","link":"https:\/\/blog.uclm.es\/victorlopez\/curriculum\/","title":{"rendered":"Curriculum vitae"},"content":{"rendered":"<div class=\"wp-block-image\">\n<figure class=\"alignright is-resized\"><a href=\"http:\/\/blog.uclm.es\/victorlopez\/resume\/\"><img loading=\"lazy\" decoding=\"async\" width=\"228\" height=\"300\" src=\"https:\/\/blog.uclm.es\/victorlopez\/wp-content\/uploads\/sites\/16\/2022\/08\/30an-228x300.jpg\" alt=\"\" class=\"wp-image-1994\" style=\"width:129px;height:168px\" srcset=\"https:\/\/blog.uclm.es\/victorlopez\/wp-content\/uploads\/sites\/16\/2022\/08\/30an-228x300.jpg 228w, https:\/\/blog.uclm.es\/victorlopez\/wp-content\/uploads\/sites\/16\/2022\/08\/30an.jpg 664w\" sizes=\"auto, (max-width: 228px) 100vw, 228px\" \/><\/a><figcaption class=\"wp-element-caption\">     <em><strong>English<\/strong><\/em><br>     <a href=\"http:\/\/blog.uclm.es\/victorlopez\/resume\/\"><img decoding=\"async\" style=\"width: 80px\" src=\"https:\/\/blog.uclm.es\/victorlopez\/wp-content\/uploads\/sites\/16\/2015\/11\/benglish-300x200.jpg\" alt=\"\"><\/a><\/figcaption><\/figure>\n<\/div>\n\n\n<div class=\"wp-block-group\"><div class=\"wp-block-group__inner-container is-layout-constrained wp-block-group-is-layout-constrained\">\n<div class=\"wp-block-columns is-layout-flex wp-container-core-columns-is-layout-9d6595d7 wp-block-columns-is-layout-flex\">\n<div class=\"wp-block-column is-vertically-aligned-center is-layout-flow wp-block-column-is-layout-flow\" style=\"flex-basis:100%\">\n<div class=\"wp-block-buttons is-vertical is-content-justification-center is-layout-flex wp-container-core-buttons-is-layout-9a7cdcfd wp-block-buttons-is-layout-flex\">\n<div class=\"wp-block-button has-custom-width wp-block-button__width-75 is-style-outline is-style-outline--1\"><a class=\"wp-block-button__link has-black-color has-light-gray-background-color has-text-color has-background wp-element-button\" href=\"https:\/\/blog.uclm.es\/victorlopez\/category\/investigacion\/\">investigaci\u00f3n<\/a><\/div>\n\n\n\n<div class=\"wp-block-button has-custom-width wp-block-button__width-75 is-style-outline is-style-outline--2\"><a class=\"wp-block-button__link has-black-color has-light-gray-background-color has-text-color has-background wp-element-button\" href=\"https:\/\/blog.uclm.es\/victorlopez\/category\/docencia\/\">Docencia<\/a><\/div>\n\n\n\n<div class=\"wp-block-button has-custom-width wp-block-button__width-75 is-style-outline is-style-outline--3\"><a class=\"wp-block-button__link has-black-color has-light-gray-background-color has-text-color has-background wp-element-button\" href=\"https:\/\/blog.uclm.es\/victorlopez\/category\/gestion\/\">gesti\u00f3n<\/a><\/div>\n\n\n\n<div class=\"wp-block-button has-custom-width wp-block-button__width-75 is-style-outline is-style-outline--4\"><a class=\"wp-block-button__link has-black-color has-light-gray-background-color has-text-color has-background wp-element-button\" href=\"https:\/\/blog.uclm.es\/victorlopez\/category\/post\/\">transfer-divulgaci\u00f3n<\/a><\/div>\n<\/div>\n<\/div>\n<\/div>\n<\/div><\/div>\n\n\n<p>\u00a0<\/p>\n<p style=\"text-align: justify\"><strong>V\u00edctor R<a href=\"http:\/\/www.victorraullopez.blogspot.com.es\/\"><img loading=\"lazy\" decoding=\"async\" class=\"wp-image-73 alignleft\" src=\"https:\/\/blog.uclm.es\/victorlopez\/wp-content\/uploads\/sites\/16\/2015\/11\/image333.png\" alt=\"image333\" width=\"101\" height=\"117\" \/><\/a>a\u00fal L\u00f3pez Ruiz<\/strong> (Madrid, 1970) es Catedr\u00e1tico de Universidad. Co-Director del Grupo Internacional: Intellectual Capital Research Group (ICRG). Experto en Metodolog\u00eda de Valoraci\u00f3n Internacional (UE-Romania-Estrategia de I+D+i): UE 2014-2020. Evaluador Internacional (universidades) para ARACIS (Rumania). Coordinador del Observatorio en Intangibles y Calidad de Vida ha medido y modelado la felicidad\u00a0 social. Miembro de Honor (extranjero) de la Academia de Ciencias Rumana (The Academy of Romanian Scientists) en la secci\u00f3n de Econom\u00eda, Derecho y Sociolog\u00eda. Columnista, colaborador en medios y bloguero en temas socio-pol\u00edticos, escritor y cervantino.<\/p>\n<p style=\"text-align: justify\">Doctor y Licenciado en Ciencias Econ\u00f3micas y Empresariales\u00a0por la Universidad de Castilla-La Mancha (2002, 1993). Licenciado\u00a0en Ciencias Pol\u00edticas y Sociolog\u00eda por la UNED (2006-Premio Nacional Fin de Estudios).<\/p>\n<p style=\"text-align: justify\">Inicia su carrera docente como <a href=\"https:\/\/www.boe.es\/boe\/dias\/1993\/04\/07\/pdfs\/A10320-10321.pdf\">Becario de Investigaci\u00f3n del Ministerio<\/a> en Econometr\u00eda de Febrero a Junio de 1993 en la Facultad de Ciencias Jur\u00eddicas y Sociales de Toledo. Ejerce labores docentes en la UCLM desde 1993 en la Facultad de Ciencias Econ\u00f3micas y Empresariales de Albacete (<a href=\"https:\/\/www.boe.es\/diario_boe\/txt.php?id=BOE-A-2012-2786\">TU 14\/02\/12<\/a>; <a href=\"https:\/\/www.boe.es\/diario_boe\/txt.php?id=BOE-A-2021-11774\">CU 01\/07\/21<\/a>).\u00a0 Tambi\u00e9n fue Profesor Conferenciante en la Facultad de Ciencias Sociales de Cuenca (1995 a 1998) y en el Centro de Estudios Universitarios de Puertollano (Ciudad Real) desde 2008 a 2014. Algunas de las asignaturas que ha impartido o imparte son: Elementos de Econometr\u00eda, M\u00e9todos Econom\u00e9tricos, Previsi\u00f3n Econ\u00f3mica, Introducci\u00f3n a la Econometr\u00eda, M\u00e9todos y Modelos Econom\u00e9tricos, Econometr\u00eda Aplicada, Sistemas de Informaci\u00f3n para la Direcci\u00f3n,\u2026<\/p>\n<p style=\"text-align: justify\">Cuenta con evaluaci\u00f3n positiva de Calidad Docente en todas sus ediciones realizadas en la UCLM y con seis tramos evaluados positivamente de docencia, y cuatro de investigaci\u00f3n y Transferencia CNEAI.<\/p>\n<p style=\"text-align: justify\">Subdirector del Departamento de Econom\u00eda Espa\u00f1ola e Internacional, Econometr\u00eda e Historia e Instituciones Econ\u00f3micas desde Noviembre de 2023. Coordinador del Grado de Econom\u00eda en UCLM (Facultad de CCEE) desde 2021 a 2024.\u00a0<\/p>\n<p style=\"text-align: justify\">Ha impa<img loading=\"lazy\" decoding=\"async\" class=\"wp-image-72 alignleft\" src=\"https:\/\/blog.uclm.es\/victorlopez\/wp-content\/uploads\/sites\/16\/2015\/11\/image338.jpg\" alt=\"El Capital Inteletual\" width=\"152\" height=\"215\" \/>rtido diversos cursos de grado y postgrado internacionales y nacionales para especialistas, empresarios y profesionales. M\u00e1ster en Universidades y Escuelas de Negocios. Controller de gesti\u00f3n para empresa multinacional de arquitectura por 8 a\u00f1os. Por otra parte, ha sido invitado en centros extranjeros y nacionales para realizar Ponencias, Conferencias y Cursos. Director de numerosas tesis, trabajos fin de m\u00e1ster y grado.<\/p>\n<p style=\"text-align: justify\">Sus l\u00edneas de investigaci\u00f3n se centran en modelizaci\u00f3n e indicadores socio-econ\u00f3micos para espacios nacionales, regionales y locales y modelos de empresa para la gesti\u00f3n de activos intangibles.<\/p>\n<p style=\"text-align: justify\">Entre sus <a href=\"https:\/\/blog.uclm.es\/victorlopez\/publications\/\">obras<\/a> cuenta con 30 libros y m\u00e1s de ciento cincuenta trabajos publicados en revistas de prestigio o presentados a congresos nacionales e internacionales en econom\u00eda, y un complet\u00edsimo repertorio de art\u00edculos socio-pol\u00edticos publicados en distintos medios de comunicaci\u00f3n, m\u00e1s de doscientos en este caso.<\/p>\n<p style=\"text-align: justify\">Ha sido premiado por sus trabajos en cinco ocasiones por el Centro de Estudios Financieros (1998, 2001, 2008) y el Gobierno Regional (JCCM en 2004 y 2005). Cuenta con un Diploma de Honor por su labor como economista a nivel internacional (2012).\u00a0<\/p>\n<p style=\"text-align: justify\">Ha realizado, dirigido y participa en diversos proyectos de investigaci\u00f3n de car\u00e1cter internacional, nacional y regional.<\/p>\n<p style=\"text-align: justify\">Ha realizado estancias de investigaci\u00f3n y docentes en: Nottingham Trent University (UK), Valahia University, Ministerio de Trabajo y National School of Political Studies and Public Administration (Rumania).<\/p>\n<p style=\"text-align: justify\">Divulgador, escribe varios Blogs, uno de ellos de sociopol\u00edtica, \u00abel secreto del hormiguero\u00bb, con m\u00e1s de 200 entradas y difusi\u00f3n en distintos medios como The Conversation. Canal de YouTube con gran seguimiento, por ejemplo, en su an\u00e1lisis del Covid19 con modelos matem\u00e1ticos. Director Acad\u00e9mico del Congreso Nacional Cervantino \u00abQuerote\u00bb. II Premio Wendy Hall. Acc\u00e9sit a mejor Web UCLM 2019.<\/p>\n<p style=\"text-align: justify\"><b>L\u00edneas de Investigaci\u00f3n:<\/b><\/p>\n<p style=\"text-align: justify\">Indicadores Internacionales sobre Competitividad, Desarrollo, Crecimiento, Sostenibilidad y Capital Intelectual. \u00cdndices y modelizaci\u00f3n de Felicidad y Calidad de Vida.<\/p>\n<p style=\"text-align: justify\">Modelos Macro-Econom\u00e9tricos: nacionales, regionales, locales\u00a0y espec\u00edficos sobre financiaci\u00f3n auton\u00f3mica. an\u00e1lisis, medici\u00f3n, control y previsi\u00f3n.<\/p>\n<p style=\"text-align: justify\">Econom\u00eda Regional: an\u00e1lisis, estad\u00edsticas, m\u00e9todos y aplicaci\u00f3n de modelos, estructurales y de coyuntura en diversos espacios sub-nacionales. Estudios urbano-rurales. Indicadores de competitividad.<\/p>\n<p style=\"text-align: justify\">Modelos de Empresa: aplicaciones sobre auditor\u00eda, contabilidad<img loading=\"lazy\" decoding=\"async\" class=\"wp-image-86 alignright\" src=\"https:\/\/blog.uclm.es\/victorlopez\/wp-content\/uploads\/sites\/16\/2015\/11\/image063-210x300.jpg\" alt=\"Gestione...\" width=\"152\" height=\"217\" srcset=\"https:\/\/blog.uclm.es\/victorlopez\/wp-content\/uploads\/sites\/16\/2015\/11\/image063-210x300.jpg 210w, https:\/\/blog.uclm.es\/victorlopez\/wp-content\/uploads\/sites\/16\/2015\/11\/image063.jpg 311w\" sizes=\"auto, (max-width: 152px) 100vw, 152px\" \/> externa e interna y estructura empresarial mediante modelos econom\u00e9tricos.<\/p>\n<p style=\"text-align: justify\">Capital Intelectual: valoraci\u00f3n y medici\u00f3n. Modelos, desarrollos,\u00a0informes y aplicaciones. Gesti\u00f3n de intangibles.<\/p>\n<p style=\"text-align: justify\">Recursos Humanos: sistemas de gesti\u00f3n para competencias,\u00a0formaci\u00f3n, remuneraci\u00f3n, clima social. Tratamiento de datos y construcci\u00f3n de encuestas de clima e intangibles.<\/p>\n<p style=\"text-align: justify\">An\u00e1lisis del Tejido Empresarial (perspectiva de gesti\u00f3n de intangibles y viabilidad): Planes estrat\u00e9gicos sectoriales.<\/p>\n<p><a href=\"https:\/\/www.linkedin.com\/public-profile\/settings?trk=d_flagship3_profile_self_view_public_profile\" target=\"_blank\" rel=\"noopener noreferrer\"><img loading=\"lazy\" decoding=\"async\" class=\"wp-image-81 alignnone\" src=\"https:\/\/blog.uclm.es\/victorlopez\/wp-content\/uploads\/sites\/16\/2015\/11\/linkedin.png\" alt=\"linkedin\" width=\"58\" height=\"58\" srcset=\"https:\/\/blog.uclm.es\/victorlopez\/wp-content\/uploads\/sites\/16\/2015\/11\/linkedin.png 256w, https:\/\/blog.uclm.es\/victorlopez\/wp-content\/uploads\/sites\/16\/2015\/11\/linkedin-150x150.png 150w\" sizes=\"auto, (max-width: 58px) 100vw, 58px\" \/><\/a> \u00a0 <a href=\"http:\/\/www.researchgate.net\/profile\/Victor_Lopez14\" target=\"_blank\" rel=\"noopener noreferrer\"><img loading=\"lazy\" decoding=\"async\" class=\"alignnone wp-image-128\" src=\"https:\/\/blog.uclm.es\/victorlopez\/wp-content\/uploads\/sites\/16\/2015\/11\/RG.png\" alt=\"RG\" width=\"53\" height=\"53\" \/><\/a>\u00a0 \u00a0 <a href=\"http:\/\/orcid.org\/0000-0002-2850-1662\" target=\"_blank\" rel=\"attachment wp-att-172 noopener noreferrer\"><img loading=\"lazy\" decoding=\"async\" class=\"alignnone wp-image-172\" src=\"https:\/\/blog.uclm.es\/victorlopez\/wp-content\/uploads\/sites\/16\/2015\/11\/orcid.jpg\" alt=\"orcid\" width=\"61\" height=\"61\" \/><\/a>\u00a0 \u00a0 <a href=\"https:\/\/scholar.google.es\/citations?hl=es&amp;user=2foNXRQAAAAJ&amp;view_op=list_works\"><img loading=\"lazy\" decoding=\"async\" class=\"alignnone  wp-image-745\" src=\"https:\/\/blog.uclm.es\/victorlopez\/wp-content\/uploads\/sites\/16\/2019\/03\/gscholar.png\" alt=\"\" width=\"49\" height=\"49\" srcset=\"https:\/\/blog.uclm.es\/victorlopez\/wp-content\/uploads\/sites\/16\/2019\/03\/gscholar.png 300w, https:\/\/blog.uclm.es\/victorlopez\/wp-content\/uploads\/sites\/16\/2019\/03\/gscholar-150x150.png 150w\" sizes=\"auto, (max-width: 49px) 100vw, 49px\" \/><\/a>\u00a0<\/p>\n\n\n<p class=\"has-green-color has-text-color\" style=\"font-size:30px\"><\/p>\n\n\n\n<figure class=\"wp-block-image size-large\"><a href=\"https:\/\/blog.uclm.es\/victorlopez\/wp-content\/uploads\/sites\/16\/2025\/07\/Diapositiva1.jpg\"><img loading=\"lazy\" decoding=\"async\" width=\"1024\" height=\"576\" src=\"https:\/\/blog.uclm.es\/victorlopez\/wp-content\/uploads\/sites\/16\/2025\/07\/Diapositiva1-1024x576.jpg\" alt=\"\" class=\"wp-image-3520\" srcset=\"https:\/\/blog.uclm.es\/victorlopez\/wp-content\/uploads\/sites\/16\/2025\/07\/Diapositiva1-1024x576.jpg 1024w, https:\/\/blog.uclm.es\/victorlopez\/wp-content\/uploads\/sites\/16\/2025\/07\/Diapositiva1-300x169.jpg 300w, https:\/\/blog.uclm.es\/victorlopez\/wp-content\/uploads\/sites\/16\/2025\/07\/Diapositiva1-768x432.jpg 768w, https:\/\/blog.uclm.es\/victorlopez\/wp-content\/uploads\/sites\/16\/2025\/07\/Diapositiva1.jpg 1280w\" sizes=\"auto, (max-width: 1024px) 100vw, 1024px\" \/><\/a><\/figure>\n\n\n\n<p><\/p>\n","protected":false},"excerpt":{"rendered":"<p>\u00a0 V\u00edctor Ra\u00fal L\u00f3pez Ruiz (Madrid, 1970) es Catedr\u00e1tico de Universidad. Co-Director del Grupo Internacional: Intellectual Capital Research Group (ICRG). Experto en Metodolog\u00eda de Valoraci\u00f3n Internacional (UE-Romania-Estrategia de I+D+i): UE 2014-2020. Evaluador Internacional (universidades) para ARACIS (Rumania). Coordinador del Observatorio en Intangibles y Calidad de Vida ha medido y modelado la felicidad\u00a0 social. Miembro de &hellip; <a href=\"https:\/\/blog.uclm.es\/victorlopez\/curriculum\/\" class=\"more-link\">Seguir leyendo <span class=\"screen-reader-text\">Curriculum vitae<\/span> <span class=\"meta-nav\">&rarr;<\/span><\/a><\/p>\n","protected":false},"author":79,"featured_media":0,"parent":0,"menu_order":0,"comment_status":"closed","ping_status":"closed","template":"","meta":{"footnotes":""},"class_list":["post-31","page","type-page","status-publish","hentry"],"_links":{"self":[{"href":"https:\/\/blog.uclm.es\/victorlopez\/wp-json\/wp\/v2\/pages\/31","targetHints":{"allow":["GET"]}}],"collection":[{"href":"https:\/\/blog.uclm.es\/victorlopez\/wp-json\/wp\/v2\/pages"}],"about":[{"href":"https:\/\/blog.uclm.es\/victorlopez\/wp-json\/wp\/v2\/types\/page"}],"author":[{"embeddable":true,"href":"https:\/\/blog.uclm.es\/victorlopez\/wp-json\/wp\/v2\/users\/79"}],"replies":[{"embeddable":true,"href":"https:\/\/blog.uclm.es\/victorlopez\/wp-json\/wp\/v2\/comments?post=31"}],"version-history":[{"count":47,"href":"https:\/\/blog.uclm.es\/victorlopez\/wp-json\/wp\/v2\/pages\/31\/revisions"}],"predecessor-version":[{"id":3703,"href":"https:\/\/blog.uclm.es\/victorlopez\/wp-json\/wp\/v2\/pages\/31\/revisions\/3703"}],"wp:attachment":[{"href":"https:\/\/blog.uclm.es\/victorlopez\/wp-json\/wp\/v2\/media?parent=31"}],"curies":[{"name":"wp","href":"https:\/\/api.w.org\/{rel}","templated":true}]}}