{"id":2728,"date":"2023-03-06T20:57:02","date_gmt":"2023-03-06T18:57:02","guid":{"rendered":"https:\/\/blog.uclm.es\/victorlopez\/?page_id=2728"},"modified":"2024-06-23T14:02:02","modified_gmt":"2024-06-23T12:02:02","slug":"acknowledgments-reconocimientos","status":"publish","type":"page","link":"https:\/\/blog.uclm.es\/victorlopez\/acknowledgments-reconocimientos\/","title":{"rendered":"Acknowledgments \/ Reconocimientos"},"content":{"rendered":"\n<p><strong>Premios<\/strong><\/p>\n\n\n\n<p><strong>Vinculados a Tesis doctoral<\/strong><\/p>\n\n\n\n<p>Premio: \u201cCastilla-La Mancha, Regi\u00f3n de Europa\u201d. Consejer\u00eda de Econom\u00eda y Hacienda, Junta de Comunidades de Castilla-La Mancha.<br><strong>Modalidad: B: Mejor art\u00edculo doctrinal o memoria de investigaci\u00f3n para la realizaci\u00f3n de tesis doctorales.<\/strong><br>Edici\u00f3n: II. A\u00f1o: 2004. Categor\u00eda: Primer premio. Cuant\u00eda: 1.500 Euros.<br>Trabajo: <strong><em>Propuesta de un modelo de estimaci\u00f3n de renta regional en el marco de la UE (zonas objetivo 1) a partir de los indicadores municipales.<\/em><\/strong><br>Realizado con: Dr. D. Jos\u00e9 Ba\u00f1os Torres y Dr. D. Domingo Nevado Pe\u00f1a.<\/p>\n\n\n\n<p>Premio: \u201cCastilla-La Mancha, Regi\u00f3n de Europa\u201d. Consejer\u00eda de Econom\u00eda y Hacienda, Junta de Comunidades de Castilla-La Mancha.<br><strong>Modalidad: B: Mejor art\u00edculo doctrinal o memoria de investigaci\u00f3n para la realizaci\u00f3n de tesis doctorales<\/strong>.<br>Edici\u00f3n: III. A\u00f1o: 2005. Categor\u00eda: Primer premio. Cuant\u00eda: 1.500 Euros.<br><strong><em>Trabajo: Econom\u00eda del Conocimiento: el capital intelectual en las empresas de Castilla La Mancha. El reto europeo para el crecimiento regional.<\/em><\/strong><br>Realizado con: Dr. D. Domingo Nevado Pe\u00f1a y Dr. D. Jos\u00e9 Ba\u00f1os Torres.<\/p>\n\n\n\n<p><strong>Vinculados a l\u00ednea de investigaci\u00f3n en Capital Intelectual<\/strong><\/p>\n\n\n\n<p><strong>Premio Estudios Financieros<\/strong><br>Modalidad: Contabilidad y Administraci\u00f3n de Empresas.<br>Edici\u00f3n: VIII. A\u00f1o: 1998. Categor\u00eda: Acc\u00e9sit.<br>Cuant\u00eda: 60.000 pts.<br>Trabajo: <strong>Una Herramienta Complementaria para la Auditor\u00eda de Cuentas: los Modelos Econom\u00e9tricos. Una aplicaci\u00f3n Emp\u00edrica en Empresas de \u00c1mbito Nacional.<\/strong> <\/p>\n\n\n\n<p>Realizado con Dr. D. Domingo Nevado Pe\u00f1a.<\/p>\n\n\n\n<p><\/p>\n\n\n\n<p><strong>Premio Estudios Financieros<\/strong><br>Modalidad: Contabilidad y Administraci\u00f3n de Empresas.<br>Edici\u00f3n: XI. A\u00f1o: 2001. Categor\u00eda: Acc\u00e9sit.<br>Cuant\u00eda: 350 Euros.<br>Trabajo: <strong><em>Un Modelo e Informe Contable para la Medici\u00f3n del Capital Intelectual: Desarrollo y Aplicaciones.<\/em><\/strong><br>Realizado con Dr. D. Domingo Nevado Pe\u00f1a.<\/p>\n\n\n\n<p><strong>Estudios Financieros<\/strong><br>Modalidad: Recursos Humanos.<br>Edici\u00f3n: XIV. A\u00f1o: 2008. Categor\u00eda: Acc\u00e9sit.<br>Cuant\u00eda: 600 euros.<br>Trabajo: <strong><em>\u201cMedici\u00f3n y Gesti\u00f3n de Intangibles como soporte de la estrategia en Recursos Humanos\u201d.<\/em><\/strong><br>Realizado con Dr. D. Domingo Nevado Pe\u00f1a.<\/p>\n\n\n\n<p><strong>Vinculados a Formaci\u00f3n<\/strong><\/p>\n\n\n\n<p><strong>Fin de Carrera 2005-2006 del Consejo Social de la Universidad Nacional de Educaci\u00f3n a Distancia.<\/strong><br>Modalidad: <strong>Ciencias Pol\u00edticas.<\/strong> Edici\u00f3n: 2005-2006.<br>Categor\u00eda: Primer premio. <strong>Mejor Expediente Acad\u00e9mico.<\/strong><\/p>\n\n\n\n<p><strong>Nombramientos y otros Premios<\/strong><\/p>\n\n\n\n<p><strong>Diploma: de Honor<\/strong>. Reconocimiento: <strong><em>Promoci\u00f3n de la profesi\u00f3n de economista a nivel internacional.<\/em><\/strong><br>Organizaci\u00f3n: GENERAL ASSOCIATION OF ECONOMISTS FROM ROMANIA (AGER).<br>Lugar: Tergoviste, Romania. Fecha: 2012<\/p>\n\n\n\n<p><strong>UCLM, PREMIO WENDY HALL<\/strong><br>Modalidad: <strong>Mejor Web Personal de la UCLM.<\/strong><br>Edici\u00f3n: II. A\u00f1o: 2019.<br>Categor\u00eda: Acc\u00e9sit.<\/p>\n\n\n\n<p><strong>Cofrad\u00eda Internacional de Investigadores de Toledo. <\/strong>Desde el 14 de Febrero de 2021, <\/p>\n\n\n\n<p><strong><em>Cofrade Numerario 791.<\/em><\/strong><\/p>\n\n\n\n<p><strong>Miembro Honor\u00edfico <\/strong>(extranjero) en la secci\u00f3n de Econom\u00eda, Derecho y Sociolog\u00eda por la contribuci\u00f3n a la ciencia especialmente en: indicadores sociales, intangibles, gesti\u00f3n del conocimiento y medici\u00f3n de calidad de vida. Instituci\u00f3n: <strong>Academy of Romanian Scientists <\/strong><\/p>\n\n\n\n<figure class=\"wp-block-image size-large\"><img loading=\"lazy\" decoding=\"async\" width=\"1024\" height=\"763\" src=\"https:\/\/blog.uclm.es\/victorlopez\/wp-content\/uploads\/sites\/16\/2024\/06\/academy-1-1024x763.jpg\" alt=\"\" class=\"wp-image-3223\" srcset=\"https:\/\/blog.uclm.es\/victorlopez\/wp-content\/uploads\/sites\/16\/2024\/06\/academy-1-1024x763.jpg 1024w, https:\/\/blog.uclm.es\/victorlopez\/wp-content\/uploads\/sites\/16\/2024\/06\/academy-1-300x223.jpg 300w, https:\/\/blog.uclm.es\/victorlopez\/wp-content\/uploads\/sites\/16\/2024\/06\/academy-1-768x572.jpg 768w, https:\/\/blog.uclm.es\/victorlopez\/wp-content\/uploads\/sites\/16\/2024\/06\/academy-1.jpg 1247w\" sizes=\"auto, (max-width: 1024px) 100vw, 1024px\" \/><\/figure>\n\n\n\n<p>At the General Assembly held on May 24, 2024, my <strong>appointment as Honorary Member (foreign) of the Academy of Romanian Scientists (AOSR) <\/strong>in the section of Economics, Law, and Sociology was overwhelmingly voted for (105 votes &#8211; 99%). This recognition is for my contribution to science, especially in social indicators, intangibles, knowledge management, and quality of life measurement. Additionally, I have been proposed as an associate editor of the section journal. I feel honored and grateful to a country that has welcomed and valued my research career over the past two decades and that encourages me to continue working in this field.<\/p>\n\n\n\n<p>Bucharest, Romania, May, 24, 2024<\/p>\n","protected":false},"excerpt":{"rendered":"<p>Premios Vinculados a Tesis doctoral Premio: \u201cCastilla-La Mancha, Regi\u00f3n de Europa\u201d. Consejer\u00eda de Econom\u00eda y Hacienda, Junta de Comunidades de Castilla-La Mancha.Modalidad: B: Mejor art\u00edculo doctrinal o memoria de investigaci\u00f3n para la realizaci\u00f3n de tesis doctorales.Edici\u00f3n: II. A\u00f1o: 2004. Categor\u00eda: Primer premio. Cuant\u00eda: 1.500 Euros.Trabajo: Propuesta de un modelo de estimaci\u00f3n de renta regional en &hellip; <a href=\"https:\/\/blog.uclm.es\/victorlopez\/acknowledgments-reconocimientos\/\" class=\"more-link\">Seguir leyendo <span class=\"screen-reader-text\">Acknowledgments \/ Reconocimientos<\/span> <span class=\"meta-nav\">&rarr;<\/span><\/a><\/p>\n","protected":false},"author":79,"featured_media":0,"parent":0,"menu_order":0,"comment_status":"closed","ping_status":"closed","template":"","meta":{"footnotes":""},"class_list":["post-2728","page","type-page","status-publish","hentry"],"_links":{"self":[{"href":"https:\/\/blog.uclm.es\/victorlopez\/wp-json\/wp\/v2\/pages\/2728","targetHints":{"allow":["GET"]}}],"collection":[{"href":"https:\/\/blog.uclm.es\/victorlopez\/wp-json\/wp\/v2\/pages"}],"about":[{"href":"https:\/\/blog.uclm.es\/victorlopez\/wp-json\/wp\/v2\/types\/page"}],"author":[{"embeddable":true,"href":"https:\/\/blog.uclm.es\/victorlopez\/wp-json\/wp\/v2\/users\/79"}],"replies":[{"embeddable":true,"href":"https:\/\/blog.uclm.es\/victorlopez\/wp-json\/wp\/v2\/comments?post=2728"}],"version-history":[{"count":3,"href":"https:\/\/blog.uclm.es\/victorlopez\/wp-json\/wp\/v2\/pages\/2728\/revisions"}],"predecessor-version":[{"id":3224,"href":"https:\/\/blog.uclm.es\/victorlopez\/wp-json\/wp\/v2\/pages\/2728\/revisions\/3224"}],"wp:attachment":[{"href":"https:\/\/blog.uclm.es\/victorlopez\/wp-json\/wp\/v2\/media?parent=2728"}],"curies":[{"name":"wp","href":"https:\/\/api.w.org\/{rel}","templated":true}]}}