{"id":19,"date":"2016-11-30T19:54:36","date_gmt":"2016-11-30T18:54:36","guid":{"rendered":"http:\/\/blog.uclm.es\/victoriaguadamillas\/?page_id=19"},"modified":"2022-10-20T16:33:04","modified_gmt":"2022-10-20T16:33:04","slug":"victoria-guadamillas-gomez-3","status":"publish","type":"page","link":"https:\/\/blog.uclm.es\/victoriaguadamillas\/","title":{"rendered":"Victoria Guadamillas G\u00f3mez"},"content":{"rendered":"<pre><strong>Victoria Guadamillas G\u00f3mez<\/strong> es doctora en Filolog\u00eda Inglesa por la Universidad de Castilla-La Mancha. Actualmente trabaja en el Departamento de Filolog\u00eda Moderna de esta universidad e imparte asignaturas como Fon\u00e9tica Inglesa y Lengua Extranjera y su Did\u00e1ctica en la Facultad de Educaci\u00f3n de Toledo. Es coordinadora de los cursos de lengua inglesa organizados por el Centro de Lenguas de la UCLM en el Campus de Toledo y ha impartido docencia en ense\u00f1anza secundaria y escuela de idiomas entre 2008-2014. Su investigaci\u00f3n se centra en la ense\u00f1anza y aprendizaje de lengua extranjera, an\u00e1lisis de materiales did\u00e1cticos y literatura infantil y su did\u00e1ctica.<\/pre>\n\n\n<p><a href=\"mailto:Victoria.Guadamillas@uclm.es\" target=\"_blank\" rel=\"noreferrer noopener\">Victoria.Guadamillas@uclm.es<\/a><\/p>\n\n\n\n<p><\/p>\n","protected":false},"excerpt":{"rendered":"<p>Victoria Guadamillas G\u00f3mez es doctora en Filolog\u00eda Inglesa por la Universidad de Castilla-La Mancha. Actualmente trabaja en el Departamento de Filolog\u00eda Moderna de esta universidad e imparte asignaturas como Fon\u00e9tica Inglesa y Lengua Extranjera y su Did\u00e1ctica en la Facultad de Educaci\u00f3n de Toledo. Es coordinadora de los cursos de lengua inglesa organizados por el &hellip; <a href=\"https:\/\/blog.uclm.es\/victoriaguadamillas\/\" class=\"more-link\">Continuar leyendo<span class=\"screen-reader-text\"> \u00abVictoria Guadamillas G\u00f3mez\u00bb<\/span><\/a><\/p>\n","protected":false},"author":206,"featured_media":0,"parent":0,"menu_order":0,"comment_status":"closed","ping_status":"closed","template":"","meta":{"footnotes":""},"class_list":["post-19","page","type-page","status-publish","hentry"],"_links":{"self":[{"href":"https:\/\/blog.uclm.es\/victoriaguadamillas\/wp-json\/wp\/v2\/pages\/19","targetHints":{"allow":["GET"]}}],"collection":[{"href":"https:\/\/blog.uclm.es\/victoriaguadamillas\/wp-json\/wp\/v2\/pages"}],"about":[{"href":"https:\/\/blog.uclm.es\/victoriaguadamillas\/wp-json\/wp\/v2\/types\/page"}],"author":[{"embeddable":true,"href":"https:\/\/blog.uclm.es\/victoriaguadamillas\/wp-json\/wp\/v2\/users\/206"}],"replies":[{"embeddable":true,"href":"https:\/\/blog.uclm.es\/victoriaguadamillas\/wp-json\/wp\/v2\/comments?post=19"}],"version-history":[{"count":3,"href":"https:\/\/blog.uclm.es\/victoriaguadamillas\/wp-json\/wp\/v2\/pages\/19\/revisions"}],"predecessor-version":[{"id":86,"href":"https:\/\/blog.uclm.es\/victoriaguadamillas\/wp-json\/wp\/v2\/pages\/19\/revisions\/86"}],"wp:attachment":[{"href":"https:\/\/blog.uclm.es\/victoriaguadamillas\/wp-json\/wp\/v2\/media?parent=19"}],"curies":[{"name":"wp","href":"https:\/\/api.w.org\/{rel}","templated":true}]}}