{"id":13,"date":"2026-03-06T08:49:06","date_gmt":"2026-03-06T07:49:06","guid":{"rendered":"https:\/\/blog.uclm.es\/universidaps\/?page_id=13"},"modified":"2026-03-17T10:59:02","modified_gmt":"2026-03-17T09:59:02","slug":"ediciones-anteriores","status":"publish","type":"page","link":"https:\/\/blog.uclm.es\/universidaps\/ediciones-anteriores\/","title":{"rendered":"Ediciones Anteriores"},"content":{"rendered":"\n<h2 class=\"wp-block-heading\"><strong>Ediciones anteriores<\/strong><\/h2>\n\n\n\n<ul class=\"wp-block-list\">\n<li><strong>Simbiosis universidad\u2013centros educativos mediante Aprendizaje\u2011Servicio (FCT\u201122\u201117979)<\/strong>.<br>Este proyecto supuso un punto de encuentro entre la universidad y los centros educativos, impulsando experiencias reales de Aprendizaje\u2011Servicio (ApS) que conectan la investigaci\u00f3n con las necesidades del entorno.<br>A trav\u00e9s de la colaboraci\u00f3n entre profesorado, estudiantado y comunidad, se desarrollaron actividades cient\u00edficas, tecnol\u00f3gicas y sociales con impacto directo en el alumnado participante.<br><br>Puedes conocer todos los detalles, materiales y resultados de esta edici\u00f3n aqu\u00ed:<a href=\"https:\/\/picamates.es\/proyecto-universid-aps-fecyt\">  https:\/\/picamates.es\/proyecto-universid-aps-fecyt<\/a><\/li>\n<\/ul>\n\n\n\n<figure class=\"wp-block-gallery has-nested-images columns-default is-cropped wp-block-gallery-1 is-layout-flex wp-block-gallery-is-layout-flex\">\n<figure class=\"wp-block-image size-large\"><img loading=\"lazy\" decoding=\"async\" width=\"800\" height=\"600\" data-id=\"137\" src=\"https:\/\/blog.uclm.es\/universidaps\/wp-content\/uploads\/sites\/343\/2026\/03\/e192c2a5-1275-46c7-8763-a2af385afc85.jpg\" alt=\"\" class=\"wp-image-137\" srcset=\"https:\/\/blog.uclm.es\/universidaps\/wp-content\/uploads\/sites\/343\/2026\/03\/e192c2a5-1275-46c7-8763-a2af385afc85.jpg 800w, https:\/\/blog.uclm.es\/universidaps\/wp-content\/uploads\/sites\/343\/2026\/03\/e192c2a5-1275-46c7-8763-a2af385afc85-300x225.jpg 300w, https:\/\/blog.uclm.es\/universidaps\/wp-content\/uploads\/sites\/343\/2026\/03\/e192c2a5-1275-46c7-8763-a2af385afc85-768x576.jpg 768w\" sizes=\"auto, (max-width: 800px) 100vw, 800px\" \/><\/figure>\n\n\n\n<figure class=\"wp-block-image size-large\"><img loading=\"lazy\" decoding=\"async\" width=\"922\" height=\"1024\" data-id=\"133\" src=\"https:\/\/blog.uclm.es\/universidaps\/wp-content\/uploads\/sites\/343\/2026\/03\/IMG_2997-1-e1773741335868-922x1024.jpg\" alt=\"\" class=\"wp-image-133\" srcset=\"https:\/\/blog.uclm.es\/universidaps\/wp-content\/uploads\/sites\/343\/2026\/03\/IMG_2997-1-e1773741335868-922x1024.jpg 922w, https:\/\/blog.uclm.es\/universidaps\/wp-content\/uploads\/sites\/343\/2026\/03\/IMG_2997-1-e1773741335868-270x300.jpg 270w, https:\/\/blog.uclm.es\/universidaps\/wp-content\/uploads\/sites\/343\/2026\/03\/IMG_2997-1-e1773741335868-768x853.jpg 768w, https:\/\/blog.uclm.es\/universidaps\/wp-content\/uploads\/sites\/343\/2026\/03\/IMG_2997-1-e1773741335868-1383x1536.jpg 1383w, https:\/\/blog.uclm.es\/universidaps\/wp-content\/uploads\/sites\/343\/2026\/03\/IMG_2997-1-e1773741335868-1845x2048.jpg 1845w, https:\/\/blog.uclm.es\/universidaps\/wp-content\/uploads\/sites\/343\/2026\/03\/IMG_2997-1-e1773741335868.jpg 1958w\" sizes=\"auto, (max-width: 922px) 100vw, 922px\" \/><\/figure>\n\n\n\n<figure class=\"wp-block-image size-large\"><img loading=\"lazy\" decoding=\"async\" width=\"1024\" height=\"730\" data-id=\"138\" src=\"https:\/\/blog.uclm.es\/universidaps\/wp-content\/uploads\/sites\/343\/2026\/03\/IMG_3053-1024x730.jpg\" alt=\"\" class=\"wp-image-138\" srcset=\"https:\/\/blog.uclm.es\/universidaps\/wp-content\/uploads\/sites\/343\/2026\/03\/IMG_3053-1024x730.jpg 1024w, https:\/\/blog.uclm.es\/universidaps\/wp-content\/uploads\/sites\/343\/2026\/03\/IMG_3053-300x214.jpg 300w, https:\/\/blog.uclm.es\/universidaps\/wp-content\/uploads\/sites\/343\/2026\/03\/IMG_3053-768x547.jpg 768w, https:\/\/blog.uclm.es\/universidaps\/wp-content\/uploads\/sites\/343\/2026\/03\/IMG_3053-1536x1095.jpg 1536w, https:\/\/blog.uclm.es\/universidaps\/wp-content\/uploads\/sites\/343\/2026\/03\/IMG_3053.jpg 1924w\" sizes=\"auto, (max-width: 1024px) 100vw, 1024px\" \/><\/figure>\n\n\n\n<figure class=\"wp-block-image size-large\"><img loading=\"lazy\" decoding=\"async\" width=\"1024\" height=\"768\" data-id=\"140\" src=\"https:\/\/blog.uclm.es\/universidaps\/wp-content\/uploads\/sites\/343\/2026\/03\/IMG_4903-1024x768.jpg\" alt=\"\" class=\"wp-image-140\" srcset=\"https:\/\/blog.uclm.es\/universidaps\/wp-content\/uploads\/sites\/343\/2026\/03\/IMG_4903-1024x768.jpg 1024w, https:\/\/blog.uclm.es\/universidaps\/wp-content\/uploads\/sites\/343\/2026\/03\/IMG_4903-300x225.jpg 300w, https:\/\/blog.uclm.es\/universidaps\/wp-content\/uploads\/sites\/343\/2026\/03\/IMG_4903-768x576.jpg 768w, https:\/\/blog.uclm.es\/universidaps\/wp-content\/uploads\/sites\/343\/2026\/03\/IMG_4903-1536x1152.jpg 1536w, https:\/\/blog.uclm.es\/universidaps\/wp-content\/uploads\/sites\/343\/2026\/03\/IMG_4903.jpg 2016w\" sizes=\"auto, (max-width: 1024px) 100vw, 1024px\" \/><\/figure>\n\n\n\n<figure class=\"wp-block-image size-large\"><img loading=\"lazy\" decoding=\"async\" width=\"1024\" height=\"768\" data-id=\"139\" src=\"https:\/\/blog.uclm.es\/universidaps\/wp-content\/uploads\/sites\/343\/2026\/03\/IMG_3067-1024x768.jpg\" alt=\"\" class=\"wp-image-139\" srcset=\"https:\/\/blog.uclm.es\/universidaps\/wp-content\/uploads\/sites\/343\/2026\/03\/IMG_3067-1024x768.jpg 1024w, https:\/\/blog.uclm.es\/universidaps\/wp-content\/uploads\/sites\/343\/2026\/03\/IMG_3067-300x225.jpg 300w, https:\/\/blog.uclm.es\/universidaps\/wp-content\/uploads\/sites\/343\/2026\/03\/IMG_3067-768x576.jpg 768w, https:\/\/blog.uclm.es\/universidaps\/wp-content\/uploads\/sites\/343\/2026\/03\/IMG_3067.jpg 1050w\" sizes=\"auto, (max-width: 1024px) 100vw, 1024px\" \/><\/figure>\n<\/figure>\n\n\n\n<p><\/p>\n","protected":false},"excerpt":{"rendered":"<p>Ediciones anteriores<\/p>\n","protected":false},"author":562,"featured_media":0,"parent":0,"menu_order":0,"comment_status":"closed","ping_status":"closed","template":"","meta":{"footnotes":""},"class_list":["post-13","page","type-page","status-publish","hentry"],"_links":{"self":[{"href":"https:\/\/blog.uclm.es\/universidaps\/wp-json\/wp\/v2\/pages\/13","targetHints":{"allow":["GET"]}}],"collection":[{"href":"https:\/\/blog.uclm.es\/universidaps\/wp-json\/wp\/v2\/pages"}],"about":[{"href":"https:\/\/blog.uclm.es\/universidaps\/wp-json\/wp\/v2\/types\/page"}],"author":[{"embeddable":true,"href":"https:\/\/blog.uclm.es\/universidaps\/wp-json\/wp\/v2\/users\/562"}],"replies":[{"embeddable":true,"href":"https:\/\/blog.uclm.es\/universidaps\/wp-json\/wp\/v2\/comments?post=13"}],"version-history":[{"count":3,"href":"https:\/\/blog.uclm.es\/universidaps\/wp-json\/wp\/v2\/pages\/13\/revisions"}],"predecessor-version":[{"id":141,"href":"https:\/\/blog.uclm.es\/universidaps\/wp-json\/wp\/v2\/pages\/13\/revisions\/141"}],"wp:attachment":[{"href":"https:\/\/blog.uclm.es\/universidaps\/wp-json\/wp\/v2\/media?parent=13"}],"curies":[{"name":"wp","href":"https:\/\/api.w.org\/{rel}","templated":true}]}}