{"id":11,"date":"2026-03-06T08:48:46","date_gmt":"2026-03-06T07:48:46","guid":{"rendered":"https:\/\/blog.uclm.es\/universidaps\/?page_id=11"},"modified":"2026-03-12T08:54:07","modified_gmt":"2026-03-12T07:54:07","slug":"materiales","status":"publish","type":"page","link":"https:\/\/blog.uclm.es\/universidaps\/materiales\/","title":{"rendered":"Materiales"},"content":{"rendered":"\n<h2 class=\"wp-block-heading\"><strong>Materiales<\/strong><\/h2>\n\n\n\n<p>Ponemos a disposici\u00f3n de la comunidad educativa y cient\u00edfica los materiales desarrollados en el marco del proyecto. Todos ellos han sido dise\u00f1ados para fomentar vocaciones STEAM, promover la igualdad y facilitar experiencias did\u00e1cticas innovadoras.<\/p>\n\n\n\n<div class=\"wp-block-media-text has-media-on-the-right is-stacked-on-mobile\" style=\"grid-template-columns:auto 25%\"><div class=\"wp-block-media-text__content\">\n<p><strong>\ud83d\udcc2 Materiales FemSTEAM<\/strong><br>Recursos para trabajar la ciencia y la tecnolog\u00eda desde una perspectiva inclusiva y con enfoque de g\u00e9nero.<br><a href=\"https:\/\/blog.uclm.es\/femsteam\/materiales\/\"> https:\/\/blog.uclm.es\/femsteam\/materiales\/<\/a><\/p>\n<\/div><figure class=\"wp-block-media-text__media\"><img loading=\"lazy\" decoding=\"async\" width=\"746\" height=\"1024\" src=\"https:\/\/blog.uclm.es\/universidaps\/wp-content\/uploads\/sites\/343\/2026\/03\/logo_femSTEAM-1-1-746x1024.png\" alt=\"\" class=\"wp-image-68 size-full\" srcset=\"https:\/\/blog.uclm.es\/universidaps\/wp-content\/uploads\/sites\/343\/2026\/03\/logo_femSTEAM-1-1-746x1024.png 746w, https:\/\/blog.uclm.es\/universidaps\/wp-content\/uploads\/sites\/343\/2026\/03\/logo_femSTEAM-1-1-218x300.png 218w, https:\/\/blog.uclm.es\/universidaps\/wp-content\/uploads\/sites\/343\/2026\/03\/logo_femSTEAM-1-1-768x1055.png 768w, https:\/\/blog.uclm.es\/universidaps\/wp-content\/uploads\/sites\/343\/2026\/03\/logo_femSTEAM-1-1.png 1013w\" sizes=\"auto, (max-width: 746px) 100vw, 746px\" \/><\/figure><\/div>\n\n\n\n<div class=\"wp-block-media-text has-media-on-the-right is-stacked-on-mobile\" style=\"grid-template-columns:auto 27%\"><div class=\"wp-block-media-text__content\">\n<p><strong>\ud83d\udcd8 RbySteps<\/strong><br>Gu\u00eda y materiales descargables para el dise\u00f1o de proyectos educativos basados en investigaci\u00f3n.<br><\/p>\n\n\n\n<p><a href=\"https:\/\/ruidera.uclm.es\/entities\/publication\/d7bee37e-e31f-4f0b-9946-a19e1db934cd\">https:\/\/ruidera.uclm.es\/entities\/publication\/d7bee37e-e31f-4f0b-9946-a19e1db934cd<\/a><\/p>\n<\/div><figure class=\"wp-block-media-text__media\"><img loading=\"lazy\" decoding=\"async\" width=\"507\" height=\"1024\" src=\"https:\/\/blog.uclm.es\/universidaps\/wp-content\/uploads\/sites\/343\/2026\/03\/RbySteps_infografia_page-0001-1-507x1024.jpg\" alt=\"\" class=\"wp-image-85 size-full\" srcset=\"https:\/\/blog.uclm.es\/universidaps\/wp-content\/uploads\/sites\/343\/2026\/03\/RbySteps_infografia_page-0001-1-507x1024.jpg 507w, https:\/\/blog.uclm.es\/universidaps\/wp-content\/uploads\/sites\/343\/2026\/03\/RbySteps_infografia_page-0001-1-148x300.jpg 148w, https:\/\/blog.uclm.es\/universidaps\/wp-content\/uploads\/sites\/343\/2026\/03\/RbySteps_infografia_page-0001-1-768x1553.jpg 768w, https:\/\/blog.uclm.es\/universidaps\/wp-content\/uploads\/sites\/343\/2026\/03\/RbySteps_infografia_page-0001-1-760x1536.jpg 760w, https:\/\/blog.uclm.es\/universidaps\/wp-content\/uploads\/sites\/343\/2026\/03\/RbySteps_infografia_page-0001-1-1013x2048.jpg 1013w, https:\/\/blog.uclm.es\/universidaps\/wp-content\/uploads\/sites\/343\/2026\/03\/RbySteps_infografia_page-0001-1.jpg 1250w\" sizes=\"auto, (max-width: 507px) 100vw, 507px\" \/><\/figure><\/div>\n\n\n\n<p>Continuamente a\u00f1adimos nuevos recursos y propuestas. \u00a1Vuelve pronto para descubrir m\u00e1s!<\/p>\n","protected":false},"excerpt":{"rendered":"<p>Materiales Ponemos a disposici\u00f3n de la comunidad educativa y cient\u00edfica los materiales desarrollados en el marco del proyecto. Todos ellos han sido dise\u00f1ados para fomentar vocaciones STEAM, promover la igualdad y facilitar experiencias did\u00e1cticas innovadoras. \ud83d\udcc2 Materiales FemSTEAMRecursos para trabajar la ciencia y la tecnolog\u00eda desde una perspectiva inclusiva y con enfoque de g\u00e9nero. https:\/\/blog.uclm.es\/femsteam\/materiales\/ [&hellip;]<\/p>\n","protected":false},"author":562,"featured_media":0,"parent":0,"menu_order":0,"comment_status":"closed","ping_status":"closed","template":"","meta":{"footnotes":""},"class_list":["post-11","page","type-page","status-publish","hentry"],"_links":{"self":[{"href":"https:\/\/blog.uclm.es\/universidaps\/wp-json\/wp\/v2\/pages\/11","targetHints":{"allow":["GET"]}}],"collection":[{"href":"https:\/\/blog.uclm.es\/universidaps\/wp-json\/wp\/v2\/pages"}],"about":[{"href":"https:\/\/blog.uclm.es\/universidaps\/wp-json\/wp\/v2\/types\/page"}],"author":[{"embeddable":true,"href":"https:\/\/blog.uclm.es\/universidaps\/wp-json\/wp\/v2\/users\/562"}],"replies":[{"embeddable":true,"href":"https:\/\/blog.uclm.es\/universidaps\/wp-json\/wp\/v2\/comments?post=11"}],"version-history":[{"count":6,"href":"https:\/\/blog.uclm.es\/universidaps\/wp-json\/wp\/v2\/pages\/11\/revisions"}],"predecessor-version":[{"id":90,"href":"https:\/\/blog.uclm.es\/universidaps\/wp-json\/wp\/v2\/pages\/11\/revisions\/90"}],"wp:attachment":[{"href":"https:\/\/blog.uclm.es\/universidaps\/wp-json\/wp\/v2\/media?parent=11"}],"curies":[{"name":"wp","href":"https:\/\/api.w.org\/{rel}","templated":true}]}}