{"id":251,"date":"2015-09-12T17:01:04","date_gmt":"2015-09-12T16:01:04","guid":{"rendered":"http:\/\/blog.uclm.es\/multilinguism\/?page_id=251"},"modified":"2015-09-12T17:01:04","modified_gmt":"2015-09-12T16:01:04","slug":"ana-maria-relano","status":"publish","type":"page","link":"https:\/\/blog.uclm.es\/uniling\/ana-maria-relano\/","title":{"rendered":"Ana Mar\u00eda Rela\u00f1o Pastor"},"content":{"rendered":"<div align=\"center\">\n<table width=\"100%\" border=\"0\">\n<tbody>\n<tr>\n<td width=\"33%\" valign=\"top\" align=\"center\"><b><a href=\"\/proyectofelice?page_id=234\" target=\"_self\" rel=\"noopener noreferrer\">Javier E. D\u00edaz Vera<\/a><\/b><\/td>\n<td width=\"44%\" valign=\"top\" align=\"center\"><b><a href=\"\/proyectofelice?page_id=239\" target=\"_self\" rel=\"noopener noreferrer\">M\u00aa Rosario Caballero Rodr\u00edguez<\/a><\/b><\/td>\n<td width=\"23%\" valign=\"top\" align=\"center\"><b>Ana M\u00aa Rela\u00f1o Pastor<\/b><\/td>\n<\/tr>\n<\/tbody>\n<\/table>\n<\/div>\n<h3>Ana Mar\u00eda Rela\u00f1o Pastor<\/h3>\n<p><img loading=\"lazy\" decoding=\"async\" class=\"alignnone size-medium wp-image-895\" src=\"https:\/\/blog.uclm.es\/uniling\/wp-content\/uploads\/sites\/214\/2015\/09\/ProfileApril16-300x291.jpg\" alt=\"\" width=\"200\" height=\"200\"><\/p>\n<p style=\"margin-top: 0;margin-bottom: 0\">Associate Professor<\/p>\n<p style=\"margin-top: 0;margin-bottom: 0\">Universidad de Castilla-La Mancha<\/p>\n<p style=\"margin-top: 0;margin-bottom: 0\"><a href=\"mailto:AnaMaria.Relano@uclm.es\">AnaMaria.Relano@uclm.es<\/a><\/p>\n<p style=\"margin-top: 0;margin-bottom: 0\"><small style=\"font-size: 11.05px\"><br \/>\n<strong>Teaching topics:<\/strong> Multilingual Education, Language and Identy, Social Inclusion<br \/>\n<strong>Research topics:<\/strong>Linguistic ethnography, Multilingualeducation, Language and identity, Narrative and emotions, Linguistic socialization.<\/small><\/p>\n","protected":false},"excerpt":{"rendered":"<p>Javier E. D\u00edaz Vera M\u00aa Rosario Caballero Rodr\u00edguez Ana M\u00aa Rela\u00f1o Pastor Ana Mar\u00eda Rela\u00f1o Pastor Associate Professor Universidad de Castilla-La Mancha AnaMaria.Relano@uclm.es Teaching topics: Multilingual Education, Language and Identy, Social Inclusion Research topics:Linguistic ethnography, Multilingualeducation, Language and identity, Narrative and emotions, Linguistic socialization.<\/p>\n","protected":false},"author":62,"featured_media":0,"parent":0,"menu_order":0,"comment_status":"closed","ping_status":"closed","template":"","meta":{"footnotes":""},"class_list":["post-251","page","type-page","status-publish","hentry"],"_links":{"self":[{"href":"https:\/\/blog.uclm.es\/uniling\/wp-json\/wp\/v2\/pages\/251","targetHints":{"allow":["GET"]}}],"collection":[{"href":"https:\/\/blog.uclm.es\/uniling\/wp-json\/wp\/v2\/pages"}],"about":[{"href":"https:\/\/blog.uclm.es\/uniling\/wp-json\/wp\/v2\/types\/page"}],"author":[{"embeddable":true,"href":"https:\/\/blog.uclm.es\/uniling\/wp-json\/wp\/v2\/users\/62"}],"replies":[{"embeddable":true,"href":"https:\/\/blog.uclm.es\/uniling\/wp-json\/wp\/v2\/comments?post=251"}],"version-history":[{"count":0,"href":"https:\/\/blog.uclm.es\/uniling\/wp-json\/wp\/v2\/pages\/251\/revisions"}],"wp:attachment":[{"href":"https:\/\/blog.uclm.es\/uniling\/wp-json\/wp\/v2\/media?parent=251"}],"curies":[{"name":"wp","href":"https:\/\/api.w.org\/{rel}","templated":true}]}}