{"id":234,"date":"2015-09-12T16:45:37","date_gmt":"2015-09-12T15:45:37","guid":{"rendered":"http:\/\/blog.uclm.es\/multilinguism\/?page_id=234"},"modified":"2015-09-12T16:45:37","modified_gmt":"2015-09-12T15:45:37","slug":"javier-e-diaz-vera","status":"publish","type":"page","link":"https:\/\/blog.uclm.es\/uniling\/faculty\/javier-e-diaz-vera\/","title":{"rendered":"Javier E. D\u00edaz Vera"},"content":{"rendered":"<div align=\"center\">\n<table width=\"100%\" border=\"0\">\n<tbody>\n<tr>\n<td width=\"33%\" valign=\"top\" align=\"center\"><b>Javier E. D\u00edaz Vera<\/b><\/td>\n<td width=\"44%\" valign=\"top\" align=\"center\"><b><a href=\"\/proyectofelice?page_id=239\" target=\"_self\" rel=\"noopener noreferrer\">M\u00aa Rosario Caballero Rodr\u00edguez<\/a><\/b><\/td>\n<td width=\"23%\" valign=\"top\" align=\"center\"><b><a href=\"\/proyectofelice?page_id=251\" target=\"_self\" rel=\"noopener noreferrer\">Ana M\u00aa Rela\u00f1o Pastor<\/a><\/b><\/td>\n<\/tr>\n<\/tbody>\n<\/table>\n<\/div>\n<h3>Javier E. D\u00edaz Vera<\/h3>\n<p><img loading=\"lazy\" decoding=\"async\" class=\"alignnone\" src=\"https:\/\/0.academia-photos.com\/273707\/56720\/57970\/s200_javier_e..d_az-vera.273707\" width=\"200\" height=\"200\"><\/p>\n<p style=\"margin-top: 0;margin-bottom: 0\">Full Professor<\/p>\n<p style=\"margin-top: 0;margin-bottom: 0\">Universidad de Castilla-La Mancha<\/p>\n<h3>Javier E. D\u00edaz Vera<\/h3>\n<p style=\"margin-top: 0;margin-bottom: 0\"><a href=\"mailto:javierenrique.diaz@uclm.es\">JavierEnrique.Diaz@uclm.es<\/a><\/p>\n<p style=\"margin-top: 0;margin-bottom: 0\"><small style=\"font-size: 11.05px\"><br \/>\n<strong>Teaching topics:<\/strong> Sociolinguistics, Language Policies, Intercultural Communication<br \/>\n<strong>Research topics: <\/strong>Linguistic attitudes, Language evolution and change, Language and emotions, Dialectology, language minorities and endangered languages.<\/small><\/p>\n","protected":false},"excerpt":{"rendered":"<p>Javier E. D\u00edaz Vera M\u00aa Rosario Caballero Rodr\u00edguez Ana M\u00aa Rela\u00f1o Pastor Javier E. D\u00edaz Vera Full Professor Universidad de Castilla-La Mancha Javier E. D\u00edaz Vera JavierEnrique.Diaz@uclm.es Teaching topics: Sociolinguistics, Language Policies, Intercultural Communication Research topics: Linguistic attitudes, Language evolution and change, Language and emotions, Dialectology, language minorities and endangered languages.<\/p>\n","protected":false},"author":62,"featured_media":0,"parent":39,"menu_order":0,"comment_status":"closed","ping_status":"closed","template":"","meta":{"footnotes":""},"class_list":["post-234","page","type-page","status-publish","hentry"],"_links":{"self":[{"href":"https:\/\/blog.uclm.es\/uniling\/wp-json\/wp\/v2\/pages\/234","targetHints":{"allow":["GET"]}}],"collection":[{"href":"https:\/\/blog.uclm.es\/uniling\/wp-json\/wp\/v2\/pages"}],"about":[{"href":"https:\/\/blog.uclm.es\/uniling\/wp-json\/wp\/v2\/types\/page"}],"author":[{"embeddable":true,"href":"https:\/\/blog.uclm.es\/uniling\/wp-json\/wp\/v2\/users\/62"}],"replies":[{"embeddable":true,"href":"https:\/\/blog.uclm.es\/uniling\/wp-json\/wp\/v2\/comments?post=234"}],"version-history":[{"count":0,"href":"https:\/\/blog.uclm.es\/uniling\/wp-json\/wp\/v2\/pages\/234\/revisions"}],"up":[{"embeddable":true,"href":"https:\/\/blog.uclm.es\/uniling\/wp-json\/wp\/v2\/pages\/39"}],"wp:attachment":[{"href":"https:\/\/blog.uclm.es\/uniling\/wp-json\/wp\/v2\/media?parent=234"}],"curies":[{"name":"wp","href":"https:\/\/api.w.org\/{rel}","templated":true}]}}