{"id":698,"date":"2020-07-16T04:38:36","date_gmt":"2020-07-16T03:38:36","guid":{"rendered":"http:\/\/blog.uclm.es\/tp-meuesct\/?page_id=698"},"modified":"2024-09-25T12:25:43","modified_gmt":"2024-09-25T12:25:43","slug":"preguntas-frecuentes","status":"publish","type":"page","link":"https:\/\/blog.uclm.es\/tp-meuesct\/preguntas-frecuentes\/","title":{"rendered":"Preguntas frecuentes"},"content":{"rendered":"<h3 align=\"justify\"><strong>El M\u00e1ster en Enfermer\u00eda de Urgencias, Emergencias y Situaciones Cr\u00edticas de Toledo, \u00bfEs un M\u00e1ster Oficial o es un M\u00e1ster de Formaci\u00f3n Permanente?<\/strong><\/h3>\n<p align=\"justify\">Es un T\u00edtulo de M\u00e1ster de Formaci\u00f3n Permanente de la Universidad de Castilla-La Mancha<\/p>\n<h3 align=\"justify\"><strong>\u00bfQu\u00e9 diferencia hay entre un M\u00e1ster Oficial y un M\u00e1ster de Formaci\u00f3n Permanente?<\/strong><\/h3>\n<p align=\"justify\">Un <strong>M\u00e1ster Oficial <\/strong>forma parte del conjunto de ense\u00f1anzas regladas de postgrado con validez en todo el territorio nacional y en el Espacio Europeo de Educaci\u00f3n Superior (EEES). Los M\u00e1steres Oficiales pueden estar orientados a la iniciaci\u00f3n en investigaci\u00f3n o a la especializaci\u00f3n profesional<\/p>\n<p align=\"justify\">&#8211; Esta formaci\u00f3n permite el acceso a los estudios de tercer ciclo, es decir a los estudios de Doctorado<\/p>\n<p align=\"justify\">&#8211; Esta formaci\u00f3n permite optar a becas generales del Ministerio de Educaci\u00f3n<\/p>\n<p align=\"justify\">Un <strong>M\u00e1ster de Formaci\u00f3n Permanente<\/strong>\u00a0es un programa aprobado por la propia Universidad de lo imparte, dirigidos y orientados a la formaci\u00f3n avanzada y especializaci\u00f3n profesional, ofreciendo un tipo de formaci\u00f3n m\u00e1s flexible y diversificada, acorde a las demandas de la sociedad<\/p>\n<p align=\"justify\">&#8211; Esta formaci\u00f3n NO permite el acceso a los estudios de tercer ciclo, es decir a los estudios de Doctorado<\/p>\n<p align=\"justify\">&#8211; Esta formaci\u00f3n NO permite optar a becas generales del Ministerio de Educaci\u00f3n<\/p>\n<h3 align=\"justify\"><strong>\u00bfSe puede convalidar un M\u00e1ster de Formaci\u00f3n Permanente cursado en una universidad espa\u00f1ola por un M\u00e1ster Oficial?<\/strong><\/h3>\n<p align=\"justify\">Seg\u00fan normativa del ministerio de Educaci\u00f3n y Ciencia, se podr\u00e1n convalidar un n\u00famero determinado de cr\u00e9ditos de un M\u00e1ster de Formaci\u00f3n Permanente por cr\u00e9ditos de un M\u00e1ster Oficial de similares caracter\u00edsticas y que correspondan a una misma \u00e1rea de conocimiento. Pero no pueden ser convalidados los cr\u00e9ditos de un M\u00e1ster de Formaci\u00f3n Permanente en su totalidad con los de un M\u00e1ster Oficial (m\u00e1s informaci\u00f3n en p\u00e1gina del <a href=\"https:\/\/www.ciencia.gob.es\/portal\/site\/MICINN\/menuitem.7eeac5cd345b4f34f09dfd1001432ea0\/?vgnextoid=8f037d98eb5c4610VgnVCM1000001d04140aRCRD\">Ministerio de Educaci\u00f3n y Ciencia<\/a>)<\/p>\n<h3 align=\"justify\"><strong>\u00bfPermite el acceso a bolsa de trabajo en los servicios de Emergencias?<\/strong><\/h3>\n<p align=\"justify\">S\u00ed, permite acceder a la bolsa de trabajo de los servicios de Emergencias intra y extrahospitalaria, tanto de Castilla-La Mancha como de otras comunidades aut\u00f3nomas dentro del territorio espa\u00f1ol<\/p>\n<h3 align=\"justify\"><strong>\u00bfQu\u00e9 requisitos tengo que cumplir para acceder al M\u00e1ster?<\/strong><\/h3>\n<p align=\"justify\">Es imprescindible estar en posesi\u00f3n del \u201cT\u00edtulo de Diplomado en Enfermer\u00eda\u201d o \u201cGraduado en Enfermer\u00eda\u201d<\/p>\n<h3 align=\"justify\"><strong>\u00bfCu\u00e1nto cuesta la matr\u00edcula?<\/strong><\/h3>\n<p align=\"justify\">Puede consultar el precio de matriculaci\u00f3n <a href=\"http:\/\/blog.uclm.es\/tp-meuesct\/precio\/\">aqu\u00ed<\/a><\/p>\n<h3 align=\"justify\"><strong>\u00bfCu\u00e1ndo tengo que hacer la preinscripci\u00f3n?<\/strong><\/h3>\n<p align=\"justify\">Puede consultar los plazos establecidos <a href=\"http:\/\/blog.uclm.es\/tp-meuesct\/precio\/\">aqu\u00ed<\/a><\/p>\n<h3 align=\"justify\"><strong>\u00bfQu\u00e9 necesito para hacer la preinscripci\u00f3n?<\/strong><\/h3>\n<p align=\"justify\">Puede consultar informaci\u00f3n sobre la preinscripci\u00f3n <a href=\"http:\/\/blog.uclm.es\/tp-meuesct\/preinscripcion\/\">aqu\u00ed<\/a><\/p>\n<h3 align=\"justify\"><strong>\u00bfCu\u00e1ndo tengo que hacer la matr\u00edcula?<\/strong><\/h3>\n<p align=\"justify\">La notificaci\u00f3n oficial de la admisi\u00f3n se realizar\u00e1 de forma autom\u00e1tica por correo electr\u00f3nico a la direcci\u00f3n indicada en la preinscripci\u00f3n. En la misma se dar\u00e1n las instrucciones para acceder a la plataforma de automatr\u00edcula en los <a href=\"http:\/\/blog.uclm.es\/tp-meuesct\/precio\/\">plazos<\/a> establecidos<\/p>\n<h3 align=\"justify\"><strong>\u00bfC\u00f3mo tengo que realizar el pago de la matr\u00edcula?<\/strong><\/h3>\n<p align=\"justify\">Puede consultar las formas de pago <a href=\"http:\/\/blog.uclm.es\/tp-meuesct\/matriculacion\/\">aqu\u00ed<\/a><\/p>\n<h3 align=\"justify\"><strong>Una vez realizado el pago de la matr\u00edcula \u00bfse puede devolver el importe de la misma?<\/strong><\/h3>\n<p align=\"justify\">Una vez formalizado el pago, el importe no ser\u00e1 devuelto en ning\u00fan caso. Puede consultar m\u00e1s informaci\u00f3n <a href=\"http:\/\/blog.uclm.es\/tp-meuesct\/matriculacion\/\">aqu\u00ed<\/a><\/p>\n<h3 align=\"justify\"><strong>\u00bfEs compatible con la actividad asistencial? \u00bfCu\u00e1les son los horarios del M\u00e1ster?<\/strong><\/h3>\n<p align=\"justify\">Este m\u00e1ster permite la compatibilidad asistencial ya que , por lo general salvo excepciones, las sesiones te\u00f3rico-pr\u00e1cticas presenciales se imparten de 16:00 a 20:30 horas en semanas alternas y las pr\u00e1cticas se marcan por el estudiante seg\u00fan disponibilidad<\/p>\n<p align=\"justify\">Esta informaci\u00f3n se recoge en el <a href=\"http:\/\/blog.uclm.es\/tp-meuesct\/calendario-y-horarios\/\">calendario oficial<\/a><\/p>\n<p align=\"justify\">NOTA: En el caso de producirse alg\u00fan contratiempo, por el cual se tengan que realizar modificaciones en la planificaci\u00f3n inicial, se avisar\u00e1 a los estudiantes con suficiente antelaci\u00f3n<\/p>\n<h3 align=\"justify\"><strong>\u00bfC\u00f3mo son las clases del M\u00e1ster?<\/strong><\/h3>\n<p align=\"justify\">Puede consultar la metodolog\u00eda de aprendizaje <a href=\"http:\/\/blog.uclm.es\/tp-meuesct\/metodologia-de-aprendizaje\/\">aqu\u00ed<\/a><\/p>\n<h3 align=\"justify\"><strong>\u00bfD\u00f3nde puedo realizar las pr\u00e1cticas?<\/strong><\/h3>\n<p align=\"justify\">Las pr\u00e1cticas externas se realizan dentro de la comunidad de Castilla-La Mancha, y programan en funci\u00f3n de la disponibilidad, teniendo la posibilidad de solicitarlas cerca del domicilio habitual de residencia, siempre y cuando los centros receptores otorguen los permisos pertinentes.<\/p>\n<h3 align=\"justify\"><strong>\u00bfC\u00f3mo solicito el certificado de negatividad de delitos sexuales?<\/strong><\/h3>\n<p align=\"justify\">Puede consultar c\u00f3mo se solicita <a href=\"https:\/\/blog.uclm.es\/tp-meuesct\/wp-content\/uploads\/sites\/230\/2020\/07\/CERTIF.-NEGATIVIDAD-DELITOS-SEXUALES.pdf\">aqu\u00ed<\/a><\/p>\n<h3 align=\"justify\"><strong>\u00bfCu\u00e1ndo solicito el certificado de negatividad de delitos sexuales?<\/strong><\/h3>\n<p>A partir del d\u00eda 01 de septiembre, antes de comenzar el curso acad\u00e9mico.<\/p>\n<h3 align=\"justify\"><strong>\u00bfC\u00f3mo obtengo el M\u00e1ster de Formaci\u00f3n Permanente?<\/strong><\/h3>\n<p align=\"justify\">Puede consultar requisitos para la obtenci\u00f3n del t\u00edtulo <a href=\"http:\/\/blog.uclm.es\/tp-meuesct\/evaluacion\/\">aqu\u00ed<\/a><\/p>\n<h3 align=\"justify\"><strong>\u00bfCu\u00e1ndo podr\u00e9 solicitar el t\u00edtulo del M\u00e1ster?<\/strong><\/h3>\n<p align=\"justify\">Una vez finalizado el M\u00e1ster, puede solicitarse el \u00abCertificado de notas\u00bb a trav\u00e9s de la <a href=\"http:\/\/blog.uclm.es\/tp-meuesct\/evaluacion\/\">Secretar\u00eda Virtual de la UCLM<\/a> (certificado oficial, tramitado de forma telem\u00e1tica y obtenido en en formato PDF). Este certificado es el que, seg\u00fan necesidad, se ha de presentar en cualquier bolsa de trabajo mientras se tramita el t\u00edtulo oficial y hasta que los estudiantes reciban el mismo. Una vez recibidos por el centro, se avisar\u00e1 y entregar\u00e1 a los estudiantes<\/p>\n<h3 align=\"justify\"><strong>\u00bfQu\u00e9 ocurre ante una emergencia sanitaria o causa imprevista (ej. COVID-19)?<\/strong><\/h3>\n<p align=\"justify\">En caso de emergencia sanitaria o causa imprevista, la planificaci\u00f3n podr\u00eda verse alterada, modific\u00e1ndose la metodolog\u00eda: impartiendo parte de los contenidos en modalidad on-line, mientras que aquellos que obligatoriamente sean presenciales se ajustar\u00e1n a la normativa sanitaria vigente<\/p>\n","protected":false},"excerpt":{"rendered":"<p>El M\u00e1ster en Enfermer\u00eda de Urgencias, Emergencias y Situaciones Cr\u00edticas de Toledo, \u00bfEs un M\u00e1ster Oficial o es un M\u00e1ster de Formaci\u00f3n Permanente? Es un T\u00edtulo de M\u00e1ster de Formaci\u00f3n Permanente de la Universidad de Castilla-La Mancha \u00bfQu\u00e9 diferencia hay entre un M\u00e1ster Oficial y un M\u00e1ster de Formaci\u00f3n Permanente? Un M\u00e1ster Oficial forma parte &hellip; <\/p>\n<p class=\"link-more\"><a href=\"https:\/\/blog.uclm.es\/tp-meuesct\/preguntas-frecuentes\/\" class=\"more-link\">Continuar leyendo<span class=\"screen-reader-text\"> \u00abPreguntas frecuentes\u00bb<\/span><\/a><\/p>\n","protected":false},"author":363,"featured_media":0,"parent":0,"menu_order":0,"comment_status":"closed","ping_status":"closed","template":"","meta":{"footnotes":""},"class_list":["post-698","page","type-page","status-publish","hentry"],"_links":{"self":[{"href":"https:\/\/blog.uclm.es\/tp-meuesct\/wp-json\/wp\/v2\/pages\/698","targetHints":{"allow":["GET"]}}],"collection":[{"href":"https:\/\/blog.uclm.es\/tp-meuesct\/wp-json\/wp\/v2\/pages"}],"about":[{"href":"https:\/\/blog.uclm.es\/tp-meuesct\/wp-json\/wp\/v2\/types\/page"}],"author":[{"embeddable":true,"href":"https:\/\/blog.uclm.es\/tp-meuesct\/wp-json\/wp\/v2\/users\/363"}],"replies":[{"embeddable":true,"href":"https:\/\/blog.uclm.es\/tp-meuesct\/wp-json\/wp\/v2\/comments?post=698"}],"version-history":[{"count":3,"href":"https:\/\/blog.uclm.es\/tp-meuesct\/wp-json\/wp\/v2\/pages\/698\/revisions"}],"predecessor-version":[{"id":1275,"href":"https:\/\/blog.uclm.es\/tp-meuesct\/wp-json\/wp\/v2\/pages\/698\/revisions\/1275"}],"wp:attachment":[{"href":"https:\/\/blog.uclm.es\/tp-meuesct\/wp-json\/wp\/v2\/media?parent=698"}],"curies":[{"name":"wp","href":"https:\/\/api.w.org\/{rel}","templated":true}]}}