{"id":544,"date":"2020-07-16T02:09:28","date_gmt":"2020-07-16T01:09:28","guid":{"rendered":"http:\/\/blog.uclm.es\/tp-meuesct\/?page_id=544"},"modified":"2025-05-09T10:07:44","modified_gmt":"2025-05-09T10:07:44","slug":"precio","status":"publish","type":"page","link":"https:\/\/blog.uclm.es\/tp-meuesct\/precio\/","title":{"rendered":"Precio matr\u00edcula 2025\/26"},"content":{"rendered":"<h1>Precio matr\u00edcula<\/h1>\n<p><strong>3.107,77\u20ac <\/strong>(60 ECTS x 51,66 \u20ac\/ECTS +7,77\u20ac tasas seguro obligatorio) *<\/p>\n<p align=\"justify\">El abono se puede realizar en un <strong>\u00fanico pago<\/strong> o <strong>fraccionarse en dos pagos<\/strong> (50% al realizar la matr\u00edcula y 50% en el <a href=\"http:\/\/blog.uclm.es\/tp-meuesct\/fechas-importantes\/\">plazo establecido<\/a>)<\/p>\n<p style=\"color: darkred\" align=\"justify\">*<strong>El primer pago debe realizarse en el periodo que se indica en la notificaci\u00f3n oficial de la admisi\u00f3n<\/strong> (recibida por correo electr\u00f3nico a la direcci\u00f3n indicada en la preinscripci\u00f3n); <strong>y, en el caso de fraccionar el pago, el segundo abono debe efectuarse en el <a href=\"http:\/\/blog.uclm.es\/tp-meuesct\/fechas-importantes\/\">plazo establecido<\/a>)<\/strong><\/p>\n<h1>Tasas<\/h1>\n<p align=\"justify\">Al formalizar matr\u00edcula se abonar\u00e1n las tasas del seguro obligatorio de accidentes y responsabilidad civil<\/p>\n","protected":false},"excerpt":{"rendered":"<p>Precio matr\u00edcula 3.107,77\u20ac (60 ECTS x 51,66 \u20ac\/ECTS +7,77\u20ac tasas seguro obligatorio) * El abono se puede realizar en un \u00fanico pago o fraccionarse en dos pagos (50% al realizar la matr\u00edcula y 50% en el plazo establecido) *El primer pago debe realizarse en el periodo que se indica en la notificaci\u00f3n oficial de la &hellip; <\/p>\n<p class=\"link-more\"><a href=\"https:\/\/blog.uclm.es\/tp-meuesct\/precio\/\" class=\"more-link\">Continuar leyendo<span class=\"screen-reader-text\"> \u00abPrecio matr\u00edcula 2025\/26\u00bb<\/span><\/a><\/p>\n","protected":false},"author":363,"featured_media":0,"parent":0,"menu_order":0,"comment_status":"closed","ping_status":"closed","template":"","meta":{"footnotes":""},"class_list":["post-544","page","type-page","status-publish","hentry"],"_links":{"self":[{"href":"https:\/\/blog.uclm.es\/tp-meuesct\/wp-json\/wp\/v2\/pages\/544","targetHints":{"allow":["GET"]}}],"collection":[{"href":"https:\/\/blog.uclm.es\/tp-meuesct\/wp-json\/wp\/v2\/pages"}],"about":[{"href":"https:\/\/blog.uclm.es\/tp-meuesct\/wp-json\/wp\/v2\/types\/page"}],"author":[{"embeddable":true,"href":"https:\/\/blog.uclm.es\/tp-meuesct\/wp-json\/wp\/v2\/users\/363"}],"replies":[{"embeddable":true,"href":"https:\/\/blog.uclm.es\/tp-meuesct\/wp-json\/wp\/v2\/comments?post=544"}],"version-history":[{"count":3,"href":"https:\/\/blog.uclm.es\/tp-meuesct\/wp-json\/wp\/v2\/pages\/544\/revisions"}],"predecessor-version":[{"id":1359,"href":"https:\/\/blog.uclm.es\/tp-meuesct\/wp-json\/wp\/v2\/pages\/544\/revisions\/1359"}],"wp:attachment":[{"href":"https:\/\/blog.uclm.es\/tp-meuesct\/wp-json\/wp\/v2\/media?parent=544"}],"curies":[{"name":"wp","href":"https:\/\/api.w.org\/{rel}","templated":true}]}}