{"id":519,"date":"2020-07-15T21:47:05","date_gmt":"2020-07-15T20:47:05","guid":{"rendered":"http:\/\/blog.uclm.es\/tp-meuesct\/?page_id=519"},"modified":"2023-07-15T13:02:32","modified_gmt":"2023-07-15T13:02:32","slug":"preinscripcion","status":"publish","type":"page","link":"https:\/\/blog.uclm.es\/tp-meuesct\/preinscripcion\/","title":{"rendered":"Preinscripci\u00f3n"},"content":{"rendered":"<h3 align=\"justify\">Pulse <a href=\"https:\/\/preinscripciontp.apps.uclm.es\/\">aqu\u00ed<\/a> para acceder a la presinscripci\u00f3n on-line (dentro del <a href=\"http:\/\/blog.uclm.es\/tp-meuesct\/fechas-importantes\/\">plazo establecido<\/a>)<\/h3>\n<h3>Es necesario adjuntar la siguiente documentaci\u00f3n*:<\/h3>\n<p>1 &#8211; <strong>Curriculum vitae y carta de motivaci\u00f3n<\/strong><br \/>\n2 &#8211; <strong>Fotocopia del T\u00edtulo de Enfermer\u00eda o fotocopia de la solicitud de este<\/strong><br \/>\n3 &#8211; <strong>Fotocopia del DNI\/NIE\/pasaporte<\/strong><\/p>\n<p align=\" justify\">*NOTA: aquellos <strong>profesionales de Enfermer\u00eda que dispongan del \u00abT\u00edtulo de Especialista en Enfermer\u00eda de Urgencias y Emergencias\u00bb<\/strong> (realizado en ediciones anteriores), podr\u00e1n <strong>convalidar dicho \u201cT\u00edtulo de Especialista\u201d por el de \u201cM\u00e1ster de Formaci\u00f3n Permanente\u201d<\/strong>, completando los cr\u00e9ditos necesarios a tal efecto. En el caso de optar a esta modalidad, al hacer la preinscripci\u00f3n se deber\u00e1 adjuntar adem\u00e1s de los documentos citados anteriormente, la <strong>fotocopia del T\u00edtulo de Especialista<\/strong> por ambas caras<\/p>\n<h3>Registro como usuario:<\/h3>\n<p>1 &#8211; <strong>Estudiante UCLM (actualmente o exalumno)<\/strong>: ya est\u00e1 registrado y acceder\u00e1 con sus credenciales. Si no las recuerda, puede recuperarlas <a href=\"https:\/\/mis.tic.uclm.es\/credenciales\/index.aspx\">aqu\u00ed<\/a><br \/>\n2 &#8211; <strong>Resto de casos<\/strong>: los estudiantes deber\u00e1n registrarse previamente <a href=\"https:\/\/mis.tic.uclm.es\/credenciales\/alta.aspx\">aqu\u00ed<\/a>. Recibir\u00e1n las instrucciones para la <a href=\"https:\/\/mis.tic.uclm.es\/credenciales\/miscredenciales.aspx\">creaci\u00f3n de su contrase\u00f1a<\/a> (con el c\u00f3digo previamente recibido) en la direcci\u00f3n de correo electr\u00f3nico que indiquen en el registro<\/p>\n<p>NOTA: para solventar incidencias relacionadas con la creaci\u00f3n de un nuevo usuario, exponga su caso <a href=\"https:\/\/cau.uclm.es\/servicios.aspx\">aqu\u00ed<\/a><\/p>\n<p>NOTA: el Usuario es el DNI (8 d\u00edgitos num\u00e9ricos; SIN letra) o el identificador de la direcci\u00f3n de correo (Nombre.Apellido@alu.uclm.es), y la contrase\u00f1a es la establecida por el alumno<\/p>\n","protected":false},"excerpt":{"rendered":"<p>Pulse aqu\u00ed para acceder a la presinscripci\u00f3n on-line (dentro del plazo establecido) Es necesario adjuntar la siguiente documentaci\u00f3n*: 1 &#8211; Curriculum vitae y carta de motivaci\u00f3n 2 &#8211; Fotocopia del T\u00edtulo de Enfermer\u00eda o fotocopia de la solicitud de este 3 &#8211; Fotocopia del DNI\/NIE\/pasaporte *NOTA: aquellos profesionales de Enfermer\u00eda que dispongan del \u00abT\u00edtulo de &hellip; <\/p>\n<p class=\"link-more\"><a href=\"https:\/\/blog.uclm.es\/tp-meuesct\/preinscripcion\/\" class=\"more-link\">Continuar leyendo<span class=\"screen-reader-text\"> \u00abPreinscripci\u00f3n\u00bb<\/span><\/a><\/p>\n","protected":false},"author":363,"featured_media":0,"parent":0,"menu_order":0,"comment_status":"closed","ping_status":"closed","template":"","meta":{"footnotes":""},"class_list":["post-519","page","type-page","status-publish","hentry"],"_links":{"self":[{"href":"https:\/\/blog.uclm.es\/tp-meuesct\/wp-json\/wp\/v2\/pages\/519","targetHints":{"allow":["GET"]}}],"collection":[{"href":"https:\/\/blog.uclm.es\/tp-meuesct\/wp-json\/wp\/v2\/pages"}],"about":[{"href":"https:\/\/blog.uclm.es\/tp-meuesct\/wp-json\/wp\/v2\/types\/page"}],"author":[{"embeddable":true,"href":"https:\/\/blog.uclm.es\/tp-meuesct\/wp-json\/wp\/v2\/users\/363"}],"replies":[{"embeddable":true,"href":"https:\/\/blog.uclm.es\/tp-meuesct\/wp-json\/wp\/v2\/comments?post=519"}],"version-history":[{"count":2,"href":"https:\/\/blog.uclm.es\/tp-meuesct\/wp-json\/wp\/v2\/pages\/519\/revisions"}],"predecessor-version":[{"id":1207,"href":"https:\/\/blog.uclm.es\/tp-meuesct\/wp-json\/wp\/v2\/pages\/519\/revisions\/1207"}],"wp:attachment":[{"href":"https:\/\/blog.uclm.es\/tp-meuesct\/wp-json\/wp\/v2\/media?parent=519"}],"curies":[{"name":"wp","href":"https:\/\/api.w.org\/{rel}","templated":true}]}}