{"id":517,"date":"2020-07-15T21:47:05","date_gmt":"2020-07-15T20:47:05","guid":{"rendered":"http:\/\/blog.uclm.es\/tp-meuesct\/?page_id=517"},"modified":"2026-01-28T10:30:14","modified_gmt":"2026-01-28T10:30:14","slug":"fechas-importantes","status":"publish","type":"page","link":"https:\/\/blog.uclm.es\/tp-meuesct\/fechas-importantes\/","title":{"rendered":"Fechas importantes 2025\/26"},"content":{"rendered":"<h1>Curso 2025\/26<\/h1>\n<h2 style=\"color: darkred\"><strong>Preinscripci\u00f3n:<\/strong><\/h2>\n<p>Del <strong>12\/05\/2025<\/strong>\u00a0Al <strong>15\/09\/2025<\/strong><\/p>\n<div data-olk-copy-source=\"MessageBody\"><em>Si lo desea, ya que a\u00fan no han sido publicadas las fechas de preinscripci\u00f3n del pr\u00f3ximo curso, podemos enviarle la informaci\u00f3n del pr\u00f3ximo plazo de preinscripci\u00f3n si se inscribe en nuestro registro de estudiantes interesados e interesadas en cursar el m\u00e1ster el pr\u00f3ximo curso haciendo clic <a id=\"OWA400bc702-c72e-115e-ca2f-fe03b1299122\" class=\"x_OWAAutoLink\" title=\"https:\/\/forms.office.com\/e\/C8Qt7ZEuGX\" href=\"https:\/\/forms.office.com\/e\/C8Qt7ZEuGX\" target=\"_blank\" rel=\"noopener noreferrer\" data-auth=\"NotApplicable\" data-linkindex=\"1\">aqu\u00ed<\/a>.<\/em><\/div>\n<h2 style=\"color: darkred\"><strong>Matr\u00edcula:<\/strong>(*\/**)<\/h2>\n<p>Del <strong>12\/05\/2025<\/strong> Al <strong>22\/09\/2025<\/strong><\/p>\n<h5>1 &#8211; Abono pago \u00fanico o primer pago fraccionado de la matr\u00edculaci\u00f3n:<\/h5>\n<p>Del <strong>31\/05\/2025<\/strong>\u00a0Al <strong>21\/09\/2025<\/strong><\/p>\n<h5>2 &#8211; Abono segundo pago fraccionado de la matr\u00edculaci\u00f3n (si prodece):<\/h5>\n<p>Del <strong>31\/01\/2026<\/strong>\u00a0Al <strong>09\/02\/2026<\/strong><\/p>\n<p><a href=\"http:\/\/blog.uclm.es\/tp-meuesct\/precio\/\">*M\u00e1s informaci\u00f3n sobre el precio de la matr\u00edcula<\/a><\/p>\n<p><a href=\"http:\/\/blog.uclm.es\/tp-meuesct\/matriculacion\/\">**M\u00e1s informaci\u00f3n sobre el pago de la matr\u00edcula<\/a><\/p>\n<h2 style=\"color: darkred\"><strong>Impartici\u00f3n:<\/strong><\/h2>\n<p>Del <strong>16\/09\/2025<\/strong>\u00a0Al <strong>30\/06\/2026<\/strong><\/p>\n<p align=\"justify\">M\u00e1s informaci\u00f3n en el <a href=\"http:\/\/blog.uclm.es\/tp-meuesct\/calendario-y-horarios\/\">calendario oficial (pte. de publicaci\u00f3n)<\/a><\/p>\n","protected":false},"excerpt":{"rendered":"<p>Curso 2025\/26 Preinscripci\u00f3n: Del 12\/05\/2025\u00a0Al 15\/09\/2025 Si lo desea, ya que a\u00fan no han sido publicadas las fechas de preinscripci\u00f3n del pr\u00f3ximo curso, podemos enviarle la informaci\u00f3n del pr\u00f3ximo plazo de preinscripci\u00f3n si se inscribe en nuestro registro de estudiantes interesados e interesadas en cursar el m\u00e1ster el pr\u00f3ximo curso haciendo clic aqu\u00ed. Matr\u00edcula:(*\/**) Del &hellip; <\/p>\n<p class=\"link-more\"><a href=\"https:\/\/blog.uclm.es\/tp-meuesct\/fechas-importantes\/\" class=\"more-link\">Continuar leyendo<span class=\"screen-reader-text\"> \u00abFechas importantes 2025\/26\u00bb<\/span><\/a><\/p>\n","protected":false},"author":363,"featured_media":0,"parent":0,"menu_order":0,"comment_status":"closed","ping_status":"closed","template":"","meta":{"footnotes":""},"class_list":["post-517","page","type-page","status-publish","hentry"],"_links":{"self":[{"href":"https:\/\/blog.uclm.es\/tp-meuesct\/wp-json\/wp\/v2\/pages\/517","targetHints":{"allow":["GET"]}}],"collection":[{"href":"https:\/\/blog.uclm.es\/tp-meuesct\/wp-json\/wp\/v2\/pages"}],"about":[{"href":"https:\/\/blog.uclm.es\/tp-meuesct\/wp-json\/wp\/v2\/types\/page"}],"author":[{"embeddable":true,"href":"https:\/\/blog.uclm.es\/tp-meuesct\/wp-json\/wp\/v2\/users\/363"}],"replies":[{"embeddable":true,"href":"https:\/\/blog.uclm.es\/tp-meuesct\/wp-json\/wp\/v2\/comments?post=517"}],"version-history":[{"count":7,"href":"https:\/\/blog.uclm.es\/tp-meuesct\/wp-json\/wp\/v2\/pages\/517\/revisions"}],"predecessor-version":[{"id":1400,"href":"https:\/\/blog.uclm.es\/tp-meuesct\/wp-json\/wp\/v2\/pages\/517\/revisions\/1400"}],"wp:attachment":[{"href":"https:\/\/blog.uclm.es\/tp-meuesct\/wp-json\/wp\/v2\/media?parent=517"}],"curies":[{"name":"wp","href":"https:\/\/api.w.org\/{rel}","templated":true}]}}