{"id":484,"date":"2020-07-15T20:10:02","date_gmt":"2020-07-15T19:10:02","guid":{"rendered":"http:\/\/blog.uclm.es\/tp-meuesct\/?page_id=484"},"modified":"2020-07-15T20:10:02","modified_gmt":"2020-07-15T19:10:02","slug":"informacion-general-2","status":"publish","type":"page","link":"https:\/\/blog.uclm.es\/tp-meuesct\/informacion-general-2\/","title":{"rendered":"Informaci\u00f3n general"},"content":{"rendered":"<h3 style=\"color:navy\"><strong>Denominaci\u00f3n del M\u00e1ster T\u00edtulo Propio:<\/strong><\/h3>\n<p align=\"justify\"> M\u00e1ster en Enfermer\u00eda de Urgencias, Emergencias y Situaciones Cr\u00edticas (Toledo)<\/p>\n<h3 style=\"color:navy\"><strong>Campo:<\/strong><\/h3>\n<p>Ciencias de la Salud<\/p>\n<h3 style=\"color:navy\"><strong>Cr\u00e9ditos ECTS:<\/strong><\/h3>\n<p>60 cr\u00e9ditos<\/p>\n<h3 style=\"color:navy\"><strong>Modalidad:<\/strong><\/h3>\n<p>Presencial*<\/p>\n<p align=\"justify\">*En caso de emergencia sanitaria o causa imprevista, los contenidos te\u00f3ricos se realizar\u00edan en modalidad on-line<\/p>\n<h3 style=\"color:navy\"><strong>Idioma de impartici\u00f3n:<\/strong><\/h3>\n<p>Espa\u00f1ol<\/p>\n<h3 style=\"color:navy\"><strong>Lugar de impartici\u00f3n:<\/strong><\/h3>\n<p>Facultad de Fisioterapia y Enfermer\u00eda del Campus de Toledo (Universidad de Castilla-La Mancha)<br \/>\n<img decoding=\"async\" src=\"https:\/\/blog.uclm.es\/tp-meuesct\/wp-content\/uploads\/sites\/230\/2020\/07\/Mapa_color.jpg\"><\/p>\n<h3 style=\"color:navy\"><strong>Infraestructura y recursos:<\/strong><\/h3>\n<p align=\"justify\">Aulas, laboratorios y \u00c1rea de Simulaci\u00f3n Cl\u00ednica de la Facultad de Fisioterapia y Enfermer\u00eda del Campus de Toledo. Equipadas con material para proyecci\u00f3n, conexi\u00f3n Wi-Fi y modelos fisiol\u00f3gicos simulados<\/p>\n<p align=\"justify\"> Material de Urgencias para pr\u00e1cticas: megacode, material de soporte vital, monitores, desfibriladores, material de transporte e inmovilizaci\u00f3n, material fungible, etc<\/p>\n<p align=\"justify\"> Simulador UVI m\u00f3vil. Espacio dise\u00f1ado para la simulaci\u00f3n, con la tecnolog\u00eda disponible habitualmente en estos veh\u00edculos, y entrenamiento en el traslado extrahospitalario de un paciente cr\u00edtico (pte. habilitaci\u00f3n)<\/p>\n<p align=\"justify\"> Medios asistenciales y extrahospitalarios del SESCAM: UVI, Urgencias, UVIs m\u00f3viles y Helic\u00f3ptero de Emergencias, donde realizar\u00e1n pr\u00e1cticas externas<\/p>\n<p align=\"justify\"> Equipamiento del Centro Coordinador de Urgencias y Emergencias de Castilla la Mancha (1-1-2) donde se realizar\u00e1n pr\u00e1cticas externas<\/p>\n<h3 style=\"color:navy\"><strong>Perfil de ingreso:<\/strong><\/h3>\n<p align=\"justify\">Est\u00e1 orientado a diplomados\/graduados en Enfermer\u00eda interesados en adquirir los conocimientos y las habilidades necesarias para poder intervenir de forma eficaz, en distintas situaciones de Urgencias y Emergencias<\/p>\n<h3 style=\"color:navy\"><strong>Requisitos para el ingreso y formalizaci\u00f3n de la preinscripci\u00f3n:<\/strong><\/h3>\n<p align=\"justify\">Los estudiantes que deseen iniciar estudios del M\u00e1ster deber\u00e1n realizar la preinscripci\u00f3n a trav\u00e9s de la plataforma on-line (a trav\u00e9s de la p\u00e1gina web de la UCLM o pulsando <a href=\"https:\/\/tp.uclm.es\/\">aqu\u00ed<\/a>) dentro del plazo establecido.<\/p>\n<p align=\" justify\">Para el ingreso es imprescindible estar en posesi\u00f3n del \u201cT\u00edtulo de Diplomado en Enfermer\u00eda\u201d o \u201cGraduado en Enfermer\u00eda\u201d<\/p>\n<p align=\" justify\">Para la formalizaci\u00f3n de la preinscripci\u00f3n se ha de adjuntar en el gestor documental la siguiente informaci\u00f3n:<\/p>\n<ul>\n1 &#8211; Curriculum vitae<\/p>\n<p>2 &#8211; Fotocopia del T\u00edtulo de Enfermer\u00eda o fotocopia de haberlo solicitado<\/p>\n<p>3 &#8211; Fotocopia del DNI\/NIE\/pasaporte<\/p>\n<p align=\" justify\">Nota: aquellos profesionales de Enfermer\u00eda que dispongan del \u00abT\u00edtulo de Especialista en Enfermer\u00eda de Urgencias y Emergencias\u00bb (realizado en ediciones anteriores), podr\u00e1n convalidar dicho \u201cT\u00edtulo de Especialista\u201d por el de \u201cM\u00e1ster T\u00edtulo Propio\u201d completando los cr\u00e9ditos necesarios a tal efecto. En el caso de optar a esta modalidad, al hacer la preinscripci\u00f3n se deber\u00e1 adjuntar adem\u00e1s de los documentos citados anteriormente, la fotocopia del T\u00edtulo de Especialista por ambas caras<\/p>\n<h3 style=\"color:navy\"><strong>Criterios para la baremaci\u00f3n de solicitudes:<\/strong><\/h3>\n<ul>\n&#8211; Formaci\u00f3n en urgencias y emergencias<\/p>\n<p>&#8211; Experiencia profesional en el \u00e1mbito de las urgencias y emergencias<\/p>\n<p>&#8211; Experiencia docente e investigadora<\/p>\n<p>&#8211; Conocimientos de idiomas (acreditados)<\/p>\n<p>&#8211; Otros m\u00e9ritos (inquietudes por las emergencias, m\u00e9ritos concretos o de aspectos globales)<\/ul>\n<p align=\" justify\">La notificaci\u00f3n oficial de la admisi\u00f3n se realizar\u00e1 de forma autom\u00e1tica por correo electr\u00f3nico a la direcci\u00f3n indicada en la preinscripci\u00f3n. En la misma se dar\u00e1n las instrucciones para acceder a la plataforma de automatr\u00edcula.<\/p>\n<\/ul>\n","protected":false},"excerpt":{"rendered":"<p>Denominaci\u00f3n del M\u00e1ster T\u00edtulo Propio: M\u00e1ster en Enfermer\u00eda de Urgencias, Emergencias y Situaciones Cr\u00edticas (Toledo) Campo: Ciencias de la Salud Cr\u00e9ditos ECTS: 60 cr\u00e9ditos Modalidad: Presencial* *En caso de emergencia sanitaria o causa imprevista, los contenidos te\u00f3ricos se realizar\u00edan en modalidad on-line Idioma de impartici\u00f3n: Espa\u00f1ol Lugar de impartici\u00f3n: Facultad de Fisioterapia y Enfermer\u00eda del &hellip; <\/p>\n<p class=\"link-more\"><a href=\"https:\/\/blog.uclm.es\/tp-meuesct\/informacion-general-2\/\" class=\"more-link\">Continuar leyendo<span class=\"screen-reader-text\"> \u00abInformaci\u00f3n general\u00bb<\/span><\/a><\/p>\n","protected":false},"author":363,"featured_media":0,"parent":0,"menu_order":0,"comment_status":"closed","ping_status":"closed","template":"","meta":{"footnotes":""},"class_list":["post-484","page","type-page","status-publish","hentry"],"_links":{"self":[{"href":"https:\/\/blog.uclm.es\/tp-meuesct\/wp-json\/wp\/v2\/pages\/484","targetHints":{"allow":["GET"]}}],"collection":[{"href":"https:\/\/blog.uclm.es\/tp-meuesct\/wp-json\/wp\/v2\/pages"}],"about":[{"href":"https:\/\/blog.uclm.es\/tp-meuesct\/wp-json\/wp\/v2\/types\/page"}],"author":[{"embeddable":true,"href":"https:\/\/blog.uclm.es\/tp-meuesct\/wp-json\/wp\/v2\/users\/363"}],"replies":[{"embeddable":true,"href":"https:\/\/blog.uclm.es\/tp-meuesct\/wp-json\/wp\/v2\/comments?post=484"}],"version-history":[{"count":0,"href":"https:\/\/blog.uclm.es\/tp-meuesct\/wp-json\/wp\/v2\/pages\/484\/revisions"}],"wp:attachment":[{"href":"https:\/\/blog.uclm.es\/tp-meuesct\/wp-json\/wp\/v2\/media?parent=484"}],"curies":[{"name":"wp","href":"https:\/\/api.w.org\/{rel}","templated":true}]}}