{"id":419,"date":"2020-07-14T13:10:19","date_gmt":"2020-07-14T12:10:19","guid":{"rendered":"http:\/\/blog.uclm.es\/tp-meuesct\/?page_id=419"},"modified":"2023-07-15T12:50:46","modified_gmt":"2023-07-15T12:50:46","slug":"estudiar-meuesct-en-toledo","status":"publish","type":"page","link":"https:\/\/blog.uclm.es\/tp-meuesct\/estudiar-meuesct-en-toledo\/","title":{"rendered":"Estudiar MEUESCT en Toledo"},"content":{"rendered":"<h1 align=\"left\">\u00bfPor qu\u00e9 formarse en Toledo?<\/h1>\n<p align=\"justify\">Disponemos de un programa<strong> adaptado al Sistema Europeo de Educaci\u00f3n Superior, avalado por la UCLM <\/strong>y <strong>dise\u00f1ado por y para enfermeros\/as.<\/strong><\/p>\n<p align=\"justify\"><strong>Es puntuable para la carrera profesional en las urgencias y emergencias <\/strong>(a consultar con el Servicio de Salud de cada CCAA).<\/p>\n<p align=\"justify\"><strong>M\u00e1ster 100% profesionalizante<\/strong>: enfoque pr\u00e1ctico basado en simulaciones de casos cl\u00ednicos reales. Esto, les ofrece los recursos necesarios para resolver de manera eficiente situaciones cr\u00edticas m\u00e1s relevantes del d\u00eda a d\u00eda en las urgencias y emergencias hospitalarias y extrahospitalarias.<\/p>\n<p align=\"justify\">Impartici\u00f3n en <strong>modalidad presencial<\/strong>. Concentrado en 8 meses, en turno de tarde en semanas alternas, lo que facilita la compatibilidad con la actividad asistencial habitual.<\/p>\n<p align=\"justify\"><strong>Experiencia en la formaci\u00f3n de enfermeras en emergencias<\/strong>, a trav\u00e9s de <strong>18 ediciones<\/strong> y <strong>alrededor de 670 alumnos<\/strong>, de los cuales <strong>el 85% han conseguido ejercer su labor profesional en \u00c1reas de Urgencias<\/strong> (intrahospitalarias\/extrahospitalarias), as\u00ed <strong>como en \u00c1reas de Cuidados Cr\u00edticos <\/strong>(UCI\/UVI) en el <strong>sistema de salud.<\/strong><\/p>\n","protected":false},"excerpt":{"rendered":"<p>\u00bfPor qu\u00e9 formarse en Toledo? Disponemos de un programa adaptado al Sistema Europeo de Educaci\u00f3n Superior, avalado por la UCLM y dise\u00f1ado por y para enfermeros\/as. Es puntuable para la carrera profesional en las urgencias y emergencias (a consultar con el Servicio de Salud de cada CCAA). M\u00e1ster 100% profesionalizante: enfoque pr\u00e1ctico basado en simulaciones &hellip; <\/p>\n<p class=\"link-more\"><a href=\"https:\/\/blog.uclm.es\/tp-meuesct\/estudiar-meuesct-en-toledo\/\" class=\"more-link\">Continuar leyendo<span class=\"screen-reader-text\"> \u00abEstudiar MEUESCT en Toledo\u00bb<\/span><\/a><\/p>\n","protected":false},"author":363,"featured_media":0,"parent":0,"menu_order":0,"comment_status":"closed","ping_status":"closed","template":"","meta":{"footnotes":""},"class_list":["post-419","page","type-page","status-publish","hentry"],"_links":{"self":[{"href":"https:\/\/blog.uclm.es\/tp-meuesct\/wp-json\/wp\/v2\/pages\/419","targetHints":{"allow":["GET"]}}],"collection":[{"href":"https:\/\/blog.uclm.es\/tp-meuesct\/wp-json\/wp\/v2\/pages"}],"about":[{"href":"https:\/\/blog.uclm.es\/tp-meuesct\/wp-json\/wp\/v2\/types\/page"}],"author":[{"embeddable":true,"href":"https:\/\/blog.uclm.es\/tp-meuesct\/wp-json\/wp\/v2\/users\/363"}],"replies":[{"embeddable":true,"href":"https:\/\/blog.uclm.es\/tp-meuesct\/wp-json\/wp\/v2\/comments?post=419"}],"version-history":[{"count":1,"href":"https:\/\/blog.uclm.es\/tp-meuesct\/wp-json\/wp\/v2\/pages\/419\/revisions"}],"predecessor-version":[{"id":1198,"href":"https:\/\/blog.uclm.es\/tp-meuesct\/wp-json\/wp\/v2\/pages\/419\/revisions\/1198"}],"wp:attachment":[{"href":"https:\/\/blog.uclm.es\/tp-meuesct\/wp-json\/wp\/v2\/media?parent=419"}],"curies":[{"name":"wp","href":"https:\/\/api.w.org\/{rel}","templated":true}]}}