{"id":342,"date":"2020-07-14T00:22:59","date_gmt":"2020-07-13T23:22:59","guid":{"rendered":"http:\/\/blog.uclm.es\/tp-meuesct\/?page_id=342"},"modified":"2023-07-15T12:56:27","modified_gmt":"2023-07-15T12:56:27","slug":"presentacion","status":"publish","type":"page","link":"https:\/\/blog.uclm.es\/tp-meuesct\/","title":{"rendered":"Presentaci\u00f3n"},"content":{"rendered":"<h1>MEUESCT<\/h1>\n<p align=\"justify\">La formaci\u00f3n posgrado en Enfermer\u00eda de Urgencias, Emergencias y Situaciones Cr\u00edticas en Toledo comenz\u00f3 en el a\u00f1o 2003 bajo la denominaci\u00f3n de \u201cEspecialista en enfermer\u00eda de urgencias y emergencias\u201d. Este t\u00edtulo se imparti\u00f3 hasta el 2009, a\u00f1o en el que se adapta al Espacio Europeo de Educaci\u00f3n Superior (EEES) y se crea el actual \u201cM\u00e1ster en Enfermer\u00eda de Urgencias, Emergencias y Situaciones Cr\u00edticas\u201d (MEUESCT) como Formaci\u00f3n Permanente de la UCLM.<\/p>\n<p align=\"justify\">Este m\u00e1ster cubre en su totalidad con las necesidades acad\u00e9micas y profesionales dado que se ajusta al marco legal establecido, tras asumir las competencias sanitarias la Junta de Comunidades de Castilla la Mancha (publicado el 12 de abril de 2002 en el DOCM). En el mismo se hace p\u00fablica la formaci\u00f3n m\u00ednima exigida para el personal de Enfermer\u00eda que quiera desarrollar su labor en UMEs de la Comunidad, como as\u00ed consta en el apartado 6 personal B: \u00abATS o Diplomado en Enfermer\u00eda que re\u00fana, al menos una de las siguientes condiciones: Experiencia m\u00ednima de 12 meses en Urgencias Hospitalarias, UCI o transporte asistido, o formaci\u00f3n m\u00ednima de 500 horas en Enfermer\u00eda de Urgencias y Emergencias\u201d.<\/p>\n<p align=\"justify\">A trav\u00e9s de este M\u00e1ster los estudiantes adquieren las competencias necesarias para prestar servicios a la comunidad en aquellas circunstancias donde la vida se encuentre en riesgo inmediato (situaciones de riesgo individual y en aquellas que afecte a m\u00faltiples v\u00edctimas), aprendiendo a valorar la situaci\u00f3n y a maximizar la eficacia en la toma de decisiones. Adem\u00e1s, ser\u00e1 capaz de colaborar con el equipo multidisciplinar (personal m\u00e9dico, psic\u00f3logos, protecci\u00f3n civil, bomberos, etc.) para la atenci\u00f3n r\u00e1pida, organizada, sistem\u00e1tica y basada en la evidencia cient\u00edfica.<\/p>\n<p align=\"justify\">Con la realizaci\u00f3n de este M\u00e1ster se posibilita a las\/los enfermeras\/os acceder y desarrollar su labor profesional en la Atenci\u00f3n en Urgencias y Emergencias Sanitarias. Cuenta con 60 cr\u00e9ditos ECTS que se distribuyen en contenidos: te\u00f3ricos (15,5 cr\u00e9ditos ECTS) y pr\u00e1cticos (44,5 cr\u00e9ditos ECTS). Impartido por grandes profesionales especialistas en el \u00e1mbito de las urgencias y emergencias, que desarrollan su labor asistencial en el SESCAM, SAMUR, SUMMA, y profesionales del entorno militar, donde todos ellos cuentan con reconocimiento nacional e internacional.<\/p>\n<p align=\"justify\">El programa docente se estructura en asignaturas bien desarrolladas, orientadas a un aprendizaje eficiente y eficaz. Su elevada carga pr\u00e1ctica persigue que la\/el enfermera\/o consiga dominar de forma pr\u00e1ctica y rigurosa la atenci\u00f3n de enfermer\u00eda a pacientes en situaciones de urgencias, emergencias y cat\u00e1strofes. El dise\u00f1o del programa pr\u00e1ctico se centra en entornos simulados, as\u00ed como en la realizaci\u00f3n de pr\u00e1cticas externas hospitalarias (en unidades de UCI y urgencias), y extrahospitalarias (en UVIs m\u00f3viles, helic\u00f3ptero de emergencias y Centro Coordinador de Urgencias y Emergencias de CLM).<\/p>\n<p align=\"justify\">Adem\u00e1s, a trav\u00e9s de la plataforma Moodle, se le facilita al estudiante el acceso a los contenidos, el aprendizaje colaborativo, la dinamizaci\u00f3n del aprendizaje y el mejor seguimiento de la formaci\u00f3n durante curso.<\/p>\n<p align=\"justify\">En definitiva, es una formaci\u00f3n decisiva, \u00fanica y determinante para el desarrollo profesional como enfermera\/o.<\/p>\n","protected":false},"excerpt":{"rendered":"<p>MEUESCT La formaci\u00f3n posgrado en Enfermer\u00eda de Urgencias, Emergencias y Situaciones Cr\u00edticas en Toledo comenz\u00f3 en el a\u00f1o 2003 bajo la denominaci\u00f3n de \u201cEspecialista en enfermer\u00eda de urgencias y emergencias\u201d. Este t\u00edtulo se imparti\u00f3 hasta el 2009, a\u00f1o en el que se adapta al Espacio Europeo de Educaci\u00f3n Superior (EEES) y se crea el actual &hellip; <\/p>\n<p class=\"link-more\"><a href=\"https:\/\/blog.uclm.es\/tp-meuesct\/\" class=\"more-link\">Continuar leyendo<span class=\"screen-reader-text\"> \u00abPresentaci\u00f3n\u00bb<\/span><\/a><\/p>\n","protected":false},"author":363,"featured_media":0,"parent":0,"menu_order":0,"comment_status":"closed","ping_status":"closed","template":"","meta":{"footnotes":""},"class_list":["post-342","page","type-page","status-publish","hentry"],"_links":{"self":[{"href":"https:\/\/blog.uclm.es\/tp-meuesct\/wp-json\/wp\/v2\/pages\/342","targetHints":{"allow":["GET"]}}],"collection":[{"href":"https:\/\/blog.uclm.es\/tp-meuesct\/wp-json\/wp\/v2\/pages"}],"about":[{"href":"https:\/\/blog.uclm.es\/tp-meuesct\/wp-json\/wp\/v2\/types\/page"}],"author":[{"embeddable":true,"href":"https:\/\/blog.uclm.es\/tp-meuesct\/wp-json\/wp\/v2\/users\/363"}],"replies":[{"embeddable":true,"href":"https:\/\/blog.uclm.es\/tp-meuesct\/wp-json\/wp\/v2\/comments?post=342"}],"version-history":[{"count":1,"href":"https:\/\/blog.uclm.es\/tp-meuesct\/wp-json\/wp\/v2\/pages\/342\/revisions"}],"predecessor-version":[{"id":1202,"href":"https:\/\/blog.uclm.es\/tp-meuesct\/wp-json\/wp\/v2\/pages\/342\/revisions\/1202"}],"wp:attachment":[{"href":"https:\/\/blog.uclm.es\/tp-meuesct\/wp-json\/wp\/v2\/media?parent=342"}],"curies":[{"name":"wp","href":"https:\/\/api.w.org\/{rel}","templated":true}]}}