{"id":251,"date":"2020-07-13T23:51:57","date_gmt":"2020-07-13T22:51:57","guid":{"rendered":"http:\/\/blog.uclm.es\/tp-meuesct\/?page_id=251"},"modified":"2023-04-18T11:34:04","modified_gmt":"2023-04-18T11:34:04","slug":"evaluacion","status":"publish","type":"page","link":"https:\/\/blog.uclm.es\/tp-meuesct\/evaluacion\/","title":{"rendered":"Metodolog\u00eda de evaluaci\u00f3n"},"content":{"rendered":"\n<h1 class=\"wp-block-heading\">Ser\u00e1 requisito imprescindible para recibir el T\u00edtulo:<\/h1>\n\n\n\n<p>La <strong>asistencia del 85% <\/strong>a las <strong>sesiones te\u00f3rico-pr\u00e1cticas<\/strong><\/p>\n\n\n\n<p>&#8211; La realizaci\u00f3n del <strong>100% de las pr\u00e1cticas externas<\/strong><\/p>\n\n\n\n<p>&#8211; <strong>Superar los ex\u00e1menes te\u00f3ricos <\/strong>de cada una de las asignaturas <strong>y pr\u00e1cticos<\/strong> de cada uno de los supuestos planteados<\/p>\n\n\n\n<p>&#8211;<strong> Superar el Trabajo Fin de Estudios (TFE)<\/strong> con calificaci\u00f3n de Apto (superior a 5 puntos sobre 10)<\/p>\n\n\n\n<h1 class=\"wp-block-heading\">Convocatoria extraordinaria:<\/h1>\n\n\n\n<p>&#8211; Se realizar\u00e1 convocatoria de evaluaci\u00f3n extraordinaria <strong>para aquellos estudiantes que no hayan superado alguna de las asignaturas del curriculum<\/strong><\/p>\n","protected":false},"excerpt":{"rendered":"<p>Ser\u00e1 requisito imprescindible para recibir el T\u00edtulo: La asistencia del 85% a las sesiones te\u00f3rico-pr\u00e1cticas &#8211; La realizaci\u00f3n del 100% de las pr\u00e1cticas externas &#8211; Superar los ex\u00e1menes te\u00f3ricos de cada una de las asignaturas y pr\u00e1cticos de cada uno de los supuestos planteados &#8211; Superar el Trabajo Fin de Estudios (TFE) con calificaci\u00f3n de &hellip; <\/p>\n<p class=\"link-more\"><a href=\"https:\/\/blog.uclm.es\/tp-meuesct\/evaluacion\/\" class=\"more-link\">Continuar leyendo<span class=\"screen-reader-text\"> \u00abMetodolog\u00eda de evaluaci\u00f3n\u00bb<\/span><\/a><\/p>\n","protected":false},"author":363,"featured_media":0,"parent":0,"menu_order":0,"comment_status":"closed","ping_status":"closed","template":"","meta":{"footnotes":""},"class_list":["post-251","page","type-page","status-publish","hentry"],"_links":{"self":[{"href":"https:\/\/blog.uclm.es\/tp-meuesct\/wp-json\/wp\/v2\/pages\/251","targetHints":{"allow":["GET"]}}],"collection":[{"href":"https:\/\/blog.uclm.es\/tp-meuesct\/wp-json\/wp\/v2\/pages"}],"about":[{"href":"https:\/\/blog.uclm.es\/tp-meuesct\/wp-json\/wp\/v2\/types\/page"}],"author":[{"embeddable":true,"href":"https:\/\/blog.uclm.es\/tp-meuesct\/wp-json\/wp\/v2\/users\/363"}],"replies":[{"embeddable":true,"href":"https:\/\/blog.uclm.es\/tp-meuesct\/wp-json\/wp\/v2\/comments?post=251"}],"version-history":[{"count":2,"href":"https:\/\/blog.uclm.es\/tp-meuesct\/wp-json\/wp\/v2\/pages\/251\/revisions"}],"predecessor-version":[{"id":1177,"href":"https:\/\/blog.uclm.es\/tp-meuesct\/wp-json\/wp\/v2\/pages\/251\/revisions\/1177"}],"wp:attachment":[{"href":"https:\/\/blog.uclm.es\/tp-meuesct\/wp-json\/wp\/v2\/media?parent=251"}],"curies":[{"name":"wp","href":"https:\/\/api.w.org\/{rel}","templated":true}]}}