{"id":246,"date":"2020-07-13T23:51:56","date_gmt":"2020-07-13T22:51:56","guid":{"rendered":"http:\/\/blog.uclm.es\/tp-meuesct\/?page_id=246"},"modified":"2024-09-25T12:21:57","modified_gmt":"2024-09-25T12:21:57","slug":"metodologia-de-aprendizaje","status":"publish","type":"page","link":"https:\/\/blog.uclm.es\/tp-meuesct\/metodologia-de-aprendizaje\/","title":{"rendered":"Metodolog\u00eda de aprendizaje"},"content":{"rendered":"<p align=\"justify\"><strong>Sesiones te\u00f3ricas<\/strong>, con actualizaci\u00f3n de conocimientos te\u00f3ricos<\/p>\n<p align=\"justify\"><strong>Formaci\u00f3n pr\u00e1ctico-cl\u00ednica<\/strong>, con entrenamiento y simulaci\u00f3n de los conocimientos te\u00f3ricos a la pr\u00e1ctica cl\u00ednica, realizadas en grupos reducidos (9\/10 estudiantes) en el \u00c1rea de Simulaci\u00f3n y Laboratorios<\/p>\n<p align=\"justify\"><strong>Simulaci\u00f3n de baja fidelidad con talleres de determinadas situaciones urgentes<\/strong>: inmovilizaci\u00f3n de heridos en accidente de tr\u00e1fico, suturas, escayolas, heridas graves, etc<\/p>\n<p align=\"justify\"><strong>Simulacro*<\/strong> en el campus, basado en rescate de heridos en accidente de m\u00faltiples v\u00edctimas. Esta pr\u00e1ctica se realizar\u00e1 con la colaboraci\u00f3n de los equipos de protecci\u00f3n civil, bomberos y polic\u00eda<\/p>\n<p align=\"justify\"><strong>Tutor\u00edas con el equipo docente<\/strong> disponible durante todo el curso para atender las dudas que puedan surgir<\/p>\n<p align=\"justify\"><strong>Tutor\u00edas con el Tutor\/a de TFM<\/strong>, para su seguimiento<\/p>\n<p align=\"justify\">*En el Simulacro de m\u00faltiples v\u00edctimas, los estudiantes deber\u00e1n ir provistos de todas las medidas de protecci\u00f3n utilizadas en las pr\u00e1cticas externas (uniforme con se\u00f1alizaciones de visibilidad, casco, chaleco reflectante, etc.)<\/p>\n<p><strong>Pr\u00e1cticas externas<\/strong>:<\/p>\n<p align=\"justify\">&#8211; Turnos en <strong>Unidades de Cuidados Intensivos<\/strong> (UCI) y de<strong> Urgencias <\/strong>hospitalarias<\/p>\n<p align=\"justify\">&#8211; Guardias en <strong>Unidades Medicalizadas de Emergencias <\/strong>(UMEs)<\/p>\n<p align=\"justify\">&#8211; Guardias en <b>Soportes Vitales Avanzados de Enfermer\u00eda <\/b>(SVAEs)<\/p>\n<p align=\"justify\">&#8211; Guardias en el <strong>Centro coordinador de Urgencias <\/strong>(112)<\/p>\n<p align=\"justify\">&#8211; Guardias en <strong>Transporte A\u00e9reo Sanitario<\/strong> (TAS) (opcional)<\/p>\n","protected":false},"excerpt":{"rendered":"<p>Sesiones te\u00f3ricas, con actualizaci\u00f3n de conocimientos te\u00f3ricos Formaci\u00f3n pr\u00e1ctico-cl\u00ednica, con entrenamiento y simulaci\u00f3n de los conocimientos te\u00f3ricos a la pr\u00e1ctica cl\u00ednica, realizadas en grupos reducidos (9\/10 estudiantes) en el \u00c1rea de Simulaci\u00f3n y Laboratorios Simulaci\u00f3n de baja fidelidad con talleres de determinadas situaciones urgentes: inmovilizaci\u00f3n de heridos en accidente de tr\u00e1fico, suturas, escayolas, heridas graves, &hellip; <\/p>\n<p class=\"link-more\"><a href=\"https:\/\/blog.uclm.es\/tp-meuesct\/metodologia-de-aprendizaje\/\" class=\"more-link\">Continuar leyendo<span class=\"screen-reader-text\"> \u00abMetodolog\u00eda de aprendizaje\u00bb<\/span><\/a><\/p>\n","protected":false},"author":363,"featured_media":0,"parent":0,"menu_order":0,"comment_status":"closed","ping_status":"closed","template":"","meta":{"footnotes":""},"class_list":["post-246","page","type-page","status-publish","hentry"],"_links":{"self":[{"href":"https:\/\/blog.uclm.es\/tp-meuesct\/wp-json\/wp\/v2\/pages\/246","targetHints":{"allow":["GET"]}}],"collection":[{"href":"https:\/\/blog.uclm.es\/tp-meuesct\/wp-json\/wp\/v2\/pages"}],"about":[{"href":"https:\/\/blog.uclm.es\/tp-meuesct\/wp-json\/wp\/v2\/types\/page"}],"author":[{"embeddable":true,"href":"https:\/\/blog.uclm.es\/tp-meuesct\/wp-json\/wp\/v2\/users\/363"}],"replies":[{"embeddable":true,"href":"https:\/\/blog.uclm.es\/tp-meuesct\/wp-json\/wp\/v2\/comments?post=246"}],"version-history":[{"count":6,"href":"https:\/\/blog.uclm.es\/tp-meuesct\/wp-json\/wp\/v2\/pages\/246\/revisions"}],"predecessor-version":[{"id":1273,"href":"https:\/\/blog.uclm.es\/tp-meuesct\/wp-json\/wp\/v2\/pages\/246\/revisions\/1273"}],"wp:attachment":[{"href":"https:\/\/blog.uclm.es\/tp-meuesct\/wp-json\/wp\/v2\/media?parent=246"}],"curies":[{"name":"wp","href":"https:\/\/api.w.org\/{rel}","templated":true}]}}