{"id":1289,"date":"2024-10-09T08:39:02","date_gmt":"2024-10-09T08:39:02","guid":{"rendered":"https:\/\/blog.uclm.es\/tp-meuesct\/?page_id=1289"},"modified":"2024-10-16T10:53:33","modified_gmt":"2024-10-16T10:53:33","slug":"bibliografia","status":"publish","type":"page","link":"https:\/\/blog.uclm.es\/tp-meuesct\/bibliografia\/","title":{"rendered":"Bibliograf\u00eda recomendada"},"content":{"rendered":"\n<h4 class=\"wp-block-heading\"><a href=\"https:\/\/toledo.sanidad.castillalamancha.es\/sites\/toledo.sescam.castillalamancha.es\/files\/publicaciones\/08\/07\/2021\/manual_de_urgencias.pdf\">Manual de Protocolos y Actuaci\u00f3n en URGENCIAS (5 Ed.)<\/a><\/h4>\n\n\n\n<h4 class=\"wp-block-heading\"><a href=\"http:\/\/catalogo.biblioteca.uclm.es\/opac\/BaratzCL?TITN=886888\">Manual de enfermer\u00eda en emergencia prehospitalaria y rescate<\/a><\/h4>\n\n\n\n<h4 class=\"wp-block-heading\"><a href=\"https:\/\/sanidad.castillalamancha.es\/sites\/sescam.castillalamancha.es\/files\/documentos\/pdf\/20141029\/guia_asistencial_2014.pdf\">Gu\u00eda asistencial urgencias y emergencias extrahospitalarias<\/a><\/h4>\n\n\n\n<h4 class=\"wp-block-heading\"><a href=\"https:\/\/www.saludcastillayleon.es\/institucion\/es\/biblioteca\/materiales-consejeria-sanidad\/buscador\/manual-actuacion-clinica-unidades-medicalizadas-emergencia\">Manual de actuaci\u00f3n cl\u00ednica en las unidades medicalizadas de emergencia<\/a><\/h4>\n\n\n\n<h4 class=\"wp-block-heading\"><a href=\"https:\/\/artemergencia.es\/wp-content\/uploads\/2018\/05\/Guia_Trafico_061.pdf\">Gu\u00eda de rescate sanitario en accidentes de transporte de tr\u00e1fico<\/a><\/h4>\n\n\n\n<h4 class=\"wp-block-heading\"><a href=\"https:\/\/publicaciones.defensa.gob.es\/media\/downloadable\/files\/links\/p\/r\/protocolo_trauma_grave_.pdf\">Gu\u00eda pr\u00e1ctica cl\u00ednica para el manejo del trauma grave<\/a><\/h4>\n\n\n\n<p><\/p>\n","protected":false},"excerpt":{"rendered":"<p>Manual de Protocolos y Actuaci\u00f3n en URGENCIAS (5 Ed.) Manual de enfermer\u00eda en emergencia prehospitalaria y rescate Gu\u00eda asistencial urgencias y emergencias extrahospitalarias Manual de actuaci\u00f3n cl\u00ednica en las unidades medicalizadas de emergencia Gu\u00eda de rescate sanitario en accidentes de transporte de tr\u00e1fico Gu\u00eda pr\u00e1ctica cl\u00ednica para el manejo del trauma grave<\/p>\n","protected":false},"author":363,"featured_media":0,"parent":0,"menu_order":0,"comment_status":"closed","ping_status":"closed","template":"","meta":{"footnotes":""},"class_list":["post-1289","page","type-page","status-publish","hentry"],"_links":{"self":[{"href":"https:\/\/blog.uclm.es\/tp-meuesct\/wp-json\/wp\/v2\/pages\/1289","targetHints":{"allow":["GET"]}}],"collection":[{"href":"https:\/\/blog.uclm.es\/tp-meuesct\/wp-json\/wp\/v2\/pages"}],"about":[{"href":"https:\/\/blog.uclm.es\/tp-meuesct\/wp-json\/wp\/v2\/types\/page"}],"author":[{"embeddable":true,"href":"https:\/\/blog.uclm.es\/tp-meuesct\/wp-json\/wp\/v2\/users\/363"}],"replies":[{"embeddable":true,"href":"https:\/\/blog.uclm.es\/tp-meuesct\/wp-json\/wp\/v2\/comments?post=1289"}],"version-history":[{"count":10,"href":"https:\/\/blog.uclm.es\/tp-meuesct\/wp-json\/wp\/v2\/pages\/1289\/revisions"}],"predecessor-version":[{"id":1309,"href":"https:\/\/blog.uclm.es\/tp-meuesct\/wp-json\/wp\/v2\/pages\/1289\/revisions\/1309"}],"wp:attachment":[{"href":"https:\/\/blog.uclm.es\/tp-meuesct\/wp-json\/wp\/v2\/media?parent=1289"}],"curies":[{"name":"wp","href":"https:\/\/api.w.org\/{rel}","templated":true}]}}