{"id":1048,"date":"2021-05-26T11:13:25","date_gmt":"2021-05-26T10:13:25","guid":{"rendered":"https:\/\/blog.uclm.es\/tp-meuesct\/?page_id=1048"},"modified":"2025-01-20T15:44:13","modified_gmt":"2025-01-20T15:44:13","slug":"profesorado","status":"publish","type":"page","link":"https:\/\/blog.uclm.es\/tp-meuesct\/profesorado\/","title":{"rendered":"Profesorado"},"content":{"rendered":"\n<p><strong><mark style=\"background-color:#cf2e2e\" class=\"has-inline-color has-white-color\">Docentes UCLM<\/mark><\/strong><\/p>\n\n\n\n<figure class=\"wp-block-table is-style-stripes\"><table class=\"has-fixed-layout\"><tbody><tr><td><strong>CARLOS BERLANGA MAC\u00cdAS<br><\/strong>ENFERMERO<br>PROF. CONTRATADO DOCTOR DE FACULTAD DE ENFERMER\u00cdA DE ALBACETE (UCLM)<\/td><\/tr><tr><td><strong>ALBERTO BERMEJO CANTARERO<\/strong><br>ENFERMERO<strong><br><\/strong>PROF. AYUDANTE DOCTOR DE FACULTAD DE ENFERMER\u00cdA DE CIUDAD REAL&nbsp; (UCLM)<\/td><\/tr><tr><td><strong>RA\u00daL CANABAL BERLANGA<\/strong><br>M\u00c9DICO<br>PROF. ASOCIADO FACULTAD DE MEDICINA\/ COORDINADOR URGENCIAS HUT (SESCAM)<\/td><\/tr><tr><td><strong>JUAN MANUEL CARMONA TORRES<\/strong><br>ENFERMERO<br>PROF. TITULAR DE FACULTAD DE FISIOTERAPIA Y ENFERMER\u00cdA DE TOLEDO (UCLM)<\/td><\/tr><tr><td><strong>FRANCISCO JOS\u00c9 CELADA CAJAL<\/strong><br>ENFERMERO y PSICOLOGO<strong><br><\/strong>PROF. ASOCIADO DE FACULTAD DE FISIOTERAPIA Y ENFERMER\u00cdA DE TOLEDO (UCLM)<\/td><\/tr><tr><td><strong>ANA ISABEL COBO CUENCA<\/strong><br>ENFERMERA<br>PROFA. TITULAR DE FACULTAD DE FISIOTERAPIA Y ENFERMER\u00cdA DE TOLEDO (UCLM)<\/td><\/tr><tr><td><strong>ANA D\u00cdEZ FERN\u00c1NDEZ&nbsp;<\/strong><br>ENFERMERA<br>PROFA. TITULAR FACULTAD DE ENFERMER\u00cdA DE CUENCA (UCLM)<\/td><\/tr><tr><td><strong>JOS\u00c9 ALBERTO LAREDO AGUILERA<\/strong><br>ENFERMERO<strong><br><\/strong>PROF. TITULAR DE FACULTAD DE FISIOTERAPIA Y ENFERMER\u00cdA DE TOLEDO (UCLM)<\/td><\/tr><tr><td><strong>NOELIA M\u00aa MART\u00cdN ESPINOSA<br><\/strong>ENFERMERA<br>PROFA. CONTRATADA DOCTORA DE FACULTAD DE FISIOTERAPIA Y ENFERMER\u00cdA DE TOLEDO (UCLM)<\/td><\/tr><tr><td><strong>MARIO MART\u00cdNEZ TORIJA<\/strong><br>ENFERMERO<br>PROF. ASOCIADO CL\u00cdNICO DE FACULTAD FISIOTERAPIA Y ENFERMER\u00cdA DE TOLEDO DE UCLM\/ SESCAM<\/td><\/tr><tr><td><strong>VICTORIA MAZOTERAS PARDO<br><\/strong>ENFERMERA<br>PROFA. CONTRATADA DOCTORA DE FACULTAD DE ENFERMER\u00cdA DE CIUDAD REAL&nbsp; (UCLM)<\/td><\/tr><tr><td><strong>ROSA M\u00aa P\u00cdRIZ CAMPOS<br><\/strong>ENFERMERA<br>PROFA. TITULAR DE FACULTAD DE FISIOTERAPIA Y ENFERMER\u00cdA DE TOLEDO (UCLM)<\/td><\/tr><tr><td><strong>ANDR\u00c9S REDONDO T\u00c9BAR<br><\/strong>ENFERMERO<br>PROF. AYUDANTE DOCTOR DE FACULTAD DE ENFERMER\u00cdA DE CIUDAD REAL&nbsp; (UCLM)<\/td><\/tr><tr><td><strong>PEDRO MANUEL RODR\u00cdGUEZ MU\u00d1OZ<\/strong><br>ENFERMERO<br>PROF. CONTRATADO DOCTOR DE FACULTAD DE FISIOTERAPIA Y ENFERMER\u00cdA DE TOLEDO (UCLM)<\/td><\/tr><tr><td><strong>SILVIA ROJO V\u00c1ZQUEZ<br><\/strong>ENFERMERA<br>PROFA. ASOCIADA DE FACULTAD DE FISIOTERAPIA Y ENFERMER\u00cdA DE TOLEDO (UCLM)<\/td><\/tr><tr><td><strong>GEMA SANABRIA MART\u00cdNEZ<br><\/strong>ENFERMERA<br>PROFA. ASOCIADA DE FACULTAD DE ENFERMER\u00cdA DE CUENCA UCLM\/ MATRONA EN SESCAM<\/td><\/tr><tr><td><strong>ESMERALDA SANTACRUZ SALAS<br><\/strong>ENFERMERA<br>PROFA. CONTRATADA DOCTORA DE FACULTAD DE FISIOTERAPIA Y ENFERMER\u00cdA DE TOLEDO (UCLM)<\/td><\/tr><\/tbody><\/table><\/figure>\n\n\n\n<p><strong><mark style=\"background-color:#cf2e2e\" class=\"has-inline-color has-white-color\">Profesionales<\/mark><\/strong><\/p>\n\n\n\n<figure class=\"wp-block-table is-style-stripes\"><table class=\"has-fixed-layout\"><tbody><tr><td><strong>JUAN CARLOS CANO B\u00c9JAR&nbsp;<br><\/strong>ENFERMERO\/TES&nbsp;<br>SAMUR<\/td><\/tr><tr><td><strong>MARIA CRISTINA CARRIEDO SCHER&nbsp;<br><\/strong>M\u00c9DICA<br>EMERGENCIAS SESCAM<\/td><\/tr><tr><td><strong>RICARDO DELGADO S\u00c1NCHEZ&nbsp;<br><\/strong>ENFERMERO<br>RESPONSABLE DE EQUIPOS DE LA ENFERMER\u00cdA DE G.U.E.T.S (SESCAM)<\/td><\/tr><tr><td><strong>MONTSERRAT GARC\u00cdA GONZ\u00c1LEZ&nbsp;<br><\/strong>ENFERMERA<br>SESCAM<\/td><\/tr><tr><td><strong>C\u00c9SAR GONZ\u00c1LEZ CONTRERAS&nbsp;<br><\/strong>ENFERMERO<br>SESCAM<\/td><\/tr><tr><td><strong>JOS\u00c9 IGNACIO GARROTE MORENO<br><\/strong>M\u00c9DICO<br>EMERGENCIAS SESCAM<\/td><\/tr><tr><td><strong>EDUARDO TOM\u00c1S GONZ\u00c1LEZ GARC\u00cdA&nbsp;<br><\/strong>M\u00c9DICO<br>SESCAM<\/td><\/tr><tr><td><strong>SUSANA LAURA JIM\u00c9NEZ COBO&nbsp;<br><\/strong>ENFERMERA<br>EMERGENCIAS SESCAM<\/td><\/tr><tr><td><strong>ALBERTO L\u00d3PEZ BALLESTEROS<br><\/strong>ENFERMERO<br>DIRECTOR GERENTE DE LA G.U.E.T.S (SESCAM)<\/td><\/tr><tr><td><strong>ALBERTO LUQUE SILES<br><\/strong>ENFERMERO<br>EMERGENCIAS SESCAM<\/td><\/tr><tr><td><strong>MAR\u00cdA J\u00c9SICA MART\u00cdN LLORENTE<br><\/strong>ENFERMERA<br>UCI SESCAM\/ PROF ASOCIADA UNIVERSIDAD ALCAL\u00c1 DE HENARES<\/td><\/tr><tr><td><strong>MAR\u00cdA EUGENIA MEDINA CHOZAS<br><\/strong>M\u00c9DICA<br>COORDINADORA DE DOCENCIA Y CALIDAD DE LA G.U.E.S.T. (SESCAM)<\/td><\/tr><tr><td><strong>ROSA MAR\u00cdA MEDINA CUEVAS<br><\/strong>M\u00c9DICA<br>EMERGENCIAS SESCAM<\/td><\/tr><tr><td><strong>ALMUDENA MORENO \u00c1LVAREZ-VIJANDE<br><\/strong>M\u00c9DICA y ENFERMERA<br>EMERGENCIAS SESCAM<\/td><\/tr><tr><td><strong>YAGO MU\u00d1ECAS CUESTA<br><\/strong>ENFERMERO<br>EMERGENCIAS SESCAM<\/td><\/tr><tr><td><strong>AGUST\u00cdN NAVARRO FERN\u00c1NDEZ-CLEMENTE<br><\/strong>TENIENTE CABALLER\u00cdA<br>UNIDAD MILITAR DE EMERGENCIAS<\/td><\/tr><tr><td><strong>JUAN ANTONIO S\u00c1NCHEZ LOSADA<br><\/strong>M\u00c9DICO<br>EMERGENCIAS SESCAM<\/td><\/tr><tr><td><strong>LUCIA S\u00c1NCHEZ VINAROZ&nbsp;<br><\/strong>ENFERMERA<br>SESCAM<\/td><\/tr><tr><td><strong>ANTONIO SERRANO GARCIA<br><\/strong>ENFERMERO<br>EMERGENCIAS SESCAM<\/td><\/tr><tr><td><strong>SOF\u00cdA VALVERDE FERN\u00c1NDEZ<br><\/strong>ENFERMERA<br>SESCAM<\/td><\/tr><tr><td><strong>MAR\u00cdA YOLANDA V\u00c1ZQUEZ MART\u00cdNEZ&nbsp;<br><\/strong>ENFERMERA<br>EMERGENCIAS SESCAM<\/td><\/tr><tr><td><strong>DIEGO VILLALOBOS BUITRAGO&nbsp;<br><\/strong>ENFERMERO<br>DIRECTOR ENFERMER\u00cdA DE LA G.U.E.T.S (SESCAM)<\/td><\/tr><tr><td><strong>SERGIO VILLAR JIMENEZ<br><\/strong>SARGENTO DE INFANTERIA<br>EJ\u00c9RCITO DE TIERRA<\/td><\/tr><\/tbody><\/table><\/figure>\n","protected":false},"excerpt":{"rendered":"<p>Docentes UCLM CARLOS BERLANGA MAC\u00cdASENFERMEROPROF. CONTRATADO DOCTOR DE FACULTAD DE ENFERMER\u00cdA DE ALBACETE (UCLM) ALBERTO BERMEJO CANTAREROENFERMEROPROF. AYUDANTE DOCTOR DE FACULTAD DE ENFERMER\u00cdA DE CIUDAD REAL&nbsp; (UCLM) RA\u00daL CANABAL BERLANGAM\u00c9DICOPROF. ASOCIADO FACULTAD DE MEDICINA\/ COORDINADOR URGENCIAS HUT (SESCAM) JUAN MANUEL CARMONA TORRESENFERMEROPROF. TITULAR DE FACULTAD DE FISIOTERAPIA Y ENFERMER\u00cdA DE TOLEDO (UCLM) FRANCISCO JOS\u00c9 CELADA &hellip; <\/p>\n<p class=\"link-more\"><a href=\"https:\/\/blog.uclm.es\/tp-meuesct\/profesorado\/\" class=\"more-link\">Continuar leyendo<span class=\"screen-reader-text\"> \u00abProfesorado\u00bb<\/span><\/a><\/p>\n","protected":false},"author":363,"featured_media":0,"parent":0,"menu_order":0,"comment_status":"closed","ping_status":"closed","template":"","meta":{"footnotes":""},"class_list":["post-1048","page","type-page","status-publish","hentry"],"_links":{"self":[{"href":"https:\/\/blog.uclm.es\/tp-meuesct\/wp-json\/wp\/v2\/pages\/1048","targetHints":{"allow":["GET"]}}],"collection":[{"href":"https:\/\/blog.uclm.es\/tp-meuesct\/wp-json\/wp\/v2\/pages"}],"about":[{"href":"https:\/\/blog.uclm.es\/tp-meuesct\/wp-json\/wp\/v2\/types\/page"}],"author":[{"embeddable":true,"href":"https:\/\/blog.uclm.es\/tp-meuesct\/wp-json\/wp\/v2\/users\/363"}],"replies":[{"embeddable":true,"href":"https:\/\/blog.uclm.es\/tp-meuesct\/wp-json\/wp\/v2\/comments?post=1048"}],"version-history":[{"count":12,"href":"https:\/\/blog.uclm.es\/tp-meuesct\/wp-json\/wp\/v2\/pages\/1048\/revisions"}],"predecessor-version":[{"id":1345,"href":"https:\/\/blog.uclm.es\/tp-meuesct\/wp-json\/wp\/v2\/pages\/1048\/revisions\/1345"}],"wp:attachment":[{"href":"https:\/\/blog.uclm.es\/tp-meuesct\/wp-json\/wp\/v2\/media?parent=1048"}],"curies":[{"name":"wp","href":"https:\/\/api.w.org\/{rel}","templated":true}]}}