{"id":995,"date":"2022-07-19T08:40:48","date_gmt":"2022-07-19T07:40:48","guid":{"rendered":"https:\/\/blog.uclm.es\/tp-mbsba\/?page_id=995"},"modified":"2026-02-14T08:29:12","modified_gmt":"2026-02-14T08:29:12","slug":"inicio-3","status":"publish","type":"page","link":"https:\/\/blog.uclm.es\/tp-mbsba\/","title":{"rendered":"Datos que transforman tu futuro: elige tu programa"},"content":{"rendered":"<p><!-- CURSOS --><\/p>\n<div style=\"display: grid;grid-template-columns: 1fr 1fr;gap: 24px;max-width: 1200px;margin: 0 auto\">\n<div style=\"background: #FAFAFA;border-radius: 10px;overflow: hidden\">\n<div style=\"background: #A00032;height: 6px\"><\/div>\n<div style=\"padding: 20px\">\n<h3 style=\"color: #a00032;margin: 0 0 10px;font-size: 1.05em\">M\u00e1ster en Data Science &amp; Business Analytics<\/h3>\n<ul>\n<li>\ud83d\udcbb On-line 100%<\/li>\n<li>\ud83d\udcb0 Formaci\u00f3n FUNDAE<\/li>\n<li>\ud83d\udc69\ud83c\udffd\u200d\ud83d\udcbb 60 ECTS<\/li>\n<li>\ud83e\ude7a\ud83d\udc68\ud83c\udffd\u200d\u2695\ufe0f\u26bd\ud83d\udc69\ud83c\udffd\u200d\ud83d\udd2c Masterclasses<\/li>\n<\/ul>\n<\/div>\n<\/div>\n<div style=\"background: #FAFAFA;border-radius: 10px;overflow: hidden\">\n<div style=\"background: #A00032;height: 6px\"><\/div>\n<div style=\"padding: 20px\">\n<h3 style=\"color: #a00032;margin: 0 0 10px;font-size: 1.05em\">Experto en Modeling &amp; Data Mining<\/h3>\n<ul>\n<li>\ud83d\udcbb On-line 100%<\/li>\n<li>\ud83d\udcb0 Formaci\u00f3n FUNDAE<\/li>\n<li>\ud83d\udc69\ud83c\udffd\u200d\ud83d\udcbb 27 ECTS<\/li>\n<li>\ud83e\ude7a\ud83d\udc68\ud83c\udffd\u200d\u2695\ufe0f\u26bd\ud83d\udc69\ud83c\udffd\u200d\ud83d\udd2c Masterclasses<\/li>\n<\/ul>\n<\/div>\n<\/div>\n<div style=\"background: #FAFAFA;border-radius: 10px;overflow: hidden\">\n<div style=\"background: #A00032;height: 6px\"><\/div>\n<div style=\"padding: 20px\">\n<h3 style=\"color: #a00032;margin: 0 0 10px;font-size: 1em\">Curso Universitario de Formaci\u00f3n Avanzada en Modelizaci\u00f3n Estad\u00edstica y Miner\u00eda de Datos<\/h3>\n<ul>\n<li>\ud83d\udc49\ud83c\udffd Sin titulaci\u00f3n universitaria<\/li>\n<li>\ud83d\udcbb On-line 100%<\/li>\n<li>\ud83d\udcb0 Formaci\u00f3n FUNDAE<\/li>\n<li>\ud83d\udc69\ud83c\udffd\u200d\ud83d\udcbb 27 ECTS<\/li>\n<li>\ud83e\ude7a\ud83d\udc68\ud83c\udffd\u200d\u2695\ufe0f\u26bd\ud83d\udc69\ud83c\udffd\u200d\ud83d\udd2c Masterclasses<\/li>\n<\/ul>\n<\/div>\n<\/div>\n<div style=\"background: #FAFAFA;border-radius: 10px;overflow: hidden\">\n<div style=\"background: #A00032;height: 6px\"><\/div>\n<div style=\"padding: 20px\">\n<h3 style=\"color: #a00032;margin: 0 0 10px;font-size: 1em\">Curso Universitario de Formaci\u00f3n Avanzada en T\u00e9cnicas Estad\u00edsticas Avanzadas e Inteligencia Artificial<\/h3>\n<ul>\n<li>\ud83d\udc49\ud83c\udffd Sin titulaci\u00f3n universitaria<\/li>\n<li>\ud83d\udcbb On-line 100%<\/li>\n<li>\ud83d\udcb0 Formaci\u00f3n FUNDAE<\/li>\n<li>\ud83d\udc69\ud83c\udffd\u200d\ud83d\udcbb 27 ECTS<\/li>\n<li>\ud83e\ude7a\ud83d\udc68\ud83c\udffd\u200d\u2695\ufe0f\u26bd\ud83d\udc69\ud83c\udffd\u200d\ud83d\udd2c Masterclasses<\/li>\n<\/ul>\n<\/div>\n<\/div>\n<\/div>\n<p><!-- TITULO COLABORADORES --><\/p>\n<h2 style=\"text-align: center;margin-top: 40px\"><strong>Colaboradores<\/strong><\/h2>\n<p><!-- LOGOS DE COLABORADORES EN FORMATO TABLA 3 COLUMNAS --><\/p>\n<table style=\"width: 100%;max-width: 1000px;margin: 20px auto;border-collapse: separate;border-spacing: 20px\">\n<tbody>\n<tr>\n<td style=\"text-align: center;vertical-align: middle\"><a href=\"https:\/\/www.asepelt.org\/\" target=\"_blank\" rel=\"noopener\"><img decoding=\"async\" class=\"aligncenter\" style=\"height: 70px\" src=\"https:\/\/blog.uclm.es\/tp-mbsba\/wp-content\/uploads\/sites\/176\/2021\/03\/ASEPELT.png\" \/><\/a><\/td>\n<td style=\"text-align: center;vertical-align: middle\"><a href=\"http:\/\/r-es.org\/\" target=\"_blank\" rel=\"noopener\"><img decoding=\"async\" class=\"aligncenter\" style=\"height: 60px\" src=\"https:\/\/blog.uclm.es\/tp-mbsba\/wp-content\/uploads\/sites\/176\/2021\/03\/R-HISPANO.png\" \/><\/a><\/td>\n<td style=\"text-align: center;vertical-align: middle\"><a href=\"https:\/\/analyticae.es\" target=\"_blank\" rel=\"noopener\"><img decoding=\"async\" style=\"height: 60px\" src=\"https:\/\/blog.uclm.es\/tp-mbsba\/wp-content\/uploads\/sites\/176\/2023\/01\/cropped-MARCA-ANALYTICAE.color_-4.png\" \/><\/a><\/td>\n<\/tr>\n<tr>\n<td style=\"text-align: center;vertical-align: middle\"><a href=\"https:\/\/www.geicam.org\" target=\"_blank\" rel=\"noopener\"><img decoding=\"async\" class=\"aligncenter\" style=\"height: 60px\" src=\"https:\/\/blog.uclm.es\/tp-mbsba\/wp-content\/uploads\/sites\/176\/2021\/02\/geicam.png\" \/><\/a><\/td>\n<td style=\"text-align: center;vertical-align: middle\"><a href=\"https:\/\/cecotam.colegioeconomistastam.org\" target=\"_blank\" rel=\"noopener\"><img decoding=\"async\" class=\"aligncenter\" style=\"height: 55px\" src=\"https:\/\/blog.uclm.es\/tp-mbsba\/wp-content\/uploads\/sites\/176\/2021\/06\/EmbeddedImage.png\" \/><\/a><\/td>\n<td style=\"text-align: center;vertical-align: middle\"><a href=\"https:\/\/www.ucn.cl\/\" target=\"_blank\" rel=\"noopener\"><img decoding=\"async\" class=\"aligncenter\" style=\"height: 70px\" src=\"https:\/\/blog.uclm.es\/tp-mbsba\/wp-content\/uploads\/sites\/176\/2021\/10\/Escudo-UCN-Full-Color.png\" \/><\/a><\/td>\n<\/tr>\n<tr>\n<td style=\"text-align: center;vertical-align: middle\"><a href=\"http:\/\/quixote.r-es.org\" target=\"_blank\" rel=\"noopener\"><img decoding=\"async\" class=\"aligncenter\" style=\"height: 70px\" src=\"https:\/\/blog.uclm.es\/tp-mbsba\/wp-content\/uploads\/sites\/176\/2021\/06\/rquixote_name.png\" \/><\/a><\/td>\n<td style=\"text-align: center;vertical-align: middle\"><a href=\"https:\/\/www2.deloitte.com\/es\/es.html\" target=\"_blank\" rel=\"noopener\"><img decoding=\"async\" class=\"aligncenter\" style=\"height: 60px\" src=\"https:\/\/blog.uclm.es\/tp-mbsba\/wp-content\/uploads\/sites\/176\/2021\/02\/deloitte2.png\" \/><\/a><\/td>\n<td style=\"text-align: center;vertical-align: middle\"><a href=\"https:\/\/www.dqteam.es\" target=\"_blank\" rel=\"noopener\"><img decoding=\"async\" class=\"aligncenter\" style=\"height: 50px\" src=\"https:\/\/blog.uclm.es\/tp-mbsba\/wp-content\/uploads\/sites\/176\/2021\/06\/DQTeamSL_logo-1024x352.png\" \/><\/a><\/td>\n<\/tr>\n<tr>\n<td style=\"text-align: center;vertical-align: middle\"><a href=\"https:\/\/www.comunidad.madrid\/hospital\/lapaz\/\" target=\"_blank\" rel=\"noopener\"><img decoding=\"async\" class=\"aligncenter\" style=\"height: 60px\" src=\"https:\/\/blog.uclm.es\/tp-mbsba\/wp-content\/uploads\/sites\/176\/2021\/05\/lapaz-1.png\" \/><\/a><\/td>\n<td style=\"text-align: center;vertical-align: middle\"><a href=\"http:\/\/www.profitmotivated.com\" target=\"_blank\" rel=\"noopener\"><img decoding=\"async\" class=\"aligncenter\" style=\"height: 55px\" src=\"https:\/\/blog.uclm.es\/tp-mbsba\/wp-content\/uploads\/sites\/176\/2021\/03\/PROFIT-MOTIVATED.png\" \/><\/a><\/td>\n<td style=\"text-align: center;vertical-align: middle\"><a href=\"https:\/\/grupooesia.com\" target=\"_blank\" rel=\"noopener\"><img decoding=\"async\" class=\"aligncenter\" style=\"height: 55px\" src=\"https:\/\/blog.uclm.es\/tp-mbsba\/wp-content\/uploads\/sites\/176\/2026\/01\/Oesia-edited.png\" \/><\/a><\/td>\n<\/tr>\n<tr>\n<td style=\"text-align: center;vertical-align: middle\"><a href=\"https:\/\/es.linkedin.com\/company\/appgree\" target=\"_blank\" rel=\"noopener\"><img decoding=\"async\" class=\"aligncenter\" style=\"height: 60px\" src=\"https:\/\/blog.uclm.es\/tp-mbsba\/wp-content\/uploads\/sites\/176\/2026\/01\/Colaborador_appgree.png\" \/><\/a><\/td>\n<td style=\"text-align: center;vertical-align: middle\"><a href=\"https:\/\/beyond-ai.education\/en\/\" target=\"_blank\" rel=\"noopener\"><img decoding=\"async\" class=\"aligncenter\" style=\"height: 60px\" src=\"https:\/\/blog.uclm.es\/tp-mbsba\/wp-content\/uploads\/sites\/176\/2026\/01\/Colaborador_BeyonA.png\" \/><\/a><\/td>\n<td style=\"text-align: center;vertical-align: middle\"><a href=\"https:\/\/www.edumaia.com\/es\" target=\"_blank\" rel=\"noopener\"><img decoding=\"async\" class=\"aligncenter\" style=\"height: 60px\" src=\"https:\/\/blog.uclm.es\/tp-mbsba\/wp-content\/uploads\/sites\/176\/2026\/01\/Colaborador_Edumaia.png\" \/><\/a><\/td>\n<\/tr>\n<tr>\n<td style=\"text-align: center;vertical-align: middle\"><a href=\"https:\/\/www.uclm.es\" target=\"_blank\" rel=\"noopener\"><img decoding=\"async\" class=\"aligncenter\" style=\"height: 60px\" src=\"https:\/\/blog.uclm.es\/tp-mbsba\/wp-content\/uploads\/sites\/176\/2026\/01\/Colaborador_EU.png\" \/><\/a><\/td>\n<td style=\"text-align: center;vertical-align: middle\"><a href=\"https:\/\/www.uclm.es\" target=\"_blank\" rel=\"noopener\"><img decoding=\"async\" class=\"aligncenter\" style=\"height: 60px\" src=\"https:\/\/blog.uclm.es\/tp-mbsba\/wp-content\/uploads\/sites\/176\/2026\/01\/Colaborador_ndu.png\" \/><\/a><\/td>\n<td style=\"text-align: center;vertical-align: middle\"><a><img decoding=\"async\" class=\"aligncenter\" style=\"height: 60px\" src=\"https:\/\/blog.uclm.es\/tp-mbsba\/wp-content\/uploads\/sites\/176\/2026\/01\/Colaborador_TeleMedcare.png\" \/><\/a><\/td>\n<\/tr>\n<tr>\n<td style=\"text-align: center;vertical-align: middle\"><a href=\"http:\/\/thedatascientist.es\/\" target=\"_blank\" rel=\"noopener\"><img decoding=\"async\" class=\"aligncenter\" style=\"height: 60px\" src=\"https:\/\/blog.uclm.es\/tp-mbsba\/wp-content\/uploads\/sites\/176\/2021\/06\/Logo_TDSM.png\" \/><\/a><\/td>\n<td style=\"text-align: center;vertical-align: middle\"><a href=\"https:\/\/www.uclm.es\" target=\"_blank\" rel=\"noopener\"><img decoding=\"async\" class=\"aligncenter\" style=\"height: 60px\" src=\"https:\/\/blog.uclm.es\/tp-mbsba\/wp-content\/uploads\/sites\/176\/2026\/01\/Colaborador1_8ree.png\" \/><\/a><\/td>\n<td style=\"text-align: center;vertical-align: middle\"><a href=\"https:\/\/www.uclm.es\" target=\"_blank\" rel=\"noopener\"><img decoding=\"async\" class=\"aligncenter\" style=\"height: 60px\" src=\"https:\/\/blog.uclm.es\/tp-mbsba\/wp-content\/uploads\/sites\/176\/2026\/01\/Colaborador1_10people.png\" \/><\/a><\/td>\n<\/tr>\n<tr>\n<td style=\"text-align: center;vertical-align: middle\"><a href=\"https:\/\/www.uclm.es\" target=\"_blank\" rel=\"noopener\"><img decoding=\"async\" class=\"aligncenter\" style=\"height: 60px\" src=\"https:\/\/blog.uclm.es\/tp-mbsba\/wp-content\/uploads\/sites\/176\/2026\/01\/Colaborador1_bidea1.png\" \/><\/a><\/td>\n<td style=\"text-align: center;vertical-align: middle\"><a href=\"https:\/\/www.uclm.es\" target=\"_blank\" rel=\"noopener\"><img decoding=\"async\" class=\"aligncenter\" style=\"height: 60px\" src=\"https:\/\/blog.uclm.es\/tp-mbsba\/wp-content\/uploads\/sites\/176\/2026\/01\/Colaborador1_isciii.jpg\" \/><\/a><\/td>\n<td style=\"text-align: center;vertical-align: middle\"><a href=\"https:\/\/www.uclm.es\" target=\"_blank\" rel=\"noopener\"><img decoding=\"async\" class=\"aligncenter\" style=\"height: 45px\" src=\"https:\/\/blog.uclm.es\/tp-mbsba\/wp-content\/uploads\/sites\/176\/2026\/01\/Colaborador1_santander.png\" \/><\/a><\/td>\n<\/tr>\n<tr>\n<td style=\"text-align: center;vertical-align: middle\"><a href=\"https:\/\/www.uclm.es\" target=\"_blank\" rel=\"noopener\"><img decoding=\"async\" class=\"aligncenter\" style=\"height: 60px\" src=\"https:\/\/blog.uclm.es\/tp-mbsba\/wp-content\/uploads\/sites\/176\/2026\/01\/Colaboradores2_TEU.png\" \/><\/a><\/td>\n<td style=\"text-align: center;vertical-align: middle\"><a href=\"https:\/\/www.uclm.es\" target=\"_blank\" rel=\"noopener\"><img decoding=\"async\" class=\"aligncenter\" style=\"height: 60px\" src=\"https:\/\/blog.uclm.es\/tp-mbsba\/wp-content\/uploads\/sites\/176\/2026\/01\/Colaboradores2_ASIA.png\" \/><\/a><\/td>\n<td style=\"text-align: center;vertical-align: middle\"><a href=\"https:\/\/www.uclm.es\" target=\"_blank\" rel=\"noopener\"><img decoding=\"async\" class=\"aligncenter\" style=\"height: 60px\" src=\"https:\/\/blog.uclm.es\/tp-mbsba\/wp-content\/uploads\/sites\/176\/2026\/01\/Colaboradores2_Klein.jpg\" \/><\/a><\/td>\n<\/tr>\n<tr>\n<td style=\"text-align: center;vertical-align: middle\"><img loading=\"lazy\" decoding=\"async\" class=\"alignnone size-medium wp-image-2440\" src=\"https:\/\/blog.uclm.es\/tp-mbsba\/wp-content\/uploads\/sites\/176\/2026\/02\/Logo_Estira-300x139.png\" alt=\"\" width=\"300\" height=\"139\" srcset=\"https:\/\/blog.uclm.es\/tp-mbsba\/wp-content\/uploads\/sites\/176\/2026\/02\/Logo_Estira-300x139.png 300w, https:\/\/blog.uclm.es\/tp-mbsba\/wp-content\/uploads\/sites\/176\/2026\/02\/Logo_Estira.png 588w\" sizes=\"auto, (max-width: 300px) 100vw, 300px\" \/><\/td>\n<td style=\"text-align: center;vertical-align: middle\"><\/td>\n<td style=\"text-align: center;vertical-align: middle\"><\/td>\n<\/tr>\n<\/tbody>\n<\/table>\n","protected":false},"excerpt":{"rendered":"<p>M\u00e1ster en Data Science &amp; Business Analytics \ud83d\udcbb On-line 100% \ud83d\udcb0 Formaci\u00f3n FUNDAE \ud83d\udc69\ud83c\udffd\u200d\ud83d\udcbb 60 ECTS \ud83e\ude7a\ud83d\udc68\ud83c\udffd\u200d\u2695\ufe0f\u26bd\ud83d\udc69\ud83c\udffd\u200d\ud83d\udd2c Masterclasses Experto en Modeling &amp; Data Mining \ud83d\udcbb On-line 100% \ud83d\udcb0 Formaci\u00f3n FUNDAE \ud83d\udc69\ud83c\udffd\u200d\ud83d\udcbb 27 ECTS \ud83e\ude7a\ud83d\udc68\ud83c\udffd\u200d\u2695\ufe0f\u26bd\ud83d\udc69\ud83c\udffd\u200d\ud83d\udd2c Masterclasses Curso Universitario de Formaci\u00f3n Avanzada en Modelizaci\u00f3n Estad\u00edstica y Miner\u00eda de Datos \ud83d\udc49\ud83c\udffd Sin titulaci\u00f3n universitaria \ud83d\udcbb On-line 100% \ud83d\udcb0 &hellip; <a href=\"https:\/\/blog.uclm.es\/tp-mbsba\/\" class=\"more-link\">Sigue leyendo <span class=\"screen-reader-text\">Datos que transforman tu futuro: elige tu programa<\/span><\/a><\/p>\n","protected":false},"author":183,"featured_media":1919,"parent":0,"menu_order":0,"comment_status":"closed","ping_status":"closed","template":"","meta":{"footnotes":""},"class_list":["post-995","page","type-page","status-publish","has-post-thumbnail","hentry"],"_links":{"self":[{"href":"https:\/\/blog.uclm.es\/tp-mbsba\/wp-json\/wp\/v2\/pages\/995","targetHints":{"allow":["GET"]}}],"collection":[{"href":"https:\/\/blog.uclm.es\/tp-mbsba\/wp-json\/wp\/v2\/pages"}],"about":[{"href":"https:\/\/blog.uclm.es\/tp-mbsba\/wp-json\/wp\/v2\/types\/page"}],"author":[{"embeddable":true,"href":"https:\/\/blog.uclm.es\/tp-mbsba\/wp-json\/wp\/v2\/users\/183"}],"replies":[{"embeddable":true,"href":"https:\/\/blog.uclm.es\/tp-mbsba\/wp-json\/wp\/v2\/comments?post=995"}],"version-history":[{"count":166,"href":"https:\/\/blog.uclm.es\/tp-mbsba\/wp-json\/wp\/v2\/pages\/995\/revisions"}],"predecessor-version":[{"id":2484,"href":"https:\/\/blog.uclm.es\/tp-mbsba\/wp-json\/wp\/v2\/pages\/995\/revisions\/2484"}],"wp:featuredmedia":[{"embeddable":true,"href":"https:\/\/blog.uclm.es\/tp-mbsba\/wp-json\/wp\/v2\/media\/1919"}],"wp:attachment":[{"href":"https:\/\/blog.uclm.es\/tp-mbsba\/wp-json\/wp\/v2\/media?parent=995"}],"curies":[{"name":"wp","href":"https:\/\/api.w.org\/{rel}","templated":true}]}}