{"id":945,"date":"2021-01-28T18:35:16","date_gmt":"2021-01-28T17:35:16","guid":{"rendered":"http:\/\/blog.uclm.es\/tp-mbsba\/?page_id=53"},"modified":"2026-02-16T11:38:04","modified_gmt":"2026-02-16T11:38:04","slug":"inscripcion-y-detalles","status":"publish","type":"page","link":"https:\/\/blog.uclm.es\/tp-mbsba\/inscripcion-y-detalles\/","title":{"rendered":"Inscripciones"},"content":{"rendered":"\n<!-- TARJETAS DE INSCRIPCI\u00d3N OPTIMIZADAS Y COMPACTAS -->\n\n<!-- FILA 1 \u00b7 M\u00c1STER -->\n<div class=\"wp-block-columns\" style=\"justify-content:center;margin-bottom:16px\">\n\n  <div class=\"wp-block-column\" style=\"flex-basis:65%\">\n    <div class=\"wp-block-group has-background\" style=\"background:#ffffff;border-radius:14px;padding:18px;display:flex;flex-direction:column;align-items:center;border:2px solid #5562f3\">\n\n      <img decoding=\"async\" src=\"https:\/\/blog.uclm.es\/tp-mbsba\/wp-content\/uploads\/sites\/176\/2026\/01\/programa1.png\" style=\"width:120px;height:120px;object-fit:cover;border-radius:10px;margin-bottom:8px\">\n\n      <h3 style=\"color:#5562f3;font-size:20px;font-weight:800;text-align:center;margin:0 0 6px 0\">\n        M\u00e1ster de Formaci\u00f3n Permanente\n      <\/h3>\n\n      <p style=\"background-color:#5562f3;color:#ffffff;font-weight:700;font-size:14.5px;line-height:1.4;padding:8px 10px;border-radius:6px;text-align:center;margin:0 0 10px 0\">\n        \ud83d\udcca Data Science &amp; Business Analytics (R)\n      <\/p>\n\n      <a href=\"https:\/\/www.uclm.es\/estudios\/propios\/master-formacion-permanente-data-science-business-analytics-r-software\" target=\"_blank\" style=\"display:flex;align-items:center;justify-content:center;background-color:#ffffff;color:#A00032;font-weight:800;font-size:16.5px;padding:10px 30px;border-radius:12px;text-decoration:none;gap:10px\">\n\n        <img decoding=\"async\" src=\"https:\/\/blog.uclm.es\/tp-mbsba\/wp-content\/uploads\/sites\/176\/2021\/03\/UCLM.png\" style=\"height:26px;object-fit:contain\">\n\n        Matric\u00falate ahora\n      <\/a>\n\n    <\/div>\n  <\/div>\n\n<\/div>\n\n<!-- FILA 2 \u00b7 CURSO DE EXPERTO -->\n<div class=\"wp-block-columns\" style=\"justify-content:center;margin-bottom:16px\">\n\n  <div class=\"wp-block-column\" style=\"flex-basis:50%\">\n    <div class=\"wp-block-group has-background\" style=\"background:#ffffff;border-radius:14px;padding:16px;display:flex;flex-direction:column;align-items:center;border:2px solid #5562f3\">\n\n      <img decoding=\"async\" src=\"https:\/\/blog.uclm.es\/tp-mbsba\/wp-content\/uploads\/sites\/176\/2026\/01\/programa2.png\" style=\"width:100px;height:100px;object-fit:cover;border-radius:10px;margin-bottom:6px\">\n\n      <h3 style=\"color:#5562f3;font-size:18px;font-weight:700;text-align:center;margin:0 0 6px 0\">\n        Curso de Experto\n      <\/h3>\n\n      <p style=\"background-color:#5562f3;color:#ffffff;font-weight:700;font-size:14px;line-height:1.4;padding:8px;border-radius:6px;text-align:center;margin:0 0 8px 0\">\n        \ud83d\udcbb Modeling &amp; Data Mining (R)\n      <\/p>\n\n      <a href=\"https:\/\/www.uclm.es\/estudios\/propios\/experto-modeling-data-mining-r-software\" target=\"_blank\" style=\"display:flex;align-items:center;justify-content:center;background-color:#ffffff;color:#A00032;font-weight:800;font-size:16px;padding:10px 28px;border-radius:12px;text-decoration:none;gap:10px\">\n\n        <img decoding=\"async\" src=\"https:\/\/blog.uclm.es\/tp-mbsba\/wp-content\/uploads\/sites\/176\/2021\/03\/UCLM.png\" style=\"height:24px;object-fit:contain\">\n\n        Matric\u00falate ahora\n      <\/a>\n\n    <\/div>\n  <\/div>\n\n<\/div>\n\n<!-- FILA 3 \u00b7 CURSOS UNIVERSITARIOS -->\n<div class=\"wp-block-columns\" style=\"gap:20px\">\n\n  <!-- CURSO 3 -->\n  <div class=\"wp-block-column\">\n    <div class=\"wp-block-group has-background\" style=\"background:#ffffff;border-radius:14px;padding:16px;display:flex;flex-direction:column;align-items:center;border:2px solid #5562f3\">\n\n      <img decoding=\"async\" src=\"https:\/\/blog.uclm.es\/tp-mbsba\/wp-content\/uploads\/sites\/176\/2026\/01\/programa3.png\" style=\"width:100px;height:100px;object-fit:cover;border-radius:10px;margin-bottom:6px\">\n\n      <h3 style=\"color:#5562f3;font-size:17px;font-weight:700;text-align:center;margin:0 0 6px 0\">\n        Curso Univ. Formaci\u00f3n Avanzada\n      <\/h3>\n\n      <p style=\"background-color:#5562f3;color:#ffffff;font-weight:700;font-size:14px;line-height:1.4;padding:8px;border-radius:6px;text-align:center;margin:0 0 8px 0\">\n        \ud83d\udcc8 Modelizaci\u00f3n Estad\u00edstica y Miner\u00eda de Datos\n      <\/p>\n\n      <a href=\"https:\/\/www.uclm.es\/es\/estudios\/Propios\/curso-universitario-formacion-avanzada-modelizacion-estadisitica-mineria-datos\" target=\"_blank\" style=\"display:flex;align-items:center;justify-content:center;background-color:#ffffff;color:#A00032;font-weight:800;font-size:16px;padding:10px 28px;border-radius:12px;text-decoration:none;gap:10px\">\n\n        <img decoding=\"async\" src=\"https:\/\/blog.uclm.es\/tp-mbsba\/wp-content\/uploads\/sites\/176\/2021\/03\/UCLM.png\" style=\"height:24px;object-fit:contain\">\n\n        Matric\u00falate ahora\n      <\/a>\n\n    <\/div>\n  <\/div>\n\n  <!-- CURSO 4 -->\n  <div class=\"wp-block-column\">\n    <div class=\"wp-block-group has-background\" style=\"background:#ffffff;border-radius:14px;padding:16px;display:flex;flex-direction:column;align-items:center;border:2px solid #5562f3\">\n\n      <img decoding=\"async\" src=\"https:\/\/blog.uclm.es\/tp-mbsba\/wp-content\/uploads\/sites\/176\/2026\/01\/programa4.png\" style=\"width:100px;height:100px;object-fit:cover;border-radius:10px;margin-bottom:6px\">\n\n      <h3 style=\"color:#5562f3;font-size:17px;font-weight:700;text-align:center;margin:0 0 6px 0\">\n        Curso Univ. Formaci\u00f3n Avanzada\n      <\/h3>\n\n      <p style=\"background-color:#5562f3;color:#ffffff;font-weight:700;font-size:14px;line-height:1.4;padding:8px;border-radius:6px;text-align:center;margin:0 0 8px 0\">\n        \ud83e\udd16 T\u00e9cnicas Estad\u00edsticas Avanzadas e IA\n      <\/p>\n\n      <a href=\"https:\/\/www.uclm.es\/es\/estudios\/Propios\/curso-universitario-formacion-avanzada-tecnicas-estadisticas-avanzadas-inteligencia-artificial\" target=\"_blank\" style=\"display:flex;align-items:center;justify-content:center;background-color:#ffffff;color:#A00032;font-weight:800;font-size:16px;padding:10px 28px;border-radius:12px;text-decoration:none;gap:10px\">\n\n        <img decoding=\"async\" src=\"https:\/\/blog.uclm.es\/tp-mbsba\/wp-content\/uploads\/sites\/176\/2021\/03\/UCLM.png\" style=\"height:24px;object-fit:contain\">\n\n        Matric\u00falate ahora\n      <\/a>\n\n    <\/div>\n  <\/div>\n\n<\/div>\n\n\n<!-- \/wp:post-content -->","protected":false},"excerpt":{"rendered":"<p>M\u00e1ster de Formaci\u00f3n Permanente \ud83d\udcca Data Science &amp; Business Analytics (R) Matric\u00falate ahora Curso de Experto \ud83d\udcbb Modeling &amp; Data Mining (R) Matric\u00falate ahora Curso Univ. Formaci\u00f3n Avanzada \ud83d\udcc8 Modelizaci\u00f3n Estad\u00edstica y Miner\u00eda de Datos Matric\u00falate ahora Curso Univ. Formaci\u00f3n Avanzada \ud83e\udd16 T\u00e9cnicas Estad\u00edsticas Avanzadas e IA Matric\u00falate ahora<\/p>\n","protected":false},"author":0,"featured_media":0,"parent":0,"menu_order":0,"comment_status":"closed","ping_status":"closed","template":"","meta":{"footnotes":""},"class_list":["post-945","page","type-page","status-publish","hentry"],"_links":{"self":[{"href":"https:\/\/blog.uclm.es\/tp-mbsba\/wp-json\/wp\/v2\/pages\/945","targetHints":{"allow":["GET"]}}],"collection":[{"href":"https:\/\/blog.uclm.es\/tp-mbsba\/wp-json\/wp\/v2\/pages"}],"about":[{"href":"https:\/\/blog.uclm.es\/tp-mbsba\/wp-json\/wp\/v2\/types\/page"}],"replies":[{"embeddable":true,"href":"https:\/\/blog.uclm.es\/tp-mbsba\/wp-json\/wp\/v2\/comments?post=945"}],"version-history":[{"count":99,"href":"https:\/\/blog.uclm.es\/tp-mbsba\/wp-json\/wp\/v2\/pages\/945\/revisions"}],"predecessor-version":[{"id":2454,"href":"https:\/\/blog.uclm.es\/tp-mbsba\/wp-json\/wp\/v2\/pages\/945\/revisions\/2454"}],"wp:attachment":[{"href":"https:\/\/blog.uclm.es\/tp-mbsba\/wp-json\/wp\/v2\/media?parent=945"}],"curies":[{"name":"wp","href":"https:\/\/api.w.org\/{rel}","templated":true}]}}