{"id":56,"date":"2021-01-28T18:45:13","date_gmt":"2021-01-28T17:45:13","guid":{"rendered":"http:\/\/blog.uclm.es\/tp-mbsba\/?page_id=56"},"modified":"2026-01-09T13:38:15","modified_gmt":"2026-01-09T13:38:15","slug":"contacto","status":"publish","type":"page","link":"https:\/\/blog.uclm.es\/tp-mbsba\/contacto\/","title":{"rendered":"\ud83d\udce9 Contacto"},"content":{"rendered":"\n<div class=\"wp-block-group\" style=\"padding-top:35px;padding-bottom:35px\"><div class=\"wp-block-group__inner-container is-layout-flow wp-block-group-is-layout-flow\">\n<!-- CARD 1 -->\n<div class=\"wp-block-group has-background\" style=\"background-color:#F3E6E8;border-radius:14px;padding:22px 26px;margin-bottom:32px\">\n<div class=\"wp-block-columns are-vertically-aligned-center\" style=\"gap:22px\">\n<div class=\"wp-block-column\" style=\"flex-basis:22%\">\n<figure class=\"wp-block-image aligncenter is-resized\">\n<img decoding=\"async\" src=\"https:\/\/blog.uclm.es\/tp-mbsba\/wp-content\/uploads\/sites\/176\/2025\/11\/gema.png\" style=\"width:95px\" \/>\n<\/figure>\n<\/div>\n<div class=\"wp-block-column\" style=\"flex-basis:78%\">\n<p style=\"margin:0 0 8px 0;font-size:16px\">\n<strong style=\"color:#7A1E2E\">Direcci\u00f3n<\/strong>\n<\/p>\n<p style=\"margin:0 0 10px 0;font-size:16.5px;font-weight:600\">\nGema Fern\u00e1ndez-Avil\u00e9s Calder\u00f3n\n<\/p>\n<p style=\"margin:0;font-size:14.5px;line-height:1.6\">\nCatedr\u00e1tica de Universidad<br>\nUniversidad de Castilla-La Mancha<br>\n\ud83d\udce7 <a href=\"mailto:Gema.faviles@uclm.es\">Gema.faviles@uclm.es<\/a>\n<\/p>\n<\/div>\n<\/div>\n<\/div>\n<!-- CARD 2 -->\n<div class=\"wp-block-group has-background\" style=\"background-color:#F3E6E8;border-radius:14px;padding:22px 26px;margin-bottom:32px\">\n<div class=\"wp-block-columns are-vertically-aligned-center\" style=\"gap:22px\">\n<div class=\"wp-block-column\" style=\"flex-basis:22%\">\n<figure class=\"wp-block-image aligncenter is-resized\">\n<img decoding=\"async\" src=\"https:\/\/blog.uclm.es\/tp-mbsba\/wp-content\/uploads\/sites\/176\/2026\/01\/victor-copia.png\" style=\"width:95px\" \/>\n<\/figure>\n<\/div>\n<div class=\"wp-block-column\" style=\"flex-basis:78%\">\n<p style=\"margin:0 0 8px 0;font-size:16px\">\n<strong style=\"color:#7A1E2E\">Secretar\u00eda acad\u00e9mica<\/strong>\n<\/p>\n<p style=\"margin:0 0 10px 0;font-size:16.5px;font-weight:600\">\nV\u00edctor M. Casero Alonso\n<\/p>\n<p style=\"margin:0;font-size:14.5px;line-height:1.6\">\nProfesor Titular de Universidad<br>\nUniversidad de Castilla-La Mancha<br>\n\ud83d\udce7 <a href=\"mailto:VictorManuel.Casero@uclm.es\">VictorManuel.Casero@uclm.es<\/a>\n<\/p>\n<\/div>\n<\/div>\n<\/div>\n<!-- CARD 3 -->\n<div class=\"wp-block-group has-background\" style=\"background-color:#F3E6E8;border-radius:14px;padding:22px 26px\">\n<div class=\"wp-block-columns are-vertically-aligned-center\" style=\"gap:22px\">\n<div class=\"wp-block-column\" style=\"flex-basis:22%\">\n<figure class=\"wp-block-image aligncenter is-resized\">\n<img decoding=\"async\" src=\"https:\/\/blog.uclm.es\/tp-mbsba\/wp-content\/uploads\/sites\/176\/2026\/01\/joseMaria-209x300-copia.png\" style=\"width:95px\" \/>\n<\/figure>\n<\/div>\n<div class=\"wp-block-column\" style=\"flex-basis:78%\">\n<p style=\"margin:0 0 8px 0;font-size:16px\">\n<strong style=\"color:#7A1E2E\">Secretar\u00eda para relaciones con institucionales y empresas<\/strong>\n<\/p>\n<p style=\"margin:0 0 10px 0;font-size:16.5px;font-weight:600\">\nJos\u00e9-Mar\u00eda Montero Lorenzo\n<\/p>\n<p style=\"margin:0;font-size:14.5px;line-height:1.6\">\nCatedr\u00e1tico de Universidad<br>\nUniversidad de Castilla-La Mancha<br>\n\ud83d\udce7 <a href=\"mailto:Jose.Mlorenzo@uclm.es\">Jose.Mlorenzo@uclm.es<\/a>\n<\/p>\n<\/div>\n<\/div>\n<\/div>\n<\/div><\/div>\n\n\n\n<p><\/p>\n","protected":false},"excerpt":{"rendered":"<p>Direcci\u00f3n Gema Fern\u00e1ndez-Avil\u00e9s Calder\u00f3n Catedr\u00e1tica de Universidad Universidad de Castilla-La Mancha \ud83d\udce7 Gema.faviles@uclm.es Secretar\u00eda acad\u00e9mica V\u00edctor M. Casero Alonso Profesor Titular de Universidad Universidad de Castilla-La Mancha \ud83d\udce7 VictorManuel.Casero@uclm.es Secretar\u00eda para relaciones con institucionales y empresas Jos\u00e9-Mar\u00eda Montero Lorenzo Catedr\u00e1tico de Universidad Universidad de Castilla-La Mancha \ud83d\udce7 Jose.Mlorenzo@uclm.es<\/p>\n","protected":false},"author":0,"featured_media":0,"parent":0,"menu_order":0,"comment_status":"closed","ping_status":"closed","template":"","meta":{"footnotes":""},"class_list":["post-56","page","type-page","status-publish","hentry"],"_links":{"self":[{"href":"https:\/\/blog.uclm.es\/tp-mbsba\/wp-json\/wp\/v2\/pages\/56","targetHints":{"allow":["GET"]}}],"collection":[{"href":"https:\/\/blog.uclm.es\/tp-mbsba\/wp-json\/wp\/v2\/pages"}],"about":[{"href":"https:\/\/blog.uclm.es\/tp-mbsba\/wp-json\/wp\/v2\/types\/page"}],"replies":[{"embeddable":true,"href":"https:\/\/blog.uclm.es\/tp-mbsba\/wp-json\/wp\/v2\/comments?post=56"}],"version-history":[{"count":38,"href":"https:\/\/blog.uclm.es\/tp-mbsba\/wp-json\/wp\/v2\/pages\/56\/revisions"}],"predecessor-version":[{"id":2305,"href":"https:\/\/blog.uclm.es\/tp-mbsba\/wp-json\/wp\/v2\/pages\/56\/revisions\/2305"}],"wp:attachment":[{"href":"https:\/\/blog.uclm.es\/tp-mbsba\/wp-json\/wp\/v2\/media?parent=56"}],"curies":[{"name":"wp","href":"https:\/\/api.w.org\/{rel}","templated":true}]}}