{"id":358,"date":"2021-03-07T20:04:55","date_gmt":"2021-03-07T19:04:55","guid":{"rendered":"http:\/\/blog.uclm.es\/tp-mbsba\/?page_id=358"},"modified":"2026-03-20T13:14:12","modified_gmt":"2026-03-20T13:14:12","slug":"358-2","status":"publish","type":"page","link":"https:\/\/blog.uclm.es\/tp-mbsba\/358-2\/","title":{"rendered":"Masterclasses"},"content":{"rendered":"<div style=\"max-width: 950px;margin: 30px auto;border-radius: 16px;overflow: hidden;font-family: Arial, sans-serif\">\n<p>  <!-- HERO --><\/p>\n<div style=\"display: flex;flex-wrap: wrap;background: linear-gradient(135deg, #4b2e83, #2ca6a4);color: white\">\n<p>    <!-- TEXTO --><\/p>\n<div style=\"flex: 1 1 500px;padding: 30px;position: relative\">\n<p>      <!-- Badge --><\/p>\n<div style=\"position: absolute;top: 20px;right: 20px;background: #ffcc00;color: #333;padding: 6px 12px;border-radius: 20px;font-weight: bold;font-size: 12px\">\n        \ud83d\udd34 NUEVA MASTERCLASS\n      <\/div>\n<p> <!-- IMAGEN --><\/p>\n<div style=\"flex: 1 1 350px;display: flex;align-items: center;justify-content: center;padding: 20px\">\n      <img decoding=\"async\" src=\"https:\/\/blog.uclm.es\/gemafaviles\/wp-content\/uploads\/sites\/82\/2026\/03\/5ed-m4-cristian-leguisamon.jpg\" alt=\"Cartel Masterclass\" style=\"max-width: 100%;border-radius: 10px\">\n    <\/div>\n<p>      <!-- CTA --><\/p>\n<div style=\"margin-top: 25px\">\n        <a href=\"https:\/\/teams.microsoft.com\/meet\/33767310786028?p=ly9E11EKb7TsoMTP1P\" target=\"_blank\" style=\"background: #ffcc00;color: #333;padding: 14px 22px;border-radius: 8px;text-decoration: none;font-weight: bold;font-size: 16px;display: inline-block\"><br \/>\n           \ud83d\udcbb Acceder a la masterclass en directo<br \/>\n        <\/a>\n      <\/div>\n<\/p><\/div>\n<\/p><\/div>\n<h3 style=\"margin-top: 20;color: #333\">\n      \ud83c\udf93 Otras masterclasses impartidas<br \/>\n    <\/h3>\n<p style=\"font-size: 16px;line-height: 1.6\">Uno de los puntos fuertes de los t\u00edtulos propuestos es la orientaci\u00f3n aplicada que se plasma en un elenco de masterclasses a lo largo de los m\u00f3dulos impartidas por profesionales de reconocido prestigio.<\/p>\n<p style=\"font-size: 16px;line-height: 1.6\">Estas masterclasses ilustran la implementaci\u00f3n de an\u00e1lisis de datos, t\u00e9cnicas estad\u00edsticas, algoritmos de <em>machine learning<\/em> e inteligencia artificial en casos de \u00e9xito aplicados al mundo empresarial, mercado inmobiliario, sector el\u00e9ctrico, sector sanitario, criminolog\u00eda, ciberseguridad, consultor\u00eda, econom\u00eda, marketing, m\u00e9tricas de gesti\u00f3n deportiva, <em>big data<\/em> y arquitectura de datos, sector actuarial y de seguros, etc\u2026<\/p>\n<p> <!-- 1 --><\/p>\n<div style=\"flex:0 0 95%;max-width:650px;background:#fff;border-radius:30px;padding:15px;display:flex;gap:20px;align-items:center;border: 10px solid #1a1a1a;margin-bottom: 10px\">\n    <img decoding=\"async\" src=\"https:\/\/blog.uclm.es\/tp-mbsba\/wp-content\/uploads\/sites\/176\/2026\/03\/logo_ceprede.png\" style=\"width:110px;height:auto;border-radius:10px\"><\/p>\n<div style=\"flex:1\">\n<div style=\"color:#2b3df1;font-weight:800;font-size:19px;line-height:1.2;margin-bottom:5px;text-transform:uppercase;letter-spacing:-0.5px\">\n        Predicci\u00f3n sectorial y empresarial: principios y desaf\u00edos\n      <\/div>\n<div style=\"font-size:16px;color:#555;font-weight:500\">Milagros Dones<\/div>\n<\/p><\/div>\n<\/p><\/div>\n<p>  <!-- 2 --><\/p>\n<div style=\"flex:0 0 95%;max-width:650px;background:#fff;border-radius:30px;padding:15px;display:flex;gap:20px;align-items:center;border: 10px solid #1a1a1a;margin-bottom: 10px\">\n    <img decoding=\"async\" src=\"https:\/\/blog.uclm.es\/tp-mbsba\/wp-content\/uploads\/sites\/176\/2026\/03\/logo-ucm.png\" style=\"width:110px;height:auto;border-radius:10px\"><\/p>\n<div style=\"flex:1\">\n<div style=\"color:#2b3df1;font-weight:800;font-size:19px;line-height:1.2;margin-bottom:5px;text-transform:uppercase;letter-spacing:-0.5px\">\n        El cient\u00edfico de datos de ma\u00f1ana\n      <\/div>\n<div style=\"font-size:16px;color:#555;font-weight:500\">Miguel Camacho Ru\u00edz<\/div>\n<\/p><\/div>\n<\/p><\/div>\n<p>  <!-- 3 --><\/p>\n<div style=\"flex:0 0 95%;max-width:650px;background:#fff;border-radius:30px;padding:15px;display:flex;gap:20px;align-items:center;border: 10px solid #1a1a1a;margin-bottom: 10px\">\n    <img decoding=\"async\" src=\"https:\/\/blog.uclm.es\/tp-mbsba\/wp-content\/uploads\/sites\/176\/2026\/03\/logo-uam.png\" style=\"width:110px;height:auto;border-radius:10px\"><\/p>\n<div style=\"flex:1\">\n<div style=\"color:#2b3df1;font-weight:800;font-size:19px;line-height:1.2;margin-bottom:5px;text-transform:uppercase;letter-spacing:-0.5px\">\n        Aplicaciones del procesamiento del lenguaje natural a la polic\u00eda predictiva\n      <\/div>\n<div style=\"font-size:16px;color:#555;font-weight:500\">Lara Quijano<\/div>\n<\/p><\/div>\n<\/p><\/div>\n<p>  <!-- 4 --><\/p>\n<div style=\"flex:0 0 95%;max-width:650px;background:#fff;border-radius:30px;padding:15px;display:flex;gap:20px;align-items:center;border: 10px solid #1a1a1a;margin-bottom: 10px\">\n    <img decoding=\"async\" src=\"https:\/\/blog.uclm.es\/tp-mbsba\/wp-content\/uploads\/sites\/176\/2026\/03\/logo-deloitte.png\" style=\"width:110px;height:auto;border-radius:10px\"><\/p>\n<div style=\"flex:1\">\n<div style=\"color:#2b3df1;font-weight:800;font-size:19px;line-height:1.2;margin-bottom:5px;text-transform:uppercase;letter-spacing:-0.5px\">\n        Marketing Mix Modeling para la optimizaci\u00f3n de inversiones publicitarias\n      <\/div>\n<div style=\"font-size:16px;color:#555;font-weight:500\">Luc\u00eda Mar Escriv\u00e1<\/div>\n<\/p><\/div>\n<\/p><\/div>\n<p>  <!-- 5 --><\/p>\n<div style=\"flex:0 0 95%;max-width:650px;background:#fff;border-radius:30px;padding:15px;display:flex;gap:20px;align-items:center;border: 10px solid #1a1a1a;margin-bottom: 10px\">\n    <img decoding=\"async\" src=\"https:\/\/blog.uclm.es\/tp-mbsba\/wp-content\/uploads\/sites\/176\/2026\/03\/logo-um.jpg\" style=\"width:110px;height:auto;border-radius:10px\"><\/p>\n<div style=\"flex:1\">\n<div style=\"color:#2b3df1;font-weight:800;font-size:19px;line-height:1.2;margin-bottom:5px;text-transform:uppercase;letter-spacing:-0.5px\">\n        Creaci\u00f3n de aplicaciones web interactivas con Shiny\n      <\/div>\n<div style=\"font-size:16px;color:#555;font-weight:500\">Aurora Gonz\u00e1lez<\/div>\n<\/p><\/div>\n<\/p><\/div>\n<\/div>\n<div style=\"display:flex;flex-wrap:wrap;gap:30px;justify-content:center;padding:40px 10px;background: transparent\">\n<div style=\"flex:0 0 95%;max-width:650px;background:#fff;border-radius:30px;padding:15px;display:flex;gap:20px;align-items:center;border: 10px solid #1a1a1a;margin-bottom: 10px\">\n    <img decoding=\"async\" src=\"https:\/\/blog.uclm.es\/tp-mbsba\/wp-content\/uploads\/sites\/176\/2021\/02\/singular.png\" style=\"width:110px;height:auto;border-radius:10px\"><\/p>\n<div style=\"flex:1\">\n<div style=\"color:#2b3df1;font-weight:800;font-size:19px;line-height:1.2;margin-bottom:5px;text-transform:uppercase;letter-spacing:-0.5px\">Inteligencia artificial pero muy humana<\/div>\n<div style=\"font-size:16px;color:#555;font-weight:500\">Nerea Luis Mingueza<\/div>\n<\/p><\/div>\n<\/p><\/div>\n<div style=\"flex:0 0 95%;max-width:650px;background:#fff;border-radius:30px;padding:15px;display:flex;gap:20px;align-items:center;border: 10px solid #1a1a1a;margin-bottom: 10px\">\n    <img decoding=\"async\" src=\"https:\/\/blog.uclm.es\/tp-mbsba\/wp-content\/uploads\/sites\/176\/2023\/06\/2560px-Banco_Santander_Logotipo_2007-2018.svg_-1024x326.png\" style=\"width:110px;height:auto;border-radius:10px\"><\/p>\n<div style=\"flex:1\">\n<div style=\"color:#2b3df1;font-weight:800;font-size:19px;line-height:1.2;margin-bottom:5px;text-transform:uppercase;letter-spacing:-0.5px\">Big-Data aplicado a empresas<\/div>\n<div style=\"font-size:16px;color:#555;font-weight:500\">Luis Ramirez de Diego<\/div>\n<\/p><\/div>\n<\/p><\/div>\n<div style=\"flex:0 0 95%;max-width:650px;background:#fff;border-radius:30px;padding:15px;display:flex;gap:20px;align-items:center;border: 10px solid #1a1a1a;margin-bottom: 10px\">\n    <img decoding=\"async\" src=\"https:\/\/blog.uclm.es\/tp-mbsba\/wp-content\/uploads\/sites\/176\/2021\/03\/logo-maria.jpg\" style=\"width:110px;height:auto;border-radius:10px\"><\/p>\n<div style=\"flex:1\">\n<div style=\"color:#2b3df1;font-weight:800;font-size:19px;line-height:1.2;margin-bottom:5px;text-transform:uppercase;letter-spacing:-0.5px\">Modelizaci\u00f3n de miembros de alto riesgo<\/div>\n<div style=\"font-size:16px;color:#555;font-weight:500\">Mar\u00eda G\u00f3mez Saldarriaga<\/div>\n<\/p><\/div>\n<\/p><\/div>\n<div style=\"flex:0 0 95%;max-width:650px;background:#fff;border-radius:30px;padding:15px;display:flex;gap:20px;align-items:center;border: 10px solid #1a1a1a;margin-bottom: 10px\">\n    <img decoding=\"async\" src=\"https:\/\/blog.uclm.es\/tp-mbsba\/wp-content\/uploads\/sites\/176\/2021\/02\/gc.png\" style=\"width:110px;height:auto;border-radius:10px\"><\/p>\n<div style=\"flex:1\">\n<div style=\"color:#2b3df1;font-weight:800;font-size:19px;line-height:1.2;margin-bottom:5px;text-transform:uppercase;letter-spacing:-0.5px\">Data Science en ciberdelincuencia<\/div>\n<div style=\"font-size:16px;color:#555;font-weight:500\">Carlos Igual Garrido<\/div>\n<\/p><\/div>\n<\/p><\/div>\n<div style=\"flex:0 0 95%;max-width:650px;background:#fff;border-radius:30px;padding:15px;display:flex;gap:20px;align-items:center;border: 10px solid #1a1a1a;margin-bottom: 10px\">\n    <img decoding=\"async\" src=\"https:\/\/blog.uclm.es\/tp-mbsba\/wp-content\/uploads\/sites\/176\/2021\/02\/futbol.png\" style=\"width:100px;height:auto;border-radius:10px\"><\/p>\n<div style=\"flex:1\">\n<div style=\"color:#2b3df1;font-weight:800;font-size:19px;line-height:1.2;margin-bottom:5px;text-transform:uppercase;letter-spacing:-0.5px\">M\u00e9tricas avanzadas en el f\u00fatbol<\/div>\n<div style=\"font-size:16px;color:#555;font-weight:500\">Jes\u00fas Lagos Milla<\/div>\n<\/p><\/div>\n<\/p><\/div>\n<div style=\"flex:0 0 95%;max-width:650px;background:#fff;border-radius:30px;padding:15px;display:flex;gap:20px;align-items:center;border: 10px solid #1a1a1a;margin-bottom: 10px\">\n    <img decoding=\"async\" src=\"https:\/\/blog.uclm.es\/tp-mbsba\/wp-content\/uploads\/sites\/176\/2021\/03\/idealista.jpg\" style=\"width:100px;height:auto;border-radius:10px\"><\/p>\n<div style=\"flex:1\">\n<div style=\"color:#2b3df1;font-weight:800;font-size:19px;line-height:1.2;margin-bottom:5px;text-transform:uppercase;letter-spacing:-0.5px\">Valoraci\u00f3n de casas en Espa\u00f1a<\/div>\n<div style=\"font-size:16px;color:#555;font-weight:500\">Pelayo Gonz\u00e1lez Arbues<\/div>\n<\/p><\/div>\n<\/p><\/div>\n<div style=\"flex:0 0 95%;max-width:650px;background:#fff;border-radius:30px;padding:15px;display:flex;gap:20px;align-items:center;border: 10px solid #1a1a1a;margin-bottom: 10px\">\n    <img decoding=\"async\" src=\"https:\/\/blog.uclm.es\/tp-mbsba\/wp-content\/uploads\/sites\/176\/2021\/03\/finance-illustration-04.png\" style=\"width:100px;height:auto;border-radius:10px\"><\/p>\n<div style=\"flex:1\">\n<div style=\"color:#2b3df1;font-weight:800;font-size:19px;line-height:1.2;margin-bottom:5px;text-transform:uppercase;letter-spacing:-0.5px\">Anal\u00edtica avanzada en empresas<\/div>\n<div style=\"font-size:16px;color:#555;font-weight:500\">Macarena Est\u00e9vez Mu\u00f1oz<\/div>\n<\/p><\/div>\n<\/p><\/div>\n<div style=\"flex:0 0 95%;max-width:650px;background:#fff;border-radius:30px;padding:15px;display:flex;gap:20px;align-items:center;border: 10px solid #1a1a1a;margin-bottom: 10px\">\n    <img decoding=\"async\" src=\"https:\/\/blog.uclm.es\/tp-mbsba\/wp-content\/uploads\/sites\/176\/2023\/06\/Logo-Universidad-Carlos-Tercero-de-Madrid.jpg\" style=\"width:110px;height:auto;border-radius:10px\"><\/p>\n<div style=\"flex:1\">\n<div style=\"color:#2b3df1;font-weight:800;font-size:19px;line-height:1.2;margin-bottom:5px;text-transform:uppercase;letter-spacing:-0.5px\">Propagaci\u00f3n de mensajes en Twitter<\/div>\n<div style=\"font-size:16px;color:#555;font-weight:500\">Mari Luz Congosto Mart\u00ednez<\/div>\n<\/p><\/div>\n<\/p><\/div>\n<div style=\"flex:0 0 95%;max-width:650px;background:#fff;border-radius:30px;padding:15px;display:flex;gap:20px;align-items:center;border: 10px solid #1a1a1a;margin-bottom: 10px\">\n    <img decoding=\"async\" src=\"https:\/\/blog.uclm.es\/tp-mbsba\/wp-content\/uploads\/sites\/176\/2021\/02\/jccm.png\" style=\"width:80px;height:auto;border-radius:10px\"><\/p>\n<div style=\"flex:1\">\n<div style=\"color:#2b3df1;font-weight:800;font-size:19px;line-height:1.2;margin-bottom:5px;text-transform:uppercase;letter-spacing:-0.5px\">Data Science y R para el empleo<\/div>\n<div style=\"font-size:16px;color:#555;font-weight:500\">Isidro Hidalgo Arellano<\/div>\n<\/p><\/div>\n<\/p><\/div>\n<div style=\"flex:0 0 95%;max-width:650px;background:#fff;border-radius:30px;padding:15px;display:flex;gap:20px;align-items:center;border: 10px solid #1a1a1a;margin-bottom: 10px\">\n    <img decoding=\"async\" src=\"https:\/\/blog.uclm.es\/tp-mbsba\/wp-content\/uploads\/sites\/176\/2023\/06\/mailinsti_05032013idipaz.jpg\" style=\"width:110px;height:auto;border-radius:10px\"><\/p>\n<div style=\"flex:1\">\n<div style=\"color:#2b3df1;font-weight:800;font-size:19px;line-height:1.2;margin-bottom:5px;text-transform:uppercase;letter-spacing:-0.5px\">An\u00e1lisis de datos en medicina<\/div>\n<div style=\"font-size:16px;color:#555;font-weight:500\">Alberto Borobia P\u00e9rez<\/div>\n<\/p><\/div>\n<\/p><\/div>\n<div style=\"flex:0 0 95%;max-width:650px;background:#fff;border-radius:30px;padding:15px;display:flex;gap:20px;align-items:center;border: 10px solid #1a1a1a;margin-bottom: 10px\">\n    <img decoding=\"async\" src=\"https:\/\/blog.uclm.es\/tp-mbsba\/wp-content\/uploads\/sites\/176\/2021\/02\/balonmano2.png\" style=\"width:80px;height:auto;border-radius:10px\"><\/p>\n<div style=\"flex:1\">\n<div style=\"color:#2b3df1;font-weight:800;font-size:19px;line-height:1.2;margin-bottom:5px;text-transform:uppercase;letter-spacing:-0.5px\">Big Data en alto rendimiento deportivo<\/div>\n<div style=\"font-size:16px;color:#555;font-weight:500\">Eusebio \u00c1ngulo S\u00e1nchez-Herrera<\/div>\n<\/p><\/div>\n<\/p><\/div>\n<div style=\"flex:0 0 95%;max-width:650px;background:#fff;border-radius:30px;padding:15px;display:flex;gap:20px;align-items:center;border: 10px solid #1a1a1a;margin-bottom: 10px\">\n    <img decoding=\"async\" src=\"https:\/\/blog.uclm.es\/tp-mbsba\/wp-content\/uploads\/sites\/176\/2021\/02\/geicam.png\" style=\"width:110px;height:auto;border-radius:10px\"><\/p>\n<div style=\"flex:1\">\n<div style=\"color:#2b3df1;font-weight:800;font-size:19px;line-height:1.2;margin-bottom:5px;text-transform:uppercase;letter-spacing:-0.5px\">Modelos predictivos gen\u00e9ticos<\/div>\n<div style=\"font-size:16px;color:#555;font-weight:500\">Jes\u00fas Herranz Valera<\/div>\n<\/p><\/div>\n<\/p><\/div>\n<div style=\"flex:0 0 95%;max-width:650px;background:#fff;border-radius:30px;padding:15px;display:flex;gap:20px;align-items:center;border: 10px solid #1a1a1a;margin-bottom: 10px\">\n    <img decoding=\"async\" src=\"https:\/\/blog.uclm.es\/tp-mbsba\/wp-content\/uploads\/sites\/176\/2021\/02\/CNP-e1613167535831.png\" style=\"width:80px;height:auto;border-radius:10px\"><\/p>\n<div style=\"flex:1\">\n<div style=\"color:#2b3df1;font-weight:800;font-size:19px;line-height:1.2;margin-bottom:5px;text-transform:uppercase;letter-spacing:-0.5px\">Investigaci\u00f3n Policial y Ciencia de Datos<\/div>\n<div style=\"font-size:16px;color:#555;font-weight:500\">Leopoldo Gil Canero<\/div>\n<\/p><\/div>\n<\/p><\/div>\n<div style=\"flex:0 0 95%;max-width:650px;background:#fff;border-radius:30px;padding:15px;display:flex;gap:20px;align-items:center;border: 10px solid #1a1a1a;margin-bottom: 10px\">\n    <img decoding=\"async\" src=\"https:\/\/blog.uclm.es\/tp-mbsba\/wp-content\/uploads\/sites\/176\/2021\/03\/RedElectricaEspana-SAU.jpg\" style=\"width:100px;height:auto;border-radius:10px\"><\/p>\n<div style=\"flex:1\">\n<div style=\"color:#2b3df1;font-weight:800;font-size:19px;line-height:1.2;margin-bottom:5px;text-transform:uppercase;letter-spacing:-0.5px\">Analytics en Red El\u00e9ctrica de Espa\u00f1a<\/div>\n<div style=\"font-size:16px;color:#555;font-weight:500\">Jos\u00e9 Manuel Sanz Candales<\/div>\n<\/p><\/div>\n<\/p><\/div>\n<div style=\"flex:0 0 95%;max-width:650px;background:#fff;border-radius:30px;padding:15px;display:flex;gap:20px;align-items:center;border: 10px solid #1a1a1a;margin-bottom: 10px\">\n    <img decoding=\"async\" src=\"https:\/\/blog.uclm.es\/tp-mbsba\/wp-content\/uploads\/sites\/176\/2021\/02\/ds_pn.png\" style=\"width:80px;height:auto;border-radius:10px\"><\/p>\n<div style=\"flex:1\">\n<div style=\"color:#2b3df1;font-weight:800;font-size:19px;line-height:1.2;margin-bottom:5px;text-transform:uppercase;letter-spacing:-0.5px\">Data Science para la Polic\u00eda Nacional<\/div>\n<div style=\"font-size:16px;color:#555;font-weight:500\">Miguel Camacho \/ Federico Liberatore<\/div>\n<\/p><\/div>\n<\/p><\/div>\n<div style=\"flex:0 0 95%;max-width:650px;background:#fff;border-radius:30px;padding:15px;display:flex;gap:20px;align-items:center;border: 10px solid #1a1a1a;margin-bottom: 10px\">\n    <img decoding=\"async\" src=\"https:\/\/blog.uclm.es\/tp-mbsba\/wp-content\/uploads\/sites\/176\/2023\/06\/AS-267468457611283@1440780857322_l.png\" style=\"width:80px;height:auto;border-radius:10px\"><\/p>\n<div style=\"flex:1\">\n<div style=\"color:#2b3df1;font-weight:800;font-size:19px;line-height:1.2;margin-bottom:5px;text-transform:uppercase;letter-spacing:-0.5px\">Mapas de enfermedades y an\u00e1lisis<\/div>\n<div style=\"font-size:16px;color:#555;font-weight:500\">Rebeca Ramis Prieto<\/div>\n<\/p><\/div>\n<\/p><\/div>\n<\/div>\n","protected":false},"excerpt":{"rendered":"<p>\ud83d\udd34 NUEVA MASTERCLASS \ud83d\udcbb Acceder a la masterclass en directo \ud83c\udf93 Otras masterclasses impartidas Uno de los puntos fuertes de los t\u00edtulos propuestos es la orientaci\u00f3n aplicada que se plasma en un elenco de masterclasses a lo largo de los m\u00f3dulos impartidas por profesionales de reconocido prestigio. Estas masterclasses ilustran la implementaci\u00f3n de an\u00e1lisis de &hellip; <a href=\"https:\/\/blog.uclm.es\/tp-mbsba\/358-2\/\" class=\"more-link\">Sigue leyendo <span class=\"screen-reader-text\">Masterclasses<\/span><\/a><\/p>\n","protected":false},"author":183,"featured_media":0,"parent":0,"menu_order":0,"comment_status":"closed","ping_status":"closed","template":"","meta":{"footnotes":""},"class_list":["post-358","page","type-page","status-publish","hentry"],"_links":{"self":[{"href":"https:\/\/blog.uclm.es\/tp-mbsba\/wp-json\/wp\/v2\/pages\/358","targetHints":{"allow":["GET"]}}],"collection":[{"href":"https:\/\/blog.uclm.es\/tp-mbsba\/wp-json\/wp\/v2\/pages"}],"about":[{"href":"https:\/\/blog.uclm.es\/tp-mbsba\/wp-json\/wp\/v2\/types\/page"}],"author":[{"embeddable":true,"href":"https:\/\/blog.uclm.es\/tp-mbsba\/wp-json\/wp\/v2\/users\/183"}],"replies":[{"embeddable":true,"href":"https:\/\/blog.uclm.es\/tp-mbsba\/wp-json\/wp\/v2\/comments?post=358"}],"version-history":[{"count":47,"href":"https:\/\/blog.uclm.es\/tp-mbsba\/wp-json\/wp\/v2\/pages\/358\/revisions"}],"predecessor-version":[{"id":2678,"href":"https:\/\/blog.uclm.es\/tp-mbsba\/wp-json\/wp\/v2\/pages\/358\/revisions\/2678"}],"wp:attachment":[{"href":"https:\/\/blog.uclm.es\/tp-mbsba\/wp-json\/wp\/v2\/media?parent=358"}],"curies":[{"name":"wp","href":"https:\/\/api.w.org\/{rel}","templated":true}]}}