{"id":2883,"date":"2026-04-22T12:44:06","date_gmt":"2026-04-22T12:44:06","guid":{"rendered":"https:\/\/blog.uclm.es\/tp-mbsba\/?page_id=2883"},"modified":"2026-04-23T06:47:30","modified_gmt":"2026-04-23T06:47:30","slug":"2883-2","status":"publish","type":"page","link":"https:\/\/blog.uclm.es\/tp-mbsba\/2883-2\/","title":{"rendered":""},"content":{"rendered":"\n<p style=\"font-size:15px\"><\/p>\n\n\n\n<blockquote class=\"wp-block-quote is-layout-flow wp-block-quote-is-layout-flow\">\n<p class=\"has-text-color has-link-color wp-elements-04a8110986de0983a1ba31658ca52f32\" style=\"color:#28348a\"><strong>\u00a1<em><em>You\u2019ll never walk alone<\/em><\/em>!<\/strong><\/p>\n\n\n\n<p class=\"has-text-color has-link-color wp-elements-540e5fb9a59a3ba04cd45a80a14f5f9e\" style=\"color:#28348a\"><em>Porque eres parte de esta historia, porque tu energ\u00eda, tu pasi\u00f3n y tu historia sigue con nosotros, y porque el v\u00ednculo que nos une trasciende en el tiempo\u2026<\/em><\/p>\n<\/blockquote>\n\n\n\n<figure class=\"wp-block-image size-large\"><img loading=\"lazy\" decoding=\"async\" width=\"1024\" height=\"616\" src=\"https:\/\/blog.uclm.es\/tp-mbsba\/wp-content\/uploads\/sites\/176\/2026\/04\/Cabecera-Club-Alumni-1024x616.png\" alt=\"\" class=\"wp-image-2852\" srcset=\"https:\/\/blog.uclm.es\/tp-mbsba\/wp-content\/uploads\/sites\/176\/2026\/04\/Cabecera-Club-Alumni-1024x616.png 1024w, https:\/\/blog.uclm.es\/tp-mbsba\/wp-content\/uploads\/sites\/176\/2026\/04\/Cabecera-Club-Alumni-300x180.png 300w, https:\/\/blog.uclm.es\/tp-mbsba\/wp-content\/uploads\/sites\/176\/2026\/04\/Cabecera-Club-Alumni-768x462.png 768w, https:\/\/blog.uclm.es\/tp-mbsba\/wp-content\/uploads\/sites\/176\/2026\/04\/Cabecera-Club-Alumni-1536x924.png 1536w, https:\/\/blog.uclm.es\/tp-mbsba\/wp-content\/uploads\/sites\/176\/2026\/04\/Cabecera-Club-Alumni-2048x1232.png 2048w\" sizes=\"auto, (max-width: 1024px) 100vw, 1024px\" \/><\/figure>\n\n\n\n<div class=\"wp-block-columns is-layout-flex wp-container-core-columns-is-layout-9d6595d7 wp-block-columns-is-layout-flex\">\n<div class=\"wp-block-column is-layout-flow wp-block-column-is-layout-flow\">\n<figure class=\"wp-block-image size-large\"><a href=\"https:\/\/docs.google.com\/forms\/d\/e\/1FAIpQLSdTm2yi3ddWX-rN6OUO-k1MtWpx0p8MJjyWuBSz7FNaoFmEgg\/viewform\" target=\"_blank\" rel=\" noreferrer noopener\"><img loading=\"lazy\" decoding=\"async\" width=\"1024\" height=\"800\" src=\"https:\/\/blog.uclm.es\/tp-mbsba\/wp-content\/uploads\/sites\/176\/2026\/04\/B_Unete_Club@300x-1024x800.png\" alt=\"\" class=\"wp-image-2854\" srcset=\"https:\/\/blog.uclm.es\/tp-mbsba\/wp-content\/uploads\/sites\/176\/2026\/04\/B_Unete_Club@300x-1024x800.png 1024w, https:\/\/blog.uclm.es\/tp-mbsba\/wp-content\/uploads\/sites\/176\/2026\/04\/B_Unete_Club@300x-300x235.png 300w, https:\/\/blog.uclm.es\/tp-mbsba\/wp-content\/uploads\/sites\/176\/2026\/04\/B_Unete_Club@300x-768x600.png 768w, https:\/\/blog.uclm.es\/tp-mbsba\/wp-content\/uploads\/sites\/176\/2026\/04\/B_Unete_Club@300x.png 1072w\" sizes=\"auto, (max-width: 1024px) 100vw, 1024px\" \/><\/a><\/figure>\n<\/div>\n\n\n\n<div class=\"wp-block-column is-layout-flow wp-block-column-is-layout-flow\">\n<figure class=\"wp-block-image size-large\"><a href=\"https:\/\/blog.uclm.es\/tp-mbsba\/master-en-data-science-business-analytics-con-r-software\/\" target=\"_blank\" rel=\" noreferrer noopener\"><img loading=\"lazy\" decoding=\"async\" width=\"1024\" height=\"800\" src=\"https:\/\/blog.uclm.es\/tp-mbsba\/wp-content\/uploads\/sites\/176\/2026\/04\/B_Actividades_Club@300x-1024x800.png\" alt=\"\" class=\"wp-image-2855\" srcset=\"https:\/\/blog.uclm.es\/tp-mbsba\/wp-content\/uploads\/sites\/176\/2026\/04\/B_Actividades_Club@300x-1024x800.png 1024w, https:\/\/blog.uclm.es\/tp-mbsba\/wp-content\/uploads\/sites\/176\/2026\/04\/B_Actividades_Club@300x-300x235.png 300w, https:\/\/blog.uclm.es\/tp-mbsba\/wp-content\/uploads\/sites\/176\/2026\/04\/B_Actividades_Club@300x-768x600.png 768w, https:\/\/blog.uclm.es\/tp-mbsba\/wp-content\/uploads\/sites\/176\/2026\/04\/B_Actividades_Club@300x.png 1072w\" sizes=\"auto, (max-width: 1024px) 100vw, 1024px\" \/><\/a><\/figure>\n<\/div>\n<\/div>\n\n\n\n<p class=\"has-text-color has-link-color wp-elements-f43b5cfa5408263f8ee2bbc30497024b\" style=\"color:#28348a;font-size:21px\"><strong>\u00bfQuieres razones? Entre otras:<\/strong><\/p>\n\n\n\n<p class=\"has-text-color has-link-color wp-elements-433fa22901fb6a408b049a17c3ff01e0\" style=\"color:#28348a;font-size:15px\"><strong>1. Potenciar\u00e1 tu red profesional (networking real, no te\u00f3rico)<\/strong><\/p>\n\n\n\n<ul class=\"wp-block-list\">\n<li class=\"has-dark-gray-color has-text-color has-link-color wp-elements-35544c5048176b1a7bb6a1d78f6c6c30\" style=\"font-size:15px\">Formar parte del Club Alumni te conecta con profesionales de alto nivel que comparten tu misma formaci\u00f3n y valores.<\/li>\n\n\n\n<li class=\"has-dark-gray-color has-text-color has-link-color wp-elements-0aad074ec5a57a20ba942229b4728b1d\" style=\"font-size:15px\">Es una red de contactos viva, con la que puedes colaborar, recomendarte o incluso abrir oportunidades laborales.<\/li>\n<\/ul>\n\n\n\n<p class=\"has-text-color has-link-color wp-elements-1bf492da15ba50a58dc28ebb0b0ff766\" style=\"color:#28348a;font-size:15px\"><strong>&nbsp;2. Te permitir\u00e1 un acceso preferente a formaci\u00f3n continua<\/strong><\/p>\n\n\n\n<ul class=\"wp-block-list\">\n<li class=\"has-dark-gray-color has-text-color has-link-color wp-elements-cd02ca1353e9c039c343572ca3af978d\" style=\"font-size:15px\">Los Alumni tendr\u00e1n acceso gratuito o con importantes descuentos a cursos de actualizaci\u00f3n, masterclasses o workshops.<\/li>\n\n\n\n<li class=\"has-dark-gray-color has-text-color has-link-color wp-elements-fc8a7dd6c642577b903efa4c99451197\" style=\"font-size:15px\">Aprendes de expertos y exalumnos que ya est\u00e1n marcando tendencia, lo cual te permitir\u00e1 mantenerte al d\u00eda en tu sector.<\/li>\n<\/ul>\n\n\n\n<p class=\"has-text-color has-link-color wp-elements-df43276595df665af4c3c3834b711dc1\" style=\"color:#28348a;font-size:15px\"><strong>3. Te dar\u00e1 visibilidad y prestigio<\/strong><\/p>\n\n\n\n<ul class=\"wp-block-list\">\n<li class=\"has-dark-gray-color has-text-color has-link-color wp-elements-0c80f90b742faf078fcf5cee5e0c2efb\" style=\"font-size:15px\">Pertenecer al Club Alumni a\u00f1ade valor a tu marca personal: demuestra que sigues vinculado a una instituci\u00f3n<em>de&nbsp;<\/em>prestigio.<\/li>\n\n\n\n<li class=\"has-dark-gray-color has-text-color has-link-color wp-elements-d146aa0ca21ed033309e62d004f0115b\" style=\"font-size:15px\">Puedes mostrarlo en tu perfil de LinkedIn, y te diferencia en procesos de selecci\u00f3n o ante clientes.<\/li>\n\n\n\n<li class=\"has-dark-gray-color has-text-color has-link-color wp-elements-fdcc34c9c80c35d06e9b355711f338f2\" style=\"font-size:15px\"><em>Los reclutadores valoran los perfiles activos dentro de redes profesionales s\u00f3lidas.<\/em><\/li>\n<\/ul>\n\n\n\n<p class=\"has-text-color has-link-color wp-elements-04d6a403182ebeb44ae4bf343c35d4c8\" style=\"color:#28348a;font-size:15px\">&nbsp;<strong>4. Te sentir\u00e1s parte de una comunidad&nbsp;<\/strong><\/p>\n\n\n\n<ul class=\"wp-block-list\">\n<li class=\"has-dark-gray-color has-text-color has-link-color wp-elements-1d5a9e9d6b00f7740eadbd089b69ff1d\" style=\"font-size:15px\">El club Alumni no es solo una red profesional: es una comunidad con historia compartida.<\/li>\n\n\n\n<li class=\"has-dark-gray-color has-text-color has-link-color wp-elements-0c4657719bc40b5f583d23d5639646ff\" style=\"font-size:15px\">Volver a conectar con tus compa\u00f1eros y profesores te da identidad y orgullo de pertenencia.<\/li>\n\n\n\n<li class=\"has-dark-gray-color has-text-color has-link-color wp-elements-c85855da034504f07be9e74f6b6f0923\" style=\"font-size:15px\">Es un espacio donde se celebran los logros de todos, y donde cada uno puede inspirar al resto<em>.<\/em><\/li>\n<\/ul>\n\n\n\n<p class=\"has-text-color has-link-color wp-elements-d89fea69430fbe7a476e6e823e5996f5\" style=\"color:#28348a;font-size:15px\"><strong>&nbsp;5. Tendr\u00e1s acceso a oportunidades exclusivas<\/strong><\/p>\n\n\n\n<ul style=\"font-size:15px\" class=\"wp-block-list\">\n<li class=\"has-dark-gray-color has-text-color has-link-color wp-elements-9df191996aba4259d8f847fd5090e6ef\">Recibir\u00e1s ofertas de empleo y mentoring que solo se publican internamente.<\/li>\n\n\n\n<li class=\"has-dark-gray-color has-text-color has-link-color wp-elements-63e3e9c3d11d53d768ff8a22480f12c0\">Te invitaremos a congresos, conferencias, seminarios y workshops que ampl\u00eden tus conocimientos y networking.<\/li>\n<\/ul>\n\n\n\n<p class=\"has-text-color has-link-color wp-elements-b1ae7da4f73dbdbdf87993fbaf5f120d\" style=\"color:#28348a;font-size:15px\"><strong>&nbsp;6. Formar\u00e1s parte de un entramado de inspiraci\u00f3n y aprendizaje entre iguales<\/strong><\/p>\n\n\n\n<ul style=\"font-size:15px\" class=\"wp-block-list\">\n<li class=\"has-dark-gray-color has-text-color has-link-color wp-elements-b314200e76535be23ff7fff9a00ccea8\">Conocer a exalumnos que han emprendido, innovado o alcanzado puestos clave te inspira y te orienta.<\/li>\n\n\n\n<li class=\"has-dark-gray-color has-text-color has-link-color wp-elements-1c8a131793d0a6b0cd4ab2b8e738611b\">Puedes encontrar mentores o serlo t\u00fa mismo para nuevos estudiantes.<\/li>\n\n\n\n<li class=\"has-dark-gray-color has-text-color has-link-color wp-elements-31794fde46c575e9e1621616c601ef6a\">El intercambio de experiencias reales es un aprendizaje pr\u00e1ctico y humano que ning\u00fan aula ofrece.<\/li>\n<\/ul>\n\n\n\n<p class=\"has-text-color has-link-color wp-elements-b0ff40584a3be13eeaeef2d4f57c1df9\" style=\"color:#28348a;font-size:15px\"><strong>7. Ser\u00e1 una manera de devolver valor y dejar huella<\/strong><\/p>\n\n\n\n<ul style=\"font-size:15px\" class=\"wp-block-list\">\n<li class=\"has-dark-gray-color has-text-color has-link-color wp-elements-1863979550465336167b7d20a768e55f\">Ser parte del Club Alumni te permite contribuir a la comunidad: dando charlas, ayudando a nuevos estudiantes, o participando en proyectos.<\/li>\n\n\n\n<li class=\"has-dark-gray-color has-text-color has-link-color wp-elements-2483b915a61b51355f8c6f48538e402d\">Refuerzas tu sentido de prop\u00f3sito y liderazgo.<\/li>\n\n\n\n<li class=\"has-dark-gray-color has-text-color has-link-color wp-elements-aef163d2230aa5cf2b5c19f8b063e0c2\">Es una forma elegante de mantener viva tu conexi\u00f3n con el m\u00e1ster que te ayud\u00f3 a crecer.<\/li>\n<\/ul>\n\n\n\n<p class=\"has-text-color has-link-color wp-elements-0976938991ddd533f6a2a43f52ba7ed5\" style=\"color:#28348a;font-size:15px\"><strong>8. A tu inteligencia personal le sumar\u00e1s la inteligencia colectiva<\/strong><\/p>\n\n\n\n<ul style=\"font-size:15px\" class=\"wp-block-list\">\n<li class=\"has-dark-gray-color has-text-color has-link-color wp-elements-1605447170d33eb5d96e2a9cbe255d69\">El Club Alumni es una fuente de conocimiento compartido: ideas, experiencias, contactos, tendencias.<\/li>\n\n\n\n<li class=\"has-dark-gray-color has-text-color has-link-color wp-elements-02fc61cc4b255252a2c7a6d6be7e9199\">Te permite formar parte de una red donde se generan sinergias y colaboraciones de alto impacto.<\/li>\n\n\n\n<li class=\"has-dark-gray-color has-text-color has-link-color wp-elements-63b833ab54b406d611959bf48562761b\">Es una \u201cred de cerebros\u201d donde cada miembro aporta y aprende.<\/li>\n<\/ul>\n\n\n\n<p class=\"has-text-color has-link-color wp-elements-9c89ebcc378be0b5afb5ce3afc3f52a0\" style=\"color:#28348a;font-size:15px\"><strong>&nbsp;9. Te ayudar\u00e1 en tu evoluci\u00f3n y crecimiento personal<\/strong><\/p>\n\n\n\n<ul style=\"font-size:15px\" class=\"wp-block-list\">\n<li class=\"has-dark-gray-color has-text-color has-link-color wp-elements-0707c21c90055c0e43cfb3adc5fa7010\">Te rodeas de personas que siguen aprendiendo, evolucionando y avanzando hacia nuevos retos.<\/li>\n\n\n\n<li class=\"has-dark-gray-color has-text-color has-link-color wp-elements-ebef055e61817aeebd75fee64509477c\">Es una manera de no desconectarte del aprendizaje continuo ni del entorno acad\u00e9mico.<\/li>\n\n\n\n<li class=\"has-dark-gray-color has-text-color has-link-color wp-elements-8bb82642e0b3b460b094bdde94b3c922\">Mantienes vivo el esp\u00edritu de curiosidad y mejora que te llev\u00f3 a hacer el m\u00e1ster.<\/li>\n<\/ul>\n\n\n\n<p class=\"has-text-color has-link-color wp-elements-d2e4cd15a3cbca220da981f9a1fbce5f\" style=\"color:#28348a;font-size:15px\"><strong>10. Y\u2026 porque el m\u00e1ster termina, pero la amistad, la curiosidad y las ganas de trabajar juntos y ser cada vez m\u00e1s NO.<\/strong><\/p>\n\n\n\n<ul style=\"font-size:15px\" class=\"wp-block-list\">\n<li class=\"has-dark-gray-color has-text-color has-link-color wp-elements-3fbb5f849175db4c0990e34ce4fde506\" style=\"font-size:15px\">La experiencia del m\u00e1ster no acaba con el diploma: contin\u00faa en el Club Alumni.<\/li>\n\n\n\n<li class=\"has-dark-gray-color has-text-color has-link-color wp-elements-2847adf06e33212014f7e0eb7425e6e5\" style=\"font-size:15px\">Es tu forma de seguir escribiendo a una historia compartida, de celebrar logros y abrir nuevos cap\u00edtulos juntos.<\/li>\n<\/ul>\n\n\n\n<blockquote class=\"wp-block-quote is-layout-flow wp-block-quote-is-layout-flow\">\n<p class=\"has-text-color has-link-color wp-elements-d1a64bf70d0f0f1682b26ec8fd7610ee\" style=\"color:#28348a\"><em>Y\u2026 sobre todo, sobre todo\u2026 porque eres parte de este proyecto y porque tu energ\u00eda, tu pasi\u00f3n y tu historia sigue con nosotros.<\/em><\/p>\n<\/blockquote>\n\n\n\n<p><\/p>\n","protected":false},"excerpt":{"rendered":"<p>\u00a1You\u2019ll never walk alone! Porque eres parte de esta historia, porque tu energ\u00eda, tu pasi\u00f3n y tu historia sigue con nosotros, y porque el v\u00ednculo que nos une trasciende en el tiempo\u2026 \u00bfQuieres razones? Entre otras: 1. Potenciar\u00e1 tu red profesional (networking real, no te\u00f3rico) &nbsp;2. Te permitir\u00e1 un acceso preferente a formaci\u00f3n continua 3. &hellip; <a href=\"https:\/\/blog.uclm.es\/tp-mbsba\/2883-2\/\" class=\"more-link\">Sigue leyendo <span class=\"screen-reader-text\"><\/span><\/a><\/p>\n","protected":false},"author":449,"featured_media":0,"parent":0,"menu_order":0,"comment_status":"closed","ping_status":"closed","template":"","meta":{"footnotes":""},"class_list":["post-2883","page","type-page","status-publish","hentry"],"_links":{"self":[{"href":"https:\/\/blog.uclm.es\/tp-mbsba\/wp-json\/wp\/v2\/pages\/2883","targetHints":{"allow":["GET"]}}],"collection":[{"href":"https:\/\/blog.uclm.es\/tp-mbsba\/wp-json\/wp\/v2\/pages"}],"about":[{"href":"https:\/\/blog.uclm.es\/tp-mbsba\/wp-json\/wp\/v2\/types\/page"}],"author":[{"embeddable":true,"href":"https:\/\/blog.uclm.es\/tp-mbsba\/wp-json\/wp\/v2\/users\/449"}],"replies":[{"embeddable":true,"href":"https:\/\/blog.uclm.es\/tp-mbsba\/wp-json\/wp\/v2\/comments?post=2883"}],"version-history":[{"count":6,"href":"https:\/\/blog.uclm.es\/tp-mbsba\/wp-json\/wp\/v2\/pages\/2883\/revisions"}],"predecessor-version":[{"id":2908,"href":"https:\/\/blog.uclm.es\/tp-mbsba\/wp-json\/wp\/v2\/pages\/2883\/revisions\/2908"}],"wp:attachment":[{"href":"https:\/\/blog.uclm.es\/tp-mbsba\/wp-json\/wp\/v2\/media?parent=2883"}],"curies":[{"name":"wp","href":"https:\/\/api.w.org\/{rel}","templated":true}]}}