{"id":2822,"date":"2026-04-21T11:23:40","date_gmt":"2026-04-21T11:23:40","guid":{"rendered":"https:\/\/blog.uclm.es\/tp-mbsba\/?page_id=2822"},"modified":"2026-04-23T06:49:38","modified_gmt":"2026-04-23T06:49:38","slug":"contacto-2","status":"publish","type":"page","link":"https:\/\/blog.uclm.es\/tp-mbsba\/contacto-2\/","title":{"rendered":""},"content":{"rendered":"\n<p class=\"has-text-color has-link-color wp-elements-94f30346d980854c7f8b43cd91cbfe5a\" style=\"color:#28348a;font-size:21px;font-style:normal;font-weight:700\">Contacto<\/p>\n\n\n\n<div class=\"wp-block-media-text is-stacked-on-mobile\" style=\"grid-template-columns:25% auto\"><figure class=\"wp-block-media-text__media\"><img loading=\"lazy\" decoding=\"async\" width=\"174\" height=\"172\" src=\"https:\/\/blog.uclm.es\/tp-mbsba\/wp-content\/uploads\/sites\/176\/2026\/04\/Gema.png\" alt=\"\" class=\"wp-image-2895 size-full\" \/><\/figure><div class=\"wp-block-media-text__content\">\n<p class=\"has-text-color has-link-color wp-elements-b29767a4db36db8c6a8da60c232ee433\" style=\"color:#28348a;font-size:14px\"><strong>Direcci\u00f3n<\/strong><\/p>\n\n\n\n<p class=\"has-text-color has-link-color has-medium-font-size wp-elements-e46245efc50651b927b0b9d44c6268e9\" style=\"color:#28348a\">Gema Fern\u00e1ndez-Avil\u00e9s Calder\u00f3n<\/p>\n\n\n\n<p class=\"has-dark-gray-color has-text-color has-link-color has-small-font-size wp-elements-a1468fb1dd1f828a584382000586cf62\">Catedr\u00e1tica<br>Universidad de Castilla-La Mancha<br> <a href=\"mailto:Gema.faviles@uclm.es\">Gema.faviles@uclm.es<\/a><\/p>\n<\/div><\/div>\n\n\n\n<div class=\"wp-block-media-text is-stacked-on-mobile\" style=\"grid-template-columns:25% auto\"><figure class=\"wp-block-media-text__media\"><img loading=\"lazy\" decoding=\"async\" width=\"174\" height=\"172\" src=\"https:\/\/blog.uclm.es\/tp-mbsba\/wp-content\/uploads\/sites\/176\/2026\/03\/Capa-27.png\" alt=\"\" class=\"wp-image-2614 size-full\" \/><\/figure><div class=\"wp-block-media-text__content\">\n<p class=\"has-text-color has-link-color wp-elements-c16f9cebbe85e85df5a3580bc5fe3a47\" style=\"color:#28348a;font-size:14px\"><strong>Secretar\u00eda<\/strong><\/p>\n\n\n\n<p class=\"has-text-color has-link-color has-medium-font-size wp-elements-3db4ee0a400509cbc9f4f06c4f8c81e8\" style=\"color:#28348a\">V\u00edctor M. Casero Alonso<\/p>\n\n\n\n<p class=\"has-dark-gray-color has-text-color has-link-color has-small-font-size wp-elements-c605eec0a3119a9cd3ee7c60582f8dbd\">Profesor Titular<br>Universidad de Castilla-La Mancha<br><a href=\"mailto:VictorManuel.Casero@uclm.es\">VictorManuel.Casero@uclm.es<\/a><\/p>\n<\/div><\/div>\n\n\n\n<div class=\"wp-block-media-text is-stacked-on-mobile is-vertically-aligned-center\" style=\"grid-template-columns:25% auto\"><figure class=\"wp-block-media-text__media\"><img loading=\"lazy\" decoding=\"async\" width=\"206\" height=\"206\" src=\"https:\/\/blog.uclm.es\/tp-mbsba\/wp-content\/uploads\/sites\/176\/2026\/04\/imageJMM.png\" alt=\"\" class=\"wp-image-2824 size-full\" srcset=\"https:\/\/blog.uclm.es\/tp-mbsba\/wp-content\/uploads\/sites\/176\/2026\/04\/imageJMM.png 206w, https:\/\/blog.uclm.es\/tp-mbsba\/wp-content\/uploads\/sites\/176\/2026\/04\/imageJMM-150x150.png 150w\" sizes=\"auto, (max-width: 206px) 100vw, 206px\" \/><\/figure><div class=\"wp-block-media-text__content\">\n<p class=\"has-text-color has-link-color wp-elements-5eea14a890ffe79a35a182af385a6947\" style=\"color:#28348a;font-size:14px\"><strong><strong>Secretar\u00eda para relaciones con institucionales y empresas<\/strong><\/strong><\/p>\n\n\n\n<p class=\"has-text-color has-link-color has-medium-font-size wp-elements-55b944464a7dd738691ce2a8dfb412a9\" style=\"color:#28348a\">Jos\u00e9-Mar\u00eda Montero Lorenzo<\/p>\n\n\n\n<p class=\"has-dark-gray-color has-text-color has-link-color has-small-font-size wp-elements-8f07295332343ef9750bf058f40eb246\">Catedr\u00e1tico<br>Universidad de Castilla-La Mancha<br> <a href=\"mailto:Gema.faviles@uclm.es\"><\/a><a href=\"mailto:Jose.Mlorenzo@uclm.es\">Jose.Mlorenzo@uclm.es<\/a><\/p>\n<\/div><\/div>\n\n\n\n<p><\/p>\n","protected":false},"excerpt":{"rendered":"<p>Contacto Direcci\u00f3n Gema Fern\u00e1ndez-Avil\u00e9s Calder\u00f3n Catedr\u00e1ticaUniversidad de Castilla-La Mancha Gema.faviles@uclm.es Secretar\u00eda V\u00edctor M. Casero Alonso Profesor TitularUniversidad de Castilla-La ManchaVictorManuel.Casero@uclm.es Secretar\u00eda para relaciones con institucionales y empresas Jos\u00e9-Mar\u00eda Montero Lorenzo Catedr\u00e1ticoUniversidad de Castilla-La Mancha Jose.Mlorenzo@uclm.es<\/p>\n","protected":false},"author":449,"featured_media":0,"parent":0,"menu_order":0,"comment_status":"closed","ping_status":"closed","template":"","meta":{"footnotes":""},"class_list":["post-2822","page","type-page","status-publish","hentry"],"_links":{"self":[{"href":"https:\/\/blog.uclm.es\/tp-mbsba\/wp-json\/wp\/v2\/pages\/2822","targetHints":{"allow":["GET"]}}],"collection":[{"href":"https:\/\/blog.uclm.es\/tp-mbsba\/wp-json\/wp\/v2\/pages"}],"about":[{"href":"https:\/\/blog.uclm.es\/tp-mbsba\/wp-json\/wp\/v2\/types\/page"}],"author":[{"embeddable":true,"href":"https:\/\/blog.uclm.es\/tp-mbsba\/wp-json\/wp\/v2\/users\/449"}],"replies":[{"embeddable":true,"href":"https:\/\/blog.uclm.es\/tp-mbsba\/wp-json\/wp\/v2\/comments?post=2822"}],"version-history":[{"count":6,"href":"https:\/\/blog.uclm.es\/tp-mbsba\/wp-json\/wp\/v2\/pages\/2822\/revisions"}],"predecessor-version":[{"id":2911,"href":"https:\/\/blog.uclm.es\/tp-mbsba\/wp-json\/wp\/v2\/pages\/2822\/revisions\/2911"}],"wp:attachment":[{"href":"https:\/\/blog.uclm.es\/tp-mbsba\/wp-json\/wp\/v2\/media?parent=2822"}],"curies":[{"name":"wp","href":"https:\/\/api.w.org\/{rel}","templated":true}]}}