{"id":2552,"date":"2026-04-23T09:42:28","date_gmt":"2026-04-23T09:42:28","guid":{"rendered":"https:\/\/blog.uclm.es\/tp-mbsba\/?page_id=2552"},"modified":"2026-04-23T10:02:14","modified_gmt":"2026-04-23T10:02:14","slug":"masterclasses","status":"publish","type":"page","link":"https:\/\/blog.uclm.es\/tp-mbsba\/masterclasses\/","title":{"rendered":""},"content":{"rendered":"\n<p class=\"has-text-color has-link-color wp-elements-75726f10ea7d6f08e5fb647a89a1bb8c\" style=\"color:#28348a;font-size:21px\"><strong>Masterclasses<\/strong><\/p>\n\n\n\n<p class=\"has-text-align-right has-text-color has-link-color wp-elements-b69247635ef10082c9e735c54cff440e\" style=\"color:#28348a;font-size:15px;font-style:normal;font-weight:400\">Nueva masterclass<\/p>\n\n\n\n<figure class=\"wp-block-image size-large\"><img decoding=\"async\" src=\"https:\/\/blog.uclm.es\/gemafaviles\/wp-content\/uploads\/sites\/82\/2026\/03\/5ed-m4-cristian-leguisamon.jpg\" alt=\"\" \/><\/figure>\n\n\n\n<p class=\"has-text-color has-link-color wp-elements-4bf386dc69ec355ff952a78e2ab5892e\" style=\"color:#28348a\"><a href=\"https:\/\/teams.microsoft.com\/meet\/33767310786028?p=ly9E11EKb7TsoMTP1P\">Accede a la masterclass en directo<\/a><\/p>\n\n\n\n<p class=\"has-text-color has-link-color wp-elements-dcf110674edbd267c76da6c704044c90\" style=\"color:#28348a\"><strong>Otras masterclasses impartidas<\/strong><\/p>\n\n\n\n<p class=\"has-dark-gray-color has-text-color has-link-color wp-elements-38409a95016245a25fe96cbbc46886ba\">Uno de los puntos fuertes de los t\u00edtulos propuestos es la orientaci\u00f3n aplicada que se plasma en un elenco de masterclasses a lo largo de los m\u00f3dulos impartidas por profesionales de reconocido prestigio.<\/p>\n\n\n\n<p class=\"has-dark-gray-color has-text-color has-link-color wp-elements-d8866ffface29f8ecf1d0d2c5bffd9be\">Estas masterclasses ilustran la implementaci\u00f3n de an\u00e1lisis de datos, t\u00e9cnicas estad\u00edsticas, algoritmos de <em>machine learning<\/em> e inteligencia artificial en casos de \u00e9xito aplicados al mundo empresarial, mercado inmobiliario, sector el\u00e9ctrico, sector sanitario, criminolog\u00eda, ciberseguridad, consultor\u00eda, econom\u00eda, marketing, m\u00e9tricas de gesti\u00f3n deportiva, <em>big data<\/em> y arquitectura de datos, sector actuarial y de seguros, etc\u2026<\/p>\n\n\n\n<hr class=\"wp-block-separator has-alpha-channel-opacity is-style-dots\" \/>\n\n\n\n<div class=\"wp-block-media-text is-stacked-on-mobile\" style=\"grid-template-columns:17% auto\"><figure class=\"wp-block-media-text__media\"><img loading=\"lazy\" decoding=\"async\" width=\"1000\" height=\"1000\" src=\"https:\/\/blog.uclm.es\/tp-mbsba\/wp-content\/uploads\/sites\/176\/2026\/03\/logo_ceprede.png\" alt=\"\" class=\"wp-image-2673 size-full\" srcset=\"https:\/\/blog.uclm.es\/tp-mbsba\/wp-content\/uploads\/sites\/176\/2026\/03\/logo_ceprede.png 1000w, https:\/\/blog.uclm.es\/tp-mbsba\/wp-content\/uploads\/sites\/176\/2026\/03\/logo_ceprede-300x300.png 300w, https:\/\/blog.uclm.es\/tp-mbsba\/wp-content\/uploads\/sites\/176\/2026\/03\/logo_ceprede-150x150.png 150w, https:\/\/blog.uclm.es\/tp-mbsba\/wp-content\/uploads\/sites\/176\/2026\/03\/logo_ceprede-768x768.png 768w\" sizes=\"auto, (max-width: 1000px) 100vw, 1000px\" \/><\/figure><div class=\"wp-block-media-text__content\">\n<p class=\"has-dark-gray-color has-text-color has-link-color wp-elements-15bc565d399f4f2d57f2e58c8eef5d5d\"><strong>Predicci\u00f3n sectorial y empresarial: principios y desaf\u00edos<\/strong><\/p>\n\n\n\n<p class=\"has-dark-gray-color has-text-color has-link-color wp-elements-d19f1d5383afaebb1e88ce0fc7213f3b\">Milagros Dones<\/p>\n\n\n\n<hr class=\"wp-block-separator has-alpha-channel-opacity\" \/>\n<\/div><\/div>\n\n\n\n<div class=\"wp-block-media-text is-stacked-on-mobile\" style=\"grid-template-columns:17% auto\"><figure class=\"wp-block-media-text__media\"><img loading=\"lazy\" decoding=\"async\" width=\"234\" height=\"215\" src=\"https:\/\/blog.uclm.es\/tp-mbsba\/wp-content\/uploads\/sites\/176\/2026\/03\/logo-ucm.png\" alt=\"\" class=\"wp-image-2670 size-full\" \/><\/figure><div class=\"wp-block-media-text__content\">\n<p class=\"has-dark-gray-color has-text-color has-link-color wp-elements-4c4ab9a6eabf4a007e31a6b2358c3e82\"><strong>El cient\u00edfico de datos de ma\u00f1ana<\/strong><\/p>\n\n\n\n<p class=\"has-dark-gray-color has-text-color has-link-color wp-elements-a02d365a44fd584fc7ff758663571789\">Miguel Camacho Ru\u00edz<\/p>\n\n\n\n<hr class=\"wp-block-separator has-alpha-channel-opacity\" \/>\n<\/div><\/div>\n\n\n\n<div class=\"wp-block-media-text is-stacked-on-mobile\" style=\"grid-template-columns:17% auto\"><figure class=\"wp-block-media-text__media\"><img loading=\"lazy\" decoding=\"async\" width=\"513\" height=\"513\" src=\"https:\/\/blog.uclm.es\/tp-mbsba\/wp-content\/uploads\/sites\/176\/2026\/03\/logo-uam.png\" alt=\"\" class=\"wp-image-2672 size-full\" srcset=\"https:\/\/blog.uclm.es\/tp-mbsba\/wp-content\/uploads\/sites\/176\/2026\/03\/logo-uam.png 513w, https:\/\/blog.uclm.es\/tp-mbsba\/wp-content\/uploads\/sites\/176\/2026\/03\/logo-uam-300x300.png 300w, https:\/\/blog.uclm.es\/tp-mbsba\/wp-content\/uploads\/sites\/176\/2026\/03\/logo-uam-150x150.png 150w\" sizes=\"auto, (max-width: 513px) 100vw, 513px\" \/><\/figure><div class=\"wp-block-media-text__content\">\n<p class=\"has-dark-gray-color has-text-color has-link-color wp-elements-475db952b125dc24386db22b65ec47cf\"><strong>Aplicaciones del procesamiento del lenguaje natural a la polic\u00eda predictiva<\/strong><\/p>\n\n\n\n<p class=\"has-dark-gray-color has-text-color has-link-color wp-elements-a7b859a426b24b40c5406fa9830ba5d7\">Lara Quijano<\/p>\n\n\n\n<hr class=\"wp-block-separator has-alpha-channel-opacity\" \/>\n<\/div><\/div>\n\n\n\n<div class=\"wp-block-media-text is-stacked-on-mobile\" style=\"grid-template-columns:17% auto\"><figure class=\"wp-block-media-text__media\"><img loading=\"lazy\" decoding=\"async\" width=\"395\" height=\"72\" src=\"https:\/\/blog.uclm.es\/tp-mbsba\/wp-content\/uploads\/sites\/176\/2021\/02\/deloitte2.png\" alt=\"\" class=\"wp-image-342 size-full\" srcset=\"https:\/\/blog.uclm.es\/tp-mbsba\/wp-content\/uploads\/sites\/176\/2021\/02\/deloitte2.png 395w, https:\/\/blog.uclm.es\/tp-mbsba\/wp-content\/uploads\/sites\/176\/2021\/02\/deloitte2-300x55.png 300w\" sizes=\"auto, (max-width: 395px) 100vw, 395px\" \/><\/figure><div class=\"wp-block-media-text__content\">\n<p class=\"has-dark-gray-color has-text-color has-link-color wp-elements-a3d5cfcc8e8b64261ab3638c49307314\"><strong>Marketing Mix Modeling para la optimizaci\u00f3n de inversiones publicitarias<\/strong><\/p>\n\n\n\n<p class=\"has-dark-gray-color has-text-color has-link-color wp-elements-09ff4a861129eb0eb74c1b7b42c317c3\">Luc\u00eda Mar Escriv\u00e1<\/p>\n\n\n\n<hr class=\"wp-block-separator has-alpha-channel-opacity\" \/>\n<\/div><\/div>\n\n\n\n<div class=\"wp-block-media-text is-stacked-on-mobile\" style=\"grid-template-columns:17% auto\"><figure class=\"wp-block-media-text__media\"><img loading=\"lazy\" decoding=\"async\" width=\"1024\" height=\"512\" src=\"https:\/\/blog.uclm.es\/tp-mbsba\/wp-content\/uploads\/sites\/176\/2026\/03\/logo-um-1024x512.jpg\" alt=\"\" class=\"wp-image-2671 size-full\" srcset=\"https:\/\/blog.uclm.es\/tp-mbsba\/wp-content\/uploads\/sites\/176\/2026\/03\/logo-um-1024x512.jpg 1024w, https:\/\/blog.uclm.es\/tp-mbsba\/wp-content\/uploads\/sites\/176\/2026\/03\/logo-um-300x150.jpg 300w, https:\/\/blog.uclm.es\/tp-mbsba\/wp-content\/uploads\/sites\/176\/2026\/03\/logo-um-768x384.jpg 768w, https:\/\/blog.uclm.es\/tp-mbsba\/wp-content\/uploads\/sites\/176\/2026\/03\/logo-um-1536x768.jpg 1536w, https:\/\/blog.uclm.es\/tp-mbsba\/wp-content\/uploads\/sites\/176\/2026\/03\/logo-um.jpg 2048w\" sizes=\"auto, (max-width: 1024px) 100vw, 1024px\" \/><\/figure><div class=\"wp-block-media-text__content\">\n<p class=\"has-dark-gray-color has-text-color has-link-color wp-elements-00e5a27f7c35ec7f9219578690a48d56\"><strong>Creaci\u00f3n de aplicaciones web interactivas con Shiny<\/strong><\/p>\n\n\n\n<p class=\"has-dark-gray-color has-text-color has-link-color wp-elements-08a9a75bc83016a975219f55ab445da0\">Aurora Gonz\u00e1lez<\/p>\n\n\n\n<hr class=\"wp-block-separator has-alpha-channel-opacity\" \/>\n<\/div><\/div>\n\n\n\n<div class=\"wp-block-media-text is-stacked-on-mobile\" style=\"grid-template-columns:17% auto\"><figure class=\"wp-block-media-text__media\"><img loading=\"lazy\" decoding=\"async\" width=\"154\" height=\"70\" src=\"https:\/\/blog.uclm.es\/tp-mbsba\/wp-content\/uploads\/sites\/176\/2021\/02\/singular.png\" alt=\"\" class=\"wp-image-343 size-full\" \/><\/figure><div class=\"wp-block-media-text__content\">\n<p class=\"has-dark-gray-color has-text-color has-link-color wp-elements-020b11dab6c00193f40a29bfcb6d04ce\"><strong>Inteligencia artificial pero muy humana<\/strong><br>Nerea Luis Mingueza<\/p>\n\n\n\n<hr class=\"wp-block-separator has-alpha-channel-opacity\" \/>\n<\/div><\/div>\n\n\n\n<div class=\"wp-block-media-text is-stacked-on-mobile\" style=\"grid-template-columns:17% auto\"><figure class=\"wp-block-media-text__media\"><img loading=\"lazy\" decoding=\"async\" width=\"1024\" height=\"352\" src=\"https:\/\/blog.uclm.es\/tp-mbsba\/wp-content\/uploads\/sites\/176\/2026\/03\/Santander_Argentina_Logo-1024x352.png\" alt=\"\" class=\"wp-image-2558 size-full\" srcset=\"https:\/\/blog.uclm.es\/tp-mbsba\/wp-content\/uploads\/sites\/176\/2026\/03\/Santander_Argentina_Logo-1024x352.png 1024w, https:\/\/blog.uclm.es\/tp-mbsba\/wp-content\/uploads\/sites\/176\/2026\/03\/Santander_Argentina_Logo-300x103.png 300w, https:\/\/blog.uclm.es\/tp-mbsba\/wp-content\/uploads\/sites\/176\/2026\/03\/Santander_Argentina_Logo-768x264.png 768w, https:\/\/blog.uclm.es\/tp-mbsba\/wp-content\/uploads\/sites\/176\/2026\/03\/Santander_Argentina_Logo-1536x528.png 1536w, https:\/\/blog.uclm.es\/tp-mbsba\/wp-content\/uploads\/sites\/176\/2026\/03\/Santander_Argentina_Logo-2048x705.png 2048w\" sizes=\"auto, (max-width: 1024px) 100vw, 1024px\" \/><\/figure><div class=\"wp-block-media-text__content\">\n<p class=\"has-dark-gray-color has-text-color has-link-color wp-elements-b610fe3ede02680ec1c3799c82c7f213\"><strong>Big-Data aplicado a empresas<\/strong><br>Luis Ramirez de Diego<\/p>\n\n\n\n<hr class=\"wp-block-separator has-alpha-channel-opacity\" \/>\n<\/div><\/div>\n\n\n\n<div class=\"wp-block-media-text is-stacked-on-mobile\" style=\"grid-template-columns:17% auto\"><figure class=\"wp-block-media-text__media\"><img loading=\"lazy\" decoding=\"async\" width=\"297\" height=\"169\" src=\"https:\/\/blog.uclm.es\/tp-mbsba\/wp-content\/uploads\/sites\/176\/2021\/03\/logo-maria.jpg\" alt=\"\" class=\"wp-image-723 size-full\" \/><\/figure><div class=\"wp-block-media-text__content\">\n<p class=\"has-dark-gray-color has-text-color has-link-color wp-elements-afb1cc8adb723547593abd29b0c168be\"><strong>Modelizaci\u00f3n de miembros de alto riesgo<\/strong><br>Mar\u00eda G\u00f3mez Saldarriaga<\/p>\n\n\n\n<hr class=\"wp-block-separator has-alpha-channel-opacity\" \/>\n<\/div><\/div>\n\n\n\n<div class=\"wp-block-media-text is-stacked-on-mobile\" style=\"grid-template-columns:17% auto\"><figure class=\"wp-block-media-text__media\"><img loading=\"lazy\" decoding=\"async\" width=\"183\" height=\"122\" src=\"https:\/\/blog.uclm.es\/tp-mbsba\/wp-content\/uploads\/sites\/176\/2021\/02\/gc.png\" alt=\"\" class=\"wp-image-212 size-full\" \/><\/figure><div class=\"wp-block-media-text__content\">\n<p class=\"has-dark-gray-color has-text-color has-link-color wp-elements-19b841e29745096ad0d5afe10c16b295\"><strong>Data Science en ciberdelincuencia<\/strong><br>Carlos Igual Garrido<\/p>\n<\/div><\/div>\n\n\n\n<div class=\"wp-block-media-text is-stacked-on-mobile\" style=\"grid-template-columns:17% auto\"><figure class=\"wp-block-media-text__media\"><img loading=\"lazy\" decoding=\"async\" width=\"152\" height=\"152\" src=\"https:\/\/blog.uclm.es\/tp-mbsba\/wp-content\/uploads\/sites\/176\/2021\/02\/futbol.png\" alt=\"\" class=\"wp-image-211 size-full\" srcset=\"https:\/\/blog.uclm.es\/tp-mbsba\/wp-content\/uploads\/sites\/176\/2021\/02\/futbol.png 152w, https:\/\/blog.uclm.es\/tp-mbsba\/wp-content\/uploads\/sites\/176\/2021\/02\/futbol-150x150.png 150w\" sizes=\"auto, (max-width: 152px) 100vw, 152px\" \/><\/figure><div class=\"wp-block-media-text__content\">\n<p class=\"has-dark-gray-color has-text-color has-link-color wp-elements-39126dca6ddf4c766b1f6ebc716838bb\"><strong>M\u00e9tricas avanzadas en el f\u00fatbol<\/strong><br>Jes\u00fas Lagos Milla<\/p>\n\n\n\n<hr class=\"wp-block-separator has-alpha-channel-opacity\" \/>\n<\/div><\/div>\n\n\n\n<div class=\"wp-block-media-text is-stacked-on-mobile\" style=\"grid-template-columns:17% auto\"><figure class=\"wp-block-media-text__media\"><img loading=\"lazy\" decoding=\"async\" width=\"400\" height=\"400\" src=\"https:\/\/blog.uclm.es\/tp-mbsba\/wp-content\/uploads\/sites\/176\/2021\/03\/idealista.jpg\" alt=\"\" class=\"wp-image-727 size-full\" srcset=\"https:\/\/blog.uclm.es\/tp-mbsba\/wp-content\/uploads\/sites\/176\/2021\/03\/idealista.jpg 400w, https:\/\/blog.uclm.es\/tp-mbsba\/wp-content\/uploads\/sites\/176\/2021\/03\/idealista-300x300.jpg 300w, https:\/\/blog.uclm.es\/tp-mbsba\/wp-content\/uploads\/sites\/176\/2021\/03\/idealista-150x150.jpg 150w\" sizes=\"auto, (max-width: 400px) 100vw, 400px\" \/><\/figure><div class=\"wp-block-media-text__content\">\n<p class=\"has-dark-gray-color has-text-color has-link-color wp-elements-63d950cf857343715c836f69d95a8ff2\"><strong>Valoraci\u00f3n de casas en Espa\u00f1a<\/strong><br>Pelayo Gonz\u00e1lez Arbues<\/p>\n\n\n\n<hr class=\"wp-block-separator has-alpha-channel-opacity\" \/>\n<\/div><\/div>\n\n\n\n<div class=\"wp-block-media-text is-stacked-on-mobile\" style=\"grid-template-columns:17% auto\"><figure class=\"wp-block-media-text__media\"><img loading=\"lazy\" decoding=\"async\" width=\"800\" height=\"613\" src=\"https:\/\/blog.uclm.es\/tp-mbsba\/wp-content\/uploads\/sites\/176\/2021\/03\/finance-illustration-04.png\" alt=\"\" class=\"wp-image-443 size-full\" srcset=\"https:\/\/blog.uclm.es\/tp-mbsba\/wp-content\/uploads\/sites\/176\/2021\/03\/finance-illustration-04.png 800w, https:\/\/blog.uclm.es\/tp-mbsba\/wp-content\/uploads\/sites\/176\/2021\/03\/finance-illustration-04-300x230.png 300w, https:\/\/blog.uclm.es\/tp-mbsba\/wp-content\/uploads\/sites\/176\/2021\/03\/finance-illustration-04-768x588.png 768w\" sizes=\"auto, (max-width: 800px) 100vw, 800px\" \/><\/figure><div class=\"wp-block-media-text__content\">\n<p class=\"has-dark-gray-color has-text-color has-link-color wp-elements-2631a68aaf98137c48c2951d7a49586b\"><strong>Anal\u00edtica avanzada en empresas<\/strong><br>Macarena Est\u00e9vez Mu\u00f1oz<\/p>\n\n\n\n<hr class=\"wp-block-separator has-alpha-channel-opacity\" \/>\n<\/div><\/div>\n\n\n\n<div class=\"wp-block-media-text is-stacked-on-mobile\" style=\"grid-template-columns:17% auto\"><figure class=\"wp-block-media-text__media\"><img loading=\"lazy\" decoding=\"async\" width=\"700\" height=\"225\" src=\"https:\/\/blog.uclm.es\/tp-mbsba\/wp-content\/uploads\/sites\/176\/2023\/06\/Logo-Universidad-Carlos-Tercero-de-Madrid.jpg\" alt=\"\" class=\"wp-image-1259 size-full\" srcset=\"https:\/\/blog.uclm.es\/tp-mbsba\/wp-content\/uploads\/sites\/176\/2023\/06\/Logo-Universidad-Carlos-Tercero-de-Madrid.jpg 700w, https:\/\/blog.uclm.es\/tp-mbsba\/wp-content\/uploads\/sites\/176\/2023\/06\/Logo-Universidad-Carlos-Tercero-de-Madrid-300x96.jpg 300w\" sizes=\"auto, (max-width: 700px) 100vw, 700px\" \/><\/figure><div class=\"wp-block-media-text__content\">\n<p class=\"has-dark-gray-color has-text-color has-link-color wp-elements-8825b1081da75e962263c6f64eca5047\"><strong>Propagaci\u00f3n de mensajes en Twitter<\/strong><br>Mari Luz Congosto Mart\u00ednez<\/p>\n\n\n\n<hr class=\"wp-block-separator has-alpha-channel-opacity\" \/>\n<\/div><\/div>\n\n\n\n<div class=\"wp-block-media-text is-stacked-on-mobile\" style=\"grid-template-columns:17% auto\"><figure class=\"wp-block-media-text__media\"><img loading=\"lazy\" decoding=\"async\" width=\"151\" height=\"107\" src=\"https:\/\/blog.uclm.es\/tp-mbsba\/wp-content\/uploads\/sites\/176\/2026\/03\/Logo-JCCM@2x.png\" alt=\"\" class=\"wp-image-2556 size-full\" \/><\/figure><div class=\"wp-block-media-text__content\">\n<p class=\"has-dark-gray-color has-text-color has-link-color wp-elements-6bfb5bf92c7454bf64b924375e12ef0d\"><strong>Data Science y R para el empleo<\/strong><br>Isidro Hidalgo Arellano<\/p>\n\n\n\n<hr class=\"wp-block-separator has-alpha-channel-opacity\" \/>\n<\/div><\/div>\n\n\n\n<div class=\"wp-block-media-text is-stacked-on-mobile\" style=\"grid-template-columns:17% auto\"><figure class=\"wp-block-media-text__media\"><img loading=\"lazy\" decoding=\"async\" width=\"760\" height=\"396\" src=\"https:\/\/blog.uclm.es\/tp-mbsba\/wp-content\/uploads\/sites\/176\/2023\/06\/mailinsti_05032013idipaz.jpg\" alt=\"\" class=\"wp-image-1261 size-full\" srcset=\"https:\/\/blog.uclm.es\/tp-mbsba\/wp-content\/uploads\/sites\/176\/2023\/06\/mailinsti_05032013idipaz.jpg 760w, https:\/\/blog.uclm.es\/tp-mbsba\/wp-content\/uploads\/sites\/176\/2023\/06\/mailinsti_05032013idipaz-300x156.jpg 300w\" sizes=\"auto, (max-width: 760px) 100vw, 760px\" \/><\/figure><div class=\"wp-block-media-text__content\">\n<p class=\"has-dark-gray-color has-text-color has-link-color wp-elements-bc126b5aa9ac42bbda35bd1ada13c1f5\"><strong>An\u00e1lisis de datos en medicina<\/strong><br>Alberto Borobia P\u00e9rez<\/p>\n\n\n\n<hr class=\"wp-block-separator has-alpha-channel-opacity\" \/>\n<\/div><\/div>\n\n\n\n<div class=\"wp-block-media-text is-stacked-on-mobile\" style=\"grid-template-columns:17% auto\"><figure class=\"wp-block-media-text__media\"><img loading=\"lazy\" decoding=\"async\" width=\"108\" height=\"116\" src=\"https:\/\/blog.uclm.es\/tp-mbsba\/wp-content\/uploads\/sites\/176\/2021\/02\/balonmano2.png\" alt=\"\" class=\"wp-image-206 size-full\" \/><\/figure><div class=\"wp-block-media-text__content\">\n<p class=\"has-dark-gray-color has-text-color has-link-color wp-elements-fc8238a198071d1a6c28707fd0934e38\"><strong>Big Data en alto rendimiento deportivo<\/strong><br>Eusebio \u00c1ngulo S\u00e1nchez-Herrera<\/p>\n\n\n\n<hr class=\"wp-block-separator has-alpha-channel-opacity\" \/>\n<\/div><\/div>\n\n\n\n<div class=\"wp-block-media-text is-stacked-on-mobile\" style=\"grid-template-columns:17% auto\"><figure class=\"wp-block-media-text__media\"><img loading=\"lazy\" decoding=\"async\" width=\"202\" height=\"93\" src=\"https:\/\/blog.uclm.es\/tp-mbsba\/wp-content\/uploads\/sites\/176\/2021\/02\/geicam.png\" alt=\"\" class=\"wp-image-213 size-full\" \/><\/figure><div class=\"wp-block-media-text__content\">\n<p class=\"has-dark-gray-color has-text-color has-link-color wp-elements-40d4cebb29e78b83c255c780eba57d1e\"><strong>Modelos predictivos gen\u00e9ticos<\/strong><br>Jes\u00fas Herranz Valera<\/p>\n\n\n\n<hr class=\"wp-block-separator has-alpha-channel-opacity\" \/>\n<\/div><\/div>\n\n\n\n<div class=\"wp-block-media-text is-stacked-on-mobile\" style=\"grid-template-columns:17% auto\"><figure class=\"wp-block-media-text__media\"><img loading=\"lazy\" decoding=\"async\" width=\"130\" height=\"180\" src=\"https:\/\/blog.uclm.es\/tp-mbsba\/wp-content\/uploads\/sites\/176\/2021\/02\/CNP-e1613167535831.png\" alt=\"\" class=\"wp-image-179 size-full\" \/><\/figure><div class=\"wp-block-media-text__content\">\n<p class=\"has-dark-gray-color has-text-color has-link-color wp-elements-3e8dc9390cc0c2dbb3b850c3c3d286b5\"><strong>Investigaci\u00f3n Policial y Ciencia de Datos<\/strong><br>Leopoldo Gil Canero<\/p>\n\n\n\n<hr class=\"wp-block-separator has-alpha-channel-opacity\" \/>\n<\/div><\/div>\n\n\n\n<div class=\"wp-block-media-text is-stacked-on-mobile\" style=\"grid-template-columns:17% auto\"><figure class=\"wp-block-media-text__media\"><img loading=\"lazy\" decoding=\"async\" width=\"500\" height=\"500\" src=\"https:\/\/blog.uclm.es\/tp-mbsba\/wp-content\/uploads\/sites\/176\/2021\/03\/RedElectricaEspana-SAU.jpg\" alt=\"\" class=\"wp-image-721 size-full\" srcset=\"https:\/\/blog.uclm.es\/tp-mbsba\/wp-content\/uploads\/sites\/176\/2021\/03\/RedElectricaEspana-SAU.jpg 500w, https:\/\/blog.uclm.es\/tp-mbsba\/wp-content\/uploads\/sites\/176\/2021\/03\/RedElectricaEspana-SAU-300x300.jpg 300w, https:\/\/blog.uclm.es\/tp-mbsba\/wp-content\/uploads\/sites\/176\/2021\/03\/RedElectricaEspana-SAU-150x150.jpg 150w\" sizes=\"auto, (max-width: 500px) 100vw, 500px\" \/><\/figure><div class=\"wp-block-media-text__content\">\n<p class=\"has-dark-gray-color has-text-color has-link-color wp-elements-40628364138af1641700df813cddddd1\"><strong>Analytics en Red El\u00e9ctrica de Espa\u00f1a<\/strong><br>Jos\u00e9 Manuel Sanz Candales<\/p>\n\n\n\n<hr class=\"wp-block-separator has-alpha-channel-opacity\" \/>\n<\/div><\/div>\n\n\n\n<div class=\"wp-block-media-text is-stacked-on-mobile\" style=\"grid-template-columns:17% auto\"><figure class=\"wp-block-media-text__media\"><img loading=\"lazy\" decoding=\"async\" width=\"154\" height=\"239\" src=\"https:\/\/blog.uclm.es\/tp-mbsba\/wp-content\/uploads\/sites\/176\/2021\/02\/ds_pn.png\" alt=\"\" class=\"wp-image-210 size-full\" \/><\/figure><div class=\"wp-block-media-text__content\">\n<p class=\"has-dark-gray-color has-text-color has-link-color wp-elements-25d5f1d137183f4f8eefda21d6d78b6c\"><strong><br>Data Science para la Polic\u00eda Nacional<\/strong><br>Miguel Camacho \/ Federico Liberatore<\/p>\n\n\n\n<hr class=\"wp-block-separator has-alpha-channel-opacity\" \/>\n<\/div><\/div>\n\n\n\n<div class=\"wp-block-media-text is-stacked-on-mobile\" style=\"grid-template-columns:17% auto\"><figure class=\"wp-block-media-text__media\"><img loading=\"lazy\" decoding=\"async\" width=\"180\" height=\"244\" src=\"https:\/\/blog.uclm.es\/tp-mbsba\/wp-content\/uploads\/sites\/176\/2023\/06\/AS-267468457611283@1440780857322_l.png\" alt=\"\" class=\"wp-image-1268 size-full\" \/><\/figure><div class=\"wp-block-media-text__content\">\n<p class=\"has-dark-gray-color has-text-color has-link-color wp-elements-2de27e83a24439f07364622498bfcf46\"><strong>Mapas de enfermedades y an\u00e1lisis<\/strong><br>Rebeca Ramis Prieto<\/p>\n\n\n\n<hr class=\"wp-block-separator has-alpha-channel-opacity\" \/>\n<\/div><\/div>\n","protected":false},"excerpt":{"rendered":"<p>Masterclasses Nueva masterclass Accede a la masterclass en directo Otras masterclasses impartidas Uno de los puntos fuertes de los t\u00edtulos propuestos es la orientaci\u00f3n aplicada que se plasma en un elenco de masterclasses a lo largo de los m\u00f3dulos impartidas por profesionales de reconocido prestigio. Estas masterclasses ilustran la implementaci\u00f3n de an\u00e1lisis de datos, t\u00e9cnicas &hellip; <a href=\"https:\/\/blog.uclm.es\/tp-mbsba\/masterclasses\/\" class=\"more-link\">Sigue leyendo <span class=\"screen-reader-text\"><\/span><\/a><\/p>\n","protected":false},"author":449,"featured_media":0,"parent":0,"menu_order":0,"comment_status":"closed","ping_status":"closed","template":"","meta":{"footnotes":""},"class_list":["post-2552","page","type-page","status-publish","hentry"],"_links":{"self":[{"href":"https:\/\/blog.uclm.es\/tp-mbsba\/wp-json\/wp\/v2\/pages\/2552","targetHints":{"allow":["GET"]}}],"collection":[{"href":"https:\/\/blog.uclm.es\/tp-mbsba\/wp-json\/wp\/v2\/pages"}],"about":[{"href":"https:\/\/blog.uclm.es\/tp-mbsba\/wp-json\/wp\/v2\/types\/page"}],"author":[{"embeddable":true,"href":"https:\/\/blog.uclm.es\/tp-mbsba\/wp-json\/wp\/v2\/users\/449"}],"replies":[{"embeddable":true,"href":"https:\/\/blog.uclm.es\/tp-mbsba\/wp-json\/wp\/v2\/comments?post=2552"}],"version-history":[{"count":15,"href":"https:\/\/blog.uclm.es\/tp-mbsba\/wp-json\/wp\/v2\/pages\/2552\/revisions"}],"predecessor-version":[{"id":2935,"href":"https:\/\/blog.uclm.es\/tp-mbsba\/wp-json\/wp\/v2\/pages\/2552\/revisions\/2935"}],"wp:attachment":[{"href":"https:\/\/blog.uclm.es\/tp-mbsba\/wp-json\/wp\/v2\/media?parent=2552"}],"curies":[{"name":"wp","href":"https:\/\/api.w.org\/{rel}","templated":true}]}}