{"id":2446,"date":"2026-02-14T08:32:18","date_gmt":"2026-02-14T08:32:18","guid":{"rendered":"https:\/\/blog.uclm.es\/tp-mbsba\/?page_id=2446"},"modified":"2026-03-24T11:37:31","modified_gmt":"2026-03-24T11:37:31","slug":"ofertas-de-trabajo-y-oportunidades-de-publicacion","status":"publish","type":"page","link":"https:\/\/blog.uclm.es\/tp-mbsba\/ofertas-de-trabajo-y-oportunidades-de-publicacion\/","title":{"rendered":"Ofertas de trabajo y Oportunidades de publicaci\u00f3n"},"content":{"rendered":"<p><!-- Secci\u00f3n 2: Mehdi Moradi --><\/p>\n<table align=\"center\" bgcolor=\"#ffd966\" border=\"1\" cellpadding=\"15\" cellspacing=\"0\" width=\"80%\" style=\"border-collapse: collapse;border-color: #b38f00\">\n<tr>\n<td>\n     At the request of our professor <strong>Mehdi Moradi<\/strong>, we are sharing the following opportunities at Ume\u00e5 University.<\/p>\n<\/td>\n<\/tr>\n<\/table>\n<p>\n<!-- Secci\u00f3n 1: - fin --><\/p>\n<h1>Ume\u00e5 University &#8211; Job Opportunities<\/h1>\n<div class=\"intro\">\n    At the request of our professor <strong>Mehdi Moradi<\/strong>, we are sharing the following opportunities at Ume\u00e5 University.\n  <\/div>\n<div class=\"position-container\">\n<p>    <!-- PhD Position --><\/p>\n<div class=\"position-card\">\n      <img decoding=\"async\" src=\"https:\/\/blog.uclm.es\/tp-mbsba\/wp-content\/uploads\/sites\/176\/2026\/03\/phd-umea.png\" alt=\"PhD in Spatial Statistics\"><\/p>\n<h2>PhD Position in Spatial Statistics<\/h2>\n<p>The Department of Mathematics and Mathematical Statistics is opening a PhD position in spatial statistics. The position covers four years of doctoral studies, including participation in research and doctoral courses.<\/p>\n<p><strong>Deadline:<\/strong> April 30th, 2026<\/p>\n<p>      <a href=\"https:\/\/www.umu.se\/en\/work-with-us\/open-positions\/phd-position-in-spatial-statistics_908634\/\" target=\"_blank\">Apply Now<\/a>\n    <\/div>\n<p>    <!-- Postdoc Position --><\/p>\n<div class=\"position-card\">\n      <img decoding=\"async\" src=\"https:\/\/blog.uclm.es\/tp-mbsba\/wp-content\/uploads\/sites\/176\/2026\/03\/post-phd-umea.png\" alt=\"Postdoctoral Scholarship\"><\/p>\n<h2>Postdoctoral Scholarship in Spatial Statistics<\/h2>\n<p>The Department of Mathematics and Mathematical Statistics at Ume\u00e5 University is offering a postdoctoral scholarship within the project \u201cAdaptive statistical models for region-based registered data: from health to society\u201d. The scholarship is full-time for two years, starting September 1, 2026, or upon agreement.<\/p>\n<p><strong>Deadline:<\/strong> April 15th, 2026<\/p>\n<p>      <a href=\"https:\/\/www.umu.se\/en\/work-with-us\/postdoctoral-scholarships\/postdoctoral-scholarship-2-years-in-spatial-statistics_903514\/\" target=\"_blank\">Apply Now<\/a>\n    <\/div>\n<\/p><\/div>\n<p><!-- Secci\u00f3n 1: Emilio L\u00f3pez Cano --><\/p>\n<table align=\"center\" bgcolor=\"#a0d2eb\" border=\"1\" cellpadding=\"15\" cellspacing=\"0\" width=\"80%\" style=\"border-collapse: collapse;border-color: #003366\">\n<tr>\n<td>\n      <strong> A petici\u00f3n de nuestro profesor <strong>Emilio L\u00f3pez Cano<\/strong>, compartimos la informaci\u00f3n del siguiente evento sobre R y Positron.<\/strong><\/p>\n<\/td>\n<\/tr>\n<\/table>\n<p>\n<!-- Secci\u00f3n 1: - fin --><\/p>\n<h1>Evento presencial y online: Positron: \u00a1\u00bfotro IDE para R?! Yo ya me he cambiado<\/h1>\n<div class=\"event-card\">\n<h2>Positron: \u00a1\u00bfotro IDE para R?! Yo ya me he cambiado<\/h2>\n<p class=\"event-details\">\n      <strong>Fecha:<\/strong> 24 de marzo de 2026<br \/>\n      <strong>Hora:<\/strong> 19:30 &#8211; 21:00<br \/>\n      <strong>Lugar:<\/strong> Sal\u00f3n de Actos URJC Campus de Arg\u00fcelles, Calle Quintana, 21<br \/>\n      <strong>Web del evento:<\/strong> <a href=\"https:\/\/eventos.urjc.es\/go\/rmadrid102\" target=\"_blank\">https:\/\/eventos.urjc.es\/go\/rmadrid102<\/a>\n    <\/p>\n<p><strong>Ponente:<\/strong> Emilio L\u00f3pez Cano, Titular de Universidad en el Departamento de Inform\u00e1tica y Estad\u00edstica e investigador en el Grupo de Investigaci\u00f3n en Fundamentos y Aplicaciones de la Ciencia de Datos (DSLAB). <a href=\"https:\/\/lcano.com\" target=\"_blank\">https:\/\/lcano.com<\/a><\/p>\n<p><strong>Resumen:<\/strong><br \/>\n      Los programadores y usuarios de R en general, tenemos la suerte de poder elegir entre un buen n\u00famero de opciones para que cada uno use R a su gusto. Yo empec\u00e9 con StatET en Eclipse, pero pronto cambi\u00e9 a RStudio, que ha sido mi IDE favorito durante mucho tiempo, y creo que el de muchos colegas. En julio de 2025 Posit lanz\u00f3 la beta de Positron, y desde entonces muchos se preguntan si merece la pena cambiar (otra vez, ahora que ya nos sabemos RStudio). En esta presentaci\u00f3n contar\u00e9 mi experiencia con Positron, que ya es mi IDE favorito, repasando las caracter\u00edsticas que utilizo a diario, diferencias con RStudio, algunas curiosidades, y c\u00f3mo me ayuda Positron Assistant.\n    <\/p>\n<\/p><\/div>\n","protected":false},"excerpt":{"rendered":"<p>At the request of our professor Mehdi Moradi, we are sharing the following opportunities at Ume\u00e5 University. Ume\u00e5 University &#8211; Job Opportunities At the request of our professor Mehdi Moradi, we are sharing the following opportunities at Ume\u00e5 University. PhD Position in Spatial Statistics The Department of Mathematics and Mathematical Statistics is opening a PhD &hellip; <a href=\"https:\/\/blog.uclm.es\/tp-mbsba\/ofertas-de-trabajo-y-oportunidades-de-publicacion\/\" class=\"more-link\">Sigue leyendo <span class=\"screen-reader-text\">Ofertas de trabajo y Oportunidades de publicaci\u00f3n<\/span><\/a><\/p>\n","protected":false},"author":37,"featured_media":0,"parent":0,"menu_order":0,"comment_status":"closed","ping_status":"closed","template":"","meta":{"footnotes":""},"class_list":["post-2446","page","type-page","status-publish","hentry"],"_links":{"self":[{"href":"https:\/\/blog.uclm.es\/tp-mbsba\/wp-json\/wp\/v2\/pages\/2446","targetHints":{"allow":["GET"]}}],"collection":[{"href":"https:\/\/blog.uclm.es\/tp-mbsba\/wp-json\/wp\/v2\/pages"}],"about":[{"href":"https:\/\/blog.uclm.es\/tp-mbsba\/wp-json\/wp\/v2\/types\/page"}],"author":[{"embeddable":true,"href":"https:\/\/blog.uclm.es\/tp-mbsba\/wp-json\/wp\/v2\/users\/37"}],"replies":[{"embeddable":true,"href":"https:\/\/blog.uclm.es\/tp-mbsba\/wp-json\/wp\/v2\/comments?post=2446"}],"version-history":[{"count":10,"href":"https:\/\/blog.uclm.es\/tp-mbsba\/wp-json\/wp\/v2\/pages\/2446\/revisions"}],"predecessor-version":[{"id":2692,"href":"https:\/\/blog.uclm.es\/tp-mbsba\/wp-json\/wp\/v2\/pages\/2446\/revisions\/2692"}],"wp:attachment":[{"href":"https:\/\/blog.uclm.es\/tp-mbsba\/wp-json\/wp\/v2\/media?parent=2446"}],"curies":[{"name":"wp","href":"https:\/\/api.w.org\/{rel}","templated":true}]}}