{"id":2004,"date":"2026-01-07T13:56:11","date_gmt":"2026-01-07T13:56:11","guid":{"rendered":"https:\/\/blog.uclm.es\/tp-mbsba\/?page_id=2004"},"modified":"2026-01-09T17:07:55","modified_gmt":"2026-01-09T17:07:55","slug":"modulo-d","status":"publish","type":"page","link":"https:\/\/blog.uclm.es\/tp-mbsba\/modulo-d\/","title":{"rendered":"Curso Universitario de Formaci\u00f3n Avanzada en Modelizaci\u00f3n Estad\u00edstica y Miner\u00eda de Datos"},"content":{"rendered":"<div style=\"display:flex;flex-wrap:wrap;gap:20px;justify-content:center;width:100%\">\n\n  <!-- M\u00d3DULO I -->\n  <div style=\"flex:1 1 calc(50% - 20px);background:#f9f9f9;box-shadow:0 6px 12px #5562f3;border-radius:12px;padding:12px;text-align:center\">\n    <div style=\"font-weight:800;font-size:16px;text-align:left;margin-bottom:8px\">M\u00f3dulo I<\/div>\n    <img decoding=\"async\" src=\"https:\/\/blog.uclm.es\/tp-mbsba\/wp-content\/uploads\/sites\/176\/2025\/12\/Introduccion.png\" style=\"width:120px;height:120px;object-fit:cover;border-radius:8px;margin-bottom:12px\">\n    <div style=\"font-weight:800;color:#5562f3;font-size:15px;text-align:left;margin-bottom:6px\">Introducci\u00f3n a la ciencia de datos<\/div>\n    <ul style=\"text-align:left;font-size:14px;line-height:1.4;margin:0 auto;max-width:300px;padding-left:20px\">\n      <li>Masterclass inaugural<\/li>\n    <\/ul>\n  <\/div>\n\n  <!-- M\u00d3DULO II -->\n  <div style=\"flex:1 1 calc(50% - 20px);background:#f9f9f9;box-shadow:0 6px 12px #5562f3;border-radius:12px;padding:12px;text-align:center\">\n    <div style=\"font-weight:800;font-size:16px;text-align:left;margin-bottom:8px\">M\u00f3dulo II<\/div>\n    <img decoding=\"async\" src=\"https:\/\/blog.uclm.es\/tp-mbsba\/wp-content\/uploads\/sites\/176\/2025\/12\/Software.png\" style=\"width:120px;height:120px;object-fit:cover;border-radius:8px;margin-bottom:12px\">\n    <div style=\"font-weight:800;color:#5562f3;font-size:15px;text-align:left;margin-bottom:6px\">Software estad\u00edstico R<\/div>\n    <ul style=\"text-align:left;font-size:14px;line-height:1.4;margin:0 auto;max-width:300px;padding-left:20px\">\n      <li>R y su entorno<\/li>\n      <li>Tratamiento de datos<\/li>\n      <li>An\u00e1lisis exploratorio de datos<\/li>\n      <li>Masterclass<\/li>\n    <\/ul>\n  <\/div>\n\n  <!-- M\u00d3DULO III -->\n  <div style=\"flex:1 1 calc(50% - 20px);background:#f9f9f9;box-shadow:0 6px 12px #5562f3;border-radius:12px;padding:12px;text-align:center\">\n    <div style=\"font-weight:800;font-size:16px;text-align:left;margin-bottom:8px\">M\u00f3dulo III<\/div>\n    <img decoding=\"async\" src=\"https:\/\/blog.uclm.es\/tp-mbsba\/wp-content\/uploads\/sites\/176\/2025\/12\/Arquitectura.png\" style=\"width:120px;height:120px;object-fit:cover;border-radius:8px;margin-bottom:12px\">\n    <div style=\"font-weight:800;color:#5562f3;font-size:15px;text-align:left;margin-bottom:6px\">Arquitectura de datos y tecnolog\u00edas big data<\/div>\n    <ul style=\"text-align:left;font-size:14px;line-height:1.4;margin:0 auto;max-width:300px;padding-left:20px\">\n      <li>Introducci\u00f3n<\/li>\n      <li>Calidad y gobierno de datos<\/li>\n      <li>Bases relacionales y NoSQL<\/li>\n      <li>Masterclass<\/li>\n    <\/ul>\n  <\/div>\n\n  <!-- M\u00d3DULO IV -->\n  <div style=\"flex:1 1 calc(50% - 20px);background:#f9f9f9;box-shadow:0 6px 12px #5562f3;border-radius:12px;padding:12px;text-align:center\">\n    <div style=\"font-weight:800;font-size:16px;text-align:left;margin-bottom:8px\">M\u00f3dulo IV<\/div>\n    <img decoding=\"async\" src=\"https:\/\/blog.uclm.es\/tp-mbsba\/wp-content\/uploads\/sites\/176\/2025\/12\/Fundamentos.png\" style=\"width:120px;height:120px;object-fit:cover;border-radius:8px;margin-bottom:12px\">\n    <div style=\"font-weight:800;color:#5562f3;font-size:15px;text-align:left;margin-bottom:6px\">Fundamentos de estad\u00edstica<\/div>\n    <ul style=\"text-align:left;font-size:14px;line-height:1.4;margin:0 auto;max-width:300px;padding-left:20px\">\n      <li>Modelos probabil\u00edsticos<\/li>\n      <li>Estad\u00edstica inferencial<\/li>\n      <li>Masterclass<\/li>\n    <\/ul>\n  <\/div>\n\n  <!-- M\u00d3DULO V -->\n  <div style=\"flex:1 1 calc(50% - 20px);background:#f9f9f9;box-shadow:0 6px 12px #5562f3;border-radius:12px;padding:12px;text-align:center\">\n    <div style=\"font-weight:800;font-size:16px;text-align:left;margin-bottom:8px\">M\u00f3dulo V<\/div>\n    <img decoding=\"async\" src=\"https:\/\/blog.uclm.es\/tp-mbsba\/wp-content\/uploads\/sites\/176\/2025\/12\/Modelizacion.png\" style=\"width:120px;height:120px;object-fit:cover;border-radius:8px;margin-bottom:12px\">\n    <div style=\"font-weight:800;color:#5562f3;font-size:15px;text-align:left;margin-bottom:6px\">Modelizaci\u00f3n estad\u00edstica<\/div>\n    <ul style=\"text-align:left;font-size:14px;line-height:1.4;margin:0 auto;max-width:300px;padding-left:20px\">\n      <li>Lineal y generalizados<\/li>\n      <li>Modelos aditivos y mixtos<\/li>\n      <li>Series temporales<\/li>\n      <li>Validaci\u00f3n \/ Feature engineering<\/li>\n      <li>Masterclass<\/li>\n    <\/ul>\n  <\/div>\n\n  <!-- M\u00d3DULO VI -->\n  <div style=\"flex:1 1 calc(50% - 20px);background:#f9f9f9;box-shadow:0 6px 12px #5562f3;border-radius:12px;padding:12px;text-align:center\">\n    <div style=\"font-weight:800;font-size:16px;text-align:left;margin-bottom:8px\">M\u00f3dulo VI<\/div>\n    <img decoding=\"async\" src=\"https:\/\/blog.uclm.es\/tp-mbsba\/wp-content\/uploads\/sites\/176\/2025\/12\/Data.png\" style=\"width:120px;height:120px;object-fit:cover;border-radius:8px;margin-bottom:12px\">\n    <div style=\"font-weight:800;color:#5562f3;font-size:15px;text-align:left;margin-bottom:6px\">Data mining b\u00e1sico<\/div>\n    <ul style=\"text-align:left;font-size:14px;line-height:1.4;margin:0 auto;max-width:300px;padding-left:20px\">\n      <li>Instrumentos y t\u00e9cnicas de estad\u00edstica moderna<\/li>\n      <li>Storytelling y visualizaci\u00f3n de datos<\/li>\n      <li>Clasificaci\u00f3n y discriminaci\u00f3n<\/li>\n      <li>Reducci\u00f3n de dimensionalidad<\/li>\n      <li>An\u00e1lisis de la varianza<\/li>\n      <li>Masterclass<\/li>\n    <\/ul>\n  <\/div>\n\n  \n<!-- BOT\u00d3N DE INSCRIPCI\u00d3N -->\n<div style=\"text-align:center;margin-top:30px\">\n  <a href=\"https:\/\/www.uclm.es\/es\/estudios\/Propios\/curso-universitario-formacion-avanzada-modelizacion-estadisitica-mineria-datos\" target=\"_blank\" style=\"display:inline-block;background:#A00032;color:#fff;padding:20px 25px;border-radius:10px;text-decoration:none;font-weight:bold;font-size:20px\">\n    \u27a1 Matric\u00falate ahora\n  <\/a>\n<\/div>\n\n\n\n<p><\/p>\n\n","protected":false},"excerpt":{"rendered":"<p>M\u00f3dulo I Introducci\u00f3n a la ciencia de datos Masterclass inaugural M\u00f3dulo II Software estad\u00edstico R R y su entorno Tratamiento de datos An\u00e1lisis exploratorio de datos Masterclass M\u00f3dulo III Arquitectura de datos y tecnolog\u00edas big data Introducci\u00f3n Calidad y gobierno de datos Bases relacionales y NoSQL Masterclass M\u00f3dulo IV Fundamentos de estad\u00edstica Modelos probabil\u00edsticos Estad\u00edstica &hellip; <a href=\"https:\/\/blog.uclm.es\/tp-mbsba\/modulo-d\/\" class=\"more-link\">Sigue leyendo <span class=\"screen-reader-text\">Curso Universitario de Formaci\u00f3n Avanzada en Modelizaci\u00f3n Estad\u00edstica y Miner\u00eda de Datos<\/span><\/a><\/p>\n","protected":false},"author":37,"featured_media":0,"parent":0,"menu_order":0,"comment_status":"closed","ping_status":"closed","template":"","meta":{"footnotes":""},"class_list":["post-2004","page","type-page","status-publish","hentry"],"_links":{"self":[{"href":"https:\/\/blog.uclm.es\/tp-mbsba\/wp-json\/wp\/v2\/pages\/2004","targetHints":{"allow":["GET"]}}],"collection":[{"href":"https:\/\/blog.uclm.es\/tp-mbsba\/wp-json\/wp\/v2\/pages"}],"about":[{"href":"https:\/\/blog.uclm.es\/tp-mbsba\/wp-json\/wp\/v2\/types\/page"}],"author":[{"embeddable":true,"href":"https:\/\/blog.uclm.es\/tp-mbsba\/wp-json\/wp\/v2\/users\/37"}],"replies":[{"embeddable":true,"href":"https:\/\/blog.uclm.es\/tp-mbsba\/wp-json\/wp\/v2\/comments?post=2004"}],"version-history":[{"count":15,"href":"https:\/\/blog.uclm.es\/tp-mbsba\/wp-json\/wp\/v2\/pages\/2004\/revisions"}],"predecessor-version":[{"id":2366,"href":"https:\/\/blog.uclm.es\/tp-mbsba\/wp-json\/wp\/v2\/pages\/2004\/revisions\/2366"}],"wp:attachment":[{"href":"https:\/\/blog.uclm.es\/tp-mbsba\/wp-json\/wp\/v2\/media?parent=2004"}],"curies":[{"name":"wp","href":"https:\/\/api.w.org\/{rel}","templated":true}]}}