{"id":2002,"date":"2026-01-07T13:55:56","date_gmt":"2026-01-07T13:55:56","guid":{"rendered":"https:\/\/blog.uclm.es\/tp-mbsba\/?page_id=2002"},"modified":"2026-01-09T17:21:41","modified_gmt":"2026-01-09T17:21:41","slug":"modulo-c","status":"publish","type":"page","link":"https:\/\/blog.uclm.es\/tp-mbsba\/modulo-c\/","title":{"rendered":"Curso Universitario de Formaci\u00f3n Avanzada\u00a0en T\u00e9cnicas Estad\u00edsticas Avanzadas e Inteligencia Artificial"},"content":{"rendered":"<div style=\"display:flex;flex-wrap:wrap;gap:24px;justify-content:center;width:100%\">\n<p>  <!-- M\u00d3DULO I --><\/p>\n<div style=\"flex:1 1 100%;max-width:900px;background:#f9f9f9;box-shadow:0 6px 12px #5562f3;border-radius:12px;padding:12px;text-align:center\">\n<div style=\"font-weight:800;font-size:16px;text-align:left;margin-bottom:6px\">M\u00f3dulo I<\/div>\n<p>    <img decoding=\"async\" src=\"https:\/\/blog.uclm.es\/tp-mbsba\/wp-content\/uploads\/sites\/176\/2026\/01\/Data_avanzado_Nuevo.png\" style=\"width:140px;height:140px;object-fit:cover;border-radius:8px;margin-bottom:8px\"><\/p>\n<div style=\"font-weight:800;color:#5562f3;font-size:15px;text-align:left;margin-bottom:4px\">\n      Data mining avanzado\n    <\/div>\n<ul style=\"text-align:left;font-size:14px;line-height:1.4;margin:0;padding-left:24px\">\n<li>An\u00e1lisis de tablas de contingencia<\/li>\n<li>An\u00e1lisis de correspondencias<\/li>\n<li>Modelos sparse y m\u00e9todos penalizados<\/li>\n<li>Random Forest<\/li>\n<li>Boosting<\/li>\n<li>Masterclass<\/li>\n<\/ul><\/div>\n<p>  <!-- M\u00d3DULO II --><\/p>\n<div style=\"flex:1 1 100%;max-width:900px;background:#f9f9f9;box-shadow:0 6px 12px #5562f3;border-radius:12px;padding:12px;text-align:center\">\n<div style=\"font-weight:800;font-size:16px;text-align:left;margin-bottom:6px\">M\u00f3dulo II<\/div>\n<p>    <img decoding=\"async\" src=\"https:\/\/blog.uclm.es\/tp-mbsba\/wp-content\/uploads\/sites\/176\/2026\/01\/Estadistica_Nuevo.png\" style=\"width:140px;height:140px;object-fit:cover;border-radius:8px;margin-bottom:8px\"><\/p>\n<div style=\"font-weight:800;color:#5562f3;font-size:15px;text-align:left;margin-bottom:4px\">\n      Estad\u00edstica espacial y espacio-temporal\n    <\/div>\n<ul style=\"text-align:left;font-size:14px;line-height:1.4;margin:0;padding-left:24px\">\n<li>Visualizaci\u00f3n y geolocalizaci\u00f3n de datos<\/li>\n<li>Procesos puntuales<\/li>\n<li>Modelos econom\u00e9tricos espaciales<\/li>\n<li>Geoestad\u00edstica espacial y espacio-temporal<\/li>\n<li>Masterclass<\/li>\n<\/ul><\/div>\n<p>  <!-- M\u00d3DULO III --><\/p>\n<div style=\"flex:1 1 100%;max-width:900px;background:#f9f9f9;box-shadow:0 6px 12px #5562f3;border-radius:12px;padding:12px;text-align:center\">\n<div style=\"font-weight:800;font-size:16px;text-align:left;margin-bottom:6px\">M\u00f3dulo III<\/div>\n<p>    <img decoding=\"async\" src=\"https:\/\/blog.uclm.es\/tp-mbsba\/wp-content\/uploads\/sites\/176\/2026\/01\/Inteligencia_Nuevo-3.png\" style=\"width:140px;height:140px;object-fit:cover;border-radius:8px;margin-bottom:8px\"><\/p>\n<div style=\"font-weight:800;color:#5562f3;font-size:15px;text-align:left;margin-bottom:4px\">\n      Inteligencia artificial\n    <\/div>\n<ul style=\"text-align:left;font-size:14px;line-height:1.4;margin:0;padding-left:24px\">\n<li>Introducci\u00f3n a la inteligencia artificial<\/li>\n<li>Machine learning supervisado<\/li>\n<li>Machine learning no supervisado<\/li>\n<li>Aplicaciones de deep learning<\/li>\n<li>Redes neuronales artificiales<\/li>\n<li>Redes neuronales convolucionales<\/li>\n<li>An\u00e1lisis de grafos y redes sociales<\/li>\n<li>Miner\u00eda de textos<\/li>\n<li>Masterclass<\/li>\n<\/ul><\/div>\n<\/div>\n","protected":false},"excerpt":{"rendered":"<p>M\u00f3dulo I Data mining avanzado An\u00e1lisis de tablas de contingencia An\u00e1lisis de correspondencias Modelos sparse y m\u00e9todos penalizados Random Forest Boosting Masterclass M\u00f3dulo II Estad\u00edstica espacial y espacio-temporal Visualizaci\u00f3n y geolocalizaci\u00f3n de datos Procesos puntuales Modelos econom\u00e9tricos espaciales Geoestad\u00edstica espacial y espacio-temporal Masterclass M\u00f3dulo III Inteligencia artificial Introducci\u00f3n a la inteligencia artificial Machine learning supervisado &hellip; <a href=\"https:\/\/blog.uclm.es\/tp-mbsba\/modulo-c\/\" class=\"more-link\">Sigue leyendo <span class=\"screen-reader-text\">Curso Universitario de Formaci\u00f3n Avanzada\u00a0en T\u00e9cnicas Estad\u00edsticas Avanzadas e Inteligencia Artificial<\/span><\/a><\/p>\n","protected":false},"author":37,"featured_media":0,"parent":0,"menu_order":0,"comment_status":"closed","ping_status":"closed","template":"","meta":{"footnotes":""},"class_list":["post-2002","page","type-page","status-publish","hentry"],"_links":{"self":[{"href":"https:\/\/blog.uclm.es\/tp-mbsba\/wp-json\/wp\/v2\/pages\/2002","targetHints":{"allow":["GET"]}}],"collection":[{"href":"https:\/\/blog.uclm.es\/tp-mbsba\/wp-json\/wp\/v2\/pages"}],"about":[{"href":"https:\/\/blog.uclm.es\/tp-mbsba\/wp-json\/wp\/v2\/types\/page"}],"author":[{"embeddable":true,"href":"https:\/\/blog.uclm.es\/tp-mbsba\/wp-json\/wp\/v2\/users\/37"}],"replies":[{"embeddable":true,"href":"https:\/\/blog.uclm.es\/tp-mbsba\/wp-json\/wp\/v2\/comments?post=2002"}],"version-history":[{"count":17,"href":"https:\/\/blog.uclm.es\/tp-mbsba\/wp-json\/wp\/v2\/pages\/2002\/revisions"}],"predecessor-version":[{"id":2374,"href":"https:\/\/blog.uclm.es\/tp-mbsba\/wp-json\/wp\/v2\/pages\/2002\/revisions\/2374"}],"wp:attachment":[{"href":"https:\/\/blog.uclm.es\/tp-mbsba\/wp-json\/wp\/v2\/media?parent=2002"}],"curies":[{"name":"wp","href":"https:\/\/api.w.org\/{rel}","templated":true}]}}