{"id":1973,"date":"2026-01-07T10:45:35","date_gmt":"2026-01-07T10:45:35","guid":{"rendered":"https:\/\/blog.uclm.es\/tp-mbsba\/?page_id=1973"},"modified":"2026-01-09T17:51:59","modified_gmt":"2026-01-09T17:51:59","slug":"recursos-didacticos","status":"publish","type":"page","link":"https:\/\/blog.uclm.es\/tp-mbsba\/recursos-didacticos\/","title":{"rendered":""},"content":{"rendered":"\n<p class=\"has-text-align-center\" style=\"font-size:28px\"><strong>\u00a1\u00danico m\u00e1ster con su propio material docente!<\/strong><\/p>\n\n\n\n<p>Hemos coordinado a 50 expertos y prestigiosos docentes y profesionales del mundo de la Ciencia de Datos para que no solo tengas tus clases, masterclases, tutor\u00edas y tareas, sino tambi\u00e9n <strong>TU PROPIO Y EXCLUSIVO LIBRO DE TEXTO<\/strong>.<\/p>\n\n\n\n<p><strong><a href=\"https:\/\/cdr-book.github.io\/index.html\" target=\"_blank\" rel=\"noreferrer noopener\">Fundamentos\u00a0 de ciencia de datos con R<\/a><\/strong>\u00a0 (haz clic) nace con la pretensi\u00f3n de ser la \u201cBiblia\u201d para los cient\u00edficos de datos. Mil p\u00e1ginas en abierto en el enlace <strong><a href=\"https:\/\/cdr-book.github.io\/\" target=\"_blank\" rel=\"noreferrer noopener\">https:\/\/cdr-book.github.io\/<\/a><\/strong> para facilitar la reproducibilidad del libro, concretamente los cuadros de c\u00f3digo R.<\/p>\n\n\n<div class=\"wp-block-image\">\n<figure class=\"aligncenter size-full\"><img loading=\"lazy\" decoding=\"async\" width=\"603\" height=\"800\" src=\"https:\/\/blog.uclm.es\/tp-mbsba\/wp-content\/uploads\/sites\/176\/2024\/02\/27f4f06e-adb1-48f0-afb2-e4d3a825c66b.jpg\" alt=\"\" class=\"wp-image-1319\" srcset=\"https:\/\/blog.uclm.es\/tp-mbsba\/wp-content\/uploads\/sites\/176\/2024\/02\/27f4f06e-adb1-48f0-afb2-e4d3a825c66b.jpg 603w, https:\/\/blog.uclm.es\/tp-mbsba\/wp-content\/uploads\/sites\/176\/2024\/02\/27f4f06e-adb1-48f0-afb2-e4d3a825c66b-226x300.jpg 226w\" sizes=\"auto, (max-width: 603px) 100vw, 603px\" \/><\/figure>\n<\/div>\n\n\n<p><strong>Fundamentos de ciencia de datos con R<\/strong> est\u00e1 dirigido a todos aquellos que desean desarrollar las habilidades necesarias para abordar proyectos complejos de ciencia de datos y \u201cpensar con datos\u201d. Este manual no deja a nadie atr\u00e1s, y lo \u00fanico que requiere es el deseo de resolver problemas utilizando datos. Integra todas las disciplinas y est\u00e1 pensado para cualquier persona interesada en la ciencia de datos, independientemente de su nivel de an\u00e1lisis estad\u00edstico.<\/p>\n\n\n\n<p>Es una combinaci\u00f3n de rigor y sencillez, y de teor\u00eda y pr\u00e1ctica, todo ello con sus correspondientes c\u00f3digos en R. Est\u00e1 dise\u00f1ado para aportar valor tanto a quienes se inician en la ciencia de datos como a perfiles m\u00e1s avanzados. Y si algo no entiendes\u2026 tus profesores son los autores. Es una alternativa s\u00f3lida y coherente a la b\u00fasqueda dispersa de v\u00eddeos, blogs o tutoriales inconexos: una referencia integral en ciencia de datos, rigurosa pero accesible, pr\u00e1ctica y de aplicaci\u00f3n inmediata, sin exigir ser experto en estad\u00edstica ni en inform\u00e1tica. Est\u00e1 escrito originalmente en espa\u00f1ol, por estar destinado especialmente a la comunidad hispanohablante. \u00a1Pero puedes traducirlo instant\u00e1neamente a m\u00e1s de 100 idiomas distintos!<\/p>\n\n\n\n<p><\/p>\n\n\n\n<p class=\"has-text-align-center\" style=\"font-size:28px\"><strong>\u00a1Pero eso no es todo!<\/strong><\/p>\n\n\n<div class=\"wp-block-image\">\n<figure class=\"aligncenter size-full is-resized\"><img loading=\"lazy\" decoding=\"async\" width=\"480\" height=\"544\" src=\"https:\/\/blog.uclm.es\/tp-mbsba\/wp-content\/uploads\/sites\/176\/2026\/01\/Imagen-CDR_Nueva_.png\" alt=\"\" class=\"wp-image-1984\" style=\"width:344px;height:auto\" srcset=\"https:\/\/blog.uclm.es\/tp-mbsba\/wp-content\/uploads\/sites\/176\/2026\/01\/Imagen-CDR_Nueva_.png 480w, https:\/\/blog.uclm.es\/tp-mbsba\/wp-content\/uploads\/sites\/176\/2026\/01\/Imagen-CDR_Nueva_-265x300.png 265w\" sizes=\"auto, (max-width: 480px) 100vw, 480px\" \/><\/figure>\n<\/div>\n\n\n<p>Tambi\u00e9n ponemos a tu disposici\u00f3n el paquete CDR, que contiene la mayor\u00eda de los conjuntos de datos utilizados en el manual y que no est\u00e1n disponibles en otros paquetes.<\/p>\n\n\n\n<p><\/p>\n","protected":false},"excerpt":{"rendered":"<p>\u00a1\u00danico m\u00e1ster con su propio material docente! Hemos coordinado a 50 expertos y prestigiosos docentes y profesionales del mundo de la Ciencia de Datos para que no solo tengas tus clases, masterclases, tutor\u00edas y tareas, sino tambi\u00e9n TU PROPIO Y EXCLUSIVO LIBRO DE TEXTO. Fundamentos\u00a0 de ciencia de datos con R\u00a0 (haz clic) nace con &hellip; <a href=\"https:\/\/blog.uclm.es\/tp-mbsba\/recursos-didacticos\/\" class=\"more-link\">Sigue leyendo <span class=\"screen-reader-text\"><\/span><\/a><\/p>\n","protected":false},"author":37,"featured_media":0,"parent":0,"menu_order":0,"comment_status":"closed","ping_status":"closed","template":"","meta":{"footnotes":""},"class_list":["post-1973","page","type-page","status-publish","hentry"],"_links":{"self":[{"href":"https:\/\/blog.uclm.es\/tp-mbsba\/wp-json\/wp\/v2\/pages\/1973","targetHints":{"allow":["GET"]}}],"collection":[{"href":"https:\/\/blog.uclm.es\/tp-mbsba\/wp-json\/wp\/v2\/pages"}],"about":[{"href":"https:\/\/blog.uclm.es\/tp-mbsba\/wp-json\/wp\/v2\/types\/page"}],"author":[{"embeddable":true,"href":"https:\/\/blog.uclm.es\/tp-mbsba\/wp-json\/wp\/v2\/users\/37"}],"replies":[{"embeddable":true,"href":"https:\/\/blog.uclm.es\/tp-mbsba\/wp-json\/wp\/v2\/comments?post=1973"}],"version-history":[{"count":13,"href":"https:\/\/blog.uclm.es\/tp-mbsba\/wp-json\/wp\/v2\/pages\/1973\/revisions"}],"predecessor-version":[{"id":2560,"href":"https:\/\/blog.uclm.es\/tp-mbsba\/wp-json\/wp\/v2\/pages\/1973\/revisions\/2560"}],"wp:attachment":[{"href":"https:\/\/blog.uclm.es\/tp-mbsba\/wp-json\/wp\/v2\/media?parent=1973"}],"curies":[{"name":"wp","href":"https:\/\/api.w.org\/{rel}","templated":true}]}}