{"id":1433,"date":"2025-11-17T07:55:04","date_gmt":"2025-11-17T07:55:04","guid":{"rendered":"https:\/\/blog.uclm.es\/tp-mbsba\/?page_id=1433"},"modified":"2025-12-12T08:56:48","modified_gmt":"2025-12-12T08:56:48","slug":"opiniones","status":"publish","type":"page","link":"https:\/\/blog.uclm.es\/tp-mbsba\/opiniones\/","title":{"rendered":"Testimoniales Alumni"},"content":{"rendered":"\n<hr class=\"wp-block-separator has-alpha-channel-opacity is-style-wide\" \/>\n\n\n\n<div class=\"wp-block-columns is-layout-flex wp-container-core-columns-is-layout-9d6595d7 wp-block-columns-is-layout-flex\">\n<div class=\"wp-block-column is-layout-flow wp-block-column-is-layout-flow\" style=\"flex-basis:18%\">\n<figure class=\"wp-block-image size-full is-resized is-style-rounded\"><img loading=\"lazy\" decoding=\"async\" width=\"161\" height=\"161\" src=\"https:\/\/blog.uclm.es\/tp-mbsba\/wp-content\/uploads\/sites\/176\/2023\/02\/abdres.jpg\" alt=\"\" class=\"wp-image-1453\" style=\"object-fit:cover;width:125px;height:125px\" srcset=\"https:\/\/blog.uclm.es\/tp-mbsba\/wp-content\/uploads\/sites\/176\/2023\/02\/abdres.jpg 161w, https:\/\/blog.uclm.es\/tp-mbsba\/wp-content\/uploads\/sites\/176\/2023\/02\/abdres-150x150.jpg 150w\" sizes=\"auto, (max-width: 161px) 100vw, 161px\" \/><\/figure>\n<\/div>\n\n\n\n<div class=\"wp-block-column is-layout-flow wp-block-column-is-layout-flow\" style=\"flex-basis:82%\">\n<p class=\"has-small-font-size\"><em>He tenido el placer de participar y sobre todo de superar en la primera edici\u00f3n del M\u00e1ster en DataScience &amp; BusinessAnalytics (con R Software) de la Universidad de Castilla-La Mancha. Atr\u00e1s queda mucho esfuerzo casi siempre en horas intempestivas y no podr\u00eda definir esta experiencia si no es con satisfacci\u00f3n. No solo \u2026&nbsp;<\/em><a href=\"https:\/\/blog.uclm.es\/tp-mbsba\/2023\/02\/16\/andres-carretero-sosa\/\"><em>Sigue leyendo<\/em><\/a><\/p>\n\n\n\n<p class=\"has-small-font-size\"><strong>Andr\u00e9s Carretero Sosa<\/strong><\/p>\n<\/div>\n<\/div>\n\n\n\n<hr class=\"wp-block-separator has-alpha-channel-opacity is-style-wide\" \/>\n\n\n\n<div class=\"wp-block-columns is-layout-flex wp-container-core-columns-is-layout-9d6595d7 wp-block-columns-is-layout-flex\">\n<div class=\"wp-block-column is-layout-flow wp-block-column-is-layout-flow\" style=\"flex-basis:18%\">\n<figure class=\"wp-block-image size-full is-resized is-style-rounded\"><img loading=\"lazy\" decoding=\"async\" width=\"2560\" height=\"2378\" src=\"https:\/\/blog.uclm.es\/tp-mbsba\/wp-content\/uploads\/sites\/176\/2023\/02\/Sin-titulo-scaled.jpg\" alt=\"\" class=\"wp-image-1761\" style=\"object-fit:cover;width:125px;height:125px\" srcset=\"https:\/\/blog.uclm.es\/tp-mbsba\/wp-content\/uploads\/sites\/176\/2023\/02\/Sin-titulo-scaled.jpg 2560w, https:\/\/blog.uclm.es\/tp-mbsba\/wp-content\/uploads\/sites\/176\/2023\/02\/Sin-titulo-300x279.jpg 300w, https:\/\/blog.uclm.es\/tp-mbsba\/wp-content\/uploads\/sites\/176\/2023\/02\/Sin-titulo-1024x951.jpg 1024w, https:\/\/blog.uclm.es\/tp-mbsba\/wp-content\/uploads\/sites\/176\/2023\/02\/Sin-titulo-768x713.jpg 768w, https:\/\/blog.uclm.es\/tp-mbsba\/wp-content\/uploads\/sites\/176\/2023\/02\/Sin-titulo-1536x1427.jpg 1536w, https:\/\/blog.uclm.es\/tp-mbsba\/wp-content\/uploads\/sites\/176\/2023\/02\/Sin-titulo-2048x1902.jpg 2048w\" sizes=\"auto, (max-width: 2560px) 100vw, 2560px\" \/><\/figure>\n<\/div>\n\n\n\n<div class=\"wp-block-column is-layout-flow wp-block-column-is-layout-flow\" style=\"flex-basis:82%\">\n<p class=\"has-small-font-size\"><em>Mi experiencia tras cursar el m\u00e1ster en Data Science &amp; Business Analytics (con R Software) en la UCLM super\u00f3 todas mis expectativas marcadas en un inicio, ya que pude aproximarme a una amplitud de t\u00e9cnicas de modelado orientadas a problemas reales vinculados tanto al mundo empresarial como al acad\u00e9mico, sin dejar de \u2026&nbsp;<a href=\"https:\/\/blog.uclm.es\/tp-mbsba\/2023\/02\/16\/armando-marin-ruiz\/\">Sigue leyendo<\/a><\/em><\/p>\n\n\n\n<p class=\"has-small-font-size\"><strong><strong>Armando Mar\u00edn Ruiz <\/strong><\/strong><\/p>\n<\/div>\n<\/div>\n\n\n\n<hr class=\"wp-block-separator has-alpha-channel-opacity is-style-wide\" \/>\n\n\n\n<div class=\"wp-block-columns is-layout-flex wp-container-core-columns-is-layout-9d6595d7 wp-block-columns-is-layout-flex\">\n<div class=\"wp-block-column is-layout-flow wp-block-column-is-layout-flow\" style=\"flex-basis:18%\">\n<figure class=\"wp-block-image size-full is-resized is-style-rounded\"><img loading=\"lazy\" decoding=\"async\" width=\"1612\" height=\"950\" src=\"https:\/\/blog.uclm.es\/tp-mbsba\/wp-content\/uploads\/sites\/176\/2025\/11\/Captura-de-pantalla-2025-11-19-a-las-16.44.33.png\" alt=\"\" class=\"wp-image-1555\" style=\"object-fit:cover;width:125px;height:125px\" srcset=\"https:\/\/blog.uclm.es\/tp-mbsba\/wp-content\/uploads\/sites\/176\/2025\/11\/Captura-de-pantalla-2025-11-19-a-las-16.44.33.png 1612w, https:\/\/blog.uclm.es\/tp-mbsba\/wp-content\/uploads\/sites\/176\/2025\/11\/Captura-de-pantalla-2025-11-19-a-las-16.44.33-300x177.png 300w, https:\/\/blog.uclm.es\/tp-mbsba\/wp-content\/uploads\/sites\/176\/2025\/11\/Captura-de-pantalla-2025-11-19-a-las-16.44.33-1024x603.png 1024w, https:\/\/blog.uclm.es\/tp-mbsba\/wp-content\/uploads\/sites\/176\/2025\/11\/Captura-de-pantalla-2025-11-19-a-las-16.44.33-768x453.png 768w, https:\/\/blog.uclm.es\/tp-mbsba\/wp-content\/uploads\/sites\/176\/2025\/11\/Captura-de-pantalla-2025-11-19-a-las-16.44.33-1536x905.png 1536w\" sizes=\"auto, (max-width: 1612px) 100vw, 1612px\" \/><\/figure>\n<\/div>\n\n\n\n<div class=\"wp-block-column is-layout-flow wp-block-column-is-layout-flow\" style=\"flex-basis:82%\">\n<p class=\"has-small-font-size\"><em>Mi experiencia cursando el m\u00e1ster fue muy buena. El programa del m\u00e1ster me pareci\u00f3 actualizado (tanto para el mundo profesional como para la investigaci\u00f3n). Por otro lado, el nivel de los profesores, su capacidad, dedicaci\u00f3n y su cercan\u00eda con los alumnos, tambi\u00e9n me parecieron muy buenos y me gustar\u00eda destacarlos. Siempre atentos a \u2026&nbsp;<a href=\"https:\/\/blog.uclm.es\/tp-mbsba\/2023\/02\/16\/cristian-leguisamon\/\">Sigue leyendo<\/a><\/em><\/p>\n\n\n\n<p class=\"has-small-font-size\"><strong><strong>Cristian Leguisamon<\/strong><\/strong><\/p>\n<\/div>\n<\/div>\n\n\n\n<hr class=\"wp-block-separator has-alpha-channel-opacity is-style-wide\" \/>\n\n\n\n<div class=\"wp-block-columns is-layout-flex wp-container-core-columns-is-layout-9d6595d7 wp-block-columns-is-layout-flex\">\n<div class=\"wp-block-column is-layout-flow wp-block-column-is-layout-flow\" style=\"flex-basis:18%\">\n<figure class=\"wp-block-image size-full is-resized is-style-rounded\"><img loading=\"lazy\" decoding=\"async\" width=\"2560\" height=\"2560\" src=\"https:\/\/blog.uclm.es\/tp-mbsba\/wp-content\/uploads\/sites\/176\/2025\/11\/cropped_image-scaled.png\" alt=\"\" class=\"wp-image-1580\" style=\"object-fit:cover;width:125px;height:125px\" srcset=\"https:\/\/blog.uclm.es\/tp-mbsba\/wp-content\/uploads\/sites\/176\/2025\/11\/cropped_image-scaled.png 2560w, https:\/\/blog.uclm.es\/tp-mbsba\/wp-content\/uploads\/sites\/176\/2025\/11\/cropped_image-300x300.png 300w, https:\/\/blog.uclm.es\/tp-mbsba\/wp-content\/uploads\/sites\/176\/2025\/11\/cropped_image-1024x1024.png 1024w, https:\/\/blog.uclm.es\/tp-mbsba\/wp-content\/uploads\/sites\/176\/2025\/11\/cropped_image-150x150.png 150w, https:\/\/blog.uclm.es\/tp-mbsba\/wp-content\/uploads\/sites\/176\/2025\/11\/cropped_image-768x768.png 768w, https:\/\/blog.uclm.es\/tp-mbsba\/wp-content\/uploads\/sites\/176\/2025\/11\/cropped_image-1536x1536.png 1536w, https:\/\/blog.uclm.es\/tp-mbsba\/wp-content\/uploads\/sites\/176\/2025\/11\/cropped_image-2048x2048.png 2048w\" sizes=\"auto, (max-width: 2560px) 100vw, 2560px\" \/><\/figure>\n<\/div>\n\n\n\n<div class=\"wp-block-column is-layout-flow wp-block-column-is-layout-flow\" style=\"flex-basis:82%\">\n<p class=\"has-small-font-size\"><em>Cursar el M\u00e1ster en Ciencia de Datos e Inteligencia de Negocios con R en la Universidad de Castilla-La Mancha fue una experiencia decisiva en mi trayectoria profesional. El programa me proporcion\u00f3 una base s\u00f3lida en anal\u00edtica avanzada con R, modelado estad\u00edstico y gesti\u00f3n de proyectos de inteligencia de negocios, que hoy aplico \u2026&nbsp;<a href=\"https:\/\/blog.uclm.es\/tp-mbsba\/2025\/11\/20\/1579\/\">Sigue leyendo<\/a><\/em><\/p>\n\n\n\n<p class=\"has-small-font-size\"><strong><strong>Jorge Colomer Sanchez <\/strong><\/strong><\/p>\n<\/div>\n<\/div>\n\n\n\n<hr class=\"wp-block-separator has-alpha-channel-opacity is-style-dots\" \/>\n\n\n\n<figure class=\"wp-block-image size-large\"><a href=\"https:\/\/youtu.be\/7gTOTR-ZnOw\" target=\"_blank\" rel=\" noreferrer noopener\"><img loading=\"lazy\" decoding=\"async\" width=\"1024\" height=\"603\" src=\"https:\/\/blog.uclm.es\/tp-mbsba\/wp-content\/uploads\/sites\/176\/2025\/11\/Captura-de-pantalla-2025-11-19-a-las-16.44.33-1024x603.png\" alt=\"\" class=\"wp-image-1555\" srcset=\"https:\/\/blog.uclm.es\/tp-mbsba\/wp-content\/uploads\/sites\/176\/2025\/11\/Captura-de-pantalla-2025-11-19-a-las-16.44.33-1024x603.png 1024w, https:\/\/blog.uclm.es\/tp-mbsba\/wp-content\/uploads\/sites\/176\/2025\/11\/Captura-de-pantalla-2025-11-19-a-las-16.44.33-300x177.png 300w, https:\/\/blog.uclm.es\/tp-mbsba\/wp-content\/uploads\/sites\/176\/2025\/11\/Captura-de-pantalla-2025-11-19-a-las-16.44.33-768x453.png 768w, https:\/\/blog.uclm.es\/tp-mbsba\/wp-content\/uploads\/sites\/176\/2025\/11\/Captura-de-pantalla-2025-11-19-a-las-16.44.33-1536x905.png 1536w, https:\/\/blog.uclm.es\/tp-mbsba\/wp-content\/uploads\/sites\/176\/2025\/11\/Captura-de-pantalla-2025-11-19-a-las-16.44.33.png 1612w\" sizes=\"auto, (max-width: 1024px) 100vw, 1024px\" \/><\/a><\/figure>\n\n\n\n<p class=\"has-text-align-center has-small-font-size\"><em><strong><a href=\"https:\/\/youtu.be\/7gTOTR-ZnOw\" target=\"_blank\" rel=\"noreferrer noopener\">Cristian Leguisamon<\/a><\/strong><\/em><\/p>\n\n\n\n<p class=\"has-text-align-center has-small-font-size\"><em>(Pulsar en la foto para ver video) <\/em><\/p>\n\n\n\n<hr class=\"wp-block-separator has-alpha-channel-opacity is-style-dots\" \/>\n\n\n\n<figure class=\"wp-block-image size-large\"><a href=\"https:\/\/youtu.be\/fFbHrYGAUqw\" target=\"_blank\" rel=\" noreferrer noopener\"><img loading=\"lazy\" decoding=\"async\" width=\"1024\" height=\"612\" src=\"https:\/\/blog.uclm.es\/tp-mbsba\/wp-content\/uploads\/sites\/176\/2025\/11\/Captura-de-pantalla-2025-11-19-a-las-16.48.14-1024x612.png\" alt=\"\" class=\"wp-image-1557\" srcset=\"https:\/\/blog.uclm.es\/tp-mbsba\/wp-content\/uploads\/sites\/176\/2025\/11\/Captura-de-pantalla-2025-11-19-a-las-16.48.14-1024x612.png 1024w, https:\/\/blog.uclm.es\/tp-mbsba\/wp-content\/uploads\/sites\/176\/2025\/11\/Captura-de-pantalla-2025-11-19-a-las-16.48.14-300x179.png 300w, https:\/\/blog.uclm.es\/tp-mbsba\/wp-content\/uploads\/sites\/176\/2025\/11\/Captura-de-pantalla-2025-11-19-a-las-16.48.14-768x459.png 768w, https:\/\/blog.uclm.es\/tp-mbsba\/wp-content\/uploads\/sites\/176\/2025\/11\/Captura-de-pantalla-2025-11-19-a-las-16.48.14-1536x919.png 1536w, https:\/\/blog.uclm.es\/tp-mbsba\/wp-content\/uploads\/sites\/176\/2025\/11\/Captura-de-pantalla-2025-11-19-a-las-16.48.14.png 1642w\" sizes=\"auto, (max-width: 1024px) 100vw, 1024px\" \/><\/a><\/figure>\n\n\n\n<p class=\"has-text-align-center has-small-font-size\"><a href=\"https:\/\/youtu.be\/fFbHrYGAUqw\" target=\"_blank\" rel=\"noreferrer noopener\"><strong>Jun Shigemura <\/strong><\/a><\/p>\n\n\n\n<p class=\"has-text-align-center has-small-font-size\"><em>(Pulsar en la foto para ver video) <\/em><\/p>\n\n\n\n<hr class=\"wp-block-separator has-alpha-channel-opacity is-style-dots\" \/>\n\n\n\n<figure class=\"wp-block-image size-large\"><a href=\"https:\/\/youtu.be\/HCbO29lYaJw\" target=\"_blank\" rel=\" noreferrer noopener\"><img loading=\"lazy\" decoding=\"async\" width=\"1024\" height=\"626\" src=\"https:\/\/blog.uclm.es\/tp-mbsba\/wp-content\/uploads\/sites\/176\/2025\/11\/Captura-de-pantalla-2025-11-19-a-las-16.43.24-1024x626.png\" alt=\"\" class=\"wp-image-1554\" srcset=\"https:\/\/blog.uclm.es\/tp-mbsba\/wp-content\/uploads\/sites\/176\/2025\/11\/Captura-de-pantalla-2025-11-19-a-las-16.43.24-1024x626.png 1024w, https:\/\/blog.uclm.es\/tp-mbsba\/wp-content\/uploads\/sites\/176\/2025\/11\/Captura-de-pantalla-2025-11-19-a-las-16.43.24-300x183.png 300w, https:\/\/blog.uclm.es\/tp-mbsba\/wp-content\/uploads\/sites\/176\/2025\/11\/Captura-de-pantalla-2025-11-19-a-las-16.43.24-768x469.png 768w, https:\/\/blog.uclm.es\/tp-mbsba\/wp-content\/uploads\/sites\/176\/2025\/11\/Captura-de-pantalla-2025-11-19-a-las-16.43.24.png 1142w\" sizes=\"auto, (max-width: 1024px) 100vw, 1024px\" \/><\/a><\/figure>\n\n\n\n<p class=\"has-text-align-center has-small-font-size\"><a href=\"https:\/\/youtu.be\/HCbO29lYaJw\" target=\"_blank\" rel=\"noreferrer noopener\"><strong>Marcelino Cucarella Galiana<\/strong><\/a><\/p>\n\n\n\n<p class=\"has-text-align-center has-small-font-size\"><em>(Pulsar en la foto para ver video) <\/em><\/p>\n\n\n\n<hr class=\"wp-block-separator has-alpha-channel-opacity is-style-dots\" \/>\n\n\n\n<figure class=\"wp-block-image size-large\"><a href=\"https:\/\/youtu.be\/AHhXZXsdWEo\" target=\"_blank\" rel=\" noreferrer noopener\"><img loading=\"lazy\" decoding=\"async\" width=\"1024\" height=\"662\" src=\"https:\/\/blog.uclm.es\/tp-mbsba\/wp-content\/uploads\/sites\/176\/2025\/11\/Captura-de-pantalla-2025-11-19-a-las-16.39.00-1024x662.png\" alt=\"\" class=\"wp-image-1549\" srcset=\"https:\/\/blog.uclm.es\/tp-mbsba\/wp-content\/uploads\/sites\/176\/2025\/11\/Captura-de-pantalla-2025-11-19-a-las-16.39.00-1024x662.png 1024w, https:\/\/blog.uclm.es\/tp-mbsba\/wp-content\/uploads\/sites\/176\/2025\/11\/Captura-de-pantalla-2025-11-19-a-las-16.39.00-300x194.png 300w, https:\/\/blog.uclm.es\/tp-mbsba\/wp-content\/uploads\/sites\/176\/2025\/11\/Captura-de-pantalla-2025-11-19-a-las-16.39.00-768x497.png 768w, https:\/\/blog.uclm.es\/tp-mbsba\/wp-content\/uploads\/sites\/176\/2025\/11\/Captura-de-pantalla-2025-11-19-a-las-16.39.00.png 1438w\" sizes=\"auto, (max-width: 1024px) 100vw, 1024px\" \/><\/a><\/figure>\n\n\n\n<p class=\"has-text-align-center has-small-font-size\"><a href=\"https:\/\/youtu.be\/AHhXZXsdWEo\" target=\"_blank\" rel=\"noreferrer noopener\"><strong>Milena Motta<\/strong><\/a><\/p>\n\n\n\n<p class=\"has-text-align-center has-small-font-size\"><em>(Pulsar en la foto para ver video) <\/em><\/p>\n\n\n\n<hr class=\"wp-block-separator has-alpha-channel-opacity is-style-dots\" \/>\n\n\n\n<figure class=\"wp-block-image size-full\"><a href=\"https:\/\/youtu.be\/ZBlIdfSEu6I\" target=\"_blank\" rel=\" noreferrer noopener\"><img loading=\"lazy\" decoding=\"async\" width=\"996\" height=\"654\" src=\"https:\/\/blog.uclm.es\/tp-mbsba\/wp-content\/uploads\/sites\/176\/2025\/11\/Captura-de-pantalla-2025-11-19-a-las-16.50.48.png\" alt=\"\" class=\"wp-image-1560\" srcset=\"https:\/\/blog.uclm.es\/tp-mbsba\/wp-content\/uploads\/sites\/176\/2025\/11\/Captura-de-pantalla-2025-11-19-a-las-16.50.48.png 996w, https:\/\/blog.uclm.es\/tp-mbsba\/wp-content\/uploads\/sites\/176\/2025\/11\/Captura-de-pantalla-2025-11-19-a-las-16.50.48-300x197.png 300w, https:\/\/blog.uclm.es\/tp-mbsba\/wp-content\/uploads\/sites\/176\/2025\/11\/Captura-de-pantalla-2025-11-19-a-las-16.50.48-768x504.png 768w\" sizes=\"auto, (max-width: 996px) 100vw, 996px\" \/><\/a><\/figure>\n\n\n\n<p class=\"has-text-align-center has-small-font-size\"><strong><a href=\"https:\/\/youtu.be\/ZBlIdfSEu6I\" target=\"_blank\" rel=\"noreferrer noopener\">Pablo Ramirez<\/a><\/strong><\/p>\n\n\n\n<p class=\"has-text-align-center has-small-font-size\"><em>(Pulsar en la foto para ver video) <\/em><\/p>\n\n\n\n<hr class=\"wp-block-separator has-alpha-channel-opacity is-style-dots\" \/>\n\n\n\n<p><\/p>\n","protected":false},"excerpt":{"rendered":"<p>He tenido el placer de participar y sobre todo de superar en la primera edici\u00f3n del M\u00e1ster en DataScience &amp; BusinessAnalytics (con R Software) de la Universidad de Castilla-La Mancha. Atr\u00e1s queda mucho esfuerzo casi siempre en horas intempestivas y no podr\u00eda definir esta experiencia si no es con satisfacci\u00f3n. No solo \u2026&nbsp;Sigue leyendo Andr\u00e9s &hellip; <a href=\"https:\/\/blog.uclm.es\/tp-mbsba\/opiniones\/\" class=\"more-link\">Sigue leyendo <span class=\"screen-reader-text\">Testimoniales Alumni<\/span><\/a><\/p>\n","protected":false},"author":37,"featured_media":0,"parent":0,"menu_order":0,"comment_status":"closed","ping_status":"closed","template":"","meta":{"footnotes":""},"class_list":["post-1433","page","type-page","status-publish","hentry"],"_links":{"self":[{"href":"https:\/\/blog.uclm.es\/tp-mbsba\/wp-json\/wp\/v2\/pages\/1433","targetHints":{"allow":["GET"]}}],"collection":[{"href":"https:\/\/blog.uclm.es\/tp-mbsba\/wp-json\/wp\/v2\/pages"}],"about":[{"href":"https:\/\/blog.uclm.es\/tp-mbsba\/wp-json\/wp\/v2\/types\/page"}],"author":[{"embeddable":true,"href":"https:\/\/blog.uclm.es\/tp-mbsba\/wp-json\/wp\/v2\/users\/37"}],"replies":[{"embeddable":true,"href":"https:\/\/blog.uclm.es\/tp-mbsba\/wp-json\/wp\/v2\/comments?post=1433"}],"version-history":[{"count":76,"href":"https:\/\/blog.uclm.es\/tp-mbsba\/wp-json\/wp\/v2\/pages\/1433\/revisions"}],"predecessor-version":[{"id":1763,"href":"https:\/\/blog.uclm.es\/tp-mbsba\/wp-json\/wp\/v2\/pages\/1433\/revisions\/1763"}],"wp:attachment":[{"href":"https:\/\/blog.uclm.es\/tp-mbsba\/wp-json\/wp\/v2\/media?parent=1433"}],"curies":[{"name":"wp","href":"https:\/\/api.w.org\/{rel}","templated":true}]}}