{"id":79,"date":"2014-07-24T22:09:28","date_gmt":"2014-07-24T21:09:28","guid":{"rendered":"http:\/\/blog.uclm.es\/teresasantamaria\/?page_id=79"},"modified":"2014-07-24T22:09:28","modified_gmt":"2014-07-24T21:09:28","slug":"proyectos-de-investigacion","status":"publish","type":"page","link":"https:\/\/blog.uclm.es\/teresasantamaria\/proyectos-de-investigacion\/","title":{"rendered":"INVESTIGACI\u00d3N"},"content":{"rendered":"<p><strong>A.\u00a0RED DE EXCELENCIA<\/strong><\/p>\n<p>1. Investigadora Principal de la Red de Excelencia \u00ab<em>Opera Medica<\/em>: Recuperaci\u00f3n del patrimonio textual grecolatino de la Medicina europea\u00bb (FFI2016-81769-REDT y RED2018-102781-T) en 2017-2018 y 2019-2020, del Programa Estatal de Investigaci\u00f3n Cient\u00edfica y T\u00e9cnica de Excelencia.<\/p>\n<p><i><\/i><strong>B. PROYECTOS DE INVESTIGACI\u00d3N<\/strong><\/p>\n<p><strong>I. Como Investigadora Principal:<\/strong><\/p>\n<p>1.\u00a0\u201c<em>Galenus Latinus<\/em>: Recuperaci\u00f3n del Patrimonio Escrito de la Medicina Europea II\u201d (FFI2016-77240-P),\u00a0 financiado por el\u00a0Ministerio de Ciencia, Innovaci\u00f3n y Universidades, 2017-2020.<\/p>\n<p>2. \u201cRecuperaci\u00f3n del Patrimonio Escrito de la Medicina Europea: ediciones cr\u00edticas e interpretaci\u00f3n de libros medicinales de \u00e9poca medieval y moderna\u201d, FFI2013-42904-P-MINECO &#8211; Subdirecci\u00f3n General de Proyectos de Investigaci\u00f3n, 2014-2017.<\/p>\n<p>3. \u201cDos manuscritos toledanos con textos m\u00e9dicos latinos tardoantiguos y medievales\u201d (POII-2014-019-P), Consejer\u00eda de Educaci\u00f3n, Ciencia y Cultura \u2013 Junta de Comunidades de Castilla-La Mancha, 2014-2016.<\/p>\n<p>4. \u201cLa toxicolog\u00eda en el Herbario de Ps. Apuleyo\u201d, financiado por la Universidad de Castilla-La Mancha, 2005.<\/p>\n<p>5. \u201cTextos latinos de la medicina toledana\u201d, financiado por UCLM, 2002.<\/p>\n<p>6. \u201cNicander Latinus: estudio sobre la tradici\u00f3n latina renacentista de los poemas de Nicandro sobre toxicolog\u00eda\u201d, financiado por UCLM, 2001.<\/p>\n<p><strong>II. Como Investigadora Participante:<br \/>\n<\/strong><br \/>\n<em><strong>a) Proyectos Interuniversitarios<\/strong><br \/>\n<\/em><br \/>\n1. \u201cTextos m\u00e9dicos latinos de los siglos VI-XI: transmisi\u00f3n, edici\u00f3n cr\u00edtica y estudio l\u00e9xico (II)\u201d, 2010-2012, dirigido por A. Ferraces Rodr\u00edguez, financiado por Ministerio de Ciencia e Innovaci\u00f3n.<\/p>\n<p>2. \u201cTextos m\u00e9dicos latinos de los siglos VI-IX: transmisi\u00f3n, edici\u00f3n cr\u00edtica y estudio\u201d, (2006-2009), dirigido por Arsenio Ferraces Rodr\u00edguez (Universidad de La Coru\u00f1a), financiado por Direcci\u00f3n General de Investigaci\u00f3n del MEC.<\/p>\n<p>3. \u201cEl humanismo m\u00e9dico en el siglo XVI: el problema de la lengua\u201d (1989-1992), dirigido por Enrique Montero Cartelle (Univ. de Valladolid), financiado por Ministerio de Educaci\u00f3n y Ciencia (MEC).<\/p>\n<p><em><strong>b) Proyectos de la UCLM<\/strong><br \/>\n<\/em><br \/>\n4. \u201cDisidencia y exilio: literatura y humanismo en la Espa\u00f1a del siglo XVI\u201d I, II y III (2003-2006, 2006-2009 y 2009-2012), dirigidos por Ignacio Garc\u00eda Pinilla (Filolog\u00eda Latina, UCLM), financiado por Direcci\u00f3n General de Investigaci\u00f3n del MCYT o MEC.<\/p>\n<p>5. \u201cTextos latinos de Toledo\u201d, (2006-2008), dirigido por I. Garc\u00eda Pinilla, financiado por Consejer\u00eda de Educaci\u00f3n y Ciencia de Castilla-La Mancha.<\/p>\n<p>6. \u201cFacetas del humanismo latino en Toledo\u201d, dirigido por I. Garc\u00eda Pinilla, financiado por UCLM, 2003.<\/p>\n<p>7. \u201cUna aproximaci\u00f3n a la medicina espa\u00f1ola en el tr\u00e1nsito de los siglos XVII al XVIII: Edici\u00f3n facs\u00edmil de la Traducci\u00f3n de los Aforismos de Hip\u00f3crates de griego y lat\u00edn en lengua castellana de Alonso M. Sede\u00f1o (1699)\u201d, dir. por Jos\u00e9 Mart\u00ednez P\u00e9rez (Facultad de Medicina), UCLM, 2001.<\/p>\n<p><strong>C. GRUPO DE INVESTIGACI\u00d3N<\/strong><\/p>\n<p>Directora del Grupo de I+D de\u00a0la UCLM \u201c<a href=\"http:\/\/www.uclm.es\/organos\/vic_investigacion\/GruposUCLM\/grupos.aspx?gr=294&amp;inf=per\" target=\"_blank\" rel=\"noopener noreferrer\">Interpretes Medicinae<\/a>\u201d.<\/p>\n<p><strong>D.\u00a0<\/strong><span style=\"font-weight: bold\">L\u00cdNEAS DE INVESTIGACI\u00d3N<\/span><\/p>\n<p>Textos m\u00e9dicos latinos (Antig\u00fcedad, Edad Media y Renacimiento), toxicolog\u00eda grecolatina, escritos antiguos de medicina herm\u00e9tica (T\u00e9salo de Tralles, Cyranides, Liber Alexandri) y su difusi\u00f3n latina, l\u00e9xico m\u00e9dico grecolatino.<\/p>\n<p><strong>E. <\/strong><span style=\"font-weight: bold\">SOCIEDADES CIENT\u00cdFICAS A LAS QUE PERTENECE<\/span><\/p>\n<p>SISMEL &#8211; Societ\u00e0 Internazionale per lo Studio del Medioevo Latino<\/p>\n<p>IANLS\u00a0 &#8211; International Association for Neo-Latin Studies<\/p>\n<p>SEEC &#8211; Sociedad Espa\u00f1ola de Estudios Cl\u00e1sicos<\/p>\n<p>SELat &#8211; Sociedad de Estudios Latinos<\/p>\n","protected":false},"excerpt":{"rendered":"<p>A.\u00a0RED DE EXCELENCIA 1. Investigadora Principal de la Red de Excelencia \u00abOpera Medica: Recuperaci\u00f3n del patrimonio textual grecolatino de la Medicina europea\u00bb (FFI2016-81769-REDT y RED2018-102781-T) en 2017-2018 y 2019-2020, del Programa Estatal de Investigaci\u00f3n Cient\u00edfica y T\u00e9cnica de Excelencia. B. PROYECTOS DE INVESTIGACI\u00d3N I. Como Investigadora Principal: 1.\u00a0\u201cGalenus Latinus: Recuperaci\u00f3n del Patrimonio Escrito de la &hellip; <a href=\"https:\/\/blog.uclm.es\/teresasantamaria\/proyectos-de-investigacion\/\" class=\"more-link\">Seguir leyendo <span class=\"screen-reader-text\">INVESTIGACI\u00d3N<\/span> <span class=\"meta-nav\">&rarr;<\/span><\/a><\/p>\n","protected":false},"author":31,"featured_media":0,"parent":0,"menu_order":0,"comment_status":"closed","ping_status":"open","template":"","meta":{"footnotes":""},"class_list":["post-79","page","type-page","status-publish","hentry"],"_links":{"self":[{"href":"https:\/\/blog.uclm.es\/teresasantamaria\/wp-json\/wp\/v2\/pages\/79","targetHints":{"allow":["GET"]}}],"collection":[{"href":"https:\/\/blog.uclm.es\/teresasantamaria\/wp-json\/wp\/v2\/pages"}],"about":[{"href":"https:\/\/blog.uclm.es\/teresasantamaria\/wp-json\/wp\/v2\/types\/page"}],"author":[{"embeddable":true,"href":"https:\/\/blog.uclm.es\/teresasantamaria\/wp-json\/wp\/v2\/users\/31"}],"replies":[{"embeddable":true,"href":"https:\/\/blog.uclm.es\/teresasantamaria\/wp-json\/wp\/v2\/comments?post=79"}],"version-history":[{"count":0,"href":"https:\/\/blog.uclm.es\/teresasantamaria\/wp-json\/wp\/v2\/pages\/79\/revisions"}],"wp:attachment":[{"href":"https:\/\/blog.uclm.es\/teresasantamaria\/wp-json\/wp\/v2\/media?parent=79"}],"curies":[{"name":"wp","href":"https:\/\/api.w.org\/{rel}","templated":true}]}}