{"id":322,"date":"2019-03-14T13:35:25","date_gmt":"2019-03-14T12:35:25","guid":{"rendered":"http:\/\/blog.uclm.es\/teresasantamaria\/?page_id=322"},"modified":"2019-03-14T13:35:25","modified_gmt":"2019-03-14T12:35:25","slug":"libros","status":"publish","type":"page","link":"https:\/\/blog.uclm.es\/teresasantamaria\/libros\/","title":{"rendered":"LIBROS"},"content":{"rendered":"\n<p><strong>I. Como autora:<br><\/strong><br>&#8211; <a href=\"https:\/\/books.google.es\/books?id=0zlmDwAAQBAJ&amp;printsec=frontcover&amp;hl=es&amp;source=gbs_ge_summary_r&amp;cad=0#v=onepage&amp;q&amp;f=false\"><em>Pedro Jaime Esteve<\/em>.&nbsp;<em>Nicandri Theriaca: traducci\u00f3n latina en verso (1552).<\/em>&nbsp;<em>Introducci\u00f3n, edici\u00f3n cr\u00edtica, traducci\u00f3n y notas<\/em><\/a>. Cuenca: <a href=\"http:\/\/publicaciones.uclm.es\/nicandri-theriaca-traduccion-latina-en-verso-1552\/\">Universidad de Castilla-La Mancha<\/a>, 2018.&nbsp; Colecci\u00f3n Ediciones Cr\u00edticas n\u00ba 25, Serie Textos M\u00e9dicos, 191 pp. <\/p>\n\n\n\n<p>&#8211; <em><a href=\"http:\/\/publicaciones.uclm.es\/escritos-medicos-apologia-contra-leonhart-fuchs-doctrina-completa-de-los-jarabes\/\">Miguel Servet. Escritos m\u00e9dicos: Apolog\u00eda contra Leonhart Fuchs. Doctrina completa de los jarabes. Introducci\u00f3n, edici\u00f3n cr\u00edtica, traducci\u00f3n y notas<\/a> a cargo de<\/em> M\u00aa Teresa Santamar\u00eda Hern\u00e1ndez. Cuenca: Universidad de Castilla-La Mancha, 2011. Colecci\u00f3n Ediciones Cr\u00edticas n\u00ba 10, Serie Disidentes Espa\u00f1oles del siglo XVI n\u00ba 3, 408 pp. Rese\u00f1a en <a href=\"http:\/\/revistas.um.es\/myrtia\/article\/viewFile\/159731\/139551\"><em>Myrtia<\/em><\/a>.<\/p>\n\n\n\n<p>&#8211; <em>Hartmann Schopper. El libro de los oficios<\/em>. Grabados de Jost Amman. Edici\u00f3n facs\u00edmil de la primera latina (Fr\u00e1ncfort del Meno, 1568). Coordinaci\u00f3n e introducci\u00f3n bibliogr\u00e1fica por Francisco Mendoza D\u00edaz-Maroto. Estudio hist\u00f3rico-art\u00edstico por Luis Guillermo Garc\u00eda-Sa\u00faco Bel\u00e9ndez. <a href=\"http:\/\/datos.bne.es\/edicion\/FF3351407.html\"><em>Traducci\u00f3n de los textos latinos por<\/em> M\u00aa Teresa Santamar\u00eda<\/a>. Albacete: Ediciones Altab\u00e1n, 2006.<\/p>\n\n\n\n<p>&#8211; <em><a href=\"https:\/\/datospdf.com\/download\/el-humanismo-medico-en-la-universidad-de-valencia-siglo-xvi-valencia-consell-valencia-de-cultura-2003-_5abd7cfab7d7bc024280df97_pdf\">El humanismo m\u00e9dico en la Universidad de Valencia (siglo XVI)<\/a>.<\/em>&nbsp;Valencia: Consell Valenci\u00e0 de Cultura, 2003.<\/p>\n\n\n\n<p>&#8211; (con J. Mart\u00ednez): <em>Traducci\u00f3n de los Aforismos de Hip\u00f3crates de griego, y lat\u00edn en lengua castellana, con advertencias y notas, y del Cap\u00edtulo Aureo de Avicena, que trata del modo de conservar la salud corporal, por Don Alonso Manuel Sede\u00f1o de Mesa, natural de Albacete<\/em> (\u2026), en Madrid, en la Imprenta de Manuel Ruiz de Murga, a\u00f1o de 1699 \/ <a href=\"https:\/\/www.academia.edu\/30757081\/Traducci%C3%B3n_de_los_Aforismos_de_Hip%C3%B3crates_de_griego_y_lat%C3%ADn_en_lengua_castellana_con_advertencias_y_notas_y_del_Cap%C3%ADtulo_Aureo_de_Avicena_..._por_Don_Alonso_Manuel_Sede%C3%B1o_de_Mesa_..._en_Madrid_..._1699._Edici%C3%B3n_facs%C3%ADmil_J._Mart%C3%ADnez_P%C3%A9rez_-_M._T._Santamar%C3%ADa_Hern%C3%A1ndez_eds._Cuenca_2002\">edici\u00f3n facs\u00edmil con una introducci\u00f3n a cargo de Jos\u00e9 Mart\u00ednez P\u00e9rez y M\u00aa Teresa Santamar\u00eda Hern\u00e1ndez<\/a>. Cuenca: Universidad de Castilla-La Mancha, 2002.<\/p>\n\n\n\n<p><strong>II. Como editora:<\/strong><\/p>\n\n\n\n<p>&#8211; <em>Acta Conventus Neo-Latini Albasitensis: Proceedings of the Seventeenth International Congress of Neo-Latin Studies (Albacete 2018)<\/em>. Ed. Florian Schaffenrath y Mar\u00eda Teresa Santamar\u00eda Hern\u00e1ndez. Leiden: Brill, 2020. <\/p>\n\n\n\n<p>&#8211;\u00a0<a href=\"https:\/\/books.google.es\/books?id=g2AuDwAAQBAJ&amp;printsec=frontcover&amp;hl=es&amp;source=gbs_ge_summary_r&amp;cad=0#v=onepage&amp;q&amp;f=false\"><em>Traducci\u00f3n y transmisi\u00f3n doctrinal de la Medicina grecolatina desde la Antig\u00fcedad hasta el Mundo Moderno: nuevas aportaciones sobre autores y textos<\/em><\/a>. Colecci\u00f3n Escuela de Traductores de Toledo, 17.Cuenca: <a href=\"http:\/\/publicaciones.uclm.es\/traduccion-y-transmision-doctrinal-de-la-medicina-grecolatina-desde-la-antiguedad-hasta-el-mundo-moderno\/\">Universidad de Castilla-La Mancha<\/a>, 2016. Rese\u00f1a en <a href=\"http:\/\/uvadoc.uva.es\/handle\/10324\/33669\"><em>Minerva<\/em><\/a>.<\/p>\n\n\n\n<p>&#8211;&nbsp;<em><a href=\"https:\/\/pages.uv.es\/sphv\/cas\/numero17.wiki\">Via ad sapientiam: lat\u00edn, griego y transmisi\u00f3n del conocimiento<\/a>.<\/em>&nbsp;Ed. Concepci\u00f3n Ferragut Dom\u00ednguez y Mar\u00eda Teresa Santamar\u00eda Hern\u00e1ndez. Valencia: Universidad de Valencia, 2015 (=&nbsp;<a href=\"http:\/\/www.uv.es\/sphv\/\" target=\"_blank\" rel=\"noreferrer noopener\"><em>S<\/em><em>tudia Philologica Valentina<\/em><\/a><a href=\"http:\/\/www.uv.es\/sphv\/\" target=\"_blank\" rel=\"noreferrer noopener\">, 17<\/a> (2015). \u00ab<a href=\"https:\/\/dialnet.unirioja.es\/descarga\/articulo\/5286264.pdf\">Presentaci\u00f3n<\/a>\u00ab.&nbsp;<\/p>\n\n\n\n<p>&#8211; <a href=\"https:\/\/books.google.es\/books?id=_WqVAgAAQBAJ&amp;printsec=frontcover&amp;hl=es&amp;source=gbs_ge_summary_r&amp;cad=0#v=onepage&amp;q&amp;f=false\"><em>Textos m\u00e9dicos grecolatinos antiguos y medievales: estudios sobre composici\u00f3n y fuentes<\/em><\/a>. Cuenca: <a href=\"http:\/\/publicaciones.uclm.es\/textos-medicos-grecolatinos-antiguos-y-medievales-estudios-sobre-composicion-y-fuentes\/\">Universidad de Castilla-La Mancha<\/a>, 2012. Rese\u00f1as en <a href=\"http:\/\/emerita.revistas.csic.es\/index.php\/emerita\/article\/download\/1066\/1111\"><em>Emerita<\/em> <\/a>y en <a href=\"https:\/\/revistas.uva.es\/index.php\/minerva\/article\/view\/2550\/2004\"><em>Minerva<\/em><\/a>.<\/p>\n\n\n\n<p>&#8211; <em><a href=\"https:\/\/books.google.es\/books?id=QMujL2K3JtUC&amp;printsec=frontcover&amp;hl=es#v=onepage&amp;q&amp;f=false\">La transmisi\u00f3n de la ciencia desde la Antig\u00fcedad al Renacimiento<\/a>.<\/em>&nbsp;Cuenca: Universidad de Castilla-La Mancha, 2008. Rese\u00f1a en <em>Myrtia<\/em>.<\/p>\n","protected":false},"excerpt":{"rendered":"<p>I. Como autora:&#8211; Pedro Jaime Esteve.&nbsp;Nicandri Theriaca: traducci\u00f3n latina en verso (1552).&nbsp;Introducci\u00f3n, edici\u00f3n cr\u00edtica, traducci\u00f3n y notas. Cuenca: Universidad de Castilla-La Mancha, 2018.&nbsp; Colecci\u00f3n Ediciones Cr\u00edticas n\u00ba 25, Serie Textos M\u00e9dicos, 191 pp. &#8211; Miguel Servet. Escritos m\u00e9dicos: Apolog\u00eda contra Leonhart Fuchs. Doctrina completa de los jarabes. Introducci\u00f3n, edici\u00f3n cr\u00edtica, traducci\u00f3n y notas a cargo &hellip; <a href=\"https:\/\/blog.uclm.es\/teresasantamaria\/libros\/\" class=\"more-link\">Seguir leyendo <span class=\"screen-reader-text\">LIBROS<\/span> <span class=\"meta-nav\">&rarr;<\/span><\/a><\/p>\n","protected":false},"author":31,"featured_media":0,"parent":0,"menu_order":0,"comment_status":"closed","ping_status":"closed","template":"","meta":{"footnotes":""},"class_list":["post-322","page","type-page","status-publish","hentry"],"_links":{"self":[{"href":"https:\/\/blog.uclm.es\/teresasantamaria\/wp-json\/wp\/v2\/pages\/322","targetHints":{"allow":["GET"]}}],"collection":[{"href":"https:\/\/blog.uclm.es\/teresasantamaria\/wp-json\/wp\/v2\/pages"}],"about":[{"href":"https:\/\/blog.uclm.es\/teresasantamaria\/wp-json\/wp\/v2\/types\/page"}],"author":[{"embeddable":true,"href":"https:\/\/blog.uclm.es\/teresasantamaria\/wp-json\/wp\/v2\/users\/31"}],"replies":[{"embeddable":true,"href":"https:\/\/blog.uclm.es\/teresasantamaria\/wp-json\/wp\/v2\/comments?post=322"}],"version-history":[{"count":0,"href":"https:\/\/blog.uclm.es\/teresasantamaria\/wp-json\/wp\/v2\/pages\/322\/revisions"}],"wp:attachment":[{"href":"https:\/\/blog.uclm.es\/teresasantamaria\/wp-json\/wp\/v2\/media?parent=322"}],"curies":[{"name":"wp","href":"https:\/\/api.w.org\/{rel}","templated":true}]}}