{"id":152,"date":"2017-10-19T10:26:55","date_gmt":"2017-10-19T09:26:55","guid":{"rendered":"http:\/\/blog.uclm.es\/teresacuberes\/?page_id=152"},"modified":"2026-03-16T02:59:35","modified_gmt":"2026-03-16T02:59:35","slug":"investigacion","status":"publish","type":"page","link":"https:\/\/blog.uclm.es\/teresacuberes\/investigacion\/","title":{"rendered":"Investigaci\u00f3n"},"content":{"rendered":"\n<p>Actualmente, trabajo en las siguientes l\u00edneas de investigaci\u00f3n: <br><br>\u2013 <strong><em>Estudio de filmes y recubrimientos nanocompuestos<\/em><\/strong> capaces de <strong><em>proteger contra virus, microbios y bacterias, y liberar medicamentos <\/em><\/strong>(previamente incorporados en los filmes) de forma controlada.<br><br>\u2013 Estudio de <strong><em>nanogeneradores piezoel\u00e9ctricos y triboel\u00e9ctricos (fabricados a partir de filmes nanocompuestos)<\/em><\/strong> capaces de producir energ\u00eda el\u00e9ctrica \u00fatil (por ejemplo para nanosensores o nanodispositivos) a partir de energ\u00eda mec\u00e1nica o fricci\u00f3n no aprovechada.<\/p>\n\n\n\n<p><em>Ver <a href=\"http:\/\/blog.uclm.es\/gruponanomat\/\">grupo de Nanotecnolog\u00eda y Materiales<\/a> de la UCLM.<\/em><\/p>\n\n\n\n<p><strong>T\u00c9CNICAS<\/strong><\/p>\n\n\n\n<p><em>MICROSCOP\u00cdA DE FUERZAS AT\u00d3MICAS CON ULTRASONIDOS<\/em><\/p>\n\n\n\n<figure class=\"wp-block-image\"><img loading=\"lazy\" decoding=\"async\" width=\"117\" height=\"117\" src=\"https:\/\/blog.uclm.es\/teresacuberes\/wp-content\/uploads\/sites\/100\/2017\/10\/image423.png\" alt=\"\" class=\"wp-image-231\" \/><\/figure>\n\n\n\n<p><em>MICROSCOP\u00cdA DE EFECTO T\u00daNEL (STM)<br>MICROSCOP\u00cdA DE EMISI\u00d3N DE ELECTRONES BAL\u00cdSTICOS (BEEM)<\/em><\/p>\n\n\n\n<figure class=\"wp-block-image\"><img loading=\"lazy\" decoding=\"async\" width=\"211\" height=\"267\" src=\"https:\/\/blog.uclm.es\/teresacuberes\/wp-content\/uploads\/sites\/100\/2017\/10\/image4381.gif\" alt=\"\" class=\"wp-image-233\" \/><\/figure>\n\n\n\n<p><em>ESPECTROSCOP\u00cdA DE RAYOS X (XPS). FOTOEMISI\u00d3N CON RADIACI\u00d3N DE SINCROTR\u00d3N<\/em><\/p>\n\n\n\n<figure class=\"wp-block-image\"><img loading=\"lazy\" decoding=\"async\" width=\"163\" height=\"198\" src=\"https:\/\/blog.uclm.es\/teresacuberes\/wp-content\/uploads\/sites\/100\/2017\/10\/image4451.gif\" alt=\"\" class=\"wp-image-234\" \/><\/figure>\n\n\n\n<p><strong>MATERIALES<\/strong><\/p>\n\n\n\n<p><em>COMPUESTOS POLIM\u00c9RICOS. HIDROGELES. <\/em><\/p>\n\n\n\n<figure class=\"wp-block-image\"><img loading=\"lazy\" decoding=\"async\" width=\"101\" height=\"121\" src=\"https:\/\/blog.uclm.es\/teresacuberes\/wp-content\/uploads\/sites\/100\/2017\/10\/image403.png\" alt=\"\" class=\"wp-image-228\" \/><\/figure>\n\n\n\n<p><em>MOL\u00c9CULAS<\/em><\/p>\n\n\n\n<figure class=\"wp-block-image\"><img loading=\"lazy\" decoding=\"async\" width=\"153\" height=\"215\" src=\"https:\/\/blog.uclm.es\/teresacuberes\/wp-content\/uploads\/sites\/100\/2017\/10\/image404.png\" alt=\"\" class=\"wp-image-229\" \/><\/figure>\n\n\n\n<p><em>INTERCARAS SEMICONDUCTORAS. SUPERFICIES. <\/em><\/p>\n\n\n\n<figure class=\"wp-block-image\"><img loading=\"lazy\" decoding=\"async\" width=\"215\" height=\"68\" src=\"https:\/\/blog.uclm.es\/teresacuberes\/wp-content\/uploads\/sites\/100\/2017\/10\/image418-1.png\" alt=\"\" class=\"wp-image-236\" \/><\/figure>\n","protected":false},"excerpt":{"rendered":"<p>Actualmente, trabajo en las siguientes l\u00edneas de investigaci\u00f3n: \u2013 Estudio de filmes y recubrimientos nanocompuestos capaces de proteger contra virus, microbios y bacterias, y liberar medicamentos (previamente incorporados en los filmes) de forma controlada. \u2013 Estudio de nanogeneradores piezoel\u00e9ctricos y triboel\u00e9ctricos (fabricados a partir de filmes nanocompuestos) capaces de producir energ\u00eda el\u00e9ctrica \u00fatil (por ejemplo &hellip; <a href=\"https:\/\/blog.uclm.es\/teresacuberes\/investigacion\/\" class=\"more-link\">Sigue leyendo <span class=\"screen-reader-text\">Investigaci\u00f3n<\/span><\/a><\/p>\n","protected":false},"author":104,"featured_media":0,"parent":0,"menu_order":0,"comment_status":"closed","ping_status":"closed","template":"","meta":{"footnotes":""},"class_list":["post-152","page","type-page","status-publish","hentry"],"_links":{"self":[{"href":"https:\/\/blog.uclm.es\/teresacuberes\/wp-json\/wp\/v2\/pages\/152","targetHints":{"allow":["GET"]}}],"collection":[{"href":"https:\/\/blog.uclm.es\/teresacuberes\/wp-json\/wp\/v2\/pages"}],"about":[{"href":"https:\/\/blog.uclm.es\/teresacuberes\/wp-json\/wp\/v2\/types\/page"}],"author":[{"embeddable":true,"href":"https:\/\/blog.uclm.es\/teresacuberes\/wp-json\/wp\/v2\/users\/104"}],"replies":[{"embeddable":true,"href":"https:\/\/blog.uclm.es\/teresacuberes\/wp-json\/wp\/v2\/comments?post=152"}],"version-history":[{"count":3,"href":"https:\/\/blog.uclm.es\/teresacuberes\/wp-json\/wp\/v2\/pages\/152\/revisions"}],"predecessor-version":[{"id":656,"href":"https:\/\/blog.uclm.es\/teresacuberes\/wp-json\/wp\/v2\/pages\/152\/revisions\/656"}],"wp:attachment":[{"href":"https:\/\/blog.uclm.es\/teresacuberes\/wp-json\/wp\/v2\/media?parent=152"}],"curies":[{"name":"wp","href":"https:\/\/api.w.org\/{rel}","templated":true}]}}