{"id":151,"date":"2017-10-19T10:26:55","date_gmt":"2017-10-19T09:26:55","guid":{"rendered":"http:\/\/blog.uclm.es\/teresacuberes\/?page_id=151"},"modified":"2025-12-02T17:44:54","modified_gmt":"2025-12-02T17:44:54","slug":"docencia","status":"publish","type":"page","link":"https:\/\/blog.uclm.es\/teresacuberes\/docencia\/","title":{"rendered":"Docencia"},"content":{"rendered":"\n<p>Mi actividad docente se desarrolla en la <a href=\"http:\/\/eimia.uclm.es\/\">Escuela de Ingenier\u00eda Minera e Industrial de Almad\u00e9n<\/a>, donde imparto docencia en:<\/p>\n\n\n\n<p><a href=\"https:\/\/planea.apps.uclm.es\/web\/guia\/419\/56313\/\">&#8211; Ciencia de Materiales <em>(2\u00ba de Ingenier\u00eda Mec\u00e1nica y El\u00e9ctrica)<\/em><\/a><\/p>\n\n\n\n<p>&#8211; <a href=\"https:\/\/planea.apps.uclm.es\/web\/guia\/419\/56324\/\">Ingenier\u00eda y Tecnolog\u00eda de Materiales <em>(3\u00ba de Ingenier\u00eda Mec\u00e1nica)<\/em><\/a><a href=\"https:\/\/guiae.uclm.es\/vistaPrevia\/32916\/999\"><em> <\/em><\/a><\/p>\n\n\n\n<p><a href=\"https:\/\/planea.apps.uclm.es\/web\/guia\/384\/19568\/\">&#8211; Metalurgia <em>(4\u00ba Ingenier\u00eda de Minas)<\/em><\/a><\/p>\n\n\n\n<p>&#8211; <a href=\"https:\/\/planea.apps.uclm.es\/web\/guia\/2356\/311022\/\">Metalotecnia (Industrias Mineral\u00fargicas y Metal\u00fargicas) <em> (Master de Minas)<\/em><\/a><a href=\"https:\/\/guiae.uclm.es\/es\/vistaPrevia\/48640\"><em> <\/em><\/a><\/p>\n\n\n\n<p><\/p>\n","protected":false},"excerpt":{"rendered":"<p>Mi actividad docente se desarrolla en la Escuela de Ingenier\u00eda Minera e Industrial de Almad\u00e9n, donde imparto docencia en: &#8211; Ciencia de Materiales (2\u00ba de Ingenier\u00eda Mec\u00e1nica y El\u00e9ctrica) &#8211; Ingenier\u00eda y Tecnolog\u00eda de Materiales (3\u00ba de Ingenier\u00eda Mec\u00e1nica) &#8211; Metalurgia (4\u00ba Ingenier\u00eda de Minas) &#8211; Metalotecnia (Industrias Mineral\u00fargicas y Metal\u00fargicas) (Master de Minas)<\/p>\n","protected":false},"author":104,"featured_media":0,"parent":0,"menu_order":0,"comment_status":"closed","ping_status":"closed","template":"","meta":{"footnotes":""},"class_list":["post-151","page","type-page","status-publish","hentry"],"_links":{"self":[{"href":"https:\/\/blog.uclm.es\/teresacuberes\/wp-json\/wp\/v2\/pages\/151","targetHints":{"allow":["GET"]}}],"collection":[{"href":"https:\/\/blog.uclm.es\/teresacuberes\/wp-json\/wp\/v2\/pages"}],"about":[{"href":"https:\/\/blog.uclm.es\/teresacuberes\/wp-json\/wp\/v2\/types\/page"}],"author":[{"embeddable":true,"href":"https:\/\/blog.uclm.es\/teresacuberes\/wp-json\/wp\/v2\/users\/104"}],"replies":[{"embeddable":true,"href":"https:\/\/blog.uclm.es\/teresacuberes\/wp-json\/wp\/v2\/comments?post=151"}],"version-history":[{"count":6,"href":"https:\/\/blog.uclm.es\/teresacuberes\/wp-json\/wp\/v2\/pages\/151\/revisions"}],"predecessor-version":[{"id":573,"href":"https:\/\/blog.uclm.es\/teresacuberes\/wp-json\/wp\/v2\/pages\/151\/revisions\/573"}],"wp:attachment":[{"href":"https:\/\/blog.uclm.es\/teresacuberes\/wp-json\/wp\/v2\/media?parent=151"}],"curies":[{"name":"wp","href":"https:\/\/api.w.org\/{rel}","templated":true}]}}