{"id":9,"date":"2015-06-16T11:12:56","date_gmt":"2015-06-16T10:12:56","guid":{"rendered":"http:\/\/blog.uclm.es\/telefonica\/?page_id=9"},"modified":"2015-06-16T11:12:56","modified_gmt":"2015-06-16T10:12:56","slug":"catedra","status":"publish","type":"page","link":"https:\/\/blog.uclm.es\/telefonica\/catedra\/","title":{"rendered":"Presentaci\u00f3n"},"content":{"rendered":"<p style=\"text-align: justify\">En junio de 2015 se crea la <strong><em>C\u00e1tedra Sistemas Avanzados de Interacci\u00f3n para Educaci\u00f3n Digital<\/em><\/strong>. Esta C\u00e1tedra se crea por iniciativa de la <a href=\"http:\/\/www.uclm.es\">Universidad de Castilla \u2013 La Mancha (UCLM)<\/a> y <a href=\"http:\/\/info.telefonica.es\/portada\/index.html\">Telef\u00f3nica M\u00f3viles Espa\u00f1a (TME)<\/a> y formando parte de la <a href=\"http:\/\/www.rcysostenibilidad.telefonica.com\/blogs\/catedrastelefonica\/\">Red de C\u00e1tedras Telef\u00f3nica.<\/a>.<\/p>\n<h1 style=\"text-align: justify\">Misi\u00f3n<\/h1>\n<p style=\"text-align: justify\">La <em>C\u00e1tedra<\/em> tiene como misi\u00f3n fundamental ser el instrumento que articule la colaboraci\u00f3n en los \u00e1mbitos acad\u00e9mico, de investigaci\u00f3n, de desarrollo y de innovaci\u00f3n entre Telef\u00f3nica M\u00f3viles Espa\u00f1a y la Universidad de Castilla &#8211; La Mancha y as\u00ed desarrollar actividades dentro del marco establecido por el convenio firmado entre ambas instituciones.<\/p>\n<h1 style=\"text-align: justify\">Estructura<\/h1>\n<p>La <em>C\u00e1tedra<\/em>, por parte de la UCLM est\u00e1 constituida por el <em>director<\/em> y<em> varios vocales<\/em> expertos en el \u00e1mbito de trabajo y aplicaci\u00f3n de los proyectos derivados de la C\u00e1tedra.<\/p>\n<p>La funci\u00f3n y responsabilidad del <em>director<\/em> es la de plantear y asegurar el desarrollo de las actividades orientadas a lograr los objetivos, relacionarse con el resto de c\u00e1tedras TME y UCLM, elaborar todos aquellos informes de seguimiento que puedan ser necesarios para TME y para la UCLM.<\/p>\n<p>La funci\u00f3n de los <em>vocales expertos<\/em> es la de asistir al <em>director<\/em> en todas aquellas labores de consultor\u00eda espec\u00edfica que pueda demandar TME, la UCLM y el Director, en relaci\u00f3n con los objetivos. As\u00ed mismo, podr\u00e1 asumir todas aquellas responsabilidades que por delegaci\u00f3n del <em>director<\/em> le sean propuestas. Preferentemente, se intentar\u00e1 que el equipo de vocales est\u00e9 relacionados con los campus de la UCLM donde la C\u00e1tedra desarrolla sus actividades.<\/p>\n<p>La direcci\u00f3n de la C\u00e1tedra la desempe\u00f1a el Dr. D. <strong><a href=\"https:\/\/blog.uclm.es\/miguelredondo\/\"><em>Miguel \u00c1ngel Redondo Duque<\/em><\/a><\/strong>, Catedr\u00e1tico de Universidad del \u00e1rea de Lenguajes y Sistemas Inform\u00e1ticos del Departamento de Tecnolog\u00edas y Sistemas de Informaci\u00f3n, adscrito a la <a href=\"https:\/\/esi.uclm.es\">Escuela Superior de Inform\u00e1tica<\/a> de la UCLM en el Campus de Ciudad Real. Adem\u00e1s, es el director del <em><a href=\"https:\/\/blog.uclm.es\/grupochico\/\">Grupo Computer-Human Interaction and Collaboration (CHICO)<\/a> <\/em>de la UCLM.<\/p>\n<p>Las actuales vocal\u00edas de la C\u00e1tedra est\u00e1n ocupadas por:<\/p>\n<ul>\n<li style=\"list-style-type: none\">\n<ul>\n<li>Dra. D\u00aa. <strong><em><a href=\"https:\/\/blog.uclm.es\/anaisabelmolina\/pagina-ejemplo\/\">Ana Isabel Molina D\u00edaz<\/a><\/em><\/strong>, Profesora Titular de Universidad del \u00e1rea de Lenguajes y Sistemas Inform\u00e1ticos del Departamento de Tecnolog\u00edas y Sistemas de Informaci\u00f3n, adscrita a la Escuela Superior de Inform\u00e1tica de la UCLM en el Campus de Ciudad Real. Responsable del <em><a href=\"https:\/\/blog.uclm.es\/grupochico\/laboratorio-de-usabilidad\/\">Laboratorio de Usabilidad<\/a> <\/em>en la <a href=\"https:\/\/esi.uclm.es\">Escuela Superior de Inform\u00e1tica.<\/a><\/li>\n<li>Dr. D. <a href=\"https:\/\/directorio.uclm.es\/persona.aspx?cod=uzNy7TkNRFpdRaBmgJLJiPS0R9JCadhf\"><em><strong>Jorge Mateo Sotos<\/strong><\/em><\/a>, Profesor Titular de Universidad del \u00e1rea de Teor\u00eda de la Se\u00f1al y Comunicaciones del Departamento de Ingenier\u00eda El\u00e9ctrica, Electr\u00f3nica, Autom\u00e1tica y Comunicaciones, adscrito a la <em><a href=\"https:\/\/www.uclm.es\/cuenca\/epc\">Escuela Polit\u00e9cnica de Cuenca.<\/a><\/em> Responsable del <a href=\"https:\/\/blog.uclm.es\/telefonica\/2022\/05\/25\/nuevo-laboratorio-de-investigacion-desarrollo-e-innovacion-idi-de-la-catedra-uclm-telefonica-en-el-campus-de-cuenca\/\"><em>Laboratorio C\u00e1tedra Telef\u00f3nica I+D+i<\/em><\/a>\u00a0en el <a href=\"https:\/\/www.uclm.es\/centros-investigacion\/itct\"><em>Instituto de Tecnolog\u00eda, Construcci\u00f3n y Telecomunicaciones<\/em><\/a> en el Campus de Cuenca.<\/li>\n<\/ul>\n<\/li>\n<\/ul>\n","protected":false},"excerpt":{"rendered":"<p>En junio de 2015 se crea la C\u00e1tedra Sistemas Avanzados de Interacci\u00f3n para Educaci\u00f3n Digital. Esta C\u00e1tedra se crea por iniciativa de la Universidad de Castilla \u2013 La Mancha (UCLM) y Telef\u00f3nica M\u00f3viles Espa\u00f1a (TME) y formando parte de la &hellip; <a href=\"https:\/\/blog.uclm.es\/telefonica\/catedra\/\">Sigue leyendo <span class=\"meta-nav\">&rarr;<\/span><\/a><\/p>\n","protected":false},"author":67,"featured_media":0,"parent":0,"menu_order":0,"comment_status":"closed","ping_status":"open","template":"","meta":{"footnotes":""},"class_list":["post-9","page","type-page","status-publish","hentry"],"_links":{"self":[{"href":"https:\/\/blog.uclm.es\/telefonica\/wp-json\/wp\/v2\/pages\/9","targetHints":{"allow":["GET"]}}],"collection":[{"href":"https:\/\/blog.uclm.es\/telefonica\/wp-json\/wp\/v2\/pages"}],"about":[{"href":"https:\/\/blog.uclm.es\/telefonica\/wp-json\/wp\/v2\/types\/page"}],"author":[{"embeddable":true,"href":"https:\/\/blog.uclm.es\/telefonica\/wp-json\/wp\/v2\/users\/67"}],"replies":[{"embeddable":true,"href":"https:\/\/blog.uclm.es\/telefonica\/wp-json\/wp\/v2\/comments?post=9"}],"version-history":[{"count":0,"href":"https:\/\/blog.uclm.es\/telefonica\/wp-json\/wp\/v2\/pages\/9\/revisions"}],"wp:attachment":[{"href":"https:\/\/blog.uclm.es\/telefonica\/wp-json\/wp\/v2\/media?parent=9"}],"curies":[{"name":"wp","href":"https:\/\/api.w.org\/{rel}","templated":true}]}}