{"id":18,"date":"2015-06-16T15:30:51","date_gmt":"2015-06-16T14:30:51","guid":{"rendered":"http:\/\/blog.uclm.es\/telefonica\/?page_id=18"},"modified":"2015-06-16T15:30:51","modified_gmt":"2015-06-16T14:30:51","slug":"actividades","status":"publish","type":"page","link":"https:\/\/blog.uclm.es\/telefonica\/actividades\/","title":{"rendered":"Actividades"},"content":{"rendered":"<p style=\"text-align: justify\">\n<p style=\"text-align: justify\">A continuaci\u00f3n se enumeran, desde un punto de vista general, la tipolog\u00eda de las acciones y actividades que esta C\u00e1tedra promover\u00e1 e impulsar\u00e1 orientadas a alcanzar sus objetivos. Estas acciones, que se plantean para ser desarrolladas a medio y largo plazo, se organizan en las siguientes l\u00edneas o ejes estrat\u00e9gicos: investigaci\u00f3n y desarrollo, promoci\u00f3n, premios, patrocinios, concursos, divulgaci\u00f3n y colaboraci\u00f3n con otras c\u00e1tedras TME.<\/p>\n<h3 style=\"text-align: justify\"><strong>Investigaci\u00f3n y desarrollo<\/strong><\/h3>\n<p style=\"text-align: justify\">La C\u00e1tedra fomentar\u00e1 el desarrollo de proyectos de I+D+i, participaci\u00f3n en foros de discusi\u00f3n cient\u00edfica, publicaciones cient\u00edficas, trabajos conducentes a tesis doctorales y trabajos fin de m\u00e1ster o grado en cualquier \u00e1rea de inter\u00e9s relacionada con los objetivos.<\/p>\n<h3 style=\"text-align: justify\"><strong>Promoci\u00f3n<\/strong><\/h3>\n<p style=\"text-align: justify\">La C\u00e1tedra tendr\u00e1 una significativa orientaci\u00f3n al apoyo de las actividades acad\u00e9micas y de divulgaci\u00f3n de la UCLM con la participaci\u00f3n de profesionales de TME, tanto en niveles universitarios como en niveles preuniversitarios. En este sentido, se promover\u00e1n acciones como las siguientes:<\/p>\n<ul style=\"text-align: justify\">\n<li>Organizaci\u00f3n de mesas redondas con objetivo de reunir a profesionales y cient\u00edficos del \u00e1rea y divulgar sus avances m\u00e1s significativos.<\/li>\n<li>Colaboraci\u00f3n y promoci\u00f3n de actividades formativas de \u00e1mbito acad\u00e9mico y profesional.<\/li>\n<li>Organizaci\u00f3n, promoci\u00f3n y participaci\u00f3n en Cursos de Verano.<\/li>\n<li>Realizaci\u00f3n de seminarios y talleres espec\u00edficos y aplicados a los temas y las tecnolog\u00edas del \u00e1rea objeto de la C\u00e1tedra.<\/li>\n<li>Organizaci\u00f3n y gesti\u00f3n de eventos cient\u00edfico-tecnol\u00f3gicos orientados a la creaci\u00f3n de sinergias y b\u00fasqueda de colaboraciones entre universidad y empresa en el \u00e1mbito de los objetivos de la C\u00e1tedra.<\/li>\n<li>Fomento, ejecuci\u00f3n y direcci\u00f3n de trabajos fin de m\u00e1ster y fin grado.<\/li>\n<\/ul>\n<p style=\"text-align: justify\">Adem\u00e1s, la C\u00e1tedra participar\u00e1 de actividades de promoci\u00f3n de los estudios y las profesiones vinculadas con la tem\u00e1tica de la misma, generalmente en colaboraci\u00f3n con las instituciones, centros y empresas que las desarrollan. Del mismo modo, dedicar\u00e1 parte de sus esfuerzos a promover un uso respetuoso y seguro de los dispositivos y tecnolog\u00edas implicadas en las \u00e1reas en las que se focalizan sus objetivos.<\/p>\n<h3 style=\"text-align: justify\"><strong>Premios<\/strong><\/h3>\n<p style=\"text-align: justify\">Con objeto de promoci\u00f3n de la C\u00e1tedra, de la formaci\u00f3n inherente a la misma, de las tecnolog\u00edas emergentes que se pretenden explotar y de las instituciones que la integran, se realizaran diversas convocatorias de premios dirigidas a distinguir aquellos trabajos relevantes en el \u00e1mbito de la ciencia, la tecnolog\u00eda, la formaci\u00f3n universitaria, la formaci\u00f3n preuniversitaria, la innovaci\u00f3n y el emprendimiento, todo ello en el contexto de la UCLM y la regi\u00f3n de Castilla \u2013 La Mancha.<\/p>\n<h3 style=\"text-align: justify\"><strong>Patrocinios<\/strong><\/h3>\n<p style=\"text-align: justify\">Dentro del \u00e1mbito de actuaci\u00f3n de la C\u00e1tedra, se mantiene una vocaci\u00f3n fundamental de patrocinio de actividades tanto formativas como de I+D+i enmarcadas en el \u00e1rea de inter\u00e9s y objetivos de la misma. En particular, esta actuaci\u00f3n est\u00e1 dirigida al patrocinio de actividades divulgativas y eventos de car\u00e1cter tanto cient\u00edfico como acad\u00e9mico, tales como conferencias, jornadas, congresos, cursos de verano, etc., siempre orientadas a fomentar la investigaci\u00f3n, el desarrollo, la innovaci\u00f3n, la excelencia y la difusi\u00f3n de los conocimientos de las tecnolog\u00edas utilizadas para el desarrollo de sistemas interactivos avanzados para escenarios y plataformas de eLearning.<\/p>\n<h3 style=\"text-align: justify\"><strong>Concursos<\/strong><\/h3>\n<p style=\"text-align: justify\">Con distinta periodicidad y, en muchos casos, en colaboraci\u00f3n con otras c\u00e1tedras y\/o instituciones, la C\u00e1tedra, con objeto de promover y divulgar la investigaci\u00f3n y el desarrollo en cualquiera de las materias relacionadas con su \u00e1mbito de aplicaci\u00f3n, participar\u00e1 u organizar\u00e1 distintos eventos enmarcados en la modalidad de \u201cConcurso\u201d. Como ejemplo, citamos los siguientes casos particulares:<\/p>\n<ul style=\"text-align: justify\">\n<li>Concurso de Banco de Ideas<\/li>\n<li>Concurso de desarrollo de Aplicaciones para nuevos dispositivos<\/li>\n<li>Concurso del tipo Hackathon tanto para desarrollo de software como para propuesta de nuevas aproximaciones de soporte a la interacci\u00f3n y colaboraci\u00f3n basada en nuevos dispositivos<\/li>\n<\/ul>\n<h3 style=\"text-align: justify\"><strong>Divulgaci\u00f3n<\/strong><\/h3>\n<p style=\"text-align: justify\">La C\u00e1tedra se compromete a la realizaci\u00f3n de un importante esfuerzo en la divulgaci\u00f3n tanto de sus propias actividades como de aquellas que son objeto de su colaboraci\u00f3n y patrocinio mediante las siguientes l\u00edneas de actuaci\u00f3n fundamentales:<\/p>\n<ul style=\"text-align: justify\">\n<li>Desarrollo y mantenimiento de un sitio web para albergar todas la noticias, avances, logros, etc. relacionados con los objetivos y contexto en el que se sit\u00faa la C\u00e1tedra.<\/li>\n<li>Edici\u00f3n y coedici\u00f3n de publicaciones docentes o cient\u00edficas sobre los \u00e1mbitos de trabajo de la C\u00e1tedra.<\/li>\n<li>Reuni\u00f3n anual de seguimiento y proyecci\u00f3n de los resultados de las acciones desarrolladas.<\/li>\n<li>Edici\u00f3n de una memoria anual describiendo los resultados de las acciones desarrolladas y valorando el grado de adecuaci\u00f3n y consecuci\u00f3n de los objetivos de la C\u00e1tedra.<\/li>\n<\/ul>\n<p style=\"text-align: justify\">Se valorar\u00e1 la posibilidad de crear un centro permanente de demostraciones de los escenarios que los nuevos dispositivos y sistemas avanzados de interacci\u00f3n pueden ofrecer, para facilitar la valoraci\u00f3n de sus contribuciones en la mejora de los procesos asociados al eLearning. Este centro de demostraciones puede desarrollarse tanto virtual como presencial, prioritariamente con la Escuela Superior de Inform\u00e1tica de la UCLM.<\/p>\n<h3 style=\"text-align: justify\"><strong>Colaboraciones con otras c\u00e1tedras TME<\/strong><\/h3>\n<p style=\"text-align: justify\">Esta C\u00e1tedra, como se apunt\u00f3 anteriormente, forma parte de la Red de C\u00e1tedras Telef\u00f3nica por lo que tiene una firme voluntad de colaboraci\u00f3n e interacci\u00f3n con las c\u00e1tedras de esta red. Especialmente, esta colaboraci\u00f3n se materializar\u00e1 con aquellas c\u00e1tedras que se sit\u00faan en la misma L\u00ednea Tem\u00e1tica (Educaci\u00f3n), destacando las siguientes:<\/p>\n<ul style=\"text-align: justify\">\n<li>Nuevas tecnolog\u00edas para la educaci\u00f3n. Universidad de Deusto.<\/li>\n<li>Impacto de las Tecnolog\u00edas del Lenguaje Humano en la Inclusi\u00f3n Social. Universidad de Alicante.<\/li>\n<\/ul>\n<p style=\"text-align: justify\">No obstante, no se descartan colaboraciones espec\u00edficas con c\u00e1tedras enmarcadas en otras l\u00edneas tem\u00e1ticas que tangencialmente se puedan nutrir de las aportaciones de esta C\u00e1tedra o viceversa.<\/p>\n","protected":false},"excerpt":{"rendered":"<p>A continuaci\u00f3n se enumeran, desde un punto de vista general, la tipolog\u00eda de las acciones y actividades que esta C\u00e1tedra promover\u00e1 e impulsar\u00e1 orientadas a alcanzar sus objetivos. Estas acciones, que se plantean para ser desarrolladas a medio y largo &hellip; <a href=\"https:\/\/blog.uclm.es\/telefonica\/actividades\/\">Sigue leyendo <span class=\"meta-nav\">&rarr;<\/span><\/a><\/p>\n","protected":false},"author":67,"featured_media":0,"parent":0,"menu_order":0,"comment_status":"closed","ping_status":"open","template":"","meta":{"footnotes":""},"class_list":["post-18","page","type-page","status-publish","hentry"],"_links":{"self":[{"href":"https:\/\/blog.uclm.es\/telefonica\/wp-json\/wp\/v2\/pages\/18","targetHints":{"allow":["GET"]}}],"collection":[{"href":"https:\/\/blog.uclm.es\/telefonica\/wp-json\/wp\/v2\/pages"}],"about":[{"href":"https:\/\/blog.uclm.es\/telefonica\/wp-json\/wp\/v2\/types\/page"}],"author":[{"embeddable":true,"href":"https:\/\/blog.uclm.es\/telefonica\/wp-json\/wp\/v2\/users\/67"}],"replies":[{"embeddable":true,"href":"https:\/\/blog.uclm.es\/telefonica\/wp-json\/wp\/v2\/comments?post=18"}],"version-history":[{"count":0,"href":"https:\/\/blog.uclm.es\/telefonica\/wp-json\/wp\/v2\/pages\/18\/revisions"}],"wp:attachment":[{"href":"https:\/\/blog.uclm.es\/telefonica\/wp-json\/wp\/v2\/media?parent=18"}],"curies":[{"name":"wp","href":"https:\/\/api.w.org\/{rel}","templated":true}]}}