{"id":16,"date":"2015-06-16T11:21:42","date_gmt":"2015-06-16T10:21:42","guid":{"rendered":"http:\/\/blog.uclm.es\/telefonica\/?page_id=16"},"modified":"2015-06-16T11:21:42","modified_gmt":"2015-06-16T10:21:42","slug":"objetivos","status":"publish","type":"page","link":"https:\/\/blog.uclm.es\/telefonica\/objetivos\/","title":{"rendered":"Objetivos"},"content":{"rendered":"<p style=\"text-align: justify\">\n<p style=\"text-align: justify\">La <strong><em>C\u00e1tedra Sistemas Avanzados de Interacci\u00f3n para Educaci\u00f3n Digital<\/em><\/strong> tiene como objetivo centrarse en la investigaci\u00f3n y el desarrollo de prototipos y sistemas para la mejora de los procesos de Ense\u00f1anza-Aprendizaje en todos los niveles educativos a trav\u00e9s de la creaci\u00f3n de escenarios en los que se utilicen nuevos paradigmas y dispositivos de interacci\u00f3n emergentes, tales como relojes y tel\u00e9fonos inteligentes, gafas y dispositivos de realidad virtual, aplicaciones de realidad aumentada, dispositivos sensoriales y otros, y se apliquen tecnolog\u00edas y estrategias docentes. Todo ello encaminado a facilitar y promover el aprendizaje ubicuo, en grupo y a distancia en contextos de aprendizaje formal, informal y no formal, con el soporte de las nuevas redes, infraestructuras y servicios en la nube.<\/p>\n<p style=\"text-align: justify\">Este objetivo general se pretende alcanzar impulsando, promoviendo y generando proyectos de desarrollo, de experimentaci\u00f3n, de an\u00e1lisis, de evaluaci\u00f3n, de divulgaci\u00f3n y de promoci\u00f3n de sistemas y servicios de eLearning que se basen en la utilizaci\u00f3n de dispositivos como los mencionados anteriormente y que involucren a aprendices, instructores, contenidos y gestores de aprendizaje. En este contexto, se pretende proyectar la realidad de Telef\u00f3nica como l\u00edder en infraestructuras y servicios para el soporte de estos nuevos escenarios de aprendizaje y la UCLM como n\u00facleo de conocimiento para explotar el uso de las tecnolog\u00edas asociadas a los mismos.<\/p>\n","protected":false},"excerpt":{"rendered":"<p>La C\u00e1tedra Sistemas Avanzados de Interacci\u00f3n para Educaci\u00f3n Digital tiene como objetivo centrarse en la investigaci\u00f3n y el desarrollo de prototipos y sistemas para la mejora de los procesos de Ense\u00f1anza-Aprendizaje en todos los niveles educativos a trav\u00e9s de la &hellip; <a href=\"https:\/\/blog.uclm.es\/telefonica\/objetivos\/\">Sigue leyendo <span class=\"meta-nav\">&rarr;<\/span><\/a><\/p>\n","protected":false},"author":67,"featured_media":0,"parent":0,"menu_order":0,"comment_status":"closed","ping_status":"open","template":"","meta":{"footnotes":""},"class_list":["post-16","page","type-page","status-publish","hentry"],"_links":{"self":[{"href":"https:\/\/blog.uclm.es\/telefonica\/wp-json\/wp\/v2\/pages\/16","targetHints":{"allow":["GET"]}}],"collection":[{"href":"https:\/\/blog.uclm.es\/telefonica\/wp-json\/wp\/v2\/pages"}],"about":[{"href":"https:\/\/blog.uclm.es\/telefonica\/wp-json\/wp\/v2\/types\/page"}],"author":[{"embeddable":true,"href":"https:\/\/blog.uclm.es\/telefonica\/wp-json\/wp\/v2\/users\/67"}],"replies":[{"embeddable":true,"href":"https:\/\/blog.uclm.es\/telefonica\/wp-json\/wp\/v2\/comments?post=16"}],"version-history":[{"count":0,"href":"https:\/\/blog.uclm.es\/telefonica\/wp-json\/wp\/v2\/pages\/16\/revisions"}],"wp:attachment":[{"href":"https:\/\/blog.uclm.es\/telefonica\/wp-json\/wp\/v2\/media?parent=16"}],"curies":[{"name":"wp","href":"https:\/\/api.w.org\/{rel}","templated":true}]}}