{"id":212,"date":"2016-06-01T14:30:18","date_gmt":"2016-06-01T14:30:18","guid":{"rendered":"http:\/\/sylviamolina.wordpress.com\/?page_id=2"},"modified":"2016-06-01T14:30:18","modified_gmt":"2016-06-01T14:30:18","slug":"about","status":"publish","type":"page","link":"https:\/\/blog.uclm.es\/sylviamolina\/about\/","title":{"rendered":"Portfolio: &#8230; un paseo a trav\u00e9s de&#8230;"},"content":{"rendered":"<p>[:en]<\/p>\n<div><img loading=\"lazy\" decoding=\"async\" class=\" wp-image-3450 alignleft\" src=\"http:\/\/sylviamolina.es\/wp-content\/uploads\/2018\/12\/mapaConchas01.png\" alt=\"\" width=\"366\" height=\"386\" \/>Si pudi\u00e9ramos decir que una de las tareas del artista\u00a0 consiste en extraer lo eterno de lo transitorio, de la escena fugaz, casi como homenaje a W. Benjamin y por ende, al <em>flan\u00eaur<\/em> de Baudelaire, es este portfolio un paseo, un recorrido a trav\u00e9s de mi obra. La experiencia de la discontinuidad y el montaje que las propias categorias nos proporciona nuevas secuencias. Un &#8216;cadaver exquisito&#8217; de una memoria, de un trayecto, de un ir y venir.<\/div>\n<p>&nbsp;<\/p>\n<div><strong><em>&#8230; un paseo a trav\u00e9s&#8230;<\/em> <\/strong>de mi obra incluye mis trabajos, no por su t\u00edtulo, sino por sus categor\u00edas en un <span style=\"text-decoration: underline;color: #ff0000\"><a style=\"color: #ff0000;text-decoration: underline\" href=\"http:\/\/www3.uclm.es\/profesorado\/symolina\/wordpress\/index.php\/category\/projects\/\"><strong>paseo<\/strong><\/a> <\/span>entre la interacci\u00f3n, las instalaciones, el videoarte o la electrograf\u00eda entre otros conceptos que siempre han ido de la mano conmigo: la sinestesia, la m\u00fasica o los nuevos sistemas educativos. Tambi\u00e9n, como no, aquellos que no partieron de m\u00ed pero que desarroll\u00e9 para otros artistas y que de una u otra manera, forman parte de mi.<\/div>\n<p>&nbsp;<\/p>\n<div>Los<span style=\"text-decoration: underline;color: #ff0000\"> <a style=\"color: #ff0000;text-decoration: underline\" href=\"http:\/\/www3.uclm.es\/profesorado\/symolina\/wordpress\/index.php\/category\/conferencia-expo-y-conciertos\/\"><strong>caminos<\/strong><\/a> <\/span>recorridos son varios, desde las exposiciones, conferencias relacionadas con todos estos proyectos y conceptos as\u00ed como sus publicaciones o conciertos los podremos encontrar aqu\u00ed.<\/div>\n<p>&nbsp;<\/p>\n<div>Es indudable que los<span style=\"text-decoration: underline;color: #ff0000\"> <a style=\"color: #ff0000\" href=\"http:\/\/www3.uclm.es\/profesorado\/symolina\/wordpress\/index.php\/category\/docencia\/\"><strong>lugares<\/strong><\/a> <\/span>de creaci\u00f3n son importantes. La docencia para mi se convierte en si mismo en acto creativo, concepto y objetivo a seguir. No podemos separarla de la investigaci\u00f3n y por ende, de las estancias que me marcaron un antes y un despu\u00e9s. Un trayecto en el <em>flan\u00eaur<\/em> y en su propia deriva.<\/div>\n<p>&nbsp;<\/p>\n<div>Pensar que el acto creativo es un elemento definible por si mismo es, del todo, incoherente. Los conceptos, el bagaje, los lugares y&#8230; como no, los <span style=\"text-decoration: underline;color: #ff0000\"><a style=\"color: #ff0000\" href=\"http:\/\/www3.uclm.es\/profesorado\/symolina\/wordpress\/index.php\/category\/groups\/\"><strong>encuentros<\/strong><\/a> <\/span>con otras personas que generan nuevas bifurcaciones que amplian y afianzan tu propia creaci\u00f3n.<\/div>\n<p>&nbsp;<\/p>\n<div>Espero disfruten de este cad\u00e1ver exquisito de mi memoria, de mis espacios, de mis encuentros&#8230; en definitiva, de mi obra y de la <span style=\"text-decoration: underline;color: #ff0000\"><a style=\"color: #ff0000;text-decoration: underline\" href=\"http:\/\/www3.uclm.es\/profesorado\/symolina\/wordpress\/index.php\/category\/history\/\"><strong>huella<\/strong><\/a><\/span> que ha ido dejando el acercarme a la misma.<\/div>\n<p>&nbsp;<\/p>\n<div>Est\u00e1 en desarrollo tanto la navegaci\u00f3n rizom\u00e1tica, el timeline como la actualizaci\u00f3n de la documentaci\u00f3n. Poco a poco&#8230;<\/div>\n<p>&nbsp;<\/p>\n<p>[gview file=\u00bbhttp:\/\/www3.uclm.es\/profesorado\/symolina\/websanteriores\/2016\/cv_SyMolina.pdf\u00bb save=\u00bb1&#8243;][:de][<a title=\"Biography\" href=\"http:\/\/sylviamolina.wordpress.com\/biography\/\">english version<\/a>]<\/p>\n<p>Doctora cum Laude en Bellas Artes por la Universidad Complutense de Madrid, actualmente imparte clases de Nuevas Tecnolog\u00edas y desarrollo de proyectos en la Facultad de BBAA de la UCLM (Castilla La Mancha (Cuenca)). Sus proyectos e investigaciones desde principios de los \u201990 se han centrado en el campo de la pl\u00e1stica y la m\u00fasica en el computador (tema base de su Tesis Doctoral publicada por la Universidad Complutense de Madrid)) en base a lo cual ha desarrollado numerosos proyectos tanto <em>on-line<\/em> como <em>off-line,<\/em> individuales y en grupo as\u00ed como proyectos de investigaci\u00f3n nacional o de renombre internacional<em>. <\/em>Ha escrito numerosos art\u00edculos e impartido gran n\u00famero de conferencias tanto nacional como internacionales sobre \u00e9sta tem\u00e1tica. [<a href=\"https:\/\/sylviamolina.wordpress.com\/biografia\/\">+info<\/a>][:]<\/p>\n<p>&nbsp;<\/p>\n<p>&nbsp;<\/p>\n<p>&nbsp;<\/p>\n","protected":false},"excerpt":{"rendered":"<p>[:en] Si pudi\u00e9ramos decir que una de las tareas del artista\u00a0 consiste en extraer lo eterno de lo transitorio, de la escena fugaz, casi como homenaje a W. Benjamin y por ende, al flan\u00eaur de Baudelaire, es este portfolio un paseo, un recorrido a trav\u00e9s de mi obra. La experiencia de la discontinuidad y el &hellip; <\/p>\n<p class=\"link-more\"><a href=\"https:\/\/blog.uclm.es\/sylviamolina\/about\/\" class=\"more-link\">Continuar leyendo<span class=\"screen-reader-text\"> \u00abPortfolio: &#8230; un paseo a trav\u00e9s de&#8230;\u00bb<\/span><\/a><\/p>\n","protected":false},"author":181,"featured_media":0,"parent":0,"menu_order":0,"comment_status":"open","ping_status":"open","template":"","meta":{"footnotes":""},"class_list":["post-212","page","type-page","status-publish","hentry"],"_links":{"self":[{"href":"https:\/\/blog.uclm.es\/sylviamolina\/wp-json\/wp\/v2\/pages\/212","targetHints":{"allow":["GET"]}}],"collection":[{"href":"https:\/\/blog.uclm.es\/sylviamolina\/wp-json\/wp\/v2\/pages"}],"about":[{"href":"https:\/\/blog.uclm.es\/sylviamolina\/wp-json\/wp\/v2\/types\/page"}],"author":[{"embeddable":true,"href":"https:\/\/blog.uclm.es\/sylviamolina\/wp-json\/wp\/v2\/users\/181"}],"replies":[{"embeddable":true,"href":"https:\/\/blog.uclm.es\/sylviamolina\/wp-json\/wp\/v2\/comments?post=212"}],"version-history":[{"count":0,"href":"https:\/\/blog.uclm.es\/sylviamolina\/wp-json\/wp\/v2\/pages\/212\/revisions"}],"wp:attachment":[{"href":"https:\/\/blog.uclm.es\/sylviamolina\/wp-json\/wp\/v2\/media?parent=212"}],"curies":[{"name":"wp","href":"https:\/\/api.w.org\/{rel}","templated":true}]}}