{"id":8,"date":"2017-02-06T22:46:42","date_gmt":"2017-02-06T21:46:42","guid":{"rendered":"http:\/\/blog.uclm.es\/sustertech4ch\/?page_id=8"},"modified":"2017-02-06T22:46:42","modified_gmt":"2017-02-06T21:46:42","slug":"3-investigadores","status":"publish","type":"page","link":"https:\/\/blog.uclm.es\/sustertech4ch\/3-investigadores\/","title":{"rendered":"3. Investigadores"},"content":{"rendered":"<p><strong>3. Investigadores<\/strong><\/p>\n<p><strong>Equipo investigador<\/strong><\/p>\n<p>Prof. Manuel Andr\u00e9s Rodrigo Rodrigo (Catedr\u00e1tico de Universidad)<br \/>\nProf. Pablo Ca\u00f1izares Ca\u00f1izares (Catedr\u00e1tico de Universidad)<\/p>\n<p>Prof. Jos\u00e9 Villase\u00f1or Camacho (Catedr\u00e1tico de Universidad)<br \/>\nProf. Justo Lobato Bajo (Catedr\u00e1tico de Universidad)<br \/>\nProf. Luis Rodr\u00edguez Romero (Catedr\u00e1tico de Universidad)<br \/>\nProf. Cristina S\u00e1ez Jim\u00e9nez (Catedr\u00e1tico de Universidad)<br \/>\nProf.Francisco Jes\u00fas Fern\u00e1ndez Morales (Catedr\u00e1tico de Universidad)<br \/>\nDr. Javier Llanos L\u00f3pez (Titular de Universidad)<br \/>\nDra. Carmen Mar\u00eda Fern\u00e1ndez Marchante (Profesora Contratada Doctor)<br \/>\nDra. Engracia Lacasa Fernandez (Profesora Contratada Doctor)<\/p>\n<p><strong>Equipo de trabajo :<\/strong><\/p>\n<p><strong>Profesores de otras instituciones en equipo trabajo inicial<\/strong><br \/>\nProf. Carlos Alberto Mart\u00ednez Huitle (UFRGN, Brasil)<br \/>\nProf. Jose Joaqu\u00edn Linares Le\u00f3n (UFB, Brasil)<br \/>\nProf. Carlos Eduardo Barrera D\u00edas (UAEM, M\u00e9xico)<\/p>\n<p><strong>Profesores de otras instituciones incorporados durante proyecto con estancias<\/strong><\/p>\n<p>Prof. Artur Jes\u00fas de Motheo (AJM)(USP, Brasil)<br \/>\nProf. Marcos RV Lanza (MRL)  (USP, Brasil)<br \/>\nProf. Ricardo Salazar Gonzalez (RSG)(USACH, Brasil)<br \/>\nProf. Igor Cretescu (ICR)(GITU, Rumania)<br \/>\nProf. Elisama Vieira Dos Santos (EVD)(UFRGN, Brasil)<\/p>\n<p><strong>Doctorandos y postdocs UCLM<\/strong><\/p>\n<p>Dr. Salvador Cotillas Soriano (SCS)<br \/>\nDr. Julia Isidro Elvira (JIE)<br \/>\nDr. Alexandra Raschitor (ARA)<br \/>\nDr. Virtudes S\u00e1nchez S\u00e1nchez (VSS)<br \/>\nDr. Silvia Barba Piedrabuena (SBP)<br \/>\nDr. Jose Fernando P\u00e9rez Serrano (JFP)<br \/>\nDr. Inmaculada Moraleda N\u00fa\u00f1ez (IMN)<br \/>\nDr. Hector Zamora Triguero  (HZT)<br \/>\nDr. Mar\u00eda Bel\u00e9n Carboneras Contreras(MBC)<br \/>\nMart\u00edn Mu\u00f1oz Morales (MMM)<br \/>\nMar\u00eda Mill\u00e1n Espinar (MME)<br \/>\nLuis Fernando Le\u00f3n Fern\u00e1ndez (LFL)<br \/>\nMaria del Carmen Pel\u00e1ez Algaba (CPA)<br \/>\nMireya Carvela Soler (MCS)<\/p>\n<p><strong>Investigadores extranjeros realizando estancias en el marco del proyecto<\/strong><\/p>\n<p>Dr. Fernando Lindo (FLI)<br \/>\nDr. Dawany Dionisio (DDI)<br \/>\nDr. Jorge Vidal (JVI)<br \/>\nDr. Omar Gonz\u00e1lez-P\u00e9rez (OGP)<br \/>\nDr. Fernanda L. Souza (FLS)<br \/>\nDr. Gessica de Oliveira Santiago Santos (GOS)<br \/>\nDr. Gustavo Acosta Santoyo (GAS)<br \/>\nDr. Lorena Athie Goulart (LAG)<br \/>\nCamilla Carvalho (CCA)<br \/>\nMayra Rodriguez(MRO)<br \/>\nSabri Kalkan (SKA)<br \/>\nAtakan Karacali (AKA)<br \/>\nMaiara Barbosa Ferreira (MBF)<br \/>\nPaola Y. Bucio-Rodr\u00edguez (PYB)<br \/>\nIsabelle Maria Duarte Gonzaga (IDG)<br \/>\nSandra Maldonado (SMA)<br \/>\nFlorymar Escalona Dur\u00e1n (FED)<\/p>\n","protected":false},"excerpt":{"rendered":"<p>3. Investigadores Equipo investigador Prof. Manuel Andr\u00e9s Rodrigo Rodrigo (Catedr\u00e1tico de Universidad) Prof. Pablo Ca\u00f1izares Ca\u00f1izares (Catedr\u00e1tico de Universidad) Prof. Jos\u00e9 Villase\u00f1or Camacho (Catedr\u00e1tico de Universidad) Prof. Justo Lobato Bajo (Catedr\u00e1tico de Universidad) Prof. Luis Rodr\u00edguez Romero (Catedr\u00e1tico de Universidad) Prof. Cristina S\u00e1ez Jim\u00e9nez (Catedr\u00e1tico de Universidad) Prof.Francisco Jes\u00fas Fern\u00e1ndez Morales (Catedr\u00e1tico de Universidad) Dr. &hellip; <\/p>\n<p class=\"link-more\"><a href=\"https:\/\/blog.uclm.es\/sustertech4ch\/3-investigadores\/\" class=\"more-link\">Continuar leyendo<span class=\"screen-reader-text\"> \u00ab3. Investigadores\u00bb<\/span><\/a><\/p>\n","protected":false},"author":213,"featured_media":0,"parent":0,"menu_order":0,"comment_status":"closed","ping_status":"closed","template":"","meta":{"footnotes":""},"class_list":["post-8","page","type-page","status-publish","hentry"],"_links":{"self":[{"href":"https:\/\/blog.uclm.es\/sustertech4ch\/wp-json\/wp\/v2\/pages\/8","targetHints":{"allow":["GET"]}}],"collection":[{"href":"https:\/\/blog.uclm.es\/sustertech4ch\/wp-json\/wp\/v2\/pages"}],"about":[{"href":"https:\/\/blog.uclm.es\/sustertech4ch\/wp-json\/wp\/v2\/types\/page"}],"author":[{"embeddable":true,"href":"https:\/\/blog.uclm.es\/sustertech4ch\/wp-json\/wp\/v2\/users\/213"}],"replies":[{"embeddable":true,"href":"https:\/\/blog.uclm.es\/sustertech4ch\/wp-json\/wp\/v2\/comments?post=8"}],"version-history":[{"count":0,"href":"https:\/\/blog.uclm.es\/sustertech4ch\/wp-json\/wp\/v2\/pages\/8\/revisions"}],"wp:attachment":[{"href":"https:\/\/blog.uclm.es\/sustertech4ch\/wp-json\/wp\/v2\/media?parent=8"}],"curies":[{"name":"wp","href":"https:\/\/api.w.org\/{rel}","templated":true}]}}