{"id":6,"date":"2017-02-06T22:41:18","date_gmt":"2017-02-06T21:41:18","guid":{"rendered":"http:\/\/blog.uclm.es\/sustertech4ch\/?page_id=6"},"modified":"2017-02-06T22:41:18","modified_gmt":"2017-02-06T21:41:18","slug":"resumen","status":"publish","type":"page","link":"https:\/\/blog.uclm.es\/sustertech4ch\/resumen\/","title":{"rendered":"2. Resumen"},"content":{"rendered":"<p>Este proyecto se centra en el desarrollo de procesos tecnol\u00f3gicos avanzados basados en la electroqu\u00edmica, que pretenden la minimizaci\u00f3n del impacto en el medio ambiente ocasionado por actividades industriales que producen y\/o utilizan compuestos organoclorados. Se parte de la experiencia adquirida en proyectos anteriores y, en base a la misma, se van a desarrollar tecnolog\u00edas novedosas que permitan:<br \/>\n&#8211; Evitar la dispersi\u00f3n de contaminantes organoclorados ante vertidos en suelos y extraerlos de los mismos mediante diferentes sistemas de lavado asistido electroqu\u00edmicamente o, alternativamente, destruirlos mediante barreras reactivas permeables electrocin\u00e9ticas.<br \/>\n&#8211;  Concentrar y destruir organoclorados en efluentes industriales y aguas de lavado con tecnolog\u00edas basadas la activaci\u00f3n de los oxidantes generados electroqu\u00edmicamente o, alternativamente, con tecnolog\u00edas de (electro-)deshalogenaci\u00f3n que permitan aumentar la eficiencia de procesos biol\u00f3gicos.<br \/>\n&#8211; Evitar la emisi\u00f3n de contaminantes organoclorados a la atm\u00f3sfera mediante el tratamiento de las corrientes gaseosas generadas por procesos de absorci\u00f3n reactiva asistida electroqu\u00edmicamente y\/o adsorci\u00f3n sobre carb\u00f3n activo con regeneraci\u00f3n electroqu\u00edmica del mismo.<br \/>\nTodas estas tecnolog\u00edas se van a evaluar y optimizar desde el punto de vista de la sostenibilidad, para mejorar su eco-eficiencia, utilizando el an\u00e1lisis de huella de carbono e h\u00eddrica, la valorizaci\u00f3n de subproductos y la evaluaci\u00f3n del efecto de la alimentaci\u00f3n el\u00e9ctrica de los procesos electroqu\u00edmicos por tecnolog\u00edas renovables, bien aplicadas directamente o bien mediante almacenamiento energ\u00e9tico en baterias de flujo redox. La transferencia se impulsar\u00e1 mediante el escalado de los procesos y prueba de concepto de las mejores tecnolog\u00edas desarrolladas, utilizando para ello las instalaciones singulares de tratamiento de las que dispone el grupo.<br \/>\nEl equipo que conforma la solicitud es muy amplio, activo y multidisciplinar, y su experiencia previa garantiza una adecuada transferencia de los resultados cient\u00edficos, en forma de publicaciones cient\u00edficas en revistas de elevado \u00edndice de impacto, as\u00ed como comunicaciones en congresos de relevancia. Asimismo, la experiencia del grupo y la participaci\u00f3n de cinco EPOs garantizan una adecuada transferencia de resultados al sector industrial, teniendo en cuenta, en todo momento, los objetivos de aplicabilidad y sostenibilidad.<br \/>\nOrganizativamente, la solicitud se trata de un proyecto \u00fanico con dos subproyectos claramente diferenciados pero muy interrelacionados, uno centrado en la remediaci\u00f3n en suelos y otro en la eliminaci\u00f3n de los organoclorados de las aguas, coordin\u00e1ndose mediante actividades transversales como la minimizaci\u00f3n de las emisiones y el escalado de las tecnolog\u00edas hasta un nivel adecuado para iniciar procesos de transferencia al nivel industrial y en el que el acoplamiento de energ\u00eda renovable constituye un valor fundamental para garantizar su viabilidad econ\u00f3mica y su sostenibilidad. La minimizaci\u00f3n en la emisi\u00f3n de contaminantes a la atm\u00f3sfera, incluyendo nuevos conceptos como la optimizaci\u00f3n de la eco-eficiencia en tratamientos electroqu\u00edmicos, es tambi\u00e9n un aspecto fundamental en los dos subproyectos. El proyecto aporta una s\u00f3lida propuesta de coordinaci\u00f3n y de gesti\u00f3n del conocimiento, garantizando la transferencia de resultados a la Sociedad.<\/p>\n","protected":false},"excerpt":{"rendered":"<p>Este proyecto se centra en el desarrollo de procesos tecnol\u00f3gicos avanzados basados en la electroqu\u00edmica, que pretenden la minimizaci\u00f3n del impacto en el medio ambiente ocasionado por actividades industriales que producen y\/o utilizan compuestos organoclorados. Se parte de la experiencia adquirida en proyectos anteriores y, en base a la misma, se van a desarrollar tecnolog\u00edas &hellip; <\/p>\n<p class=\"link-more\"><a href=\"https:\/\/blog.uclm.es\/sustertech4ch\/resumen\/\" class=\"more-link\">Continuar leyendo<span class=\"screen-reader-text\"> \u00ab2. Resumen\u00bb<\/span><\/a><\/p>\n","protected":false},"author":213,"featured_media":0,"parent":0,"menu_order":0,"comment_status":"closed","ping_status":"closed","template":"","meta":{"footnotes":""},"class_list":["post-6","page","type-page","status-publish","hentry"],"_links":{"self":[{"href":"https:\/\/blog.uclm.es\/sustertech4ch\/wp-json\/wp\/v2\/pages\/6","targetHints":{"allow":["GET"]}}],"collection":[{"href":"https:\/\/blog.uclm.es\/sustertech4ch\/wp-json\/wp\/v2\/pages"}],"about":[{"href":"https:\/\/blog.uclm.es\/sustertech4ch\/wp-json\/wp\/v2\/types\/page"}],"author":[{"embeddable":true,"href":"https:\/\/blog.uclm.es\/sustertech4ch\/wp-json\/wp\/v2\/users\/213"}],"replies":[{"embeddable":true,"href":"https:\/\/blog.uclm.es\/sustertech4ch\/wp-json\/wp\/v2\/comments?post=6"}],"version-history":[{"count":0,"href":"https:\/\/blog.uclm.es\/sustertech4ch\/wp-json\/wp\/v2\/pages\/6\/revisions"}],"wp:attachment":[{"href":"https:\/\/blog.uclm.es\/sustertech4ch\/wp-json\/wp\/v2\/media?parent=6"}],"curies":[{"name":"wp","href":"https:\/\/api.w.org\/{rel}","templated":true}]}}