{"id":26,"date":"2017-02-06T23:02:42","date_gmt":"2017-02-06T22:02:42","guid":{"rendered":"http:\/\/blog.uclm.es\/sustertech4ch\/?page_id=26"},"modified":"2022-10-25T15:45:45","modified_gmt":"2022-10-25T15:45:45","slug":"equipamiento-utilizado","status":"publish","type":"page","link":"https:\/\/blog.uclm.es\/sustertech4ch\/equipamiento-utilizado\/","title":{"rendered":"Equipamiento utilizado"},"content":{"rendered":"<p>1) Equipos caracterizaci\u00f3n anal\u00edtica (ECAP)<br \/>\n-Cromat\u00f3grafos: 2 GC (SDM Younglin 6100 GC y Perkin Elmer Clarus 500); 2 GC-Masas (Thermo trace GC Ultra y SHIMADZU GCMS-QP2010 PLUS); 4 HPLC-IC (Shimadzu LC-20; 2 Metrohm 700 y Metrohm 930 Compact IC Flex); 4 HPLC UV\/VIS (Agilent 1000; Agilent 1100 Series; Jasco LC-Net II\/ADC y Agilent 1260 Series); 1 HPLC RID y UV\/DAD (Shimadzu Prominence UFLCXR)<br \/>\n-2 Medidores COT en muestras l\u00edquidas (Shimadzu 5050A y Analytic jena multi N\/C 3100)<br \/>\n-1 Medidor COT en muestras s\u00f3lidas (Analytic jena multi EA4000)<br \/>\n-1 ICP-AES (Varian Liberty RL)<br \/>\n-1 AAS de doble haz NUD: 1 (Varian SpectrAA 220)<br \/>\n-1 Potencial Z (Zeta Sizer Nano-ZS de Malvern Instruments)<br \/>\n-2 Valoradores autom\u00e1ticos (Metrohm (702 SM Titrino y 686 titroprocessor)<br \/>\n-3 fot\u00f3metros UV\/vis (Gallery Thermo scientific; HACH y HACH dr\/4000 u) y 3 espectrofot\u00f3metros (Pharo 100 Merck; SHIMADZU UV1700 y Agilent Cary 300 UV\/Vis)<br \/>\n-1 extractor GERHARDT Soxtherm 6<br \/>\n-otros equipamientos: pHmetros, conduct\u00edmetros, mult\u00edmetros, tensi\u00f3metros, sondas de medida de conductividad, termo-reactor para medida DQO, estufas, etc<\/p>\n<p>2) Equipos caracterizaci\u00f3n biol\u00f3gica (ECB)<br \/>\n&#8211; 1 MALDI-TOF Mass Spectrometry, de Mabritec AG<br \/>\n-2 respir\u00f3metros (SAPROMAT BI2000 de Bioscience; STRATOX)<br \/>\n&#8211; Medidor de toxicidad (Lumitox)<br \/>\n&#8211; Respir\u00f3metros manom\u00e9tricos tipo DBO-OXITOP para medida de DBO<\/p>\n<p>3) Equipos caracterizaci\u00f3n electroqu\u00edmica (ECE)<br \/>\n-5 potenciostatos-galvanostatos (Voltalab PGP201; 2 Autolab PGSTAT302N; Autolab PGSTAT 302 y Autolab PGSTAT30)<\/p>\n<p>4) Equipos para caracterizaci\u00f3n hidr\u00e1ulica de suelos (ECH)<br \/>\n&#8211; Psicr\u00f3metro WP4 (PWP4)<br \/>\n&#8211; Equipo triaxial funcionando como perme\u00e1metro de pared flexible (TRXPF)<br \/>\n&#8211; Bancada edom\u00e9trica (BE)<\/p>\n<p>5) Plantas de remediaci\u00f3n de suelos<br \/>\n-6 Plantas electrorremediaci\u00f3n suelos (ERS) escala bancada (ER-banc) de 5L equipadas con fuentes de alimentaci\u00f3n (FA) y sistemas de dosificaci\u00f3n de fluidos (DF)<br \/>\n-3 Plantas ERS escala piloto (ER-maqu) de 300 L equipadas con FA-DF. Dotadas de instrumentaci\u00f3n de monitorizaci\u00f3n on line humedad (Hm), temperatura (T), etc.<br \/>\n-2 Planta ERS escala prototipo (ER-prot) de 16 y 32 m3 con rectificadores y SCADA. Dotadas de instrumentaci\u00f3n de monitorizaci\u00f3n on line Hm, T, etc<br \/>\n-1 Planta fitorremediaci\u00f3n de suelos (FRS) contaminados (FT-invernadero). Invernadero de 18 m2 con recipientes para el crecimiento de plantas (dimensiones aprox. 1&#215;0,5&#215;0,5 m)<br \/>\n-1 Planta FRS (FT-incubaci\u00f3n). C\u00e1maras de incubaci\u00f3n, CONVIRON Adaptis A350 con 0,5 m2 de superficie y 350 litros de volumen, dotadas de control de T, Hm y luz<br \/>\n-2 biorreactores para la formaci\u00f3n de biobarreras (BIOSOIL-Banc) de 5L equipados con sistemas de DF<br \/>\n&#8211; 1 planta para el lavado convencional de suelos (LC-banc) de 5 L equipada con sistemas de agitaci\u00f3n y tanques de sedimentaci\u00f3n.<br \/>\n&#8211; 1 planta para el lavado extractivo de suelos asistido electroqu\u00edmicamente (LE-banc) de 1 L equipada con reactor\/floculador y fuente de alimentaci\u00f3n.<\/p>\n<p>6) Plantas de tratamiento de aguas<br \/>\n-4 Plantas escala bancada de electrolisis de aguas (EL-banc) completamente equipadas (CE: sistemas de bombeo, desorci\u00f3n de gases, fuentes de alimentaci\u00f3n, control de T). Tama\u00f1o de electrodos 100 cm2.<br \/>\n-2 Plantas escala bancada de electrolisis de oxidantes (ELOx-banc) completamente equipadas (CE: sistemas de bombeo, desorci\u00f3n de gases, fuentes de alimentaci\u00f3n, control de T) y automatizadas. Tama\u00f1o de electrodos 100 cm2<br \/>\n-2 Planta a escala bancada de sonoelectrolisis de aguas CE (SEL-banc). Superficie an\u00f3dica: 100 cm2, con generador de Ultrasonidos hielscher UP200S (potencia m\u00e1xima de 200 w y frecuencia 24kHz) y generador Olympus (frecuencia 10MHz)<br \/>\n-3 Plantas a escala bancada de fotoelectrolisis de aguas CE (PEL-banc). Superficie an\u00f3dica: 100 cm2, con l\u00e1mparas Vilber Lourmat VL (4w, 365\/254-15w, 312\/254 nm) y l\u00e1mpara sumergible (11w, 254 nm)<br \/>\n-2 Plantas a escala bancada de electrocoagulaci\u00f3n de aguas (EC-banc) completamente equipadas (sistemas de bombeo, fuentes de alimentaci\u00f3n). Tama\u00f1o de electrodos 100 cm2. Preparadas para acoplar sono y foto electrolisis.<br \/>\n-1 Planta a escala bancada de electrodi\u00e1lisis de aguas completamente equipada (ED-banc) (sistema de bombeo, fuente de alimentaci\u00f3n, medidores de conductividad, control de temperatura) y 1 planta piloto de electrodialisis (ED-prot)<br \/>\n-2 Plantas prototipo de electrolisis de aguas CE con SCADA (EL-prot). Superficie an\u00f3dica: 1 m2 y 0,35 m2. Preparadas para acoplar sono y foto electrolisis<br \/>\n-6 biorreactores para procesos biol\u00f3gicos en continuo (3 de ellos con sistemas de control T, pH y redox) (BIOREACT-Banc) y Planta prototipo biooxidaci\u00f3n, 200L (BIOREACT-Prot)<br \/>\n-1 sistema multiagitaci\u00f3n (15 posiciones) termostatizado de recipientes de 200 cm3 para procesos de adsorci\u00f3n (ADS-Lab)<br \/>\n&#8211; 1 planta escala bancada de ultrafiltraci\u00f3n con membranas cer\u00e1micas (UF-banc) y 1 planta piloto de ultrafiltraci\u00f3n con membranas cer\u00e1micas (UF-pilot)<br \/>\n&#8211; 1 planta piloto de absorci\u00f3n con rellenos tipo silla cer\u00e1micos (ABS-pilot) y 1 planta bancada de ozonizaci\u00f3n con generador de ozono, medidor en fase l\u00edquida y gas, tanque de reacci\u00f3n y medida de caudal y temperatura (Ozo-banc)<\/p>\n<p>7) Plantas de suministro de energ\u00eda renovable<br \/>\n-1 Unidad escala bancada (Renov-banc): 2 paneles fotovoltaicos (430 Wp), bater\u00edas de de Pb (500 Ah) y SCADA<br \/>\n-1 Unidad escala prototipo (Renov-prot): 10 paneles fotovoltaicos (2150 Wp), bater\u00edas de de Pb (2500 Ah) y SCADA<\/p>\n<p>8) Otros sistemas de generaci\u00f3n de energ\u00eda<br \/>\n-1 bater\u00eda de flujo redox (BFR-banc)<br \/>\n-Banco de pruebas para pilas de combustible (pilas-banc).<\/p>\n<p>9) Equipamiento Inform\u00e1tico<br \/>\n-COMSOL Multiphysics (CM)<br \/>\n-Labview professional (LP)<\/p>\n","protected":false},"excerpt":{"rendered":"<p>1) Equipos caracterizaci\u00f3n anal\u00edtica (ECAP) -Cromat\u00f3grafos: 2 GC (SDM Younglin 6100 GC y Perkin Elmer Clarus 500); 2 GC-Masas (Thermo trace GC Ultra y SHIMADZU GCMS-QP2010 PLUS); 4 HPLC-IC (Shimadzu LC-20; 2 Metrohm 700 y Metrohm 930 Compact IC Flex); 4 HPLC UV\/VIS (Agilent 1000; Agilent 1100 Series; Jasco LC-Net II\/ADC y Agilent 1260 Series); &hellip; <\/p>\n<p class=\"link-more\"><a href=\"https:\/\/blog.uclm.es\/sustertech4ch\/equipamiento-utilizado\/\" class=\"more-link\">Continuar leyendo<span class=\"screen-reader-text\"> \u00abEquipamiento utilizado\u00bb<\/span><\/a><\/p>\n","protected":false},"author":213,"featured_media":0,"parent":0,"menu_order":0,"comment_status":"closed","ping_status":"closed","template":"","meta":{"footnotes":""},"class_list":["post-26","page","type-page","status-publish","hentry"],"_links":{"self":[{"href":"https:\/\/blog.uclm.es\/sustertech4ch\/wp-json\/wp\/v2\/pages\/26","targetHints":{"allow":["GET"]}}],"collection":[{"href":"https:\/\/blog.uclm.es\/sustertech4ch\/wp-json\/wp\/v2\/pages"}],"about":[{"href":"https:\/\/blog.uclm.es\/sustertech4ch\/wp-json\/wp\/v2\/types\/page"}],"author":[{"embeddable":true,"href":"https:\/\/blog.uclm.es\/sustertech4ch\/wp-json\/wp\/v2\/users\/213"}],"replies":[{"embeddable":true,"href":"https:\/\/blog.uclm.es\/sustertech4ch\/wp-json\/wp\/v2\/comments?post=26"}],"version-history":[{"count":1,"href":"https:\/\/blog.uclm.es\/sustertech4ch\/wp-json\/wp\/v2\/pages\/26\/revisions"}],"predecessor-version":[{"id":154,"href":"https:\/\/blog.uclm.es\/sustertech4ch\/wp-json\/wp\/v2\/pages\/26\/revisions\/154"}],"wp:attachment":[{"href":"https:\/\/blog.uclm.es\/sustertech4ch\/wp-json\/wp\/v2\/media?parent=26"}],"curies":[{"name":"wp","href":"https:\/\/api.w.org\/{rel}","templated":true}]}}