{"id":19,"date":"2017-02-06T22:59:37","date_gmt":"2017-02-06T21:59:37","guid":{"rendered":"http:\/\/blog.uclm.es\/sustertech4ch\/?page_id=19"},"modified":"2022-10-25T15:43:59","modified_gmt":"2022-10-25T15:43:59","slug":"7-difusion-colaboraciones-yo-transferencia-de-resultados","status":"publish","type":"page","link":"https:\/\/blog.uclm.es\/sustertech4ch\/7-difusion-colaboraciones-yo-transferencia-de-resultados\/","title":{"rendered":"7. Difusi\u00f3n, colaboraciones y\/o transferencia de resultados"},"content":{"rendered":"<p>Jornadas de Difusi\u00f3n de Resultados de investigaci\u00f3n Sustertech 19<\/p>\n<p>Jueves 9 de Mayo de 2019<\/p>\n<p>16:00\u2013 16.45 Proyecto SUSTERTECH4CH. Objetivos e informe de progreso. Universidad de Castilla La Mancha (Spain).<br \/>\nJos\u00e9 Villase\u00f1or: BRP basadas en procesos biol\u00f3gicos<br \/>\nLuis Rodr\u00edguez: BRP basadas en fitorremediaci\u00f3n<br \/>\nFco. Jes\u00fas Fern\u00e1ndez: Tratamiento biol\u00f3gico de aguas<br \/>\nCarmen M. Fern\u00e1ndez: An\u00e1lisis de ciclo de vida<br \/>\n16.45-17.15 Caracter\u00edsticas de la degradaci\u00f3n de metilparabeno en medio acuoso por procesos electroqu\u00edmicos. Artur J. Motheo, Murillo F. Gromboni, Dawany Dionisio, Renan Nakamura, Let\u00edcia M. da Silva, Universidade de S\u00e3o Paulo (Brasil)<br \/>\n17.15-17.45 Application of electro-Fenton and photoelectro-Fenton processes in a commercial formulation of Chlorpyrifos pesticide. M. Lanza, Universidade de S\u00e3o Paulo (Brasil).<br \/>\n17.45-18.00 Descanso<br \/>\n18.00-18.15 Photochemical and Photoelectrochemical Treatment of waster polluted with chlorinated organics. Fernanda Souza<br \/>\n18.15-18.30 A Comparative Study of Conventional and Laser Prepared MMO (Ti\/ RuO2IrO2) Anode on the Electrochemical Oxidation of RB21 dye. Gessica de Oliveira.<br \/>\n18.30-18.45 Is it worth using the electrodialysis\/electrooxidation system for the removal of pesticides? Process modelling and role of the pollutant. Alexandra Raschitor.<br \/>\n18.45-19.00 Scale up of EKSF coupled with PRB. Sandra Mar\u00eda Maldonado<\/p>\n<p>Jueves 16 de Mayo de 2019<\/p>\n<p>16.00-16.45 Proyecto SUSTERTECH4CH. Informe de progreso y conclusions parciales.<br \/>\nCristina S\u00e1ez: Movilidad electrocin\u00e9tica, adsorci\u00f3n, deshalogenaci\u00f3n y tratamientos combinados<br \/>\nJavier Llanos: Estrategias de concentraci\u00f3n y oxidaci\u00f3n<br \/>\nJusto Lobato: Gesti\u00f3n energ\u00e9tica<br \/>\nEngracia Lacasa: Nuevos reactores para el tratamiento de aguas<br \/>\n16.45-17.15 Reactor Raceway electroqu\u00edmico : degradaci\u00f3n de contaminantes org\u00e1nicos mediante fotoelectro-Fenton solar, Ricardo Salazar. Universidad de Santiago de Chile<br \/>\n17.15-17.45 Electrochemical treatment of cashew-nut effluent. C.A. Mart\u00ednez-Huitle Federal University of Rio Grande do Norte (Brasil).<br \/>\n17.45-18.00 Descanso.<br \/>\n18.00-18.30 Remediaci\u00f3n de suelos contaminados con hidrocarburos. E. Vieira. Federal University of Rio Grande do Norte (Brasil)<br \/>\n18.30-18:45 Towards the development of electrochemical devices powered by green energies. Mar\u00eda Mill\u00e1n<br \/>\n18.45-19.00 New electro-fenton reactors. Jos\u00e9 Fernando P\u00e9rez<\/p>\n<p>Jueves 23 de Mayo de 2019<\/p>\n<p>10.00 \u2013 11.00 Resumen principales logros SUSTERTECH4CH Manuel A. Rodrigo, Universidad de Castilla La Mancha (Spain).<br \/>\n11.00-11.45 Jes\u00fas Fern\u00e1ndez Cascan. Direcci\u00f3n General de Sostenibilidad. Departamento de Desarrollo Rural y Sostenibilidad. Gobierno de Arag\u00f3n<br \/>\n11:45-12:30 Discusi\u00f3n con EPOS y trabajos futuros.<\/p>\n<p>Para colaboraciones y\/o transferencia de resultados contactar con:<\/p>\n<p><a href=\"mailto:manuel.rodrigo@uclm.es\">manuel.rodrigo@uclm.es<\/a><\/p>\n<p>Notas de prensa relacionadas con el proyecto<\/p>\n","protected":false},"excerpt":{"rendered":"<p>Jornadas de Difusi\u00f3n de Resultados de investigaci\u00f3n Sustertech 19 Jueves 9 de Mayo de 2019 16:00\u2013 16.45 Proyecto SUSTERTECH4CH. Objetivos e informe de progreso. Universidad de Castilla La Mancha (Spain). Jos\u00e9 Villase\u00f1or: BRP basadas en procesos biol\u00f3gicos Luis Rodr\u00edguez: BRP basadas en fitorremediaci\u00f3n Fco. Jes\u00fas Fern\u00e1ndez: Tratamiento biol\u00f3gico de aguas Carmen M. Fern\u00e1ndez: An\u00e1lisis de &hellip; <\/p>\n<p class=\"link-more\"><a href=\"https:\/\/blog.uclm.es\/sustertech4ch\/7-difusion-colaboraciones-yo-transferencia-de-resultados\/\" class=\"more-link\">Continuar leyendo<span class=\"screen-reader-text\"> \u00ab7. Difusi\u00f3n, colaboraciones y\/o transferencia de resultados\u00bb<\/span><\/a><\/p>\n","protected":false},"author":213,"featured_media":0,"parent":0,"menu_order":0,"comment_status":"closed","ping_status":"closed","template":"","meta":{"footnotes":""},"class_list":["post-19","page","type-page","status-publish","hentry"],"_links":{"self":[{"href":"https:\/\/blog.uclm.es\/sustertech4ch\/wp-json\/wp\/v2\/pages\/19","targetHints":{"allow":["GET"]}}],"collection":[{"href":"https:\/\/blog.uclm.es\/sustertech4ch\/wp-json\/wp\/v2\/pages"}],"about":[{"href":"https:\/\/blog.uclm.es\/sustertech4ch\/wp-json\/wp\/v2\/types\/page"}],"author":[{"embeddable":true,"href":"https:\/\/blog.uclm.es\/sustertech4ch\/wp-json\/wp\/v2\/users\/213"}],"replies":[{"embeddable":true,"href":"https:\/\/blog.uclm.es\/sustertech4ch\/wp-json\/wp\/v2\/comments?post=19"}],"version-history":[{"count":1,"href":"https:\/\/blog.uclm.es\/sustertech4ch\/wp-json\/wp\/v2\/pages\/19\/revisions"}],"predecessor-version":[{"id":153,"href":"https:\/\/blog.uclm.es\/sustertech4ch\/wp-json\/wp\/v2\/pages\/19\/revisions\/153"}],"wp:attachment":[{"href":"https:\/\/blog.uclm.es\/sustertech4ch\/wp-json\/wp\/v2\/media?parent=19"}],"curies":[{"name":"wp","href":"https:\/\/api.w.org\/{rel}","templated":true}]}}