{"id":15,"date":"2017-02-06T22:57:32","date_gmt":"2017-02-06T21:57:32","guid":{"rendered":"http:\/\/blog.uclm.es\/sustertech4ch\/?page_id=15"},"modified":"2017-02-06T22:57:32","modified_gmt":"2017-02-06T21:57:32","slug":"5-paquetes-de-trabajo","status":"publish","type":"page","link":"https:\/\/blog.uclm.es\/sustertech4ch\/5-paquetes-de-trabajo\/","title":{"rendered":"5. Paquetes de Trabajo"},"content":{"rendered":"<p>PT1 COORDINACI\u00d3N T\u00c9CNICA DEL PROYECTO Y GESTI\u00d3N ECON\u00d3MICA<br \/>\nT1.1: Gesti\u00f3n de la coordinaci\u00f3n cient\u00edfica.<br \/>\nT1.2: Gesti\u00f3n de la contrataci\u00f3n de personal.<br \/>\nT1.3: Gesti\u00f3n de adquisiciones y  gastos.<br \/>\nT1.4: Preparaci\u00f3n de informes de seguimiento cient\u00edfico t\u00e9cnico para MINECO.<br \/>\nT1.5: Preparaci\u00f3n de informes justificativos econ\u00f3micos para MINECO.<br \/>\nT1.6: Gesti\u00f3n de la propiedad intelectual. <\/p>\n<p>PT2 GESTI\u00d3N DEL CONOCIMIENTO<br \/>\nT2.1: Coordinaci\u00f3n de conocimientos obtenidos en desarrollo proyecto.<br \/>\nT2.2: Desarrollo y mantenimiento de p\u00e1gina web.<br \/>\nT2.3: Organizaci\u00f3n de workshop cient\u00edfico tecnol\u00f3gica de car\u00e1cter internacional.<br \/>\nT2.4. Informe final y preparaci\u00f3n pr\u00f3ximos proyectos.<br \/>\nT2.5: Coordinaci\u00f3n comunicaci\u00f3n externa conocimientos.<br \/>\nT2.6. Difusi\u00f3n en abierto de resultados de investigaci\u00f3n. <\/p>\n<p>PT3 TECNOLOG\u00cdAS ELECTROQU\u00cdMICAS PARA EL LAVADO DE SUELOS<br \/>\nT3.1 Lavado extractivo del suelo asistido electroqu\u00edmicamente (LESAE).<br \/>\nT3.2 Desarrollo de procesos de lavado electrocin\u00e9tico y de barreras de contenci\u00f3n electrocin\u00e9ticas de suelos con recuperaci\u00f3n de vapores (LECRV y BCERV)<\/p>\n<p>PT4 DESARROLLO DE BARRERAS REACTIVAS PERMEABLES ASISTIDAS POR PROCESOS ELECTROCIN\u00c9TICOS REVERTIDOS PERI\u00d3DICAMENTE Y CON RECUPERACION DE VAPORES<br \/>\nT4.1.  BRP basadas en procesos biol\u00f3gicos (Bio-BRP).<br \/>\nT4.2  BRP basadas en fitorremediaci\u00f3n (fito-BRP).<br \/>\nT4.3  BRP basadas en lechos de adsorci\u00f3n y lechos ZVI (fq-BRP)<br \/>\nT4.4. BRP combinada ZVI-biol\u00f3gico (biofq-BRP)<\/p>\n<p>PT5 TRATABILIDAD DE EFLUENTES L\u00cdQUIDOS<br \/>\nT5.1. Tecnolog\u00edas de concentraci\u00f3n de organoclorados. (OC-concentra)<br \/>\nT5.2 Tecnolog\u00edas electroirradiadas y electroactivadas qu\u00edmicamente. (electro-ACTIVA)<br \/>\nT5.3. Desarrollo de procesos reactivos de concentraci\u00f3n de elevada eficiencia (OC-integra)<br \/>\nT5.4 Tecnolog\u00edas biol\u00f3gicas mejoradas por electrodeshalogenaci\u00f3n y deshalogenaci\u00f3n con lechos ZVI. (dehalog-BIOLOG)<\/p>\n<p>PT6 GESTI\u00d3N DE EMISIONES GASEOSAS<br \/>\nT6.1 Desarrollo de procesos de absorci\u00f3n reactiva asistida electrol\u00edticamente. (oxi-ABS)<br \/>\nT6.2 Desarrollo de procesos de adsorci\u00f3n sobre GAC con regeneraci\u00f3n electroqu\u00edmica del adsorbente (electro-REG)<\/p>\n<p>PT7 GESTI\u00d3N DE LA ENERG\u00cdA Y DE LA SOSTENIBILIDAD<br \/>\nT7.1 Influencia de patrones de alimentaci\u00f3n el\u00e9ctrica variables en el funcionamiento de las tecnologicas electroqu\u00edmicas.<br \/>\nT7.2 Regulaci\u00f3n de la alimentaci\u00f3n el\u00e9ctrica de los sistemas electroqu\u00edmicos de remediaci\u00f3n basada en BFR.<br \/>\nT7.3. An\u00e1lisis y optimizaci\u00f3n de la sostenibilidad <\/p>\n<p>PT8 COMPROBACI\u00d3N  PLANTA PROTOTIPO DE LA TECNOLOG\u00cdA DESARROLLADA<br \/>\nT8.1 Escalado de procesos de tratamiento de aguas.<br \/>\nT8.2 Escalado de procesos de tratamiento de suelos con BRP.<br \/>\nT8.3 Integracion de procesos de lavado de suelos y tratamiento de aguas<\/p>\n","protected":false},"excerpt":{"rendered":"<p>PT1 COORDINACI\u00d3N T\u00c9CNICA DEL PROYECTO Y GESTI\u00d3N ECON\u00d3MICA T1.1: Gesti\u00f3n de la coordinaci\u00f3n cient\u00edfica. T1.2: Gesti\u00f3n de la contrataci\u00f3n de personal. T1.3: Gesti\u00f3n de adquisiciones y gastos. T1.4: Preparaci\u00f3n de informes de seguimiento cient\u00edfico t\u00e9cnico para MINECO. T1.5: Preparaci\u00f3n de informes justificativos econ\u00f3micos para MINECO. T1.6: Gesti\u00f3n de la propiedad intelectual. PT2 GESTI\u00d3N DEL CONOCIMIENTO &hellip; <\/p>\n<p class=\"link-more\"><a href=\"https:\/\/blog.uclm.es\/sustertech4ch\/5-paquetes-de-trabajo\/\" class=\"more-link\">Continuar leyendo<span class=\"screen-reader-text\"> \u00ab5. Paquetes de Trabajo\u00bb<\/span><\/a><\/p>\n","protected":false},"author":213,"featured_media":0,"parent":0,"menu_order":0,"comment_status":"closed","ping_status":"closed","template":"","meta":{"footnotes":""},"class_list":["post-15","page","type-page","status-publish","hentry"],"_links":{"self":[{"href":"https:\/\/blog.uclm.es\/sustertech4ch\/wp-json\/wp\/v2\/pages\/15","targetHints":{"allow":["GET"]}}],"collection":[{"href":"https:\/\/blog.uclm.es\/sustertech4ch\/wp-json\/wp\/v2\/pages"}],"about":[{"href":"https:\/\/blog.uclm.es\/sustertech4ch\/wp-json\/wp\/v2\/types\/page"}],"author":[{"embeddable":true,"href":"https:\/\/blog.uclm.es\/sustertech4ch\/wp-json\/wp\/v2\/users\/213"}],"replies":[{"embeddable":true,"href":"https:\/\/blog.uclm.es\/sustertech4ch\/wp-json\/wp\/v2\/comments?post=15"}],"version-history":[{"count":0,"href":"https:\/\/blog.uclm.es\/sustertech4ch\/wp-json\/wp\/v2\/pages\/15\/revisions"}],"wp:attachment":[{"href":"https:\/\/blog.uclm.es\/sustertech4ch\/wp-json\/wp\/v2\/media?parent=15"}],"curies":[{"name":"wp","href":"https:\/\/api.w.org\/{rel}","templated":true}]}}