{"id":50,"date":"2017-07-27T16:15:25","date_gmt":"2017-07-27T15:15:25","guid":{"rendered":"http:\/\/blog.uclm.es\/sunlivingenergy\/?page_id=50"},"modified":"2017-07-27T16:15:25","modified_gmt":"2017-07-27T15:15:25","slug":"9-difusion","status":"publish","type":"page","link":"https:\/\/blog.uclm.es\/sunlivingenergy\/9-difusion\/","title":{"rendered":"9. Difusi\u00f3n"},"content":{"rendered":"<p><strong>Informaci\u00f3n aparecida en Diario la Tribuna sobre resultados del proyecto<\/strong><\/p>\n<p><a href=\"https:\/\/blog.uclm.es\/sunlivingenergy\/wp-content\/uploads\/sites\/108\/2017\/07\/IMG-20170711-WA0007.jpg\"><img loading=\"lazy\" decoding=\"async\" src=\"https:\/\/blog.uclm.es\/sunlivingenergy\/wp-content\/uploads\/sites\/108\/2017\/07\/IMG-20170711-WA0007-225x300.jpg\" alt=\"\" width=\"225\" height=\"300\" class=\"alignnone size-medium wp-image-53\" srcset=\"https:\/\/blog.uclm.es\/sunlivingenergy\/wp-content\/uploads\/sites\/108\/2017\/07\/IMG-20170711-WA0007-225x300.jpg 225w, https:\/\/blog.uclm.es\/sunlivingenergy\/wp-content\/uploads\/sites\/108\/2017\/07\/IMG-20170711-WA0007-768x1024.jpg 768w, https:\/\/blog.uclm.es\/sunlivingenergy\/wp-content\/uploads\/sites\/108\/2017\/07\/IMG-20170711-WA0007-1152x1536.jpg 1152w, https:\/\/blog.uclm.es\/sunlivingenergy\/wp-content\/uploads\/sites\/108\/2017\/07\/IMG-20170711-WA0007.jpg 1200w\" sizes=\"auto, (max-width: 225px) 100vw, 225px\" \/><\/a><\/p>\n<p><strong>Informaci\u00f3n aparecida en Castilla La Mancha Televisi\u00f3n sobre resultados del proyecto<\/strong><\/p>\n<p>https:\/\/youtu.be\/r1BhdQP9kLQ<\/p>\n","protected":false},"excerpt":{"rendered":"<p>Informaci\u00f3n aparecida en Diario la Tribuna sobre resultados del proyecto Informaci\u00f3n aparecida en Castilla La Mancha Televisi\u00f3n sobre resultados del proyecto https:\/\/youtu.be\/r1BhdQP9kLQ<\/p>\n","protected":false},"author":213,"featured_media":0,"parent":0,"menu_order":0,"comment_status":"closed","ping_status":"closed","template":"","meta":{"footnotes":""},"class_list":["post-50","page","type-page","status-publish","hentry"],"_links":{"self":[{"href":"https:\/\/blog.uclm.es\/sunlivingenergy\/wp-json\/wp\/v2\/pages\/50","targetHints":{"allow":["GET"]}}],"collection":[{"href":"https:\/\/blog.uclm.es\/sunlivingenergy\/wp-json\/wp\/v2\/pages"}],"about":[{"href":"https:\/\/blog.uclm.es\/sunlivingenergy\/wp-json\/wp\/v2\/types\/page"}],"author":[{"embeddable":true,"href":"https:\/\/blog.uclm.es\/sunlivingenergy\/wp-json\/wp\/v2\/users\/213"}],"replies":[{"embeddable":true,"href":"https:\/\/blog.uclm.es\/sunlivingenergy\/wp-json\/wp\/v2\/comments?post=50"}],"version-history":[{"count":0,"href":"https:\/\/blog.uclm.es\/sunlivingenergy\/wp-json\/wp\/v2\/pages\/50\/revisions"}],"wp:attachment":[{"href":"https:\/\/blog.uclm.es\/sunlivingenergy\/wp-json\/wp\/v2\/media?parent=50"}],"curies":[{"name":"wp","href":"https:\/\/api.w.org\/{rel}","templated":true}]}}