{"id":26,"date":"2014-09-18T07:11:23","date_gmt":"2014-09-18T06:11:23","guid":{"rendered":"http:\/\/blog.uclm.es\/sunlivingenergy\/?page_id=26"},"modified":"2014-09-18T07:11:23","modified_gmt":"2014-09-18T06:11:23","slug":"4-resultados","status":"publish","type":"page","link":"https:\/\/blog.uclm.es\/sunlivingenergy\/4-resultados\/","title":{"rendered":"4. Resultados"},"content":{"rendered":"<p><strong>Publicaciones cient\u00edfico-t\u00e9cnicas<br \/>\n<\/strong><\/p>\n<p>[1]\tS. Mateo, M. Rodrigo, L.P. Fonseca, P. Ca\u00f1izares, F.J. Fernandez-Morales. Oxygen availability effect on the performance of air-breathing cathode microbial fuel cell. Biotechnology Progress, (2015) 31 (4), 900-907.<br \/>\n[2]\tA. Raschitor, G. Soreanu, C.M. Fernandez-Marchante, J. Lobato, P. Ca\u00f1izares, I. Cretescu, M.A. Rodrigo.  Bioelectro-Claus processes using MFC technology: Influence of co-substrate. Bioresource Technology 189 (2015) 94\u201398.<br \/>\n[3]\tMateo, S., Gonzalez del Campo, A., Lobato, J., Rodrigo, M., Ca\u00f1izares, P., Fernandez-Morales, F.J. Long-term effects of the transient COD concentration on the performance of microbial fuel cells. (2016) Biotechnology Progress, 32 (4), 883-890.<br \/>\n[4]\tE.D. Penteado, C.M. Fern\u00e1ndez-Marchante, M. Zaiat, P.Ca\u00f1izares, E.R. Gonz\u00e1lez and M.A Rodrigo. Energy recovery from winery wastewater using a dual chamber microbial fuel cell. Journal of Chemical Technology and Biotechnology (2016), 91, 1802-1808.<br \/>\n[5]\tC. Prestigiacomo, C.M. Fernandez-Marchante, F.J Fern\u00e1ndez-Morales, P. Ca\u00f1izares, O. Scialdone, M.A Rodrigo. New prototypes for the isolation of the anodic chambers in microbial fuel cells. Fuel (2016), 181, 704-710.<br \/>\n[6]\tY. Asensio, C.M. Fernandez-Marchante, J. Lobato, P. Ca\u00f1izares, M.A. Rodrigo. Influence of the ion-exchange membrane on the performance of double-compartment microbial fuel cells. Journal of Electroanalytical Chemistry DOI: 10.1016\/j.jelechem.2017.06.018<br \/>\n[7]\tF.L. Souza, S. Cotillas, C. S\u00e1ez, P. Ca\u00f1izares, M.R.V. Lanza, A. Seco and M.A. Rodrigo. Removal of algae from biological cultures: a challenge for electrocoagulation? Journal of Chemical Technology and Biotechnology, (2016) 91, 82-87.<br \/>\n[8]\tA. Fernandez, M.A. Sanrom\u00e1n, S. Marks, J. Makinia, A. Gonzalez del Campo, M. Rodrigo, F.J. Fernandez. A grey box model of glucose fermentation and syntrophic oxidation in microbial fuel cells  Bioresource Technology, (2016) 200, 396-404.<br \/>\n[9]\tS. Mateo, A. Gonzalez del Campo, P. Ca\u00f1izares, J. Lobato, M.A. Rodrigo, F.J. Fern\u00e1ndez. Bioelectricity generation in a self-sustainable Microbial Solar Cell. Bioresource Technology 159 (2014) 451\u2013454<br \/>\n[10]\tY. Asensio, C.M. Fern\u00e1ndez-Marchante, P.  Ca\u00f1izares, M.A. Rodrigo. Influence of the fuel and dosage on the performance of double-compartment microbial fuel cells. Water Research (2016) 99, 16-23.<br \/>\n[11]\tE. D. Penteado, C.M. Fernandez-Marchante, M. Zaiat, P. Ca\u00f1izares, E.R. Gonzalez, M.A. Rodrigo. Influence of sludge age on the performance of MFC treating winery wastewater. Chemosphere 151 (2016) 163-170.<br \/>\n[12]\tMateo, S., D&#8217;Angelo, A., Scialdone, O., Ca\u00f1izares, P., Rodrigo, M.A., Fernandez-Morales, F.J. The influence of sludge retention time on mixed culture microbial fuel cell start-ups (2017) Biochemical Engineering Journal, 123, pp. 38-44.<br \/>\n[13]\tD&#8217;Angelo, A., Mateo, S., Scialdone, O., Ca\u00f1izares, P., Fernandez-Morales, F.J., Rodrigo, M.A. Optimization of the performance of an air-cathode MFC by changing solid retention time (2017) Journal of Chemical Technology and Biotechnology, 92, 1746-1755.<br \/>\n[14]\tE.D. Penteado, C.M. Fernandez-Marchante, M. Zaiat, P. Ca\u00f1izares, E.R. Gonzalez, M.A. Rodrigo. On the effects of ferricyanide as cathodic mediator on the performance of Microbial Fuel Cells. Electrocatalysis (2017) 8, 59-66.<br \/>\n[15]\tS. Mateo, F.J. Fernandez, P. Ca\u00f1izares, M.A. Rodrigo. Influence of the cathode platinum loading and of the implementation of membranes on the performance of air-breathing microbial fuel cells. Electrocatalysis. DOI : 10.1007\/s12678-017-0393-7<br \/>\n[16]\tY. Asensio, E. Mansilla, C.M. Fernandez-Marchante, J. Lobato, P. Ca\u00f1izares, M.A. Rodrigo. Towards the scale-up of bioelectrogenic technology: stacking microbial fuel cells to produce larger amounts of electricity. Journal of Applied Electrochemistry. DOI : 10.1007\/s10800-017-1101-2<br \/>\n[17]\tE.D. Penteado, C.M. Fern\u00e1ndez-Marchante, M. Zaiat, E.R. Gonzalez,  M.A. Rodrigo. Optimization of the performance of Microbial fuel Cell using the ratio Electrode-Surface Area\/Anode-Compartment Volume. Brazilian Journal of Chemical Engineering (2017) DOI BJCE.2016.0411.R1<br \/>\n[18]\tY. Asensio, I.B. Montes, C.M. Fern\u00e1ndez-Marchante, P.  Ca\u00f1izares, M.A. Rodrigo. Selection of cheap electrodes for two-compartment microbial fuel cells. Journal of Electroanalytical Chemistry 785 (2017) 235-240.<br \/>\n[19]\tE.D. Penteado, C.M. Fern\u00e1ndez-Marchante, M. Zaiat, E.R. Gonzalez,  M.A. Rodrigo. Influence of carbon electrode material on energy recovery from winery wastewater using a dual-chamber microbial fuel cell. Environmental Technology (2017) DOI 10.1080\/09593330.2016.1226961<br \/>\n[20]\tY. Asensio, C.M. Fern\u00e1ndez-Marchante, J. Villase\u00f1or, J. Lobato, P.  Ca\u00f1izares, M.A. Rodrigo. Algal biomass as fuel for stacked-MFCs for profitable, sustainable and carbon neutral bioenergy generation. Journal of Chemical Technology and Biotechnology. DOI: 10.1002\/jctb.5354<br \/>\n[21]\tJ. Villase\u00f1or, L. Rodr\u00edguez, C.M. Fern\u00e1ndez-Marchante, F.J. Fern\u00e1ndez-Morales, M.A. Rodrigo, The salinity effects on the performance of a constructed wetland-microbial fuel cell. Ecological Engineering (2017) Ecological Engineering, 107, 1-7.<\/p>\n<p>Adem\u00e1s de estos trabajos, en el momento de redactar el presente informe se encuentran en proceso de evaluaci\u00f3n los siguientes trabajos:<\/p>\n<p>[1]\tS. Mateo, P. Ca\u00f1izares, M.A. Rodrigo, F.J. Fernandez-Morales. Carbonaceous anodes for microbial fuel cells, en evaluaci\u00f3n en Journal of Chemical Technology and Biotechnology<br \/>\n[2]\tS. Mateo, P. Ca\u00f1izares, M.A. Rodrigo, F.J. Fernandez-Morales. Performance of metal-doped carbonaceous anodes in air-breathing microbial fuel cells en Journal of Power Sources<br \/>\n[3]\tF. Vicari, Y. Asensio, C.M. Fern\u00e1ndez-Marchante, J. Lobato, P.  Ca\u00f1izares, O. Scialdone, M.A. Rodrigo. Influence of the start-up conditions in the long term performance of double-compartment Microbial Fuel Cells. Enviado para su publicaci\u00f3n a Bioelectrochemistry<br \/>\n[4]\tF. Vicari, S. Mateo, F.J. Fernandez, P. Ca\u00f1izares, A. Galia, O. Scialdone, M.A. Rodrigo. Influence of the methodology of inoculation in the performance of air-breathing microbial fuel cells. Enviado para su publicaci\u00f3n a Journal of Electroanalytical Chemistry<br \/>\n[5]\tS. Mateo, N. Zamorano-L\u00f3pez, L. Borras, F.J. Fernandez, P. Ca\u00f1izares, A. Seco, M.A. Rodrigo. Effect of sludge age on the bio-electrogenic populations developed in MFC. Enviado para su publicaci\u00f3n a Journal of Chemical Technology and Biotechnology<br \/>\n[6]\tY. Asensio, A. Santacruz, C.M. Fernandez-Marchante, J. Lobato, J. Villase\u00f1or, P. Ca\u00f1izares, M.A. Rodrigo. Influence of hydraulic retention time and carbon loading rate on the production of algae. En evaluaci\u00f3n en la revista Fuel<br \/>\n[7]\tY. Asensio, L.F. Le\u00f3n, C.M. Fern\u00e1ndez-Marchante, J. Lobato, P.  Ca\u00f1izares, M.A. Rodrigo. Use of thermally-treated alga suspensions as fuel for Microbial fuel cells.<\/p>\n<p><strong>Asistencia a congresos, conferencias o workshops relacionados con el proyecto<\/strong><\/p>\n<p>[1]\tA. Gonz\u00e1lez del Campo, J. Lobato, P. Ca\u00f1izares, M.A. Rodrigo, F.J. Fern\u00e1ndez. Anodic optimization of a MFC for energy recovery from industrial wastewater. 10th European Symposium on Electrochemical Engineering. Sardinia, Italy, Septiembre 2014. (p\u00f3ster)<br \/>\n[2]\tA. Raschitor, C.M. Fern\u00e1ndez-Marchante, J. Llanos, J. Lobato, P. Ca\u00f1izares, M.A. Rodrigo. Influencia del co-sustrato en celdas de combustible microbianas: proceso bioelectro-Claus. XXXVI Reuni\u00f3n del Grupo de Electroqu\u00edmica. XVII Encontro Ib\u00e9rico de Electroqu\u00edmica  Vigo. Julio 2015 (oral)<br \/>\n[3]\tE.D. Penteado, C.M. Fern\u00e1ndez-Marchante, M. Zaiat, P. Ca\u00f1izares, E. R. Gonz\u00e1lez, M.A. Rodrigo. Influence of ferricianyde concentration in cathode on microbial fuel cell performance treating winery wastewater. Reuni\u00f3n del Grupo de Electroqu\u00edmica. XVII Encontro Ib\u00e9rico de Electroqu\u00edmica. Vigo. Julio 2015 (p\u00f3ster)<br \/>\n[4]\tS. Mateo, P. Ca\u00f1izares, M.A. Rodrigo, F.J. Fern\u00e1ndez. Coupling Anodic Denitrification and Electrogenesis in Microbial Fuel Cells. IWA Nutrient removal and Recovery: moving innovation into practice. Gdansk, Polonia, 18 mayo &#8211; 21 mayo de 2015 (P\u00f3ster)<br \/>\n[5]\tY. Asensio, E.D. Penteado. I.B. Montes, C.M. Fern\u00e1ndez-Marchante, J. Lobato, P. Ca\u00f1izares, M.A.Rodrigo. Influence of carbonaceous electrode material on microbial fuel cells treating a synthetic wastewater. XXXV Reuni\u00f3n de la RSEQ, A Coru\u00f1a, Julio 2015 (oral)<br \/>\n[6]\tS. Mateo, M. A. Rodrigo, P. Ca\u00f1izares, F. J. Fern\u00e1ndez. Effect of polarizing the anode on the performance of a microbial fuel cell. 10th European Congress on Chemical Engineering, Niza, Francia Septiembre 2015 (oral)<br \/>\n[7]\tM.A: Rodrigo, C.M: Fern\u00e1ndez-Marchante, J. Llanos, F.J. Fern\u00e1ndez, C. S\u00e1ez, J. Lobato, J. Villase\u00f1or, P. Ca\u00f1izares. Electrochemical technology at the E3L-UCLM: main expertise and activities. 10th European Congress on Chemical Engineering, Niza, Septiembre 2015 (oral)<br \/>\n[8]\tS. Mateo, P. Ca\u00f1izares, M.A. Rodrigo and F.J. Fernandez.Effect of the industrial wastewater discharges on the performance of a microbial fuel cell. 10th European Congress on Chemical Engineering, Niza, Francia Septiembre 2015 (p\u00f3ster)<br \/>\n[9]\tC.M. Fernandez Marchante, Y. Asensio, E. Penteado, I.B. Montes, M. Zaiat, J. Lobato, P. Ca\u00f1izares, E. Gonzalez, M.A. Rodrigo Influence of electrode material on microbial fuel cell treating a synthetic and a winery wastewater. 66th Annual meeting of the International Society of Electrochemistry, Taipei, Taiwan, Octubre 2015. (oral)<br \/>\n[10]\tE.D. Penteado, C.M. Fern\u00e1ndez-Marchante, M. Zaiat, P. Ca\u00f1izares, E. R. Gonz\u00e1lez, M.A. Rodrigo Influence of sludge age on the performance of microbial fuel cell treating winery wastewater. ISMET 2015, Tempe, Estados Unidos, 2015 (oral).<br \/>\n[11]\tY. Asensio, C.M. Fernandez-Marchante, J. Lobato, P. Ca\u00f1izares, M.A. Rodrigo. Effects of cationic and anionic membranes on the behaviour of microbial fuel cells. Congreso Iberoamericano de Hid\u00f3geno y Pilas de Combustible, Torremolinos, Espa\u00f1a 2016 (oral)<br \/>\n[12]\tS. Mateo, M.A. Rodrigo, P. Ca\u00f1izares, F.J. Fern\u00e1ndez. Effect of anodic poised potential on the performance of microbial fuel cells. The 13th IWA Leading Edge Conference on Water and Wastewater Technologies. Jerez, Junio 2016. (poster)<br \/>\n[13]\tS. Mateo, Y. Asensio, H. Zamora, C.M. Fernandez-Marchante, F.J Fern\u00e1ndez, J.Villase\u00f1or, J. Lobato, P. Ca\u00f1izares, M.A. Rodrigo. Producci\u00f3n de energ\u00eda en el tratamiento de aguas residuales. Celdas microbiol\u00f3gicas. XII Reuni\u00f3n de la mesa espa\u00f1ola de tratamiento de aguas Madrid, Espa\u00f1a, Junio 2016 (oral).<br \/>\n[14]\tS. Mateo, M.A. Rodrigo, P. Ca\u00f1izares, F.J. Fern\u00e1ndez. Effect of sludge age on Microbial Fuel Cell performance. 3rd Specialized International Conference Ecotechnologies for wastewater treatment 2016. Cambridge, UK, Junio 2016. (oral)<br \/>\n[15]\tS. Cotillas, E. Mena, M.J. Mart\u00edn de Vidales, C.M. Fern\u00e1ndez, J. Llanos, C. S\u00e1ez, F.J. Fern\u00e1ndez, J. Lobato, L. Rodr\u00edguez, J. Villase\u00f1or, M.A. Rodrigo y P. Ca\u00f1izares. L\u00edneas de Investigaci\u00f3n en Tratamiento de Aguas en el Grupo TEQUIMA-UCLM, Laboratorio de Ingenier\u00eda Electroqu\u00edmica y Ambiental (E3L). XII Reuni\u00f3n de la mesa espa\u00f1ola de tratamiento de aguas. Madrid, Junio, 2016. (p\u00f3ster)<br \/>\n[16]\tY. Asensio, C.M. Fernandez-Marchante, J. Lobato, P. Ca\u00f1izares, M.A. Rodrigo. Uso de biomasa algal como combustible en celdas electromicrobianas. XXXVII Reuni\u00f3n del Grupo de Electroqu\u00edmica-RSEQ, Alicante, Espa\u00f1a, Julio 2016 (oral).<br \/>\n[17]\tY. Asensio, C.M. Fernandez-Marchante, J. Lobato, P. Ca\u00f1izares, M.A. Rodrigo. Evaluaci\u00f3n de la energ\u00eda generada y de la capacidad de depuraci\u00f3n en el escalado de Celdas de Combustible Microbianas (CCMs) conectadas en serie. XXXVII Reuni\u00f3n del Grupo de Electroqu\u00edmica- RSEQ, Alicante, Espa\u00f1a. Julio 2016 (oral).<br \/>\n[18]\tY. Asensio, C.M. Fernandez-Marchante, J. Lobato, P. Ca\u00f1izares, M.A. Rodrigo Influence of the fuel and dosage on the perfomance of double-compartment microbial fuel cells. 67th Annual Meeting of the International Society of Electrochemistry, The Hague, La Haya, Holanda, Agosto 2016 (poster).<br \/>\n[19]\tY. Asensio, C.M. Fernandez-Marchante, J. Lobato, P. Ca\u00f1izares, M.A. Rodrigo.Influence of the electrode material on double-compartment microbial fuel cells fed with acetate. 67th Annual Meeting of the International Society of Electrochemistry, The Hague, Holanda, Agosto 2016 (p\u00f3ster).<br \/>\n[20]\tY. Asensio, S. Mateo, C.M. Fernandez-Marchante, F. J. Fern\u00e1ndez,  J. Lobato, P. Ca\u00f1izares, M.A. Importance of the cathodic chamber configuration in the performance of Microbial Fuel Cells. 2nd E3 Mediterranean Symposium: Electrochemistry for Environment and Energy, Gargnano, Italia,  Septiembre, 2016 (poster).<br \/>\n[21]\tY. Asensio, S. Mateo, C.M. Fern\u00e1ndez-Marchante, F.J. Fern\u00e1ndez, P. Ca\u00f1izares, J. Lobato, M.A. Rodrigo. Influence of stacked Microbial Fuel Cells (MFC) in energy generation and organic matter removal. 2nd E3 Mediterranean Symposium: Electrochemistry for Environment and Energy, Gargnano, Septiembre, 2016.  (oral)<br \/>\n[22]\tJ. Lobato, Y. Asensio, C.M. Fern\u00e1ndez-Marchante, P. Ca\u00f1izares,M.A. Rodrigo. First approach to develop self-sustainable photomicroabial fuel cells (PMC). 2nd E3 Mediterranean Symposium: Electrochemistry for Environment and Energy, Gargnano, Septiembre, 2016.  (oral)<br \/>\n[23]\tS. Mateo, M.A. Rodrigo, P. Ca\u00f1izares, F.J. Fern\u00e1ndez-Morales. Importance of sludge age in the optimization of microbial fuel cells. 6th EuCheMS, Sevilla, Septiembre 2016 (short oral)<\/p>\n<p><strong>Otras publicaciones<\/strong><\/p>\n<p>[1]\tF.J. Fern\u00e1ndez, J. Lobato, J. Villase\u00f1or, M.A. Rodrigo and P. Ca\u00f1izares. Microbial Fuel Cell: the definitive technological approach for valorizing organic wastes in The Handbook of Environmental Chemistry Vol. 32. Environment, Energy and Climate Change I. (E. Jimenez, B. Caba\u00f1as and G. Lefebrve Editors). Springer International Publishing Switzerland, 2015 ISBN 978-3-319-12906-8<\/p>\n","protected":false},"excerpt":{"rendered":"<p>Publicaciones cient\u00edfico-t\u00e9cnicas [1] S. Mateo, M. Rodrigo, L.P. Fonseca, P. Ca\u00f1izares, F.J. Fernandez-Morales. Oxygen availability effect on the performance of air-breathing cathode microbial fuel cell. Biotechnology Progress, (2015) 31 (4), 900-907. [2] A. Raschitor, G. Soreanu, C.M. Fernandez-Marchante, J. Lobato, P. Ca\u00f1izares, I. Cretescu, M.A. Rodrigo. Bioelectro-Claus processes using MFC technology: Influence of co-substrate. Bioresource &hellip; <a href=\"https:\/\/blog.uclm.es\/sunlivingenergy\/4-resultados\/\" class=\"more-link\">Seguir leyendo <span class=\"screen-reader-text\">4. Resultados<\/span> <span class=\"meta-nav\">&rarr;<\/span><\/a><\/p>\n","protected":false},"author":213,"featured_media":0,"parent":0,"menu_order":0,"comment_status":"closed","ping_status":"open","template":"","meta":{"footnotes":""},"class_list":["post-26","page","type-page","status-publish","hentry"],"_links":{"self":[{"href":"https:\/\/blog.uclm.es\/sunlivingenergy\/wp-json\/wp\/v2\/pages\/26","targetHints":{"allow":["GET"]}}],"collection":[{"href":"https:\/\/blog.uclm.es\/sunlivingenergy\/wp-json\/wp\/v2\/pages"}],"about":[{"href":"https:\/\/blog.uclm.es\/sunlivingenergy\/wp-json\/wp\/v2\/types\/page"}],"author":[{"embeddable":true,"href":"https:\/\/blog.uclm.es\/sunlivingenergy\/wp-json\/wp\/v2\/users\/213"}],"replies":[{"embeddable":true,"href":"https:\/\/blog.uclm.es\/sunlivingenergy\/wp-json\/wp\/v2\/comments?post=26"}],"version-history":[{"count":0,"href":"https:\/\/blog.uclm.es\/sunlivingenergy\/wp-json\/wp\/v2\/pages\/26\/revisions"}],"wp:attachment":[{"href":"https:\/\/blog.uclm.es\/sunlivingenergy\/wp-json\/wp\/v2\/media?parent=26"}],"curies":[{"name":"wp","href":"https:\/\/api.w.org\/{rel}","templated":true}]}}