{"id":24,"date":"2014-09-18T07:10:38","date_gmt":"2014-09-18T06:10:38","guid":{"rendered":"http:\/\/blog.uclm.es\/sunlivingenergy\/?page_id=24"},"modified":"2014-09-18T07:10:38","modified_gmt":"2014-09-18T06:10:38","slug":"5-paquetes-de-trabajo","status":"publish","type":"page","link":"https:\/\/blog.uclm.es\/sunlivingenergy\/5-paquetes-de-trabajo\/","title":{"rendered":"5. Paquetes de trabajo"},"content":{"rendered":"<p>PT1 COORDINACI\u00d3N T\u00c9CNICA DEL PROYECTO Y GESTI\u00d3N ECON\u00d3MICA<br \/>\nPT2 GESTI\u00d3N DEL CONOCIMIENTO<br \/>\nPT3. DESARROLLO DE CULTIVOS, MATERIALES Y COMPARTIMENTACIONES ELECTR\u00d3DICAS<br \/>\nPT4. DISE\u00d1O INTEGRADO DE LA CELDA<br \/>\nPT5. MINIATURIZACI\u00d3N DEL DISPOSITIVO<\/p>\n","protected":false},"excerpt":{"rendered":"<p>PT1 COORDINACI\u00d3N T\u00c9CNICA DEL PROYECTO Y GESTI\u00d3N ECON\u00d3MICA PT2 GESTI\u00d3N DEL CONOCIMIENTO PT3. DESARROLLO DE CULTIVOS, MATERIALES Y COMPARTIMENTACIONES ELECTR\u00d3DICAS PT4. DISE\u00d1O INTEGRADO DE LA CELDA PT5. MINIATURIZACI\u00d3N DEL DISPOSITIVO<\/p>\n","protected":false},"author":213,"featured_media":0,"parent":0,"menu_order":0,"comment_status":"closed","ping_status":"open","template":"","meta":{"footnotes":""},"class_list":["post-24","page","type-page","status-publish","hentry"],"_links":{"self":[{"href":"https:\/\/blog.uclm.es\/sunlivingenergy\/wp-json\/wp\/v2\/pages\/24","targetHints":{"allow":["GET"]}}],"collection":[{"href":"https:\/\/blog.uclm.es\/sunlivingenergy\/wp-json\/wp\/v2\/pages"}],"about":[{"href":"https:\/\/blog.uclm.es\/sunlivingenergy\/wp-json\/wp\/v2\/types\/page"}],"author":[{"embeddable":true,"href":"https:\/\/blog.uclm.es\/sunlivingenergy\/wp-json\/wp\/v2\/users\/213"}],"replies":[{"embeddable":true,"href":"https:\/\/blog.uclm.es\/sunlivingenergy\/wp-json\/wp\/v2\/comments?post=24"}],"version-history":[{"count":0,"href":"https:\/\/blog.uclm.es\/sunlivingenergy\/wp-json\/wp\/v2\/pages\/24\/revisions"}],"wp:attachment":[{"href":"https:\/\/blog.uclm.es\/sunlivingenergy\/wp-json\/wp\/v2\/media?parent=24"}],"curies":[{"name":"wp","href":"https:\/\/api.w.org\/{rel}","templated":true}]}}